{"id":967,"date":"2014-03-25T20:36:15","date_gmt":"2014-03-25T18:36:15","guid":{"rendered":"https:\/\/www.lieksanurheilijat.com\/?page_id=967"},"modified":"2014-05-10T08:19:19","modified_gmt":"2014-05-10T05:19:19","slug":"pohjois-karjalan-pm-moniottelut","status":"publish","type":"page","link":"https:\/\/www.lieksanurheilijat.com\/?page_id=967","title":{"rendered":"Pohjois-Karjalan PM-moniottelut"},"content":{"rendered":"<div>\n<p>Outokumpu 10.07<\/p>\n<p>P13 4-ottelu<br \/>\n1 Santeri \u00d6rn Polvij\u00e4rven Urheilijat 1030<br \/>\n3 Timo Ryyn\u00e4nen Lieksan Urheilijat 894<\/p>\n<p>P13 60m aj<br \/>\n1 Tero Juntunen Juuan Urheilijat 12,89<br \/>\n3 Timo Ryyn\u00e4nen Lieksan Urheilijat 14,07<\/p>\n<p>P13 Korkeus<br \/>\n1 Tero Juntunen Juuan Urheilijat 125<br \/>\n2 Timo Ryyn\u00e4nen Lieksan Urheilijat 120<\/p>\n<p>P13 Kuula<br \/>\n1 Teemu Sirvi\u00f6 Polvij\u00e4rven Urheilijat 10,48<br \/>\n4 Timo Ryyn\u00e4nen Lieksan Urheilijat 05,31<\/p>\n<p>P13 800m<br \/>\n1 Timo Ryyn\u00e4nen Lieksan Urheilijat 2.49,14<\/p>\n<p>P12 4-ottelu<br \/>\n1 Eeki Kokkonen Lieksan Urheilijat 1216<\/p>\n<p>P12 60m aj<br \/>\n1 Eeki Kokkonen Lieksan Urheilijat 12,14<\/p>\n<p>P12 Korkeus<br \/>\n1 Eeki Kokkonen Lieksan Urheilijat 135<\/p>\n<p>P12 Kuula<br \/>\n1 Eeki Kokkonen Lieksan Urheilijat 07,07<\/p>\n<p>P12 800m<br \/>\n1 Eeki Kokkonen Lieksan Urheilijat 2.48,53<\/p>\n<p>T13 4-ottelu<br \/>\n1 Jenni Nuutinen Pyh\u00e4sel\u00e4n Urheilijat 1387<br \/>\n3 Venla Kettunen Lieksan Urheilijat 1014<\/p>\n<p>T13 60m aj<br \/>\n1 Iida Nupponen Pyh\u00e4sel\u00e4n Urheilijat 11,31<br \/>\n3 Venla Kettunen Lieksan Urheilijat 13,18<\/p>\n<p>T13 Pituus<br \/>\n1 Jenni Nuutinen Pyh\u00e4sel\u00e4n Urheilijat 430 -0,9<br \/>\n3 Venla Kettunen Lieksan Urheilijat 390 -0,7<\/p>\n<p>T13 Kuula<br \/>\n1 Venla Kettunen Lieksan Urheilijat 09,40<\/p>\n<p>T13 800m<br \/>\n1 Jenni Nuutinen Pyh\u00e4sel\u00e4n Urheilijat 2.42,11<br \/>\n4 Venla Kettunen Lieksan Urheilijat 3.39,67<\/p>\n<p>Outokumpu 09.07<br \/>\nP10 3-ottelu<br \/>\n1 Paavo Pakarinen Joensuun Kataja 813<br \/>\n5 Pekka K\u00e4rkk\u00e4inen Lieksan Urheilijat 498<\/p>\n<p>P10 60m<br \/>\n1 Paavo Pakarinen Joensuun Kataja 09,85 +0,9<br \/>\n4 Pekka K\u00e4rkk\u00e4inen Lieksan Urheilijat 10,99 +0,9<\/p>\n<p>P10 Pituus<br \/>\n1 Paavo Pakarinen Joensuun Kataja 400<br \/>\n4 Pekka K\u00e4rkk\u00e4inen Lieksan Urheilijat 301<\/p>\n<p>P10 Kuula<br \/>\n1 Mirko Huovinen Pyh\u00e4sel\u00e4n Urheilijat 08,07<br \/>\n5 Pekka K\u00e4rkk\u00e4inen Lieksan Urheilijat 05,57<\/p>\n<p>T14 5-ottelu<br \/>\n1 Moona Kokkonen Lieksan Urheilijat 1644<\/p>\n<p>T14 80m aj<br \/>\n1 Ella V\u00e4h\u00e4niitty Joensuun Kataja 14,13<br \/>\n2 Moona Kokkonen Lieksan Urheilijat 14,78<\/p>\n<p>T14 Pituus<br \/>\n1 Ella V\u00e4h\u00e4niitty Joensuun Kataja 434 +0,3<br \/>\n2 Moona Kokkonen Lieksan Urheilijat 411 +0,3<\/p>\n<p>T14 Keih\u00e4s<br \/>\n1 Moona Kokkonen Lieksan Urheilijat 27,79<\/p>\n<p>T14 Korkeus<br \/>\n1 Moona Kokkonen Lieksan Urheilijat 150<\/p>\n<p>T14 800m<br \/>\n1 Moona Kokkonen Lieksan Urheilijat 3.02,32<\/p>\n<p>T10 3-ottelu<br \/>\n1 Linnea Pekkanen Outokummun Partio 662<br \/>\n7 Lotta Martikainen Lieksan Urheilijat 457<\/p>\n<p>T10 60m<br \/>\n1 Linnea Pekkanen Outokummun Partio 09,96<br \/>\n8 Lotta Martikainen Lieksan Urheilijat 11,46<\/p>\n<p>T10 Pituus<br \/>\n1 Linnea Pekkanen Outokummun Partio 341<br \/>\n6 Lotta Martikainen Lieksan Urheilijat 284<\/p>\n<p>T10 Kuula<br \/>\n1 Hanna Toivanen Juuan J\u00e4nne 06,53<br \/>\n3 Lotta Martikainen Lieksan Urheilijat 05,68<\/p>\n<p>T09 3-ottelu<br \/>\n1 Netta-Noora Lappalainen Pyh\u00e4sel\u00e4n Urheilijat 568<br \/>\n3 Riina Palviainen Lieksan Urheilijat 527<br \/>\n7 Heta Kettunen Lieksan Urheilijat 473<br \/>\n14 Pirita K\u00e4rkk\u00e4inen Lieksan Urheilijat 188<br \/>\n15 Helmi K\u00e4rkk\u00e4inen Lieksan Urheilijat 139<\/p>\n<p>T09 40m<br \/>\n1 Netta-Noora Lappalainen Pyh\u00e4sel\u00e4n Urheilijat 07,16 0,0<br \/>\n1 Oona Huovinen Pyh\u00e4sel\u00e4n Urheilijat 07,16 -0,9<br \/>\n3 Heta Kettunen Lieksan Urheilijat 07,38 0,0<br \/>\n8 Riina Palviainen Lieksan Urheilijat 07,59 -0,9<br \/>\n11 Pirita K\u00e4rkk\u00e4inen Lieksan Urheilijat 08,79 0,0<br \/>\n13 Helmi K\u00e4rkk\u00e4inen Lieksan Urheilijat 09,90 -0,9<\/p>\n<p>T09 Pituus<br \/>\n1 Karla K\u00f6n\u00f6nen Pyh\u00e4sel\u00e4n Urheilijat 339<br \/>\n4 Riina Palviainen Lieksan Urheilijat 302<br \/>\n6 Heta Kettunen Lieksan Urheilijat 300<br \/>\n14 Pirita K\u00e4rkk\u00e4inen Lieksan Urheilijat 203<br \/>\n15 Helmi K\u00e4rkk\u00e4inen Lieksan Urheilijat 164<\/p>\n<p>T09 Kuula<br \/>\n1 Riina Palviainen Lieksan Urheilijat 05,93<br \/>\n5 Heta Kettunen Lieksan Urheilijat 04,41<br \/>\n12 Helmi K\u00e4rkk\u00e4inen Lieksan Urheilijat 02,74<br \/>\n14 Pirita K\u00e4rkk\u00e4inen Lieksan Urheilijat 02,56<\/p>\n<\/div>\n","protected":false},"excerpt":{"rendered":"<p>Outokumpu 10.07 P13 4-ottelu 1 Santeri \u00d6rn Polvij\u00e4rven Urheilijat 1030 3 Timo Ryyn\u00e4nen Lieksan Urheilijat 894 P13 60m aj 1 Tero Juntunen Juuan Urheilijat 12,89 3 Timo Ryyn\u00e4nen Lieksan Urheilijat 14,07 P13 Korkeus 1 Tero Juntunen Juuan Urheilijat 125 2 Timo Ryyn\u00e4nen Lieksan Urheilijat 120 P13 Kuula 1 Teemu Sirvi\u00f6 &hellip;<\/p>\n","protected":false},"author":3,"featured_media":0,"parent":827,"menu_order":0,"comment_status":"closed","ping_status":"closed","template":"templates\/template-threecolumns-center.php","meta":{"footnotes":""},"categories":[7],"tags":[],"class_list":["post-967","page","type-page","status-publish","hentry","category-tulokset"],"_links":{"self":[{"href":"https:\/\/www.lieksanurheilijat.com\/index.php?rest_route=\/wp\/v2\/pages\/967","targetHints":{"allow":["GET"]}}],"collection":[{"href":"https:\/\/www.lieksanurheilijat.com\/index.php?rest_route=\/wp\/v2\/pages"}],"about":[{"href":"https:\/\/www.lieksanurheilijat.com\/index.php?rest_route=\/wp\/v2\/types\/page"}],"author":[{"embeddable":true,"href":"https:\/\/www.lieksanurheilijat.com\/index.php?rest_route=\/wp\/v2\/users\/3"}],"replies":[{"embeddable":true,"href":"https:\/\/www.lieksanurheilijat.com\/index.php?rest_route=%2Fwp%2Fv2%2Fcomments&post=967"}],"version-history":[{"count":1,"href":"https:\/\/www.lieksanurheilijat.com\/index.php?rest_route=\/wp\/v2\/pages\/967\/revisions"}],"predecessor-version":[{"id":968,"href":"https:\/\/www.lieksanurheilijat.com\/index.php?rest_route=\/wp\/v2\/pages\/967\/revisions\/968"}],"up":[{"embeddable":true,"href":"https:\/\/www.lieksanurheilijat.com\/index.php?rest_route=\/wp\/v2\/pages\/827"}],"wp:attachment":[{"href":"https:\/\/www.lieksanurheilijat.com\/index.php?rest_route=%2Fwp%2Fv2%2Fmedia&parent=967"}],"wp:term":[{"taxonomy":"category","embeddable":true,"href":"https:\/\/www.lieksanurheilijat.com\/index.php?rest_route=%2Fwp%2Fv2%2Fcategories&post=967"},{"taxonomy":"post_tag","embeddable":true,"href":"https:\/\/www.lieksanurheilijat.com\/index.php?rest_route=%2Fwp%2Fv2%2Ftags&post=967"}],"curies":[{"name":"wp","href":"https:\/\/api.w.org\/{rel}","templated":true}]}}