{"id":957,"date":"2014-03-25T20:33:01","date_gmt":"2014-03-25T18:33:01","guid":{"rendered":"https:\/\/www.lieksanurheilijat.com\/?page_id=957"},"modified":"2014-05-10T08:19:19","modified_gmt":"2014-05-10T05:19:19","slug":"lieksan-lehti-kisa-tahtikisa-25-ja-pk-moukarikisa","status":"publish","type":"page","link":"https:\/\/www.lieksanurheilijat.com\/?page_id=957","title":{"rendered":"Lieksan Lehti kisa, T\u00e4htikisa 2\/5 ja pk Moukarikisa"},"content":{"rendered":"<div>\n<p>Lieksa 06.06<\/p>\n<p>M45 Moukari<br \/>\n1 Pauli Havukainen Joensuun Kataja 36,37<br \/>\n2 Pekka Peltoniemi Ilomantsin Urheilijat 35,61<\/p>\n<p>M17 Moukari<br \/>\n1 Markus Kokkonen Pyh\u00e4sel\u00e4n Urheilijat 70,11<\/p>\n<p>P15 Moukari<br \/>\n1 Kimmo Martikainen Lieksan Urheilijat 55,05<br \/>\n2 Juha Rokkonen Lieksan Urheilijat 29,72<br \/>\n3 Aki-Petteri Piiparinen Lieksan Urheilijat 22,83<br \/>\n4 Sami Havukainen Joensuun Kataja 20,84<\/p>\n<p>P13 Moukari<br \/>\n1 Timo Ryyn\u00e4nen Lieksan Urheilijat 14,99<\/p>\n<p>N19 Moukari<br \/>\n1 Ida Pippola Lieksan Urheilijat 44,74<\/p>\n<p>T13 Moukari<br \/>\n1 Venla Kettunen Lieksan Urheilijat 40,18<br \/>\n2 Jutta Martikainen Lieksan Urheilijat 23,28<br \/>\n3 Miia Saarelainen Lieksan Urheilijat 14,96<\/p>\n<p>T11 Moukari<br \/>\n1 Riina Kettunen Lieksan Urheilijat 16,65<br \/>\n2 Tanja Ryyn\u00e4nen Lieksan Urheilijat 11,98<\/p>\n<p>P15 100m<br \/>\n1 Aki-Petteri Piiparinen Lieksan Urheilijat 14,39 -0,4<br \/>\n2 Juha Rokkonen Lieksan Urheilijat 14,69 -0,4<br \/>\n3 Kimmo Martikainen Lieksan Urheilijat 15,12 -0,4<\/p>\n<p>P15 Pituus<br \/>\n1 Aki-Petteri Piiparinen Lieksan Urheilijat 413 -0,2<br \/>\n2 Juha Rokkonen Lieksan Urheilijat 383 -0,3<\/p>\n<p>P15 Kuula<br \/>\n1 Kimmo Martikainen Lieksan Urheilijat 11,52 B<br \/>\n2 Aki-Petteri Piiparinen Lieksan Urheilijat 09,13<br \/>\n3 Juha Rokkonen Lieksan Urheilijat 08,12<\/p>\n<p>P13 60m<br \/>\n1 Samu Kempas Lieksan Urheilijat 08,80 B<br \/>\n2 Eppu Honkanen Lieksan Urheilijat 09,51<br \/>\n3 Timo Ryyn\u00e4nen Lieksan Urheilijat 10,39<\/p>\n<p>P13 Pituus<br \/>\n1 Samu Kempas Lieksan Urheilijat 464 B<br \/>\n2 Timo Ryyn\u00e4nen Lieksan Urheilijat 355<\/p>\n<p>P13 Kuula<br \/>\n1 Samu Kempas Lieksan Urheilijat 07,05<br \/>\n2 Simo Keronen Lieksan Urheilijat 06,75<br \/>\n3 Timo Ryyn\u00e4nen Lieksan Urheilijat 05,44<\/p>\n<p>P12 60m<br \/>\n1 Eeki Kokkonen Lieksan Urheilijat 09,77<br \/>\n2 Ville Kangas Lieksan Urheilijat 11,12<br \/>\n3 Atte Honkanen Lieksan Urheilijat 11,51<\/p>\n<p>P12 Pituus<br \/>\n1 Eeki Kokkonen Lieksan Urheilijat 367 C<\/p>\n<p>P12 Kuula<br \/>\n1 Eeki Kokkonen Lieksan Urheilijat 06,81 C<\/p>\n<p>P11 60m<br \/>\n1 Miika Kempas Lieksan Urheilijat 09,37 C<br \/>\n2 Ville Liuski Lieksan Urheilijat 13,71<\/p>\n<p>P11 Pituus<br \/>\n1 Miika Kempas Lieksan Urheilijat 370<br \/>\n2 Ville Liuski Lieksan Urheilijat 226<\/p>\n<p>P11 Kuula<br \/>\n1 Ville Liuski Lieksan Urheilijat 06,56<\/p>\n<p>P09 40m<br \/>\n1 Sakari Vallius Lieksan Urheilijat 07,28 C<br \/>\n2 Rasmus Kuiri Lieksan Urheilijat 07,80<br \/>\n3 Joona K\u00e4rki Lieksan Urheilijat 07,86<\/p>\n<p>P09 Pituus<br \/>\n1 Sakari Vallius Lieksan Urheilijat 309<br \/>\n2 Rasmus Kuiri Lieksan Urheilijat 288<br \/>\n3 Joona K\u00e4rki Lieksan Urheilijat 279<\/p>\n<p>P09 Kuula<br \/>\n1 Sakari Vallius Lieksan Urheilijat 05,75<br \/>\n2 Rasmus Kuiri Lieksan Urheilijat 05,05<br \/>\n3 Joona K\u00e4rki Lieksan Urheilijat 04,97<\/p>\n<p>P08 40m<br \/>\n1 Jyry Pesonen Lieksan Urheilijat 08,41<br \/>\n2 Heikki H\u00e4m\u00e4l\u00e4inen Lieksan Urheilijat 08,46<br \/>\n3 Miko Kuronen Lieksan Urheilijat 08,47<br \/>\n4 Jarkko Siponen Lieksan Urheilijat 08,70<br \/>\n5 Juho Nevalainen Lieksan Urheilijat 08,72<br \/>\n6 Mikael Oinonen Lieksan Urheilijat 08,80<br \/>\n7 Juho Soikkeli Lieksan Urheilijat 08,84<br \/>\n8 Jesse Silvennoinen Lieksan Urheilijat 09,26<br \/>\n9 Konsta Turpeinen Lieksan Urheilijat 09,29<br \/>\n10 Joni Tuovinen Lieksan Urheilijat 10,67<\/p>\n<p>P08 Pituus<br \/>\n1 Jyry Pesonen Lieksan Urheilijat 259<br \/>\n2 Jarkko Siponen Lieksan Urheilijat 239<br \/>\n3 Miko Kuronen Lieksan Urheilijat 219<br \/>\n4 Heikki H\u00e4m\u00e4l\u00e4inen Lieksan Urheilijat 218<br \/>\n5 Mikael Oinonen Lieksan Urheilijat 216<br \/>\n6 Jesse Silvennoinen Lieksan Urheilijat 211<br \/>\n7 Konsta Turpeinen Lieksan Urheilijat 199<br \/>\n8 Juho Soikkeli Lieksan Urheilijat 188<br \/>\n9 Juho Nevalainen Lieksan Urheilijat 188<br \/>\n10 Joni Tuovinen Lieksan Urheilijat 150<\/p>\n<p>P08 Kuula<br \/>\n1 Mikael Oinonen Lieksan Urheilijat 04,43<br \/>\n2 Jyry Pesonen Lieksan Urheilijat 04,27<br \/>\n3 Miko Kuronen Lieksan Urheilijat 04,01<br \/>\n4 Heikki H\u00e4m\u00e4l\u00e4inen Lieksan Urheilijat 03,93<br \/>\n5 Jesse Silvennoinen Lieksan Urheilijat 03,77<br \/>\n6 Jarkko Siponen Lieksan Urheilijat 03,60<br \/>\n7 Konsta Turpeinen Lieksan Urheilijat 03,37<br \/>\n8 Joni Tuovinen Lieksan Urheilijat 03,29<br \/>\n9 Juho Soikkeli Lieksan Urheilijat 03,03<\/p>\n<p>P07 40m<br \/>\n1 Aarni Nyblom Lieksan Urheilijat 07,97<br \/>\n2 Niko Nevalainen Lieksan Urheilijat 08,93<br \/>\n3 Miika Palviainen Lieksan Urheilijat 09,20<br \/>\n4 Roope Ivanoff Lieksan Urheilijat 09,52<br \/>\n5 Viljami Strengell Lieksan Urheilijat 11,08<br \/>\n6 Eero Mauro Lieksan Urheilijat 13,52<\/p>\n<p>P07 Pituus<br \/>\n1 Aarni Nyblom Lieksan Urheilijat 252<br \/>\n2 Miika Palviainen Lieksan Urheilijat 227<br \/>\n3 Eero Mauro Lieksan Urheilijat 219<br \/>\n4 Niko Nevalainen Lieksan Urheilijat 215<br \/>\n5 Roope Ivanoff Lieksan Urheilijat 199<br \/>\n6 Viljami Strengell Lieksan Urheilijat 92<\/p>\n<p>P07 Kuula<br \/>\n1 Miika Palviainen Lieksan Urheilijat 04,90<br \/>\n2 Aarni Nyblom Lieksan Urheilijat 04,67<br \/>\n3 Roope Ivanoff Lieksan Urheilijat 04,38<br \/>\n4 Eero Mauro Lieksan Urheilijat 04,21<br \/>\n5 Niko Nevalainen Lieksan Urheilijat 03,11<br \/>\n6 Viljami Strengell Lieksan Urheilijat 02,28<\/p>\n<p>P06 40m<br \/>\n1 Janne Soikkeli Lieksan Urheilijat 09,57<br \/>\n2 Peetu Pyykk\u00f6 Lieksan Urheilijat 09,92<br \/>\n3 Aaro Turpeinen Lieksan Urheilijat 10,06<br \/>\n4 Leo M\u00e4\u00e4tt\u00e4 Lieksan Urheilijat 11,57<\/p>\n<p>P06 Kuula<br \/>\n1 Aaro Turpeinen Lieksan Urheilijat 03,23<br \/>\n2 Janne Soikkeli Lieksan Urheilijat 02,90<br \/>\n3 Peetu Pyykk\u00f6 Lieksan Urheilijat 02,36<br \/>\n4 Leo M\u00e4\u00e4tt\u00e4 Lieksan Urheilijat 01,40<\/p>\n<p>P06 Pituus<br \/>\n1 Peetu Pyykk\u00f6 Lieksan Urheilijat 205<br \/>\n2 Aaro Turpeinen Lieksan Urheilijat 196<br \/>\n3 Janne Soikkeli Lieksan Urheilijat 190<br \/>\n4 Leo M\u00e4\u00e4tt\u00e4 Lieksan Urheilijat 157<\/p>\n<p>P05 40m<br \/>\n1 Martti Saraniemi Lieksan Urheilijat 10,30<br \/>\n2 Touko Nyblom Lieksan Urheilijat 10,77<br \/>\n3 Miika Pyykk\u00f6 Lieksan Urheilijat 10,77<br \/>\n4 Lauri K\u00e4rkk\u00e4inen Lieksan Urheilijat 12,26<br \/>\n5 Heikki Tuhkanen Lieksan Urheilijat 12,45<\/p>\n<p>P05 Kuula<br \/>\n1 Martti Saraniemi Lieksan Urheilijat 02,30<br \/>\n2 Miika Pyykk\u00f6 Lieksan Urheilijat 01,91<br \/>\n3 Heikki Tuhkanen Lieksan Urheilijat 01,62<br \/>\n4 Lauri K\u00e4rkk\u00e4inen Lieksan Urheilijat 01,45<\/p>\n<p>P05 Pituus<br \/>\n1 Martti Saraniemi Lieksan Urheilijat 148<br \/>\n2 Heikki Tuhkanen Lieksan Urheilijat 139<br \/>\n3 Miika Pyykk\u00f6 Lieksan Urheilijat 122<br \/>\n4 Lauri K\u00e4rkk\u00e4inen Lieksan Urheilijat 114<\/p>\n<p>P04 40m<br \/>\n1 Ahti Boren Lieksan Urheilijat 13,85<br \/>\n2 Onni M\u00e4\u00e4tt\u00e4 Lieksan Urheilijat 22,51<\/p>\n<p>P04 Pituus<br \/>\n1 Ahti Boren Lieksan Urheilijat 110<br \/>\n2 Onni M\u00e4\u00e4tt\u00e4 Lieksan Urheilijat 81<\/p>\n<p>P04 Kuula<br \/>\n1 Onni M\u00e4\u00e4tt\u00e4 Lieksan Urheilijat 01,52<br \/>\n2 Ahti Boren Lieksan Urheilijat 01,27<\/p>\n<p>P03 40m<br \/>\n1 Ate Tuhkanen Lieksan Urheilijat 20,62<br \/>\nLeo Turpeinen Lieksan Urheilijat DNF<\/p>\n<p>P03 Pituus<br \/>\n1 Ate Tuhkanen Lieksan Urheilijat 96<br \/>\n2 Pasi K\u00e4rkk\u00e4inen Lieksan Urheilijat 74<br \/>\n3 Leo Turpeinen Lieksan Urheilijat 40<\/p>\n<p>P03 Kuula<br \/>\n1 Ate Tuhkanen Lieksan Urheilijat 0,90<br \/>\n2 Leo Turpeinen Lieksan Urheilijat 0,83<br \/>\n3 Pasi K\u00e4rkk\u00e4inen Lieksan Urheilijat 0,74<\/p>\n<p>T14 100m<br \/>\n1 Moona Kokkonen Lieksan Urheilijat 15,83 -0,4<\/p>\n<p>T14 Pituus<br \/>\n1 Moona Kokkonen Lieksan Urheilijat 397 -0,4<\/p>\n<p>T14 Kuula<br \/>\n1 Moona Kokkonen Lieksan Urheilijat 06,83<\/p>\n<p>T13 60m<br \/>\n1 Silja Kempas Lieksan Urheilijat 08,79 B<br \/>\n2 Milja Pesonen Lieksan Urheilijat 09,25 C<br \/>\n3 Venla Kettunen Lieksan Urheilijat 09,26 C<br \/>\n4 Annika Piiparinen Lieksan Urheilijat 09,28 C<br \/>\n5 Maija Ignatius Lieksan Urheilijat 10,23<br \/>\n6 Mari Siponen Lieksan Urheilijat 10,45<br \/>\n7 Jutta Martikainen Lieksan Urheilijat 11,43<\/p>\n<p>T13 Pituus<br \/>\n1 Milja Pesonen Lieksan Urheilijat 470 A<br \/>\n2 Venla Kettunen Lieksan Urheilijat 413 C<br \/>\n3 Annika Piiparinen Lieksan Urheilijat 374<br \/>\n4 Mari Siponen Lieksan Urheilijat 355<br \/>\n5 Silja Kempas Lieksan Urheilijat 349<br \/>\n6 Maija Ignatius Lieksan Urheilijat 342<br \/>\n7 Jutta Martikainen Lieksan Urheilijat 293<\/p>\n<p>T13 Kuula<br \/>\n1 Venla Kettunen Lieksan Urheilijat 09,70 B<br \/>\n2 Milja Pesonen Lieksan Urheilijat 08,52 C<br \/>\n3 Maija Ignatius Lieksan Urheilijat 07,75 C<br \/>\n4 Mari Siponen Lieksan Urheilijat 07,19<br \/>\n5 Jutta Martikainen Lieksan Urheilijat 07,18<br \/>\n6 Silja Kempas Lieksan Urheilijat 06,46<br \/>\n7 Annika Piiparinen Lieksan Urheilijat 05,86<\/p>\n<p>T12 60m<br \/>\n1 Riina Viertola Lieksan Urheilijat 11,36 -0,4<\/p>\n<p>T12 Pituus<br \/>\n1 Miia Saarelainen Lieksan Urheilijat 307<br \/>\n2 Riina Viertola Lieksan Urheilijat 298<\/p>\n<p>T12 Kuula<br \/>\n1 Miia Saarelainen Lieksan Urheilijat 04,94<br \/>\n2 Riina Viertola Lieksan Urheilijat 04,61<\/p>\n<p>T11 60m<br \/>\n1 Riina Kettunen Lieksan Urheilijat 09,55 C<br \/>\n2 Tanja Ryyn\u00e4nen Lieksan Urheilijat 09,86<br \/>\n3 Emilia Karhap\u00e4\u00e4 Lieksan Urheilijat 11,31<\/p>\n<p>T11 Pituus<br \/>\n1 Riina Kettunen Lieksan Urheilijat 383 C<br \/>\n2 Tanja Ryyn\u00e4nen Lieksan Urheilijat 383 C<br \/>\n3 Emilia Karhap\u00e4\u00e4 Lieksan Urheilijat 277<\/p>\n<p>T11 Kuula<br \/>\n1 Riina Kettunen Lieksan Urheilijat 07,23 C<br \/>\n2 Tanja Ryyn\u00e4nen Lieksan Urheilijat 06,06<br \/>\n3 Emilia Karhap\u00e4\u00e4 Lieksan Urheilijat 04,79<\/p>\n<p>T10 60m<br \/>\n1 Annika Porkka Lieksan Urheilijat 10,76<br \/>\n2 Lotta Martikainen Lieksan Urheilijat 11,46<br \/>\n3 Eveliina Karhap\u00e4\u00e4 Lieksan Urheilijat 11,85<br \/>\n4 Milla Martikainen Lieksan Urheilijat 11,92<\/p>\n<p>T10 Pituus<br \/>\n1 Annika Porkka Lieksan Urheilijat 309<br \/>\n2 Lotta Martikainen Lieksan Urheilijat 272<br \/>\n3 Eveliina Karhap\u00e4\u00e4 Lieksan Urheilijat 276<br \/>\n4 Milla Martikainen Lieksan Urheilijat 248<\/p>\n<p>T10 Kuula<br \/>\n1 Annika Porkka Lieksan Urheilijat 05,65 B<br \/>\n2 Lotta Martikainen Lieksan Urheilijat 05,56 B<br \/>\n3 Eveliina Karhap\u00e4\u00e4 Lieksan Urheilijat 04,43<br \/>\n4 Milla Martikainen Lieksan Urheilijat 04,22<\/p>\n<p>T09 40m<br \/>\n1 Heta Kettunen Lieksan Urheilijat 07,57<br \/>\n2 Riina Palviainen Lieksan Urheilijat 07,75<br \/>\n3 Sanni Taskinen Lieksan Urheilijat 08,40<br \/>\n4 Mari Tuovinen Lieksan Urheilijat 08,46<br \/>\n5 Veera Liuski Lieksan Urheilijat 09,12<br \/>\n6 Helmi K\u00e4rkk\u00e4inen Lieksan Urheilijat 09,25<\/p>\n<p>T09 Pituus<br \/>\n1 Heta Kettunen Lieksan Urheilijat 309<br \/>\n2 Riina Palviainen Lieksan Urheilijat 300<br \/>\n3 Sanni Taskinen Lieksan Urheilijat 259<br \/>\n4 Mari Tuovinen Lieksan Urheilijat 238<br \/>\n5 Veera Liuski Lieksan Urheilijat 197<br \/>\n6 Helmi K\u00e4rkk\u00e4inen Lieksan Urheilijat 184<\/p>\n<p>T09 Kuula<br \/>\n1 Riina Palviainen Lieksan Urheilijat 05,58 B<br \/>\n2 Heta Kettunen Lieksan Urheilijat 04,23<br \/>\n3 Sanni Taskinen Lieksan Urheilijat 03,79<br \/>\n4 Veera Liuski Lieksan Urheilijat 03,75<br \/>\n5 Helmi K\u00e4rkk\u00e4inen Lieksan Urheilijat 03,47<br \/>\n6 Mari Tuovinen Lieksan Urheilijat 02,95<\/p>\n<p>T08 40m<br \/>\n1 Maija Boren Lieksan Urheilijat 08,60<br \/>\n2 Pirita K\u00e4rkk\u00e4inen Lieksan Urheilijat 09,02<\/p>\n<p>T08 Pituus<br \/>\n1 Pirita K\u00e4rkk\u00e4inen Lieksan Urheilijat 233<br \/>\n2 Maija Boren Lieksan Urheilijat 215<\/p>\n<p>T08 Kuula<br \/>\n1 Maija Boren Lieksan Urheilijat 03,34<br \/>\n2 Pirita K\u00e4rkk\u00e4inen Lieksan Urheilijat 02,57<\/p>\n<p>T07 40m<br \/>\n1 Aino Pyykk\u00f6 Lieksan Urheilijat 08,23<br \/>\n2 Siiri Honkanen Lieksan Urheilijat 08,44<br \/>\n3 Silja Viertola Lieksan Urheilijat 09,58<br \/>\n4 Tuuli Saraniemi Lieksan Urheilijat 09,62<\/p>\n<p>T07 Pituus<br \/>\n1 Aino Pyykk\u00f6 Lieksan Urheilijat 243<br \/>\n2 Siiri Honkanen Lieksan Urheilijat 231<br \/>\n3 Silja Viertola Lieksan Urheilijat 195<br \/>\n4 Tuuli Saraniemi Lieksan Urheilijat 188<\/p>\n<p>T07 Kuula<br \/>\n1 Aino Pyykk\u00f6 Lieksan Urheilijat 03,41<br \/>\n2 Siiri Honkanen Lieksan Urheilijat 03,33<br \/>\n3 Tuuli Saraniemi Lieksan Urheilijat 02,69<br \/>\n4 Silja Viertola Lieksan Urheilijat 02,50<\/p>\n<p>T06 40m<br \/>\n1 Suvi Lampinen Lieksan Urheilijat 10,34<br \/>\n2 Netta Martikainen Lieksan Urheilijat 10,61<br \/>\n3 Minttu Kuronen Lieksan Urheilijat 11,80<br \/>\n4 Alisa Schadewitz Lieksan Urheilijat 12,28<br \/>\n5 Noora Ivanoff Lieksan Urheilijat 10,96<\/p>\n<p>T06 Pituus<br \/>\n1 Suvi Lampinen Lieksan Urheilijat 190<br \/>\n2 Noora Ivanoff Lieksan Urheilijat 169<br \/>\n3 Minttu Kuronen Lieksan Urheilijat 130<br \/>\n4 Alisa Schadewitz Lieksan Urheilijat 127<\/p>\n<p>T06 Kuula<br \/>\n1 Minttu Kuronen Lieksan Urheilijat 02,37<br \/>\n2 Netta Martikainen Lieksan Urheilijat 02,00<br \/>\n3 Noora Ivanoff Lieksan Urheilijat 01,56<br \/>\n4 Suvi Lampinen Lieksan Urheilijat 01,34<br \/>\n5 Alisa Schadewitz Lieksan Urheilijat 01,18<\/p>\n<p>T05 40m<br \/>\n1 Nanna Kamppari Lieksan Urheilijat 12,47<\/p>\n<p>T05 Pituus<br \/>\n1 Nea Solehmainen Lieksan Urheilijat 145<\/p>\n<p>T05 Kuula<br \/>\n1 Nea Solehmainen Lieksan Urheilijat 01,13<\/p>\n<\/div>\n","protected":false},"excerpt":{"rendered":"<p>Lieksa 06.06 M45 Moukari 1 Pauli Havukainen Joensuun Kataja 36,37 2 Pekka Peltoniemi Ilomantsin Urheilijat 35,61 M17 Moukari 1 Markus Kokkonen Pyh\u00e4sel\u00e4n Urheilijat 70,11 P15 Moukari 1 Kimmo Martikainen Lieksan Urheilijat 55,05 2 Juha Rokkonen Lieksan Urheilijat 29,72 3 Aki-Petteri Piiparinen Lieksan Urheilijat 22,83 4 Sami Havukainen Joensuun Kataja 20,84 &hellip;<\/p>\n","protected":false},"author":3,"featured_media":0,"parent":827,"menu_order":0,"comment_status":"closed","ping_status":"closed","template":"templates\/template-threecolumns-center.php","meta":{"footnotes":""},"categories":[7],"tags":[],"class_list":["post-957","page","type-page","status-publish","hentry","category-tulokset"],"_links":{"self":[{"href":"https:\/\/www.lieksanurheilijat.com\/index.php?rest_route=\/wp\/v2\/pages\/957","targetHints":{"allow":["GET"]}}],"collection":[{"href":"https:\/\/www.lieksanurheilijat.com\/index.php?rest_route=\/wp\/v2\/pages"}],"about":[{"href":"https:\/\/www.lieksanurheilijat.com\/index.php?rest_route=\/wp\/v2\/types\/page"}],"author":[{"embeddable":true,"href":"https:\/\/www.lieksanurheilijat.com\/index.php?rest_route=\/wp\/v2\/users\/3"}],"replies":[{"embeddable":true,"href":"https:\/\/www.lieksanurheilijat.com\/index.php?rest_route=%2Fwp%2Fv2%2Fcomments&post=957"}],"version-history":[{"count":1,"href":"https:\/\/www.lieksanurheilijat.com\/index.php?rest_route=\/wp\/v2\/pages\/957\/revisions"}],"predecessor-version":[{"id":958,"href":"https:\/\/www.lieksanurheilijat.com\/index.php?rest_route=\/wp\/v2\/pages\/957\/revisions\/958"}],"up":[{"embeddable":true,"href":"https:\/\/www.lieksanurheilijat.com\/index.php?rest_route=\/wp\/v2\/pages\/827"}],"wp:attachment":[{"href":"https:\/\/www.lieksanurheilijat.com\/index.php?rest_route=%2Fwp%2Fv2%2Fmedia&parent=957"}],"wp:term":[{"taxonomy":"category","embeddable":true,"href":"https:\/\/www.lieksanurheilijat.com\/index.php?rest_route=%2Fwp%2Fv2%2Fcategories&post=957"},{"taxonomy":"post_tag","embeddable":true,"href":"https:\/\/www.lieksanurheilijat.com\/index.php?rest_route=%2Fwp%2Fv2%2Ftags&post=957"}],"curies":[{"name":"wp","href":"https:\/\/api.w.org\/{rel}","templated":true}]}}