{"id":951,"date":"2014-03-25T20:31:08","date_gmt":"2014-03-25T18:31:08","guid":{"rendered":"https:\/\/www.lieksanurheilijat.com\/?page_id=951"},"modified":"2014-05-10T08:20:04","modified_gmt":"2014-05-10T05:20:04","slug":"vattenfall-seuracup","status":"publish","type":"page","link":"https:\/\/www.lieksanurheilijat.com\/?page_id=951","title":{"rendered":"Vattenfall-seuracup"},"content":{"rendered":"<p>Lieksa 18.06<br \/>\nM17 800m<br \/>\n1 Villemarkus Ponkilainen Joensuun Kataja 2.24,51<br \/>\n2 Juha Rokkonen Lieksan Urheilijat 2.33,55<br \/>\n3 Jani Kitunen Pyh\u00e4sel\u00e4n Urheilijat 2.36,08<br \/>\nUP Sakari Palviainen Pyh\u00e4sel\u00e4n Urheilijat 2.54,84<\/p>\n<p>M17 Seiv\u00e4s<br \/>\n1 Kari Paakkunainen Joensuun Kataja 310<br \/>\n2 Jooseppi Kauhanen Joensuun Kataja 220<br \/>\n3 Sakari Palviainen Pyh\u00e4sel\u00e4n Urheilijat 170<\/p>\n<p>M17 Keih\u00e4s<br \/>\n1 Ville Kamppuri Pyh\u00e4sel\u00e4n Urheilijat 62,85<br \/>\n2 Erno Suomalainen Joensuun Kataja 57,16<br \/>\n3 Elmeri Lehikoinen Pyh\u00e4sel\u00e4n Urheilijat 56,14<br \/>\n4 Ville Miettinen Joensuun Kataja 53,65<br \/>\n5 Antti Koskinen Joensuun Kataja 42,27<br \/>\n6 Joona Kirjavainen Juuan Urheilijat 31,74<\/p>\n<p>P15 300m<br \/>\n1 Jiri Karjalainen Joensuun Kataja 40,06<br \/>\n2 Elmo Vesterinen Pyh\u00e4sel\u00e4n Urheilijat 41,36<br \/>\n3 Aki-Petteri Piiparinen Lieksan Urheilijat 45,90<\/p>\n<p>P15 100m aj<br \/>\nTuuli: +0,0<br \/>\n1 Jere Sivonen Pyh\u00e4sel\u00e4n Urheilijat 18,69<br \/>\n2 Eetu Koskinen Joensuun Kataja 23,04<\/p>\n<p>P15 3-Loikka<br \/>\n1 Aatu M\u00e4kel\u00e4 Pyh\u00e4sel\u00e4n Urheilijat 11,03 (+0,89)<\/p>\n<p>P15 Moukari<br \/>\n1 Kimmo Martikainen Lieksan Urheilijat 52,81<br \/>\n2 Pyry Makkonen Pyh\u00e4sel\u00e4n Urheilijat 26,97<br \/>\n3 Sami Havukainen Joensuun Kataja 20,17<br \/>\nUP Juha Rokkonen Lieksan Urheilijat 26,61<\/p>\n<p>P13 200m<br \/>\nTuuli: -0,09<br \/>\n1 Mitro Vauhkonen Joensuun Kataja 27,85<br \/>\n2 Samu Kempas Lieksan Urheilijat 28,36<br \/>\n3 Arttu Simanainen Joensuun Kataja 32,44<br \/>\n4 Tino M\u00e4kel\u00e4 Pyh\u00e4sel\u00e4n Urheilijat 34,10<br \/>\nUP Eeki Kokkonen Lieksan Urheilijat 33,55<\/p>\n<p>P13 60m aj<br \/>\nTuuli: +0,45<br \/>\n1 Saku Pennanen Joensuun Kataja 11,16<br \/>\n2 Eeki Kokkonen Lieksan Urheilijat 12,00<br \/>\n3 Santtu Puustinen Pyh\u00e4sel\u00e4n Urheilijat 13,85<\/p>\n<p>P13 Pituus<br \/>\n1 Aleksi Vauhkonen Joensuun Kataja 398 (-0,36)<br \/>\n2 Tommi Herukka Pyh\u00e4sel\u00e4n Urheilijat 367 (+0,0)<br \/>\n3 Timo Ryyn\u00e4nen Lieksan Urheilijat 340 (+0,27)<br \/>\nUP Saku Pennanen Joensuun Kataja 372 (-0,48)<br \/>\nUP Samu Kempas Lieksan Urheilijat 439 (-0,41)<\/p>\n<p>P13 Kuula<br \/>\n1 Aatu Nousiainen Pyh\u00e4sel\u00e4n Urheilijat 10,37<br \/>\n2 Olli Miettinen Juuan Urheilijat 10,21<br \/>\n3 Jesse Kukkonen Juuan Urheilijat 08,70<br \/>\n4 Kimi Koskelo Joensuun Kataja 08,67<br \/>\n5 Tuukka Karhinen Juuan Urheilijat 07,18<br \/>\nUP Pyry Makkonen Pyh\u00e4sel\u00e4n Urheilijat 07,72<\/p>\n<p>P11 150m<br \/>\n1 Miika Kempas Lieksan Urheilijat 23,15<br \/>\n2 Veeti Pyykk\u00f6 Pyh\u00e4sel\u00e4n Urheilijat 25,71<br \/>\n3 Pekka K\u00e4rkk\u00e4inen Lieksan Urheilijat 27,91<\/p>\n<p>P11 60m aj<br \/>\nTuuli: +1,08<br \/>\n1 Santtu R\u00e4s\u00e4nen Joensuun Kataja 10,98<br \/>\n2 Jere Piiroinen Pyh\u00e4sel\u00e4n Urheilijat 14,28<\/p>\n<p>P11 Korkeus<br \/>\n1 Pekka Joutj\u00e4rvi Pyh\u00e4sel\u00e4n Urheilijat 110<br \/>\n2 Juha Karjunen Pyh\u00e4sel\u00e4n Urheilijat 100<\/p>\n<p>P11 Kuula<br \/>\n1 Mirko Huovinen Pyh\u00e4sel\u00e4n Urheilijat 08,69<br \/>\n2 Samuel Auvinen Joensuun Kataja 07,45<br \/>\n3 Peetu Karhinen Juuan Urheilijat 07,30<\/p>\n<p>N17 800m<br \/>\n1 Jasmin Tukiainen Pyh\u00e4sel\u00e4n Urheilijat 2.32,07<br \/>\n2 Johanna Pyk\u00e4l\u00e4inen Joensuun Kataja 2.36,22<br \/>\nUP Jenni Nuutinen Pyh\u00e4sel\u00e4n Urheilijat 2.44,15<\/p>\n<p>N17 Seiv\u00e4s<br \/>\n1 Iida Kokko Joensuun Kataja 210<br \/>\n2 Jenni Nuutinen Pyh\u00e4sel\u00e4n Urheilijat 170<\/p>\n<p>N17 Keih\u00e4s<br \/>\n1 Heli Parviainen Pyh\u00e4sel\u00e4n Urheilijat 32,54<br \/>\n2 Johanna Parviainen Pyh\u00e4sel\u00e4n Urheilijat 24,32<br \/>\n3 Niina Kettunen Joensuun Kataja 17,35<\/p>\n<p>T15 300m<br \/>\n1 Juulia Auvinen Joensuun Kataja 46,29<br \/>\n2 Janita Tukiainen Pyh\u00e4sel\u00e4n Urheilijat 46,88<\/p>\n<p>T15 80m aj<br \/>\nTuuli: +0,40<br \/>\n1 Sanna Jaatinen Joensuun Kataja 12,55<br \/>\n2 Moona Kokkonen Lieksan Urheilijat 14,74<br \/>\n3 Johanna N\u00e4ykki Pyh\u00e4sel\u00e4n Urheilijat 14,95<br \/>\n4 Pihla Romppanen Pyh\u00e4sel\u00e4n Urheilijat 17,67<\/p>\n<p>T15 3-Loikka<br \/>\n1 Ella V\u00e4h\u00e4niitty Joensuun Kataja 09,88 (+0,33)<br \/>\n2 Elisa Puustinen Pyh\u00e4sel\u00e4n Urheilijat 09,52 (+1,08)<br \/>\nUP Pihla Romppanen Pyh\u00e4sel\u00e4n Urheilijat 09,95 (+0,94)<\/p>\n<p>T15 Moukari<br \/>\n1 Krista Varis Pyh\u00e4sel\u00e4n Urheilijat 40,65<br \/>\n2 Venla Kettunen Lieksan Urheilijat 36,72<br \/>\n3 Laura Karjunen Pyh\u00e4sel\u00e4n Urheilijat 30,15<br \/>\n4 Essi Tynkkynen Joensuun Kataja 18,97<\/p>\n<p>T13 200m<br \/>\nTuuli: -0,00<br \/>\n1 Silja Kempas Lieksan Urheilijat 28,40<br \/>\n2 Annika Piiparinen Lieksan Urheilijat 30,30<br \/>\n3 Aino Joutj\u00e4rvi Pyh\u00e4sel\u00e4n Urheilijat 30,41<br \/>\n4 Anna Muhonen Joensuun Kataja 30,83<br \/>\n5 Jutta Nuutinen Pyh\u00e4sel\u00e4n Urheilijat 31,11<\/p>\n<p>T13 60m aj<br \/>\nTuuli: +1,01<br \/>\n1 Kati Nuutinen Pyh\u00e4sel\u00e4n Urheilijat 11,59<br \/>\n2 Micaela Lindsberg Pyh\u00e4sel\u00e4n Urheilijat 13,36<br \/>\n3 Petra V\u00e4\u00e4n\u00e4nen Joensuun Kataja 14,08<\/p>\n<p>T13 Pituus<br \/>\n1 Milja Pesonen Lieksan Urheilijat 428 (-1,11)<br \/>\n2 Iida Nupponen Pyh\u00e4sel\u00e4n Urheilijat 417 (+0,0)<br \/>\n3 Hanna Siiskonen Joensuun Kataja 373 (-0,13)<br \/>\n4 Maija Ignatius Lieksan Urheilijat 362 (-0,54)<br \/>\n5 Milla Susi Pyh\u00e4sel\u00e4n Urheilijat 356 (+0,0)<br \/>\nUP Jutta Nuutinen Pyh\u00e4sel\u00e4n Urheilijat 379 (+0,0)<br \/>\nUP Kati Nuutinen Pyh\u00e4sel\u00e4n Urheilijat 365 (+0,0)<br \/>\nUP Micaela Lindsberg Pyh\u00e4sel\u00e4n Urheilijat 340 (-1,19)<\/p>\n<p>T13 Kuula<br \/>\n1 Eliina Vesalainen Pyh\u00e4sel\u00e4n Urheilijat 08,79<br \/>\n2 Nina Mutanen Joensuun Kataja 07,76<br \/>\n3 Jutta Martikainen Lieksan Urheilijat 07,02<br \/>\nUP Maija Ignatius Lieksan Urheilijat 08,19<br \/>\nUP Venla Kettunen Lieksan Urheilijat 09,57<\/p>\n<p>T11 150m<br \/>\n1 Veera Kontkanen Pyh\u00e4sel\u00e4n Urheilijat 25,16<br \/>\n2 Saana Hartikainen Pyh\u00e4sel\u00e4n Urheilijat 25,52<br \/>\n3 Heta Kettunen Lieksan Urheilijat 27,16<br \/>\nUP Netta-Noora Lappalainen Pyh\u00e4sel\u00e4n Urheilijat 26,35<br \/>\nUP Petra Kitunen Pyh\u00e4sel\u00e4n Urheilijat 24,45<br \/>\nUP Tanja Ryyn\u00e4nen Lieksan Urheilijat 24,93<\/p>\n<p>T11 60m aj<br \/>\n1 Jenna Kiiskinen Joensuun Kataja 11,67<br \/>\n2 Riina Kettunen Lieksan Urheilijat 12,06<br \/>\n3 Nicola Lindsberg Pyh\u00e4sel\u00e4n Urheilijat 13,21<br \/>\n4 Karla K\u00f6n\u00f6nen Pyh\u00e4sel\u00e4n Urheilijat 13,98<br \/>\n5 Salla R\u00f6nkk\u00f6 Pyh\u00e4sel\u00e4n Urheilijat 14,59<\/p>\n<p>T11 Korkeus<br \/>\n1 Tanja Ryyn\u00e4nen Lieksan Urheilijat 120<br \/>\n2 Petra Kitunen Pyh\u00e4sel\u00e4n Urheilijat 115<br \/>\n3 Netta-Noora Lappalainen Pyh\u00e4sel\u00e4n Urheilijat 115<\/p>\n<p>T11 Kuula<br \/>\n1 Johanna Varis Pyh\u00e4sel\u00e4n Urheilijat 07,14<br \/>\n2 Lotta Martikainen Lieksan Urheilijat 05,69<br \/>\n3 Aada Kokko Joensuun Kataja 04,28<br \/>\n4 Helmi K\u00e4rkk\u00e4inen Lieksan Urheilijat 03,30<br \/>\n5 Pirita K\u00e4rkk\u00e4inen Lieksan Urheilijat 02,94<br \/>\nUP Riina Kettunen Lieksan Urheilijat 07,10<br \/>\nUP Karla K\u00f6n\u00f6nen Pyh\u00e4sel\u00e4n Urheilijat 05,72<br \/>\nUP Nicola Lindsberg Pyh\u00e4sel\u00e4n Urheilijat 05,58<\/p>\n<p>15v 1000m k\u00e4vely<br \/>\n1 Pihla Miettinen Pyh\u00e4sel\u00e4n Urheilijat 5.31,84<\/p>\n<p>15v 4x800m<br \/>\n1 Pyh\u00e4sel\u00e4n Urheilijat Aatu M\u00e4kel\u00e4, Janita Tukiainen, Elmo Vesterinen, Moona Havula 10.26,12<br \/>\n2 Joensuun Kataja Eetu Koskinen, Ella V\u00e4h\u00e4niitty, Jiri Karjalainen, Juulia Auvinen 11.17,25<\/p>\n<p>13v 1000m k\u00e4vely<br \/>\n1 Kati Nuutinen Pyh\u00e4sel\u00e4n Urheilijat 6.26,11<br \/>\n2 Kimi Koskelo Joensuun Kataja 7.01,12<\/p>\n<p>13v 4x600m<br \/>\n1 Joensuun Kataja Saku Pennanen, Anna Muhonen, Arttu Simanainen, Petra V\u00e4\u00e4n\u00e4nen 8.04,42<br \/>\n2 Lieksan Urheilijat Timo Ryyn\u00e4nen, Maija Ignatius, Eeki Kokkonen, Annika Piiparinen 8.16,61<br \/>\n3 Pyh\u00e4sel\u00e4n Urheilijat Tino M\u00e4kel\u00e4, Aino Joutj\u00e4rvi, Tommi Herukka, Jutta Nuutinen 8.41,48<\/p>\n<p>11v 1000m k\u00e4vely<br \/>\n1 Santtu R\u00e4s\u00e4nen Joensuun Kataja 6.26,37<br \/>\n2 Veera Kontkanen Pyh\u00e4sel\u00e4n Urheilijat 6.29,44<br \/>\n3 Salla R\u00f6nkk\u00f6 Pyh\u00e4sel\u00e4n Urheilijat 6.57,40<br \/>\nKarla K\u00f6n\u00f6nen Pyh\u00e4sel\u00e4n Urheilijat DNF<\/p>\n<p>11v 4x600m<br \/>\n1 Joensuun Kataja Samuel Auvinen, Aada Kokko, Santtu R\u00e4s\u00e4nen, Jenna Kiiskinen 8.45,44<br \/>\n2 Pyh\u00e4sel\u00e4n Urheilijat Veeti Pyykk\u00f6, Veera Kontkanen, Juha Karjunen, Karla K\u00f6n\u00f6nen 8.51,22<\/p>\n<p>Seurapisteet<br \/>\n1 Pyh\u00e4sel\u00e4n Urheilijat 11945<br \/>\n2 Joensuun Kataja 10600<br \/>\n3 Lieksan Urheilijat 6213<br \/>\n4 Juuan Urheilijat 1186<\/p>\n","protected":false},"excerpt":{"rendered":"<p>Lieksa 18.06 M17 800m 1 Villemarkus Ponkilainen Joensuun Kataja 2.24,51 2 Juha Rokkonen Lieksan Urheilijat 2.33,55 3 Jani Kitunen Pyh\u00e4sel\u00e4n Urheilijat 2.36,08 UP Sakari Palviainen Pyh\u00e4sel\u00e4n Urheilijat 2.54,84 M17 Seiv\u00e4s 1 Kari Paakkunainen Joensuun Kataja 310 2 Jooseppi Kauhanen Joensuun Kataja 220 3 Sakari Palviainen Pyh\u00e4sel\u00e4n Urheilijat 170 M17 Keih\u00e4s &hellip;<\/p>\n","protected":false},"author":3,"featured_media":0,"parent":827,"menu_order":0,"comment_status":"closed","ping_status":"closed","template":"templates\/template-threecolumns-center.php","meta":{"footnotes":""},"categories":[7],"tags":[],"class_list":["post-951","page","type-page","status-publish","hentry","category-tulokset"],"_links":{"self":[{"href":"https:\/\/www.lieksanurheilijat.com\/index.php?rest_route=\/wp\/v2\/pages\/951","targetHints":{"allow":["GET"]}}],"collection":[{"href":"https:\/\/www.lieksanurheilijat.com\/index.php?rest_route=\/wp\/v2\/pages"}],"about":[{"href":"https:\/\/www.lieksanurheilijat.com\/index.php?rest_route=\/wp\/v2\/types\/page"}],"author":[{"embeddable":true,"href":"https:\/\/www.lieksanurheilijat.com\/index.php?rest_route=\/wp\/v2\/users\/3"}],"replies":[{"embeddable":true,"href":"https:\/\/www.lieksanurheilijat.com\/index.php?rest_route=%2Fwp%2Fv2%2Fcomments&post=951"}],"version-history":[{"count":1,"href":"https:\/\/www.lieksanurheilijat.com\/index.php?rest_route=\/wp\/v2\/pages\/951\/revisions"}],"predecessor-version":[{"id":952,"href":"https:\/\/www.lieksanurheilijat.com\/index.php?rest_route=\/wp\/v2\/pages\/951\/revisions\/952"}],"up":[{"embeddable":true,"href":"https:\/\/www.lieksanurheilijat.com\/index.php?rest_route=\/wp\/v2\/pages\/827"}],"wp:attachment":[{"href":"https:\/\/www.lieksanurheilijat.com\/index.php?rest_route=%2Fwp%2Fv2%2Fmedia&parent=951"}],"wp:term":[{"taxonomy":"category","embeddable":true,"href":"https:\/\/www.lieksanurheilijat.com\/index.php?rest_route=%2Fwp%2Fv2%2Fcategories&post=951"},{"taxonomy":"post_tag","embeddable":true,"href":"https:\/\/www.lieksanurheilijat.com\/index.php?rest_route=%2Fwp%2Fv2%2Ftags&post=951"}],"curies":[{"name":"wp","href":"https:\/\/api.w.org\/{rel}","templated":true}]}}