{"id":947,"date":"2014-03-25T20:30:09","date_gmt":"2014-03-25T18:30:09","guid":{"rendered":"https:\/\/www.lieksanurheilijat.com\/?page_id=947"},"modified":"2014-05-10T08:20:04","modified_gmt":"2014-05-10T05:20:04","slug":"youth-athletics-games","status":"publish","type":"page","link":"https:\/\/www.lieksanurheilijat.com\/?page_id=947","title":{"rendered":"Youth Athletics Games"},"content":{"rendered":"<div>\n<p>Lepp\u00e4vaara, Espoo 26.06<\/p>\n<p>P13 1000m<br \/>\n1 Lauri Marekwia Espoon Tapiot 2.58,47<br \/>\n30 Timo Ryyn\u00e4nen Lieksan Urheilijat 3.35,26<br \/>\nKilpailijoita 37<\/p>\n<p>P12 1000m<br \/>\n1 Matias Meril\u00e4inen Nurmij\u00e4rven Yleisurheilu 3.03,00<br \/>\n33 Eeki Kokkonen Lieksan Urheilijat 3.57,38<br \/>\nKipailijoita 37<\/p>\n<p>P12 Keih\u00e4s<br \/>\n1 Kim Nousiainen Lepp\u00e4virran Viri 43,92<br \/>\n12 Eeki Kokkonen Lieksan Urheilijat 33,11<\/p>\n<p>P09 600m<br \/>\n1 Eemeli Porvari Hartolan Voima 1.56,90<br \/>\n25 Sakari Vallius Lieksan Urheilijat 2.25,27<br \/>\nKilpailijoita 34<\/p>\n<p>T14 Seiv\u00e4s<br \/>\n1 Wilma Murto Salon Vilpas 345<br \/>\n13 Moona Kokkonen Lieksan Urheilijat 180<\/p>\n<p>T13 1000m<br \/>\n1 Meri Alasaukko-Oja Kentt\u00e4urheilijat-58 3.13,59<br \/>\n30 Mari Siponen Lieksan Urheilijat 3.44,7h<br \/>\nKilpailijoita 36<\/p>\n<p>T13 Korkeus<br \/>\n1 Saara Hakanen Keski-Uudenmaan Yleisurheilu 155<br \/>\n11 Milja Pesonen Lieksan Urheilijat 140<br \/>\n12 Venla Kettunen Lieksan Urheilijat 135<br \/>\nKilpailijoita 41<\/p>\n<p>T13 Pituus<br \/>\n1 Tua-Talvikki Anttila Helsingin Kisa-Veikot 516 -1,2<br \/>\n11 Milja Pesonen Lieksan Urheilijat 422 -1,0<\/p>\n<p>T13 Kuula<br \/>\n1 Milla Koski-V\u00e4h\u00e4l\u00e4 Lumijoen Lumiukot 12,51<br \/>\n6 Venla Kettunen Lieksan Urheilijat 10,31<\/p>\n<p>T11 1000m<br \/>\n1 Silja R\u00f6nk\u00e4 Lahden Ahkera 3.19,80<br \/>\n12 Tanja Ryyn\u00e4nen Lieksan Urheilijat 3.36,76<br \/>\nKilpailijoita 41<\/p>\n<p>Lepp\u00e4vaara, Espoo 25.06<\/p>\n<p>P13 2000m k\u00e4vely<br \/>\n1 Juhani Sarasmaa Espoon Tapiot 11.29,63<br \/>\n2 Timo Ryyn\u00e4nen Lieksan Urheilijat 13.42,99<\/p>\n<p>P13 Korkeus<br \/>\n1 Daniel Savolainen Jyv\u00e4skyl\u00e4n Kentt\u00e4urheilijat 157<br \/>\n21 Timo Ryyn\u00e4nen Lieksan Urheilijat 120<\/p>\n<p>T15 Korkeus<br \/>\n1 Maria Huntington Tampereen Pyrint\u00f6 167<br \/>\n11 Moona Kokkonen Lieksan Urheilijat 145<br \/>\nKilpailijoita 29<\/p>\n<p>T14 Keih\u00e4s<br \/>\n1 Kiia Hostikka Miehikk\u00e4l\u00e4n Vilkas 40,66<br \/>\n24 Nella Tuomainen Lieksan Urheilijat 19,51<br \/>\n28 Mari Siponen Lieksan Urheilijat 15,33<br \/>\nKilpailijoita 29<\/p>\n<p>T13 60m<br \/>\nAlkuer\u00e4t:<br \/>\n1 Nea Mattila Helsingfors IFK 08,36 -2,6<br \/>\n16 Silja Kempas Lieksan Urheilijat 08,87 -2,4<br \/>\n79 Mari Siponen Lieksan Urheilijat 10,25 -1,6<br \/>\n83 Nella Tuomainen Lieksan Urheilijat 10,56 -1,7<br \/>\nKilpailijoita 84<\/p>\n<p>T13 Pituus<br \/>\nKarsinta:<br \/>\n1 Meike Herzog TSV Senftenberg, Saksa 506 +1,0<br \/>\n9 Milja Pesonen Lieksan Urheilijat 468 +1,6<br \/>\n18 Silja Kempas Lieksan Urheilijat 443 +1,7<br \/>\nKilpailijoita 91<\/p>\n<p>T13 Kuula<br \/>\nKarsinta:<br \/>\n1 Viivi Virolainen Pyht\u00e4\u00e4n Yritys 11,95<br \/>\n8 Venla Kettunen Lieksan Urheilijat 09,53<br \/>\nKilpailijoita 39<\/p>\n<p>T13 Moukari<br \/>\n1 Kiira V\u00e4\u00e4n\u00e4nen Varpaisj\u00e4rven Vire 53,39<br \/>\n2 Venla Kettunen Lieksan Urheilijat 37,80<br \/>\n5 Milja Pesonen Lieksan Urheilijat 35,48<br \/>\nKilpailijoita 12<\/p>\n<p>Myyrm\u00e4ki, Vantaa 25.06<\/p>\n<p>P09 40m<br \/>\nAlkuer\u00e4t:<br \/>\n1 Arttu Heilala Raahen Vesa 06,60<br \/>\n18 Sakari Vallius Lieksan Urheilijat 07,26<br \/>\nKilpailijoita 52<\/p>\n<p>P09 Pituus<br \/>\nKarsinta:<br \/>\n1 Arttu Heilala Raahen Vesa 395<br \/>\n13 Sakari Vallius Lieksan Urheilijat 321<br \/>\nKilpailijoita 46<\/p>\n<p>Hiekkaharju, Vantaa 25.06<\/p>\n<p>P12 Korkeus<br \/>\n1 Aaro Leinonen Rym\u00e4ttyl\u00e4n Soihtu 155<br \/>\n7 Eeki Kokkonen Lieksan Urheilijat 130<br \/>\nKilpailijoita 18<\/p>\n<p>P12 Keih\u00e4s<br \/>\nKarsinta:<br \/>\n1 Kim Nousiainen Lepp\u00e4virran Viri 42,73<br \/>\n11 Eeki Kokkonen Lieksan Urheilijat 32,26<br \/>\nKilpailijoita 47<\/p>\n<p>T11 Korkeus<br \/>\n1 Lilian Turban N\u00f6mme, Viro 145<br \/>\n22 Tanja Ryyn\u00e4nen Lieksan Urheilijat 125<br \/>\nKilpailijoita 40<\/p>\n<p>T11 Pituus<br \/>\nKarsinta:<br \/>\n1 Lilian Turban N\u00f6mme, Viro 433<br \/>\n46 Tanja Ryyn\u00e4nen Lieksan Urheilijat 351<br \/>\nKilpailijoita 87<\/p>\n<\/div>\n","protected":false},"excerpt":{"rendered":"<p>Lepp\u00e4vaara, Espoo 26.06 P13 1000m 1 Lauri Marekwia Espoon Tapiot 2.58,47 30 Timo Ryyn\u00e4nen Lieksan Urheilijat 3.35,26 Kilpailijoita 37 P12 1000m 1 Matias Meril\u00e4inen Nurmij\u00e4rven Yleisurheilu 3.03,00 33 Eeki Kokkonen Lieksan Urheilijat 3.57,38 Kipailijoita 37 P12 Keih\u00e4s 1 Kim Nousiainen Lepp\u00e4virran Viri 43,92 12 Eeki Kokkonen Lieksan Urheilijat 33,11 P09 &hellip;<\/p>\n","protected":false},"author":3,"featured_media":0,"parent":827,"menu_order":0,"comment_status":"closed","ping_status":"closed","template":"templates\/template-threecolumns-center.php","meta":{"footnotes":""},"categories":[7],"tags":[],"class_list":["post-947","page","type-page","status-publish","hentry","category-tulokset"],"_links":{"self":[{"href":"https:\/\/www.lieksanurheilijat.com\/index.php?rest_route=\/wp\/v2\/pages\/947","targetHints":{"allow":["GET"]}}],"collection":[{"href":"https:\/\/www.lieksanurheilijat.com\/index.php?rest_route=\/wp\/v2\/pages"}],"about":[{"href":"https:\/\/www.lieksanurheilijat.com\/index.php?rest_route=\/wp\/v2\/types\/page"}],"author":[{"embeddable":true,"href":"https:\/\/www.lieksanurheilijat.com\/index.php?rest_route=\/wp\/v2\/users\/3"}],"replies":[{"embeddable":true,"href":"https:\/\/www.lieksanurheilijat.com\/index.php?rest_route=%2Fwp%2Fv2%2Fcomments&post=947"}],"version-history":[{"count":1,"href":"https:\/\/www.lieksanurheilijat.com\/index.php?rest_route=\/wp\/v2\/pages\/947\/revisions"}],"predecessor-version":[{"id":948,"href":"https:\/\/www.lieksanurheilijat.com\/index.php?rest_route=\/wp\/v2\/pages\/947\/revisions\/948"}],"up":[{"embeddable":true,"href":"https:\/\/www.lieksanurheilijat.com\/index.php?rest_route=\/wp\/v2\/pages\/827"}],"wp:attachment":[{"href":"https:\/\/www.lieksanurheilijat.com\/index.php?rest_route=%2Fwp%2Fv2%2Fmedia&parent=947"}],"wp:term":[{"taxonomy":"category","embeddable":true,"href":"https:\/\/www.lieksanurheilijat.com\/index.php?rest_route=%2Fwp%2Fv2%2Fcategories&post=947"},{"taxonomy":"post_tag","embeddable":true,"href":"https:\/\/www.lieksanurheilijat.com\/index.php?rest_route=%2Fwp%2Fv2%2Ftags&post=947"}],"curies":[{"name":"wp","href":"https:\/\/api.w.org\/{rel}","templated":true}]}}