{"id":943,"date":"2014-03-25T20:28:36","date_gmt":"2014-03-25T18:28:36","guid":{"rendered":"https:\/\/www.lieksanurheilijat.com\/?page_id=943"},"modified":"2014-05-10T08:19:19","modified_gmt":"2014-05-10T05:19:19","slug":"nuorten-mm-kilpailut","status":"publish","type":"page","link":"https:\/\/www.lieksanurheilijat.com\/?page_id=943","title":{"rendered":"Nuorten MM-kilpailut"},"content":{"rendered":"<div>\n<p>Barcelona, Espanja 13.07<\/p>\n<p>N19 7-ottelu<br \/>\n1 Yorgelis Rodr\u00edguez Kuuba 5966<br \/>\nJutta Heikkinen Lieksan Urheilijat DNF<\/p>\n<p>N19 Pituus<br \/>\n1 Qingling Wang Kiina 621 -0,1<br \/>\n25 Jutta Heikkinen Lieksan Urheilijat 538 +0,4<\/p>\n<p>N19 Keih\u00e4s<br \/>\n1 X\u00e9nia Krizs\u00e1n Unkari 48,20<br \/>\n7 Jutta Heikkinen Lieksan Urheilijat 39,96<\/p>\n<p>N19 800m<br \/>\n1 Frida Thors\u00e5s Norja 2.12,89<br \/>\nJutta Heikkinen Lieksan Urheilijat DNS<\/p>\n<p>Barcelona, Espanja 12.07<\/p>\n<p>N19 7-ottelu 4. lajin j\u00e4lkeen<br \/>\n1 Tamara de Sousa Brasilia 3638<br \/>\n22 Jutta Heikkinen Lieksan Urheilijat 3044<\/p>\n<p>N19 100m aj<br \/>\n1 Erica Bougard USA 13,73 -1,0<br \/>\n26 Jutta Heikkinen Lieksan Urheilijat 14,91 -1,1<\/p>\n<p>N19 Korkeus<br \/>\n1 Kateryna Tabashnyk Ukraina 182<br \/>\n19 Jutta Heikkinen Lieksan Urheilijat 166<\/p>\n<p>N19 Kuula<br \/>\n1 Tamara de Sousa Brasilia 13,89<\/p>\n<p>N19 200m<br \/>\n1 Ivona Dadic It\u00e4valta 23,96 -0,9<br \/>\n21 Jutta Heikkinen Lieksan Urheilijat 26,00 -1,5<\/p>\n<\/div>\n","protected":false},"excerpt":{"rendered":"<p>Barcelona, Espanja 13.07 N19 7-ottelu 1 Yorgelis Rodr\u00edguez Kuuba 5966 Jutta Heikkinen Lieksan Urheilijat DNF N19 Pituus 1 Qingling Wang Kiina 621 -0,1 25 Jutta Heikkinen Lieksan Urheilijat 538 +0,4 N19 Keih\u00e4s 1 X\u00e9nia Krizs\u00e1n Unkari 48,20 7 Jutta Heikkinen Lieksan Urheilijat 39,96 N19 800m 1 Frida Thors\u00e5s Norja 2.12,89 &hellip;<\/p>\n","protected":false},"author":3,"featured_media":0,"parent":827,"menu_order":0,"comment_status":"closed","ping_status":"closed","template":"templates\/template-threecolumns-center.php","meta":{"footnotes":""},"categories":[7],"tags":[],"class_list":["post-943","page","type-page","status-publish","hentry","category-tulokset"],"_links":{"self":[{"href":"https:\/\/www.lieksanurheilijat.com\/index.php?rest_route=\/wp\/v2\/pages\/943","targetHints":{"allow":["GET"]}}],"collection":[{"href":"https:\/\/www.lieksanurheilijat.com\/index.php?rest_route=\/wp\/v2\/pages"}],"about":[{"href":"https:\/\/www.lieksanurheilijat.com\/index.php?rest_route=\/wp\/v2\/types\/page"}],"author":[{"embeddable":true,"href":"https:\/\/www.lieksanurheilijat.com\/index.php?rest_route=\/wp\/v2\/users\/3"}],"replies":[{"embeddable":true,"href":"https:\/\/www.lieksanurheilijat.com\/index.php?rest_route=%2Fwp%2Fv2%2Fcomments&post=943"}],"version-history":[{"count":1,"href":"https:\/\/www.lieksanurheilijat.com\/index.php?rest_route=\/wp\/v2\/pages\/943\/revisions"}],"predecessor-version":[{"id":944,"href":"https:\/\/www.lieksanurheilijat.com\/index.php?rest_route=\/wp\/v2\/pages\/943\/revisions\/944"}],"up":[{"embeddable":true,"href":"https:\/\/www.lieksanurheilijat.com\/index.php?rest_route=\/wp\/v2\/pages\/827"}],"wp:attachment":[{"href":"https:\/\/www.lieksanurheilijat.com\/index.php?rest_route=%2Fwp%2Fv2%2Fmedia&parent=943"}],"wp:term":[{"taxonomy":"category","embeddable":true,"href":"https:\/\/www.lieksanurheilijat.com\/index.php?rest_route=%2Fwp%2Fv2%2Fcategories&post=943"},{"taxonomy":"post_tag","embeddable":true,"href":"https:\/\/www.lieksanurheilijat.com\/index.php?rest_route=%2Fwp%2Fv2%2Ftags&post=943"}],"curies":[{"name":"wp","href":"https:\/\/api.w.org\/{rel}","templated":true}]}}