{"id":931,"date":"2014-03-25T20:24:00","date_gmt":"2014-03-25T18:24:00","guid":{"rendered":"https:\/\/www.lieksanurheilijat.com\/?page_id=931"},"modified":"2014-05-10T08:19:18","modified_gmt":"2014-05-10T05:19:18","slug":"19-vuotiaiden-sm-kilpailut","status":"publish","type":"page","link":"https:\/\/www.lieksanurheilijat.com\/?page_id=931","title":{"rendered":"19-vuotiaiden SM-kilpailut"},"content":{"rendered":"<div>\n<p>Kauhajoki 12.08<\/p>\n<p>N19 Pituus<br \/>\nKarsinta:<br \/>\n1 Emmi M\u00e4kinen Jyv\u00e4skyl\u00e4n Kentt\u00e4urheilijat 552<br \/>\n8 Hertta Heikkinen Lieksan Urheilijat 515<br \/>\nLoppukilpailu:<br \/>\n1 Henna Palosaari Oulun Pyrint\u00f6 580<br \/>\n7 Hertta Heikkinen Lieksan Urheilijat 528<\/p>\n<p>N19 200m<br \/>\nAlkuer\u00e4t:<br \/>\n1 Jonna Berghem Hang\u00f6 IK 25,48 +0,1<br \/>\n10 Maarit Kiiskinen Lieksan Urheilijat 26,74 +0,1<br \/>\nV\u00e4lier\u00e4t:<br \/>\n1 Ella R\u00e4s\u00e4nen Tampereen Pyrint\u00f6 25,74 -0,1<br \/>\n10 Maarit Kiiskinen Lieksan Urheilijat 26,90 -0,1<\/p>\n<p>N19 Keih\u00e4s<br \/>\n1 Henna Takkinen Piikki\u00f6n Kehitys 47,83<br \/>\n3 Jutta Heikkinen Lieksan Urheilijat 45,63<\/p>\n<p>N19 100m aj<br \/>\nAlkuer\u00e4t:<br \/>\n1 Oona Hujanen Helsingin Kisa-Veikot 14,21 -0,4<br \/>\n7 Jutta Heikkinen Lieksan Urheilijat 14,69 +0,1<br \/>\nLoppukilpailu:<br \/>\n1 Oona Hujanen Helsingin Kisa-Veikot 14,00 -0,2<br \/>\nJutta Heikkinen Lieksan Urheilijat DNS<\/p>\n<p>N19 Korkeus<br \/>\n1 Sini L\u00e4ll\u00e4 Oriveden Ponnistus 178<br \/>\n5 Hertta Heikkinen Lieksan Urheilijat 163<\/p>\n<p>Kauhajoki 11.08<\/p>\n<p>N19 100m<br \/>\n1 Ella R\u00e4s\u00e4nen Tampereen Pyrint\u00f6 12,07<br \/>\n15 Maarit Kiiskinen Lieksan Urheilijat 12,90<br \/>\nV\u00e4lier\u00e4t:<br \/>\n1 Ella R\u00e4s\u00e4nen Tampereen Pyrint\u00f6 12,00<br \/>\n14 Maarit Kiiskinen Lieksan Urheilijat 12,95<\/p>\n<p>N19 Keih\u00e4s<br \/>\nKarsinta:<br \/>\n1 Jutta Heikkinen Lieksan Urheilijat 47,02<br \/>\n2 Meri Rautamies Vehkalahden Veikot 44,56<br \/>\n16 osallistujaa<\/p>\n<\/div>\n","protected":false},"excerpt":{"rendered":"<p>Kauhajoki 12.08 N19 Pituus Karsinta: 1 Emmi M\u00e4kinen Jyv\u00e4skyl\u00e4n Kentt\u00e4urheilijat 552 8 Hertta Heikkinen Lieksan Urheilijat 515 Loppukilpailu: 1 Henna Palosaari Oulun Pyrint\u00f6 580 7 Hertta Heikkinen Lieksan Urheilijat 528 N19 200m Alkuer\u00e4t: 1 Jonna Berghem Hang\u00f6 IK 25,48 +0,1 10 Maarit Kiiskinen Lieksan Urheilijat 26,74 +0,1 V\u00e4lier\u00e4t: 1 Ella &hellip;<\/p>\n","protected":false},"author":3,"featured_media":0,"parent":827,"menu_order":0,"comment_status":"closed","ping_status":"closed","template":"templates\/template-threecolumns-center.php","meta":{"footnotes":""},"categories":[7],"tags":[],"class_list":["post-931","page","type-page","status-publish","hentry","category-tulokset"],"_links":{"self":[{"href":"https:\/\/www.lieksanurheilijat.com\/index.php?rest_route=\/wp\/v2\/pages\/931","targetHints":{"allow":["GET"]}}],"collection":[{"href":"https:\/\/www.lieksanurheilijat.com\/index.php?rest_route=\/wp\/v2\/pages"}],"about":[{"href":"https:\/\/www.lieksanurheilijat.com\/index.php?rest_route=\/wp\/v2\/types\/page"}],"author":[{"embeddable":true,"href":"https:\/\/www.lieksanurheilijat.com\/index.php?rest_route=\/wp\/v2\/users\/3"}],"replies":[{"embeddable":true,"href":"https:\/\/www.lieksanurheilijat.com\/index.php?rest_route=%2Fwp%2Fv2%2Fcomments&post=931"}],"version-history":[{"count":1,"href":"https:\/\/www.lieksanurheilijat.com\/index.php?rest_route=\/wp\/v2\/pages\/931\/revisions"}],"predecessor-version":[{"id":932,"href":"https:\/\/www.lieksanurheilijat.com\/index.php?rest_route=\/wp\/v2\/pages\/931\/revisions\/932"}],"up":[{"embeddable":true,"href":"https:\/\/www.lieksanurheilijat.com\/index.php?rest_route=\/wp\/v2\/pages\/827"}],"wp:attachment":[{"href":"https:\/\/www.lieksanurheilijat.com\/index.php?rest_route=%2Fwp%2Fv2%2Fmedia&parent=931"}],"wp:term":[{"taxonomy":"category","embeddable":true,"href":"https:\/\/www.lieksanurheilijat.com\/index.php?rest_route=%2Fwp%2Fv2%2Fcategories&post=931"},{"taxonomy":"post_tag","embeddable":true,"href":"https:\/\/www.lieksanurheilijat.com\/index.php?rest_route=%2Fwp%2Fv2%2Ftags&post=931"}],"curies":[{"name":"wp","href":"https:\/\/api.w.org\/{rel}","templated":true}]}}