{"id":929,"date":"2014-03-25T20:23:13","date_gmt":"2014-03-25T18:23:13","guid":{"rendered":"https:\/\/www.lieksanurheilijat.com\/?page_id=929"},"modified":"2014-05-10T08:20:03","modified_gmt":"2014-05-10T05:20:03","slug":"rautia-kisat-ja-tahtikisa-55","status":"publish","type":"page","link":"https:\/\/www.lieksanurheilijat.com\/?page_id=929","title":{"rendered":"Rautia kisat ja T\u00e4htikisa 5\/5"},"content":{"rendered":"<p>Lieksa 15.08<\/p>\n<p>P15 300m<br \/>\n1 Aki-Petteri Piiparinen Lieksan Urheilijat 46,8h<br \/>\n2 Juha Rokkonen Lieksan Urheilijat 47,2h<\/p>\n<p>P15 3-loikka<br \/>\n1 Juha Rokkonen Lieksan Urheilijat 08,78 -0,7<br \/>\n2 Aki-Petteri Piiparinen Lieksan Urheilijat 08,01 -0,6<\/p>\n<p>P15 Moukari<br \/>\n1 Kimmo Martikainen Lieksan Urheilijat 49,04 A<br \/>\n2 Juha Rokkonen Lieksan Urheilijat 27,91 C<br \/>\n3 Aki-Petteri Piiparinen Lieksan Urheilijat 19,52<\/p>\n<p>P13 200m<br \/>\n1 Samu Kempas Lieksan Urheilijat 27,6h -0,3 A<br \/>\n2 Timo Ryyn\u00e4nen Lieksan Urheilijat 34,0h -0,3<\/p>\n<p>P13 3-loikka<br \/>\n1 Timo Ryyn\u00e4nen Lieksan Urheilijat 07,76 -0,4<\/p>\n<p>P13 Moukari<br \/>\n1 Timo Ryyn\u00e4nen Lieksan Urheilijat 15,24<\/p>\n<p>P12 200m<br \/>\n1 Eeki Kokkonen Lieksan Urheilijat 33,9h -0,3 C<br \/>\n2 Veikka Rantanen Lieksan Urheilijat 37,3h -0,3<\/p>\n<p>P12 3-loikka<br \/>\n1 Eeki Kokkonen Lieksan Urheilijat 07,60 -0,6<br \/>\n2 Veikka Rantanen Lieksan Urheilijat 07,00 -0,6<\/p>\n<p>P12 Moukari<br \/>\n1 Veikka Rantanen Lieksan Urheilijat 20,50 B<br \/>\n2 Eeki Kokkonen Lieksan Urheilijat 20,38 B<\/p>\n<p>P12 Keih\u00e4s<br \/>\n1 Paavo Kokkonen Lieksan Urheilijat 24,92<br \/>\nEeki Kokkonen Lieksan Urheilijat NM<\/p>\n<p>P11 150m<br \/>\n1 Miika Kempas Lieksan Urheilijat 22,5h A<\/p>\n<p>P09 150m<br \/>\n1 Sakari Vallius Lieksan Urheilijat 25,4h C<br \/>\n2 Juho Nevalainen Lieksan Urheilijat 32,6h<\/p>\n<p>P09 Korkeus<br \/>\n1 Sakari Vallius Lieksan Urheilijat 105 B<br \/>\n2 Juho Nevalainen Lieksan Urheilijat 065<\/p>\n<p>P09 Kuula<br \/>\n1 Sakari Vallius Lieksan Urheilijat 06,23 C<br \/>\n2 Juho Nevalainen Lieksan Urheilijat 03,75<\/p>\n<p>P08 150m<br \/>\n1 Heikki H\u00e4m\u00e4l\u00e4inen Lieksan Urheilijat 28,7h<br \/>\n2 Miko Kuronen Lieksan Urheilijat 29,0h<br \/>\n3 Veli-Matti Ikonen Lieksan Urheilijat 33,3h<\/p>\n<p>P08 Korkeus<br \/>\n1 Miko Kuronen Lieksan Urheilijat 080<br \/>\n2 Veli-Matti Ikonen Lieksan Urheilijat 065<br \/>\n3 Heikki H\u00e4m\u00e4l\u00e4inen Lieksan Urheilijat 060<\/p>\n<p>P08 Kuula<br \/>\n1 Heikki H\u00e4m\u00e4l\u00e4inen Lieksan Urheilijat 04,59<br \/>\n2 Miko Kuronen Lieksan Urheilijat 04,50<br \/>\n3 Veli-Matti Ikonen Lieksan Urheilijat 04,44<\/p>\n<p>P07 150m<br \/>\n1 Aarni Nyblom Lieksan Urheilijat 27,1h<br \/>\n2 Eero Mauro Lieksan Urheilijat 27,3h<br \/>\n3 Miika Palviainen Lieksan Urheilijat 32,2h<br \/>\n4 Niko Nevalainen Lieksan Urheilijat 33,3h<br \/>\n5 Leo R\u00e4s\u00e4nen Lieksan Urheilijat 31,2h<\/p>\n<p>P07 Korkeus<br \/>\n1 Aarni Nyblom Lieksan Urheilijat 096 C<br \/>\n2 Miika Palviainen Lieksan Urheilijat 080<br \/>\n2 Eero Mauro Lieksan Urheilijat 080<br \/>\n4 Niko Nevalainen Lieksan Urheilijat 080<br \/>\n5 Leo R\u00e4s\u00e4nen Lieksan Urheilijat 075<\/p>\n<p>P07 Kuula 1,5kg<br \/>\n1 Eero Mauro Lieksan Urheilijat 05,24<br \/>\n2 Miika Palviainen Lieksan Urheilijat 04,81<br \/>\n3 Aarni Nyblom Lieksan Urheilijat 04,50<br \/>\n4 Leo R\u00e4s\u00e4nen Lieksan Urheilijat 04,07<br \/>\n5 Niko Nevalainen Lieksan Urheilijat 03,11<\/p>\n<p>P06 150m<br \/>\n1 Eino R\u00e4s\u00e4nen Lieksan Urheilijat 38,0h<\/p>\n<p>P06 Korkeus<br \/>\n1 Eino R\u00e4s\u00e4nen Lieksan Urheilijat 060<\/p>\n<p>P06 Kuula 1,5kg<br \/>\n1 Eino R\u00e4s\u00e4nen Lieksan Urheilijat 02,91<\/p>\n<p>P05 150m<br \/>\n1 Touko Nyblom Lieksan Urheilijat 34,9h<br \/>\n2 Lauri K\u00e4rkk\u00e4inen Lieksan Urheilijat 42,0h<br \/>\n3 Martti Saraniemi Lieksan Urheilijat 45,2h<\/p>\n<p>P05 Korkeus<br \/>\n1 Lauri K\u00e4rkk\u00e4inen Lieksan Urheilijat 060<br \/>\n2 Martti Saraniemi Lieksan Urheilijat 055<br \/>\n3 Touko Nyblom Lieksan Urheilijat 050<\/p>\n<p>P05 Kuula 1,5kg<br \/>\n1 Martti Saraniemi Lieksan Urheilijat 02,78<br \/>\n2 Touko Nyblom Lieksan Urheilijat 02,28<br \/>\n3 Lauri K\u00e4rkk\u00e4inen Lieksan Urheilijat 01,49<\/p>\n<p>P04 150m<br \/>\nEetu Leivo Lieksan Urheilijat DNF<\/p>\n<p>P04 Korkeus<br \/>\n1 Eetu Leivo Lieksan Urheilijat 050<\/p>\n<p>P04 Kuula 1,5kg<br \/>\n1 Eetu Leivo Lieksan Urheilijat 01,41<\/p>\n<p>P03 150m<br \/>\n1 Ahti Boren Lieksan Urheilijat 47,5h<br \/>\n2 Pasi K\u00e4rkk\u00e4inen Lieksan Urheilijat 71,0h<\/p>\n<p>P03 Kuula 1,5kg<br \/>\n1 Ahti Boren Lieksan Urheilijat 01,25<br \/>\n2 Pasi K\u00e4rkk\u00e4inen Lieksan Urheilijat 01,05<\/p>\n<p>T14 300m<br \/>\n1 Moona Kokkonen Lieksan Urheilijat 53,2h<\/p>\n<p>T14 3-loikka<br \/>\n1 Moona Kokkonen Lieksan Urheilijat 08,45 -0,2 C<\/p>\n<p>T14 Moukari<br \/>\n1 Moona Kokkonen Lieksan Urheilijat 21,69 C<\/p>\n<p>T13 200m<br \/>\n1 Silja Kempas Lieksan Urheilijat 27,4h -0,4 A<br \/>\n2 Annika Piiparinen Lieksan Urheilijat 30,2h -0,5 B<br \/>\n3 Milja Pesonen Lieksan Urheilijat 34,3h -0,4<br \/>\n4 Venla Kettunen Lieksan Urheilijat 34,6h -0,4<br \/>\n5 Maija Ignatius Lieksan Urheilijat 37,3h -0,5<br \/>\n6 Jutta Martikainen Lieksan Urheilijat 40,4h -0,5<\/p>\n<p>T13 3-loikka<br \/>\n1 Milja Pesonen Lieksan Urheilijat 09,48 -0,5 A<br \/>\n2 Annika Piiparinen Lieksan Urheilijat 08,50 -0,4 C<br \/>\n3 Venla Kettunen Lieksan Urheilijat 08,40 -0,4 C<br \/>\n4 Minea Suhonen Lieksan Urheilijat 08,40 -0,4 C<br \/>\n5 Maija Ignatius Lieksan Urheilijat 07,57 -0,2<br \/>\n6 Jutta Martikainen Lieksan Urheilijat 06,54 -0,8<\/p>\n<p>T13 Keih\u00e4s<br \/>\n1 Minea Suhonen Lieksan Urheilijat 34,10<br \/>\n2 Maija Ignatius Lieksan Urheilijat 25,51<br \/>\n3 Jutta Martikainen Lieksan Urheilijat 20,68<\/p>\n<p>T13 Moukari<br \/>\n1 Venla Kettunen Lieksan Urheilijat 40,86 A<br \/>\n2 Milja Pesonen Lieksan Urheilijat 39,20 A<br \/>\n3 Jutta Martikainen Lieksan Urheilijat 22,49 B<br \/>\n4 Minea Suhonen Lieksan Urheilijat 19,66 C<br \/>\n5 Maija Ignatius Lieksan Urheilijat 19,47 C<br \/>\n6 Annika Piiparinen Lieksan Urheilijat 15,45<\/p>\n<p>T12 200m<br \/>\n1 Riina Viertola Lieksan Urheilijat 39,2h -0,5<\/p>\n<p>T12 3-loikka<br \/>\n1 Riina Viertola Lieksan Urheilijat 06,11 -0,4<\/p>\n<p>T12 Moukari<br \/>\n1 Miia Saarelainen Lieksan Urheilijat 16,36 C<\/p>\n<p>T11 150m<br \/>\n1 Tanja Ryyn\u00e4nen Lieksan Urheilijat 23,4h B<br \/>\n2 Riina Kettunen Lieksan Urheilijat 23,9h C<\/p>\n<p>T11 3-loikka<br \/>\n1 Riina Kettunen Lieksan Urheilijat 08,39 B<br \/>\n2 Tanja Ryyn\u00e4nen Lieksan Urheilijat 07,64 C<\/p>\n<p>T11 Moukari<br \/>\n1 Riina Kettunen Lieksan Urheilijat 23,48 A<br \/>\n2 Tanja Ryyn\u00e4nen Lieksan Urheilijat 15,41 B<\/p>\n<p>T10 150m<br \/>\n1 Kristiina Tcelombitko Lieksan Urheilijat 26,0h C<br \/>\n2 Milla Martikainen Lieksan Urheilijat 27,7h<br \/>\n3 Lotta Martikainen Lieksan Urheilijat 27,9h<br \/>\n4 Jatta Porkka Lieksan Urheilijat 29,8h<\/p>\n<p>T10 3-loikka<br \/>\n1 Lotta Martikainen Lieksan Urheilijat 06,58 C<br \/>\n2 Milla Martikainen Lieksan Urheilijat 05,69<br \/>\n3 Jatta Porkka Lieksan Urheilijat 05,62<\/p>\n<p>T10 Moukari<br \/>\n1 Milla Martikainen Lieksan Urheilijat 16,06 A<br \/>\n2 Lotta Martikainen Lieksan Urheilijat 14,77 B<br \/>\n3 Jatta Porkka Lieksan Urheilijat 12,76 C<\/p>\n<p>T09 150m<br \/>\n1 Heta Kettunen Lieksan Urheilijat 25,9h B<br \/>\n2 Riina Palviainen Lieksan Urheilijat 26,6h C<br \/>\n3 Mari Tuovinen Lieksan Urheilijat 30,5h<br \/>\n4 Helmi K\u00e4rkk\u00e4inen Lieksan Urheilijat 31,0h<br \/>\n5 Sanni Taskinen Lieksan Urheilijat 31,3h<\/p>\n<p>T09 Korkeus<br \/>\n1 Heta Kettunen Lieksan Urheilijat 105 A<br \/>\n2 Riina Palviainen Lieksan Urheilijat 105 A<br \/>\n3 Suvi Ignatius Lieksan Urheilijat 085<br \/>\n4 Mari Tuovinen Lieksan Urheilijat 085<br \/>\n5 Sanni Taskinen Lieksan Urheilijat 085<br \/>\n6 Helmi K\u00e4rkk\u00e4inen Lieksan Urheilijat 070<\/p>\n<p>T09 Kuula<br \/>\n1 Riina Palviainen Lieksan Urheilijat 05,93 A<br \/>\n2 Heta Kettunen Lieksan Urheilijat 05,10 C<br \/>\n3 Mari Tuovinen Lieksan Urheilijat 03,52<br \/>\n4 Helmi K\u00e4rkk\u00e4inen Lieksan Urheilijat 02,62<br \/>\n5 Sanni Taskinen Lieksan Urheilijat 03,83<\/p>\n<p>T08 150m<br \/>\n1 Maija Boren Lieksan Urheilijat 29,7h<br \/>\n2 Pirita K\u00e4rkk\u00e4inen Lieksan Urheilijat 30,8h<\/p>\n<p>T08 Korkeus<br \/>\n1 Pirita K\u00e4rkk\u00e4inen Lieksan Urheilijat 090 C<br \/>\n2 Maija Boren Lieksan Urheilijat 075<\/p>\n<p>T08 Kuula<br \/>\n1 Maija Boren Lieksan Urheilijat 03,66<br \/>\n2 Pirita K\u00e4rkk\u00e4inen Lieksan Urheilijat 02,93<\/p>\n<p>T07 150m<br \/>\n1 Aino Pyykk\u00f6 Lieksan Urheilijat 30,3h<br \/>\n2 Tuuli Saraniemi Lieksan Urheilijat 37,9h<\/p>\n<p>T07 Korkeus<br \/>\n1 Tuuli Saraniemi Lieksan Urheilijat 070<br \/>\n2 Silja Viertola Lieksan Urheilijat 060<br \/>\n3 Aino Pyykk\u00f6 Lieksan Urheilijat 050<\/p>\n<p>T07 Kuula 1,5kg<br \/>\n1 Aino Pyykk\u00f6 Lieksan Urheilijat 03,68<br \/>\n2 Silja Viertola Lieksan Urheilijat 03,35<br \/>\n3 Tuuli Saraniemi Lieksan Urheilijat 03,03<\/p>\n<p>T06 150m<br \/>\n1 Viivi Smura Lieksan Urheilijat 39,9h<br \/>\n2 Neea Kuronen Lieksan Urheilijat 41,5h<br \/>\n3 Netta Martikainen Lieksan Urheilijat 41,7h<br \/>\n4 Saara Leivo Lieksan Urheilijat 42,1h<br \/>\n5 Minttu Kuronen Lieksan Urheilijat 50,5h<\/p>\n<p>T06 Korkeus<br \/>\n1 Suvi Lampinen Lieksan Urheilijat 065<br \/>\n2 Saara Leivo Lieksan Urheilijat 055<br \/>\n3 Viivi Smura Lieksan Urheilijat 055<br \/>\n4 Neea Kuronen Lieksan Urheilijat 055<br \/>\n5 Minttu Kuronen Lieksan Urheilijat 050<\/p>\n<p>T06 Kuula 1,5kg<br \/>\n1 Netta Martikainen Lieksan Urheilijat 03,07<br \/>\n2 Viivi Smura Lieksan Urheilijat 02,93<br \/>\n3 Minttu Kuronen Lieksan Urheilijat 02,85<br \/>\n4 Suvi Lampinen Lieksan Urheilijat 02,18<br \/>\n5 Saara Leivo Lieksan Urheilijat 02,10<br \/>\n6 Neea Kuronen Lieksan Urheilijat 01,70<\/p>\n<p>T05 150m<br \/>\n1 Jatta Ikonen Lieksan Urheilijat 38,6h<\/p>\n<p>T05 Korkeus<br \/>\n1 Jatta Ikonen Lieksan Urheilijat 055<\/p>\n<p>T05 Kuula 1,5kg<br \/>\n1 Jatta Ikonen Lieksan Urheilijat 01,38<\/p>\n","protected":false},"excerpt":{"rendered":"<p>Lieksa 15.08 P15 300m 1 Aki-Petteri Piiparinen Lieksan Urheilijat 46,8h 2 Juha Rokkonen Lieksan Urheilijat 47,2h P15 3-loikka 1 Juha Rokkonen Lieksan Urheilijat 08,78 -0,7 2 Aki-Petteri Piiparinen Lieksan Urheilijat 08,01 -0,6 P15 Moukari 1 Kimmo Martikainen Lieksan Urheilijat 49,04 A 2 Juha Rokkonen Lieksan Urheilijat 27,91 C 3 Aki-Petteri &hellip;<\/p>\n","protected":false},"author":3,"featured_media":0,"parent":827,"menu_order":0,"comment_status":"closed","ping_status":"closed","template":"templates\/template-threecolumns-center.php","meta":{"footnotes":""},"categories":[7],"tags":[],"class_list":["post-929","page","type-page","status-publish","hentry","category-tulokset"],"_links":{"self":[{"href":"https:\/\/www.lieksanurheilijat.com\/index.php?rest_route=\/wp\/v2\/pages\/929","targetHints":{"allow":["GET"]}}],"collection":[{"href":"https:\/\/www.lieksanurheilijat.com\/index.php?rest_route=\/wp\/v2\/pages"}],"about":[{"href":"https:\/\/www.lieksanurheilijat.com\/index.php?rest_route=\/wp\/v2\/types\/page"}],"author":[{"embeddable":true,"href":"https:\/\/www.lieksanurheilijat.com\/index.php?rest_route=\/wp\/v2\/users\/3"}],"replies":[{"embeddable":true,"href":"https:\/\/www.lieksanurheilijat.com\/index.php?rest_route=%2Fwp%2Fv2%2Fcomments&post=929"}],"version-history":[{"count":1,"href":"https:\/\/www.lieksanurheilijat.com\/index.php?rest_route=\/wp\/v2\/pages\/929\/revisions"}],"predecessor-version":[{"id":930,"href":"https:\/\/www.lieksanurheilijat.com\/index.php?rest_route=\/wp\/v2\/pages\/929\/revisions\/930"}],"up":[{"embeddable":true,"href":"https:\/\/www.lieksanurheilijat.com\/index.php?rest_route=\/wp\/v2\/pages\/827"}],"wp:attachment":[{"href":"https:\/\/www.lieksanurheilijat.com\/index.php?rest_route=%2Fwp%2Fv2%2Fmedia&parent=929"}],"wp:term":[{"taxonomy":"category","embeddable":true,"href":"https:\/\/www.lieksanurheilijat.com\/index.php?rest_route=%2Fwp%2Fv2%2Fcategories&post=929"},{"taxonomy":"post_tag","embeddable":true,"href":"https:\/\/www.lieksanurheilijat.com\/index.php?rest_route=%2Fwp%2Fv2%2Ftags&post=929"}],"curies":[{"name":"wp","href":"https:\/\/api.w.org\/{rel}","templated":true}]}}