{"id":917,"date":"2014-03-25T20:19:08","date_gmt":"2014-03-25T18:19:08","guid":{"rendered":"https:\/\/www.lieksanurheilijat.com\/?page_id=917"},"modified":"2014-05-10T08:19:18","modified_gmt":"2014-05-10T05:19:18","slug":"jhln-yleisurheilumestaruuskisat","status":"publish","type":"page","link":"https:\/\/www.lieksanurheilijat.com\/?page_id=917","title":{"rendered":"JHL:n yleisurheilumestaruuskisat"},"content":{"rendered":"<div>\n<p>Lieksa 01.09<\/p>\n<p>Miehet 40 1500m<br \/>\n1 Petri Vuori 105 Nokia 5.40,19<\/p>\n<p>Miehet 40 Maasto<br \/>\n1 Petri Vuori 105 Nokia 15.05,74<\/p>\n<p>Miehet 40 Kiekko<br \/>\n1 Petri Vuori 105 Nokia 18,48<\/p>\n<p>Miehet 45 100m<br \/>\n1 Jari Jaatinen 616 Jyv\u00e4skyl\u00e4 13,87 (+0,3)<br \/>\n2 Vesa-Pekka Sorola 338 Ilomantsi 14,77 (+0,3)<br \/>\n3 Jaakko Immonen 595 Turku 16,19 (+0,3)<\/p>\n<p>Miehet 45 400m<br \/>\n1 Jari Jaatinen 616 Jyv\u00e4skyl\u00e4 1.02,53<\/p>\n<p>Miehet 45 1500m<br \/>\n1 Jaakko Immonen 595 Turku 7.45,83<\/p>\n<p>Miehet 45 Maasto<br \/>\n1 Seppo Huotari 781 Kajaani 13.24,46<br \/>\n2 Vesa-Pekka Sorola 338 Ilomantsi 16.25,57<br \/>\nJaakko Immonen 595 Turku DNS<\/p>\n<p>Miehet 45 Pituus<br \/>\n1 Jari Jaatinen 616 Jyv\u00e4skyl\u00e4 485 (-0,6)<br \/>\n2 Jaakko Aaltonen 105 Nokia 464 (-0,2)<br \/>\n3 Vesa-Pekka Sorola 338 Ilomantsi 397 (-0,3)<br \/>\n4 Jaakko Immonen 595 Turku 366 (-0,3)<\/p>\n<p>Miehet 45 Kiekko<br \/>\n1 Jaakko Aaltonen 105 Nokia 24,79<\/p>\n<p>Miehet 45 Keih\u00e4s<br \/>\n1 Jaakko Aaltonen 105 Nokia 46,23<br \/>\n2 Vesa-Pekka Sorola 338 Ilomantsi 29,29<\/p>\n<p>Miehet 50 100m<br \/>\n1 Pertti Kylm\u00e4l\u00e4 204 Lahti 14,68 (+0,3)<\/p>\n<p>Miehet 50 400m<br \/>\n1 Pertti Kylm\u00e4l\u00e4 204 Lahti 1.02,88<\/p>\n<p>Miehet 50 1500m<br \/>\n1 Pertti Kylm\u00e4l\u00e4 204 Lahti 5.08,90<br \/>\n2 Veli-Pekka Wallenius 103 Jyv\u00e4skyl\u00e4 5.12,90<\/p>\n<p>Miehet 50 Maasto<br \/>\n1 Pertti Kylm\u00e4l\u00e4 204 Lahti 14.03,22<br \/>\n2 Veli-Pekka Wallenius 103 Jyv\u00e4skyl\u00e4 14.10,10<\/p>\n<p>Miehet 50 Kuula<br \/>\n1 Veli-Pekka Wallenius 103 Jyv\u00e4skyl\u00e4 07,64<\/p>\n<p>Miehet 50 Kiekko<br \/>\n1 Veli-Pekka Wallenius 103 Jyv\u00e4skyl\u00e4 17,67<\/p>\n<p>Miehet 55 1500m<br \/>\nKalevi Laitinen 424 Nivala DNS<\/p>\n<p>Miehet 55 Korkeus<br \/>\n1 Risto Vattulainen 174 Lieksa 100<\/p>\n<p>Miehet 55 Pituus<br \/>\nKalevi Laitinen 424 Nivala DNS<\/p>\n<p>Miehet 55 Kuula<br \/>\n1 Jarmo Vuolanen 582 Helsinki 11,02<\/p>\n<p>Miehet 55 Kiekko<br \/>\n1 Jarmo Vuolanen 582 Helsinki 31,90<\/p>\n<p>Miehet 55 Keih\u00e4s<br \/>\n1 Jarmo Vuolanen 582 Helsinki 36,53<\/p>\n<p>Miehet 60 100m<br \/>\n1 Pauli Ollila 593 Uusikaupunki 16,10 (+0,3)<\/p>\n<p>Miehet 60 400m<br \/>\n1 Pauli Ollila 593 Uusikaupunki 1.12,61<\/p>\n<p>Miehet 60 1500m<br \/>\n1 Pauli Ollila 593 Uusikaupunki 6.10,58<\/p>\n<p>Miehet 60 Maasto<br \/>\nJouko Lehtinen 595 Turku DNS<\/p>\n<p>Miehet 60 Pituus<br \/>\n1 Jouko Lehtinen 595 Turku 357 (+0,3)<br \/>\nPauli Ollila 593 Uusikaupunki DNS<\/p>\n<p>Miehet 60 Kuula<br \/>\n1 Jouko Lehtinen 595 Turku 10,09<\/p>\n<p>Miehet 60 Kiekko<br \/>\n1 Jouko Lehtinen 595 Turku 31,75<\/p>\n<p>Miehet 65 100m<br \/>\nVoitto Majasaari 117 Sein\u00e4joki DNS<\/p>\n<p>Miehet 65 1500m<br \/>\n1 Seppo Matela 068 Oulu 5.51,81<br \/>\nVoitto Majasaari 117 Sein\u00e4joki DNS<\/p>\n<p>Miehet 65 Maasto<br \/>\n1 Seppo Matela 068 Oulu 16.25,64<br \/>\nVoitto Majasaari 117 Sein\u00e4joki DNS<\/p>\n<p>Miehet 65 Kuula<br \/>\n1 Rauno H\u00f6ltt\u00e4 206 Iisalmi 07,87<\/p>\n<p>Miehet 65 Kiekko<br \/>\n1 Rauno H\u00f6ltt\u00e4 206 Iisalmi 22,30<\/p>\n<p>Miehet 65 Keih\u00e4s<br \/>\n1 Rauno H\u00f6ltt\u00e4 206 Iisalmi 17,45<\/p>\n<p>Naiset Yleinen 100m<br \/>\n1 Marjo Starck 595 Turku 13,80 (-0,9)<br \/>\n2 Ritva Palom\u00e4ki 595 Turku 22,02 (-0,9)<\/p>\n<p>Naiset Yleinen Maasto<br \/>\nRitva Palom\u00e4ki 595 Turku DNS<br \/>\nMarjo Starck 595 Turku DNS<\/p>\n<p>Naiset Yleinen Korkeus<br \/>\n1 Marjo Starck 595 Turku 155<\/p>\n<p>Naiset Yleinen Pituus<br \/>\n1 Marjo Starck 595 Turku 517 (-0,2)<br \/>\n2 Ritva Palom\u00e4ki 595 Turku 246 (-0,3)<\/p>\n<p>Naiset Yleinen Kuula<br \/>\n1 Ritva Palom\u00e4ki 595 Turku 05,11<\/p>\n<p>Naiset 45 Kuula<br \/>\n1 Mervi Martikainen 174 Lieksa 07,13<\/p>\n<p>Naiset 50 100m<br \/>\n1 Seija Hellman 595 Turku 19,03 (-0,9)<br \/>\n2 Liisa V\u00e4nsk\u00e4 174 Lieksa 20,26 (-0,9)<\/p>\n<p>Naiset 50 Maasto<br \/>\nSeija Hellman 595 Turku DNS<\/p>\n<p>Naiset 50 Pituus<br \/>\n1 Seija Hellman 595 Turku 303 (-0,7)<br \/>\n2 Liisa V\u00e4nsk\u00e4 174 Lieksa 259 (-0,2)<\/p>\n<p>Naiset 50 Kuula<br \/>\n1 Seija Hellman 595 Turku 07,32<br \/>\n2 Liisa V\u00e4nsk\u00e4 174 Lieksa 06,97<\/p>\n<p>Naiset 55 100m<br \/>\n1 Armi Siekkinen 608 \u00c4\u00e4nekoski 21,33 (-0,9)<br \/>\n2 Anita Vattulainen 174 Lieksa 23,26 (-0,9)<\/p>\n<p>Naiset 55 Korkeus<br \/>\n1 Liisa Ovaska 092 Kellokoski 090<\/p>\n<p>Naiset 55 Pituus<br \/>\n1 Liisa Ovaska 092 Kellokoski 227 (-0,2)<br \/>\n2 Armi Siekkinen 608 \u00c4\u00e4nekoski 201 (-0,7)<br \/>\n3 Anita Vattulainen 174 Lieksa 175 (-0,4)<\/p>\n<p>Naiset 55 Kuula<br \/>\n1 Anita Vattulainen 174 Lieksa 06,36<br \/>\n2 Liisa Ovaska 092 Kellokoski 05,89<br \/>\n3 Armi Siekkinen 608 \u00c4\u00e4nekoski 05,60<\/p>\n<p>Naiset 60 100m<br \/>\n1 Pirjo Salo 092 Kellokoski 20,12 (+0,1)<br \/>\n2 Leila Lintunen 309 Vantaa 21,48 (+0,1)<br \/>\n3 Arja Hakkarainen 608 \u00c4\u00e4nekoski 23,40 (+0,1)<br \/>\n4 Leena Ker\u00e4nen 174 Lieksa 23,95 (+0,1)<br \/>\n5 Maija Pietil\u00e4inen 863 Kuopio 32,76 (+0,1)<\/p>\n<p>Naiset 60 800m<br \/>\n1 Pirjo Salo 092 Kellokoski 3.51,01<br \/>\n2 Leila Lintunen 309 Vantaa 4.26,06<br \/>\n3 Leena Ker\u00e4nen 174 Lieksa 5.04,29<\/p>\n<p>Naiset 60 Maasto<br \/>\n1 Pirjo Salo 092 Kellokoski 12.10,59<br \/>\n2 Leila Lintunen 309 Vantaa 15.27,29<\/p>\n<p>Naiset 60 Pituus<br \/>\n1 Arja Hakkarainen 608 \u00c4\u00e4nekoski 224 (-0,2)<br \/>\n2 Maija Pietil\u00e4inen 863 Kuopio 189 (-0,2)<\/p>\n<p>Naiset 60 Kuula<br \/>\n1 Arja Hakkarainen 608 \u00c4\u00e4nekoski 07,09<br \/>\n2 Pirjo Salo 092 Kellokoski 05,99<br \/>\n3 Leila Lintunen 309 Vantaa 05,86<br \/>\n4 Irja Pekkarinen 174 Lieksa 05,77<br \/>\n5 Maija Pietil\u00e4inen 863 Kuopio 05,28<br \/>\nIrja Pekkarinen 174 Lieksa DNS<\/p>\n<p>Naiset 65 100m<br \/>\n1 Gun-Britt Kuusim\u00e4ki 599 Helsinki 25,68 (+0,1)<\/p>\n<p>Naiset 65 800m<br \/>\n1 Gun-Britt Kuusim\u00e4ki 599 Helsinki 3.51,60<\/p>\n<p>Naiset 65 Maasto<br \/>\n1 Gun-Britt Kuusim\u00e4ki 599 Helsinki 12.17,69<\/p>\n<p>Naiset 65 Kuula<br \/>\n1 Pirkko Peiponen 174 Lieksa 04,65<br \/>\n2 Gun-Britt Kuusim\u00e4ki 599 Helsinki 04,61<\/p>\n<p>Yleinen Ruotsalaisviesti<br \/>\n1 595 Turku (Seija Hellman, Jouko Lehtinen, Jaakko Immonen, Marjo Starck) 3.26,61<br \/>\n2 174 Lieksa (Leena Ker\u00e4nen, Risto Vattulainen, Liisa V\u00e4nsk\u00e4, Anita Vattulainen) 4.36,22<\/p>\n<\/div>\n","protected":false},"excerpt":{"rendered":"<p>Lieksa 01.09 Miehet 40 1500m 1 Petri Vuori 105 Nokia 5.40,19 Miehet 40 Maasto 1 Petri Vuori 105 Nokia 15.05,74 Miehet 40 Kiekko 1 Petri Vuori 105 Nokia 18,48 Miehet 45 100m 1 Jari Jaatinen 616 Jyv\u00e4skyl\u00e4 13,87 (+0,3) 2 Vesa-Pekka Sorola 338 Ilomantsi 14,77 (+0,3) 3 Jaakko Immonen 595 &hellip;<\/p>\n","protected":false},"author":3,"featured_media":0,"parent":827,"menu_order":0,"comment_status":"closed","ping_status":"closed","template":"templates\/template-threecolumns-center.php","meta":{"footnotes":""},"categories":[7],"tags":[],"class_list":["post-917","page","type-page","status-publish","hentry","category-tulokset"],"_links":{"self":[{"href":"https:\/\/www.lieksanurheilijat.com\/index.php?rest_route=\/wp\/v2\/pages\/917","targetHints":{"allow":["GET"]}}],"collection":[{"href":"https:\/\/www.lieksanurheilijat.com\/index.php?rest_route=\/wp\/v2\/pages"}],"about":[{"href":"https:\/\/www.lieksanurheilijat.com\/index.php?rest_route=\/wp\/v2\/types\/page"}],"author":[{"embeddable":true,"href":"https:\/\/www.lieksanurheilijat.com\/index.php?rest_route=\/wp\/v2\/users\/3"}],"replies":[{"embeddable":true,"href":"https:\/\/www.lieksanurheilijat.com\/index.php?rest_route=%2Fwp%2Fv2%2Fcomments&post=917"}],"version-history":[{"count":1,"href":"https:\/\/www.lieksanurheilijat.com\/index.php?rest_route=\/wp\/v2\/pages\/917\/revisions"}],"predecessor-version":[{"id":918,"href":"https:\/\/www.lieksanurheilijat.com\/index.php?rest_route=\/wp\/v2\/pages\/917\/revisions\/918"}],"up":[{"embeddable":true,"href":"https:\/\/www.lieksanurheilijat.com\/index.php?rest_route=\/wp\/v2\/pages\/827"}],"wp:attachment":[{"href":"https:\/\/www.lieksanurheilijat.com\/index.php?rest_route=%2Fwp%2Fv2%2Fmedia&parent=917"}],"wp:term":[{"taxonomy":"category","embeddable":true,"href":"https:\/\/www.lieksanurheilijat.com\/index.php?rest_route=%2Fwp%2Fv2%2Fcategories&post=917"},{"taxonomy":"post_tag","embeddable":true,"href":"https:\/\/www.lieksanurheilijat.com\/index.php?rest_route=%2Fwp%2Fv2%2Ftags&post=917"}],"curies":[{"name":"wp","href":"https:\/\/api.w.org\/{rel}","templated":true}]}}