{"id":915,"date":"2014-03-25T20:18:12","date_gmt":"2014-03-25T18:18:12","guid":{"rendered":"https:\/\/www.lieksanurheilijat.com\/?page_id=915"},"modified":"2014-05-10T08:19:19","modified_gmt":"2014-05-10T05:19:19","slug":"kyvyt-esiin","status":"publish","type":"page","link":"https:\/\/www.lieksanurheilijat.com\/?page_id=915","title":{"rendered":"Kyvyt esiin"},"content":{"rendered":"<div>\n<p>Lepp\u00e4virta 02.09<\/p>\n<p>T11 600m<br \/>\n1 Tanja Ryyn\u00e4nen Lieksan Urheilijat 2.00,48<\/p>\n<p>T11 Korkeus<br \/>\n1 Venla Hyv\u00e4rinen Polvij\u00e4rven Vauhti 125<br \/>\n2 Tanja Ryyn\u00e4nen Lieksan Urheilijat 120<\/p>\n<\/div>\n","protected":false},"excerpt":{"rendered":"<p>Lepp\u00e4virta 02.09 T11 600m 1 Tanja Ryyn\u00e4nen Lieksan Urheilijat 2.00,48 T11 Korkeus 1 Venla Hyv\u00e4rinen Polvij\u00e4rven Vauhti 125 2 Tanja Ryyn\u00e4nen Lieksan Urheilijat 120<\/p>\n","protected":false},"author":3,"featured_media":0,"parent":827,"menu_order":0,"comment_status":"closed","ping_status":"closed","template":"templates\/template-threecolumns-center.php","meta":{"footnotes":""},"categories":[7],"tags":[],"class_list":["post-915","page","type-page","status-publish","hentry","category-tulokset"],"_links":{"self":[{"href":"https:\/\/www.lieksanurheilijat.com\/index.php?rest_route=\/wp\/v2\/pages\/915","targetHints":{"allow":["GET"]}}],"collection":[{"href":"https:\/\/www.lieksanurheilijat.com\/index.php?rest_route=\/wp\/v2\/pages"}],"about":[{"href":"https:\/\/www.lieksanurheilijat.com\/index.php?rest_route=\/wp\/v2\/types\/page"}],"author":[{"embeddable":true,"href":"https:\/\/www.lieksanurheilijat.com\/index.php?rest_route=\/wp\/v2\/users\/3"}],"replies":[{"embeddable":true,"href":"https:\/\/www.lieksanurheilijat.com\/index.php?rest_route=%2Fwp%2Fv2%2Fcomments&post=915"}],"version-history":[{"count":1,"href":"https:\/\/www.lieksanurheilijat.com\/index.php?rest_route=\/wp\/v2\/pages\/915\/revisions"}],"predecessor-version":[{"id":916,"href":"https:\/\/www.lieksanurheilijat.com\/index.php?rest_route=\/wp\/v2\/pages\/915\/revisions\/916"}],"up":[{"embeddable":true,"href":"https:\/\/www.lieksanurheilijat.com\/index.php?rest_route=\/wp\/v2\/pages\/827"}],"wp:attachment":[{"href":"https:\/\/www.lieksanurheilijat.com\/index.php?rest_route=%2Fwp%2Fv2%2Fmedia&parent=915"}],"wp:term":[{"taxonomy":"category","embeddable":true,"href":"https:\/\/www.lieksanurheilijat.com\/index.php?rest_route=%2Fwp%2Fv2%2Fcategories&post=915"},{"taxonomy":"post_tag","embeddable":true,"href":"https:\/\/www.lieksanurheilijat.com\/index.php?rest_route=%2Fwp%2Fv2%2Ftags&post=915"}],"curies":[{"name":"wp","href":"https:\/\/api.w.org\/{rel}","templated":true}]}}