{"id":913,"date":"2014-03-25T20:17:06","date_gmt":"2014-03-25T18:17:06","guid":{"rendered":"https:\/\/www.lieksanurheilijat.com\/?page_id=913"},"modified":"2014-05-10T08:19:19","modified_gmt":"2014-05-10T05:19:19","slug":"matin-kuntokymppi-ja-pm-kymppi","status":"publish","type":"page","link":"https:\/\/www.lieksanurheilijat.com\/?page_id=913","title":{"rendered":"Matin Kuntokymppi ja pm-kymppi"},"content":{"rendered":"<p>Lieksa 06.09<\/p>\n<p>M 10000m<br \/>\n1 Sakari Hukka Polvij\u00e4rven Urheilijat 33.56<br \/>\n2 Sami Oinonen Lieksan Urheilijat 36.49<br \/>\n3 Simo H\u00e4m\u00e4l\u00e4inen Marjalan Laisto 36.56<br \/>\n4 Teppo Oinonen Ensihoito Kainuu 43.19<br \/>\n5 Mika Heikura Lieksa 44.13<\/p>\n<p>M40 10000m<br \/>\n1 Esko Lintunen Sulkaman Kipin\u00e4 37.08<br \/>\n2 Pentti Eronen Juuan J\u00e4nne 38.57<br \/>\n3 Eino Hyttinen Juuan J\u00e4nne 43.07<br \/>\n4 Arto Rokkonen Lieksan Visa 43.45<\/p>\n<p>M50 10000m<br \/>\n1 V\u00e4in\u00f6 Ihalainen Koitereen Urheilijat 39.05<br \/>\n2 Timo Makkonen Polvij\u00e4rven Urheilijat 42.22<br \/>\n3 Seppo Eronen Lieksan Urheilijat 46.06<\/p>\n<p>M70 10000m<br \/>\n1 Olavi Ukonmaanaho Lieksa 52.09<\/p>\n<p>M kunto 10000m<br \/>\n1 Heikki Hujanen Lieksa 41.35<br \/>\n2 Jarmo Honkanen Pyh\u00e4sel\u00e4n Urheilijat 45.35<\/p>\n<p>N 10000m<br \/>\n1 Ilona Saastamoinen Joensuun Kataja 43.44<\/p>\n<p>N40 10000m<br \/>\n1 Mari Kotilainen Brahean Uimarit 55.52<\/p>\n<p>Miesten pm 10000m<br \/>\n1 Sakari Hukka Polvij\u00e4rven Urheilijat 33.56<br \/>\n2 Sami Oinonen Lieksan Urheilijat 36.49<br \/>\n3 Pentti Eronen Juuan J\u00e4nne 38.57<br \/>\n4 V\u00e4in\u00f6 Ihalainen Koitereen Urheilijat 39.05<br \/>\n5 Timo Makkonen Polvij\u00e4rven Urheilijat 42.22<br \/>\n6 Eino Hyttinen Juuan J\u00e4nne 43.07<br \/>\n7 Arto Rokkonen Lieksan Visa 43.45<br \/>\n8 Jarmo Honkanen Pyh\u00e4sel\u00e4n Urheilijat 45.35<br \/>\n9 Seppo Eronen Lieksan Urheilijat 46.06<\/p>\n<p>Naisten pm 10000m<br \/>\n1 Ilona Saastamoinen Joensuun Kataja 43.44<\/p>\n","protected":false},"excerpt":{"rendered":"<p>Lieksa 06.09 M 10000m 1 Sakari Hukka Polvij\u00e4rven Urheilijat 33.56 2 Sami Oinonen Lieksan Urheilijat 36.49 3 Simo H\u00e4m\u00e4l\u00e4inen Marjalan Laisto 36.56 4 Teppo Oinonen Ensihoito Kainuu 43.19 5 Mika Heikura Lieksa 44.13 M40 10000m 1 Esko Lintunen Sulkaman Kipin\u00e4 37.08 2 Pentti Eronen Juuan J\u00e4nne 38.57 3 Eino Hyttinen &hellip;<\/p>\n","protected":false},"author":3,"featured_media":0,"parent":827,"menu_order":0,"comment_status":"closed","ping_status":"closed","template":"templates\/template-threecolumns-center.php","meta":{"footnotes":""},"categories":[7],"tags":[],"class_list":["post-913","page","type-page","status-publish","hentry","category-tulokset"],"_links":{"self":[{"href":"https:\/\/www.lieksanurheilijat.com\/index.php?rest_route=\/wp\/v2\/pages\/913","targetHints":{"allow":["GET"]}}],"collection":[{"href":"https:\/\/www.lieksanurheilijat.com\/index.php?rest_route=\/wp\/v2\/pages"}],"about":[{"href":"https:\/\/www.lieksanurheilijat.com\/index.php?rest_route=\/wp\/v2\/types\/page"}],"author":[{"embeddable":true,"href":"https:\/\/www.lieksanurheilijat.com\/index.php?rest_route=\/wp\/v2\/users\/3"}],"replies":[{"embeddable":true,"href":"https:\/\/www.lieksanurheilijat.com\/index.php?rest_route=%2Fwp%2Fv2%2Fcomments&post=913"}],"version-history":[{"count":1,"href":"https:\/\/www.lieksanurheilijat.com\/index.php?rest_route=\/wp\/v2\/pages\/913\/revisions"}],"predecessor-version":[{"id":914,"href":"https:\/\/www.lieksanurheilijat.com\/index.php?rest_route=\/wp\/v2\/pages\/913\/revisions\/914"}],"up":[{"embeddable":true,"href":"https:\/\/www.lieksanurheilijat.com\/index.php?rest_route=\/wp\/v2\/pages\/827"}],"wp:attachment":[{"href":"https:\/\/www.lieksanurheilijat.com\/index.php?rest_route=%2Fwp%2Fv2%2Fmedia&parent=913"}],"wp:term":[{"taxonomy":"category","embeddable":true,"href":"https:\/\/www.lieksanurheilijat.com\/index.php?rest_route=%2Fwp%2Fv2%2Fcategories&post=913"},{"taxonomy":"post_tag","embeddable":true,"href":"https:\/\/www.lieksanurheilijat.com\/index.php?rest_route=%2Fwp%2Fv2%2Ftags&post=913"}],"curies":[{"name":"wp","href":"https:\/\/api.w.org\/{rel}","templated":true}]}}