{"id":881,"date":"2014-03-24T21:44:25","date_gmt":"2014-03-24T19:44:25","guid":{"rendered":"https:\/\/www.lieksanurheilijat.com\/?page_id=881"},"modified":"2014-05-10T08:14:14","modified_gmt":"2014-05-10T05:14:14","slug":"avoimet-pm-hallit","status":"publish","type":"page","link":"https:\/\/www.lieksanurheilijat.com\/?page_id=881","title":{"rendered":"Avoimet pm-hallit"},"content":{"rendered":"<div>\n<p>Joensuu 10.2.<\/p>\n<p>M 60m aj<br \/>\n1 Niko Tahvanainen Pyh\u00e4sel\u00e4n Urheilijat 8,52<br \/>\n2 Ville Sirvi\u00f6 Polvij\u00e4rven Urheilijat 9,83<br \/>\n3 Atso V\u00e4nsk\u00e4 Lieksan Urheilijat 10,38<\/p>\n<p>M Korkeus<br \/>\n1 Atso V\u00e4nsk\u00e4 Lieksan Urheilijat 186<\/p>\n<p>N19 200m<br \/>\n1 Susanna Juvakka Lappeenrannan Urheilu-Miehet 26,45<br \/>\n2 Hertta Heikkinen Lieksan Urheilijat 26,53<br \/>\n3 Susan V\u00e4is\u00e4nen Varpaisj\u00e4rven Vire 26,98<br \/>\n4 Elisa Nieminen Imatran Urheilijat 27,59<\/p>\n<p>N19 800m<br \/>\n1 Elli Luukkanen Savonlinnan Riento 2.21,90<br \/>\n2 Jutta Heikkinen Lieksan Urheilijat 2.34,37<\/p>\n<p>N19 60m aj<br \/>\n1 Hertta Heikkinen Lieksan Urheilijat 9,06<br \/>\n2 Jutta Heikkinen Lieksan Urheilijat 9,20<br \/>\n3 Susan V\u00e4is\u00e4nen Varpaisj\u00e4rven Vire 9,33<br \/>\n4 Elisa Nieminen Imatran Urheilijat 9,74<\/p>\n<p>N19 Korkeus<br \/>\n1 Jutta Heikkinen Lieksan Urheilijat 167<br \/>\n2 Hanna Riihel\u00e4 Lepp\u00e4virran Viri 163<br \/>\n3 Hertta Heikkinen Lieksan Urheilijat 159<\/p>\n<p>Joensuu 9.2.<br \/>\nN19 60m<br \/>\n1 Hertta Heikkinen Lieksan Urheilijat 7,97<br \/>\n2 Susanna Juvakka Lappeenrannan Urheilu-Miehet 8,26<br \/>\n3 Elisa Nieminen Imatran Urheilijat 8,29<\/p>\n<p>N19 Pituus<br \/>\n1 Miia Kiiski Joensuun Kataja 545<br \/>\n2 Jutta Heikkinen Lieksan Urheilijat 525<br \/>\n3 Saara Lipsanen Lappeenrannan Urheilu-Miehet 475<\/p>\n<p>N19 Kuula<br \/>\n1 Senja M\u00e4kit\u00f6rm\u00e4 Varpaisj\u00e4rven Vire 12,05<br \/>\n2 Jutta Heikkinen Lieksan Urheilijat 11,33<br \/>\n3 Hertta Heikkinen Lieksan Urheilijat 10,91<\/p>\n<p>Kuopio 1.2.<\/p>\n<p>M Korkeus<br \/>\n1 Atso V\u00e4nsk\u00e4 Lieksan Urheilijat 185<\/p>\n<p>N 200m<br \/>\n1 Sonja Nousiainen MikkKV 26,28<br \/>\n2 Maarit Kiiskinen Lieksan Urheilijat 27,06<\/p>\n<p>N Pituus<br \/>\n1 Miia Kiiski JoensKa 546<br \/>\n4 Maarit Kiiskinen Lieksan Urheilijat 467<\/p>\n<p>N19 200m<br \/>\n1 Hertta Heikkinen Lieksan Urheilijat 26,73<br \/>\n2 Eveliina Koskinen VarkKV 30,11<\/p>\n<p>N19 Korkeus<br \/>\n1 Jutta Heikkinen Lieksan Urheilijat 171<br \/>\n2 Hanna Riihel\u00e4 Lepp\u00e4vVi 160<\/p>\n<p>N19 Kuula<br \/>\n1 Jutta Heikkinen Lieksan Urheilijat 11,77<br \/>\n2 Hertta Heikkinen Lieksan Urheilijat 10,91<br \/>\n3 Tiia Tirkkonen KeitKu 10,00<\/p>\n<\/div>\n","protected":false},"excerpt":{"rendered":"<p>Joensuu 10.2. M 60m aj 1 Niko Tahvanainen Pyh\u00e4sel\u00e4n Urheilijat 8,52 2 Ville Sirvi\u00f6 Polvij\u00e4rven Urheilijat 9,83 3 Atso V\u00e4nsk\u00e4 Lieksan Urheilijat 10,38 M Korkeus 1 Atso V\u00e4nsk\u00e4 Lieksan Urheilijat 186 N19 200m 1 Susanna Juvakka Lappeenrannan Urheilu-Miehet 26,45 2 Hertta Heikkinen Lieksan Urheilijat 26,53 3 Susan V\u00e4is\u00e4nen Varpaisj\u00e4rven Vire &hellip;<\/p>\n","protected":false},"author":3,"featured_media":0,"parent":821,"menu_order":0,"comment_status":"closed","ping_status":"closed","template":"templates\/template-threecolumns-center.php","meta":{"footnotes":""},"categories":[7],"tags":[],"class_list":["post-881","page","type-page","status-publish","hentry","category-tulokset"],"_links":{"self":[{"href":"https:\/\/www.lieksanurheilijat.com\/index.php?rest_route=\/wp\/v2\/pages\/881","targetHints":{"allow":["GET"]}}],"collection":[{"href":"https:\/\/www.lieksanurheilijat.com\/index.php?rest_route=\/wp\/v2\/pages"}],"about":[{"href":"https:\/\/www.lieksanurheilijat.com\/index.php?rest_route=\/wp\/v2\/types\/page"}],"author":[{"embeddable":true,"href":"https:\/\/www.lieksanurheilijat.com\/index.php?rest_route=\/wp\/v2\/users\/3"}],"replies":[{"embeddable":true,"href":"https:\/\/www.lieksanurheilijat.com\/index.php?rest_route=%2Fwp%2Fv2%2Fcomments&post=881"}],"version-history":[{"count":1,"href":"https:\/\/www.lieksanurheilijat.com\/index.php?rest_route=\/wp\/v2\/pages\/881\/revisions"}],"predecessor-version":[{"id":882,"href":"https:\/\/www.lieksanurheilijat.com\/index.php?rest_route=\/wp\/v2\/pages\/881\/revisions\/882"}],"up":[{"embeddable":true,"href":"https:\/\/www.lieksanurheilijat.com\/index.php?rest_route=\/wp\/v2\/pages\/821"}],"wp:attachment":[{"href":"https:\/\/www.lieksanurheilijat.com\/index.php?rest_route=%2Fwp%2Fv2%2Fmedia&parent=881"}],"wp:term":[{"taxonomy":"category","embeddable":true,"href":"https:\/\/www.lieksanurheilijat.com\/index.php?rest_route=%2Fwp%2Fv2%2Fcategories&post=881"},{"taxonomy":"post_tag","embeddable":true,"href":"https:\/\/www.lieksanurheilijat.com\/index.php?rest_route=%2Fwp%2Fv2%2Ftags&post=881"}],"curies":[{"name":"wp","href":"https:\/\/api.w.org\/{rel}","templated":true}]}}