{"id":851,"date":"2014-03-24T21:36:28","date_gmt":"2014-03-24T19:36:28","guid":{"rendered":"https:\/\/www.lieksanurheilijat.com\/?page_id=851"},"modified":"2014-05-10T08:15:47","modified_gmt":"2014-05-10T05:15:47","slug":"tahtikisa-45","status":"publish","type":"page","link":"https:\/\/www.lieksanurheilijat.com\/?page_id=851","title":{"rendered":"T\u00e4htikisa 4\/5"},"content":{"rendered":"<p>Lieksa 17.7.<\/p>\n<p>M17 Kiekko<br \/>\n1 Jere Sivonen Pyh\u00e4sel\u00e4n Urheilijat 41,93 B<br \/>\n2 Kimmo Martikainen Lieksan Urheilijat 27,30<\/p>\n<p>P14 800m<br \/>\n1 Timo Ryyn\u00e4nen Lieksan Urheilijat 2.59,17<\/p>\n<p>P14 Kiekko<br \/>\n1 Timo Ryyn\u00e4nen Lieksan Urheilijat 14,02<\/p>\n<p>P14 Seiv\u00e4s<br \/>\n1 Timo Ryyn\u00e4nen Lieksan Urheilijat 210 C<\/p>\n<p>P13 1000m<br \/>\n1 Eeki Kokkonen Lieksan Urheilijat 3.30,35 C<br \/>\n2 Topias Uusitalo Espoon Tapiot 3.42,16 C<\/p>\n<p>P13 Kiekko<br \/>\n1 Eeki Kokkonen Lieksan Urheilijat 27,05 C<\/p>\n<p>P13 Seiv\u00e4s<br \/>\n1 Eeki Kokkonen Lieksan Urheilijat 190 C<\/p>\n<p>P09 1000m<br \/>\n1 Jyry Pesonen Lieksan Urheilijat 4.59,13<br \/>\n2 Veli-Matti Ikonen Lieksan Urheilijat 5.12,51<\/p>\n<p>P09 Kiekko<br \/>\n1 Jyry Pesonen Lieksan Urheilijat 11,64 C<\/p>\n<p>P09 Pituus<br \/>\n1 Jyry Pesonen Lieksan Urheilijat 276<\/p>\n<p>P08 150m<br \/>\n1 Aarni Nyblom Lieksan Urheilijat 27,49<br \/>\n2 Eero Mauro Lieksan Urheilijat 28,48<br \/>\n3 Markus Vallius Lieksan Urheilijat 29,29<br \/>\n4 Niko Nevalainen Lieksan Urheilijat 30,43<br \/>\n5 Miika Palviainen Lieksan Urheilijat 33,40<\/p>\n<p>P08 Kiekko<br \/>\n1 Miika Palviainen Lieksan Urheilijat 09,90<br \/>\n2 Aarni Nyblom Lieksan Urheilijat 09,64<br \/>\n3 Eero Mauro Lieksan Urheilijat 08,21<br \/>\n4 Niko Nevalainen Lieksan Urheilijat 07,03<\/p>\n<p>P08 Pituus<br \/>\n1 Aarni Nyblom Lieksan Urheilijat 313<br \/>\n2 Eero Mauro Lieksan Urheilijat 257<br \/>\n3 Niko Nevalainen Lieksan Urheilijat 244<br \/>\n4 Miika Palviainen Lieksan Urheilijat 239<br \/>\n5 Markus Vallius Lieksan Urheilijat 226<\/p>\n<p>P07 150m<br \/>\n1 Rasmus Ikonen Lieksan Urheilijat 33,06<br \/>\n2 Kalle Boren Lieksan Urheilijat 34,13<br \/>\n3 Eemeli Kukkonen Lieksan Urheilijat 34,50<br \/>\n4 Iivari K\u00e4rki Lieksan Urheilijat 36,76<br \/>\n5 Eino R\u00e4s\u00e4nen Lieksan Urheilijat 38,67<br \/>\n6 Aki-Petteri Eronen Lieksan Urheilijat 42,56<\/p>\n<p>P07 Kiekko (rinkula)<br \/>\n1 Eemeli Kukkonen Lieksan Urheilijat 11,17<br \/>\n2 Eino R\u00e4s\u00e4nen Lieksan Urheilijat 10,64<br \/>\n3 Kalle Boren Lieksan Urheilijat 08,28<br \/>\n4 Aki-Petteri Eronen Lieksan Urheilijat 08,00<br \/>\n5 Iivari K\u00e4rki Lieksan Urheilijat 06,64<\/p>\n<p>P07 Pituus<br \/>\n1 Aki-Petteri Eronen Lieksan Urheilijat 215<br \/>\n2 Kalle Boren Lieksan Urheilijat 209<br \/>\n3 Eemeli Kukkonen Lieksan Urheilijat 208<br \/>\n4 Eino R\u00e4s\u00e4nen Lieksan Urheilijat 193<br \/>\n5 Iivari K\u00e4rki Lieksan Urheilijat 162<\/p>\n<p>P06 150m<br \/>\n1 Martti Saraniemi Lieksan Urheilijat 34,80<br \/>\n2 Venne Palsinaj\u00e4rvi Kaipolan Vire 34,99<br \/>\n3 Touko Nyblom Lieksan Urheilijat 38,93<\/p>\n<p>P06 Kiekko (rinkula)<br \/>\n1 Touko Nyblom Lieksan Urheilijat 08,44<br \/>\n2 Martti Saraniemi Lieksan Urheilijat 06,25<br \/>\n3 Venne Palsinaj\u00e4rvi Kaipolan Vire 05,10<\/p>\n<p>P06 Pituus<br \/>\n1 Touko Nyblom Lieksan Urheilijat 222<br \/>\n2 Venne Palsinaj\u00e4rvi Kaipolan Vire 215<br \/>\n3 Martti Saraniemi Lieksan Urheilijat 190<\/p>\n<p>P05 150m<br \/>\n1 Ahti Boren Lieksan Urheilijat 47,97<br \/>\n2 Viljami K\u00e4rki Lieksan Urheilijat 49,19<br \/>\n3 Kristian Lampinen Lieksan Urheilijat 49,94<\/p>\n<p>P05 Kiekko (rinkula)<br \/>\n1 Tuomas Riikonen Lieksan Urheilijat 04,37<br \/>\n2 Kristian Lampinen Lieksan Urheilijat 03,84<br \/>\n3 Viljami K\u00e4rki Lieksan Urheilijat 02,46<\/p>\n<p>P05 Pituus<br \/>\n1 Viljami K\u00e4rki Lieksan Urheilijat 141<br \/>\n2 Kristian Lampinen Lieksan Urheilijat 126<br \/>\n3 Tuomas Riikonen Lieksan Urheilijat 097<\/p>\n<p>T15 Kiekko<br \/>\n1 Moona Kokkonen Lieksan Urheilijat 20,78 C<\/p>\n<p>T15 Seiv\u00e4s<br \/>\n1 Moona Kokkonen Lieksan Urheilijat 220 A<\/p>\n<p>T14 Kiekko<br \/>\n1 Venla Kettunen Lieksan Urheilijat 29,72 A<br \/>\n2 Minea Suhonen Lieksan Urheilijat 24,12 B<br \/>\n3 Jutta Martikainen Lieksan Urheilijat 22,25 B<br \/>\n4 Milja Pesonen Lieksan Urheilijat 20,81 C<\/p>\n<p>T14 Seiv\u00e4s<br \/>\n1 Venla Kettunen Lieksan Urheilijat 210 A<\/p>\n<p>T13 1000m<br \/>\n1 Riina Viertola Lieksan Urheilijat 5.10,45<\/p>\n<p>T13 Kiekko<br \/>\n1 Milla Antikainen Kannuksen Ura 25,00 B<br \/>\n1 Riina Viertola Lieksan Urheilijat 10,15<\/p>\n<p>T13 Seiv\u00e4s<br \/>\n1 Riina Viertola Lieksan Urheilijat 100<\/p>\n<p>T12 1000m<br \/>\n1 Tanja Ryyn\u00e4nen Lieksan Urheilijat 3.37,06 B<br \/>\n2 Riina Kettunen Lieksan Urheilijat 4.25,07<\/p>\n<p>T12 Kiekko<br \/>\n1 Riina Kettunen Lieksan Urheilijat 17,38 C<br \/>\n2 Tanja Ryyn\u00e4nen Lieksan Urheilijat 12,85<\/p>\n<p>T12 Seiv\u00e4s<br \/>\n1 Tanja Ryyn\u00e4nen Lieksan Urheilijat 190 B<\/p>\n<p>T11 1000m<br \/>\n1 Milla Martikainen Lieksan Urheilijat 4.14,78<br \/>\n2 Annika Porkka Lieksan Urheilijat 4.15,40<\/p>\n<p>T11 Kiekko<br \/>\n1 Lotta Martikainen Lieksan Urheilijat 17,06 B<br \/>\n2 Annika Porkka Lieksan Urheilijat 14,79 C<br \/>\n3 Milla Martikainen Lieksan Urheilijat 14,02 C<\/p>\n<p>T11 Seiv\u00e4s<br \/>\n1 Milla Martikainen Lieksan Urheilijat 170 A<\/p>\n<p>T10 1000m<br \/>\n1 Heta Kettunen Lieksan Urheilijat 4.03,61 C<br \/>\n2 Riina Palviainen Lieksan Urheilijat 4.29,38<br \/>\n3 Mari Tuovinen Lieksan Urheilijat 5.03,85<\/p>\n<p>T10 Kiekko<br \/>\n1 Riina Palviainen Lieksan Urheilijat 18,83 A<br \/>\n2 Heta Kettunen Lieksan Urheilijat 12,20 C<br \/>\n3 Mari Tuovinen Lieksan Urheilijat 09,36 C<\/p>\n<p>T10 Seiv\u00e4s<br \/>\n1 Riina Palviainen Lieksan Urheilijat 170 A<br \/>\n2 Heta Kettunen Lieksan Urheilijat 120 B<br \/>\n3 Mari Tuovinen Lieksan Urheilijat 090<\/p>\n<p>T09 1000m<br \/>\n1 Maija Boren Lieksan Urheilijat 4.16,00 B<\/p>\n<p>T09 Kiekko<br \/>\n1 Maija Boren Lieksan Urheilijat 07,10<\/p>\n<p>T09 Pituus<br \/>\n1 Maija Boren Lieksan Urheilijat 236<\/p>\n<p>T08 1000m<br \/>\n1 Melia Palsinaj\u00e4rvi Kaipolan Vire 4.27,87 C<\/p>\n<p>T08 150m<br \/>\n1 Melia Palsinaj\u00e4rvi Kaipolan Vire 28,51<br \/>\n2 Aino Pyykk\u00f6 Lieksan Urheilijat 29,81<br \/>\n3 Tuuli Saraniemi Lieksan Urheilijat 33,09<br \/>\n4 Silja Viertola Lieksan Urheilijat 33,22<\/p>\n<p>T08 Kiekko<br \/>\n1 Melia Palsinaj\u00e4rvi Kaipolan Vire 07,65<br \/>\n2 Silja Viertola Lieksan Urheilijat 05,98<br \/>\n3 Aino Pyykk\u00f6 Lieksan Urheilijat 05,96<br \/>\n4 Tuuli Saraniemi Lieksan Urheilijat 05,08<\/p>\n<p>T08 Pituus<br \/>\n1 Melia Palsinaj\u00e4rvi Kaipolan Vire 250<br \/>\n2 Aino Pyykk\u00f6 Lieksan Urheilijat 221<br \/>\n3 Tuuli Saraniemi Lieksan Urheilijat 220<br \/>\n4 Silja Viertola Lieksan Urheilijat 206<\/p>\n<p>T07 150m<br \/>\n1 Suvi Lampinen Lieksan Urheilijat 35,83<br \/>\n2 Netta Martikainen Lieksan Urheilijat 43,73<\/p>\n<p>T07 Kiekko (rinkula)<br \/>\n1 Suvi Lampinen Lieksan Urheilijat 06,99<br \/>\n2 Netta Martikainen Lieksan Urheilijat 06,62<\/p>\n<p>T07 Pituus<br \/>\n1 Suvi Lampinen Lieksan Urheilijat 190<br \/>\n2 Netta Martikainen Lieksan Urheilijat 182<\/p>\n<p>T06 150m<br \/>\n1 Liina Ojala Lieksan Urheilijat 42,08<\/p>\n<p>T06 Kiekko (rinkula)<br \/>\n1 Liina Ojala Lieksan Urheilijat 04,01<\/p>\n<p>T06 Pituus<br \/>\n1 Liina Ojala Lieksan Urheilijat 141<br \/>\n2 Mette Vallius Lieksan Urheilijat 043<\/p>\n<p>T04 150m<br \/>\n1 Maiju Saraniemi Lieksan Urheilijat 53,11<\/p>\n<p>T04 Kiekko (rinkula)<br \/>\n1 Maiju Saraniemi Lieksan Urheilijat 02,26<\/p>\n<p>T04 Pituus<br \/>\n1 Maiju Saraniemi Lieksan Urheilijat 189<\/p>\n","protected":false},"excerpt":{"rendered":"<p>Lieksa 17.7. M17 Kiekko 1 Jere Sivonen Pyh\u00e4sel\u00e4n Urheilijat 41,93 B 2 Kimmo Martikainen Lieksan Urheilijat 27,30 P14 800m 1 Timo Ryyn\u00e4nen Lieksan Urheilijat 2.59,17 P14 Kiekko 1 Timo Ryyn\u00e4nen Lieksan Urheilijat 14,02 P14 Seiv\u00e4s 1 Timo Ryyn\u00e4nen Lieksan Urheilijat 210 C P13 1000m 1 Eeki Kokkonen Lieksan Urheilijat 3.30,35 &hellip;<\/p>\n","protected":false},"author":3,"featured_media":0,"parent":821,"menu_order":0,"comment_status":"closed","ping_status":"closed","template":"templates\/template-threecolumns-center.php","meta":{"footnotes":""},"categories":[7],"tags":[],"class_list":["post-851","page","type-page","status-publish","hentry","category-tulokset"],"_links":{"self":[{"href":"https:\/\/www.lieksanurheilijat.com\/index.php?rest_route=\/wp\/v2\/pages\/851","targetHints":{"allow":["GET"]}}],"collection":[{"href":"https:\/\/www.lieksanurheilijat.com\/index.php?rest_route=\/wp\/v2\/pages"}],"about":[{"href":"https:\/\/www.lieksanurheilijat.com\/index.php?rest_route=\/wp\/v2\/types\/page"}],"author":[{"embeddable":true,"href":"https:\/\/www.lieksanurheilijat.com\/index.php?rest_route=\/wp\/v2\/users\/3"}],"replies":[{"embeddable":true,"href":"https:\/\/www.lieksanurheilijat.com\/index.php?rest_route=%2Fwp%2Fv2%2Fcomments&post=851"}],"version-history":[{"count":1,"href":"https:\/\/www.lieksanurheilijat.com\/index.php?rest_route=\/wp\/v2\/pages\/851\/revisions"}],"predecessor-version":[{"id":852,"href":"https:\/\/www.lieksanurheilijat.com\/index.php?rest_route=\/wp\/v2\/pages\/851\/revisions\/852"}],"up":[{"embeddable":true,"href":"https:\/\/www.lieksanurheilijat.com\/index.php?rest_route=\/wp\/v2\/pages\/821"}],"wp:attachment":[{"href":"https:\/\/www.lieksanurheilijat.com\/index.php?rest_route=%2Fwp%2Fv2%2Fmedia&parent=851"}],"wp:term":[{"taxonomy":"category","embeddable":true,"href":"https:\/\/www.lieksanurheilijat.com\/index.php?rest_route=%2Fwp%2Fv2%2Fcategories&post=851"},{"taxonomy":"post_tag","embeddable":true,"href":"https:\/\/www.lieksanurheilijat.com\/index.php?rest_route=%2Fwp%2Fv2%2Ftags&post=851"}],"curies":[{"name":"wp","href":"https:\/\/api.w.org\/{rel}","templated":true}]}}