{"id":845,"date":"2014-03-24T21:33:20","date_gmt":"2014-03-24T19:33:20","guid":{"rendered":"https:\/\/www.lieksanurheilijat.com\/?page_id=845"},"modified":"2014-05-10T08:15:46","modified_gmt":"2014-05-10T05:15:46","slug":"pm-sisulisahuipentuma-2-paiva","status":"publish","type":"page","link":"https:\/\/www.lieksanurheilijat.com\/?page_id=845","title":{"rendered":"Pm-sisulis\u00e4huipentuma, 2. p\u00e4iv\u00e4"},"content":{"rendered":"<p>Lieksa 4.8.<\/p>\n<p>P15 800m<br \/>\n1 Kalle Koivusalo IlomU 2.12,48<br \/>\n2 Mikko Turunen TuupovU 2.42,62<\/p>\n<p>P15 pituus<br \/>\n1 Toni Meril\u00e4inen JuuanU 439 -0,7<\/p>\n<p>P15 keih\u00e4s<br \/>\n1 Kalle Koivusalo IlomU 51,19<\/p>\n<p>P14 300m<br \/>\n1 Santeri \u00d6rn PolvijU 42,95<br \/>\n2 Tero Juntunen JuuanU 45,34<\/p>\n<p>P14 800m<br \/>\n1 Ismo Partanen PolvijVau 2.25,75<br \/>\n2 Saku Pennanen JoensKa 2.43,17<br \/>\n3 Olli Kosonen TohmajU 2.43,68<br \/>\n4 Timo Ryyn\u00e4nen LieksU 3.00,67<br \/>\nUP Jesse Piiroinen Pyh\u00e4sU 2.31,17<\/p>\n<p>P14 100m aj<br \/>\nTuuli: -1,5<br \/>\n1 Tero Juntunen JuuanU 19,7<\/p>\n<p>P14 seiv\u00e4s<br \/>\n1 Timo Ryyn\u00e4nen LieksU 210<\/p>\n<p>P14 pituus<br \/>\n1 Jasu Kokkola ValtVa 513 -1,3<br \/>\n2 Saku Pennanen JoensKa 510 -1,0<br \/>\n3 Tero Juntunen JuuanU 501 -0,6<\/p>\n<p>P14 kiekko<br \/>\n1 Santeri \u00d6rn PolvijU 31,54<br \/>\n2 Teemu Sirvi\u00f6 PolvijU 27,16<br \/>\n3 Olli Miettinen JuuanU 25,20<br \/>\n4 Tuukka Karhinen JuuanU 20,56<\/p>\n<p>P14 keih\u00e4s<br \/>\n1 Saku Pennanen JoensKa 41,17<br \/>\n2 Tuukka Karhinen JuuanU 38,77<br \/>\n3 Santeri \u00d6rn PolvijU 37,72<br \/>\n4 Teemu Sirvi\u00f6 PolvijU 31,06<br \/>\n5 Olli Miettinen JuuanU 30,92<\/p>\n<p>P13 200m<br \/>\nTuuli: -1,5<br \/>\n1 Arttu Simanainen JoensKa 29,74<br \/>\n2 Miikka Mutanen PolvijU 29,74<br \/>\n3 Eeki Kokkonen LieksU 29,79<br \/>\n4 Elias Kortelainen NurmSe 31,53<\/p>\n<p>P13 60m aj<br \/>\nTuuli: -1,7<br \/>\n1 Eeki Kokkonen LieksU 11,12<br \/>\n2 Markus Kasanen JoensKa 11,51<br \/>\n3 Aki Mutanen OutokPa 11,96<br \/>\n4 Miikka Mutanen PolvijU 12,90<\/p>\n<p>P13 pituus<br \/>\n1 Markus Kasanen JoensKa 425<br \/>\n2 Aki Mutanen OutokPa 422<br \/>\n3 Elias Kortelainen NurmSe 379<br \/>\n4 Jasu K\u00e4hk\u00f6nen JuuanU 244<\/p>\n<p>P13 seiv\u00e4s<br \/>\n1 Aki Mutanen OutokPa 230<\/p>\n<p>P13 kiekko<br \/>\n1 Jesse Kukkonen JuuanU 32,26<br \/>\n2 Ville Halonen JoensKa 30,81<br \/>\n3 Aatu Nousiainen Pyh\u00e4sU 28,70<br \/>\n4 Veikka Rantanen LieksU 25,99<br \/>\n5 Jasu K\u00e4hk\u00f6nen JuuanU 20,83<\/p>\n<p>P13 keih\u00e4s<br \/>\n1 Eeki Kokkonen LieksU 38,69<br \/>\n2 Aatu Nousiainen Pyh\u00e4sU 34,44<br \/>\n3 Arttu Simanainen JoensKa 27,25<\/p>\n<p>P12 200m<br \/>\n1 Teemu Malinen Pyh\u00e4sU 30,43<br \/>\n2 Jimi Huuho KitU 31,06<br \/>\n3 Onni Walling PolvijU 31,28<br \/>\n4 Samuel Auvinen JoensKa 33,12<br \/>\nSanttu R\u00e4s\u00e4nen JoensKa DNS<\/p>\n<p>P12 60m aj<br \/>\n1 Jesse Piiroinen Pyh\u00e4sU 10,47<br \/>\n2 Jarkko Lev\u00e4 Pyh\u00e4sU 11,68<br \/>\n3 Miro Tanskanen PolvijU 12,53<br \/>\n4 Samuel Auvinen JoensKa 12,68<br \/>\n5 Klaus Pappinen PolvijVau 16,20<br \/>\nSanttu R\u00e4s\u00e4nen JoensKa DNS<\/p>\n<p>P12 seiv\u00e4s<br \/>\n1 Arttu Heikkil\u00e4 NurmSe 160<\/p>\n<p>P12 pituus<br \/>\n1 Santtu R\u00e4s\u00e4nen JoensKa 462 -1,3<br \/>\n2 Jimi Huuho KitU 445 -1,0<br \/>\n3 Jesse Piiroinen Pyh\u00e4sU 435 -0,6<br \/>\n4 Aatu M\u00e4\u00e4tt\u00e4 NurmSe 407 -1,1<br \/>\n5 Miro Tanskanen PolvijU 400 -0,8<br \/>\n6 Elmo H\u00e4rkin NurmSe 390 -1,6<br \/>\n7 Onni Walling PolvijU 390 -1,2<br \/>\n8 Jarkko Lev\u00e4 Pyh\u00e4sU 384 -0,7<br \/>\n9 Samuel Auvinen JoensKa 364 -1,9<br \/>\n10 Klaus Pappinen PolvijVau 344 0,0<\/p>\n<p>P12 kiekko<br \/>\n1 Leevi Nupponen Pyh\u00e4sU 25<br \/>\n2 Arttu Heikkil\u00e4 NurmSe 24,88<br \/>\n3 Aatu Pajarinen PolvijU 22,74<br \/>\n4 Peetu Karhinen JuuanU 21,56<br \/>\n5 Miro Tanskanen PolvijU 12,93<\/p>\n<p>P12 keih\u00e4s<br \/>\n1 Jesse Piiroinen Pyh\u00e4sU 39,12<br \/>\n2 Onni Walling PolvijU 30,50<br \/>\n3 Leevi Nupponen Pyh\u00e4sU 28,90<br \/>\n4 Santtu R\u00e4s\u00e4nen JoensKa 28,66<br \/>\n5 Arttu Heikkil\u00e4 NurmSe 28,31<br \/>\n6 Jarno Lohtander NurmSe 25,65<br \/>\n7 Aatu Pajarinen PolvijU 24,94<br \/>\n8 Elmo H\u00e4rkin NurmSe 23,50<br \/>\n9 Aatu M\u00e4\u00e4tt\u00e4 NurmSe 19,81<br \/>\n10 Peetu Karhinen JuuanU 18,39<\/p>\n<p>P11 200m<br \/>\n1 Olli \u00d6rn JoensKa 33,38<br \/>\n2 Aaro Nyholm PolvijVau 33,89<br \/>\n3 Arttu Haikonen JoensKa 34,14<\/p>\n<p>P11 60m aj<br \/>\n1 Paavo Pakarinen JoensKa 12,54<\/p>\n<p>P11 pituus<br \/>\n1 Kalle Ruokolainen TuupovU 422<br \/>\n2 Paavo Pakarinen JoensKa 416<br \/>\n3 Olli \u00d6rn JoensKa 374<br \/>\n4 Veeti Pyykk\u00f6 Pyh\u00e4sU 357<br \/>\n5 Arttu Haikonen JoensKa 344<br \/>\n6 Aaro Nyholm PolvijVau 338<br \/>\n7 Kaapo Tuononen JuuanU 333<br \/>\n8 Eetu Huttunen JuuanU 269<br \/>\nUP Tobias Honkanen PertPo 381<br \/>\nMiro Tanskanen PolvijU DNS<\/p>\n<p>P11 kiekko<br \/>\n1 Arttu Tuononen JuuanU 20,96<br \/>\n2 Veeti Pyykk\u00f6 Pyh\u00e4sU 19,29<br \/>\n3 Simo \u00d6rn PolvijU 17,96<br \/>\n4 Eetu Huttunen JuuanU 16,85<br \/>\n5 Kaapo Tuononen JuuanU 16,23<br \/>\nUP Paavo Pakarinen JoensKa 23,84<br \/>\nUP Tobias Honkanen PertPo 21,64<\/p>\n<p>P11 keih\u00e4s<br \/>\n1 Paavo Pakarinen JoensKa 35,75<br \/>\n2 Veeti Pyykk\u00f6 Pyh\u00e4sU 35,06<br \/>\n3 Kalle Ruokolainen TuupovU 22,56<br \/>\n4 Simo \u00d6rn PolvijU 20,99<br \/>\n5 Aaro Nyholm PolvijVau 19,84<br \/>\n6 Eetu Huttunen JuuanU 18,98<br \/>\n7 Kaapo Tuononen JuuanU 18,72<br \/>\n8 Arttu Haikonen JoensKa 18,33<br \/>\n9 Arttu Tuononen JuuanU 18,03<br \/>\n10 Olli \u00d6rn JoensKa 15,10<br \/>\nUP Tobias Honkanen PertPo 25,49<\/p>\n<p>P10 200m<br \/>\nEr\u00e4 1:<br \/>\n1 Samu K\u00e4yhk\u00f6 Pyh\u00e4sU 32,05<br \/>\n2 Joni Laakkonen Pyh\u00e4sU 33,25<br \/>\n3 Jere Rouvinen Pyh\u00e4sU 36,35<br \/>\n4 Jaakko Nykyri JuuanJ\u00e4 37,95<br \/>\nEr\u00e4 2:<br \/>\n1 Fetja Naakka JuuanJ\u00e4 32,48<br \/>\n2 Niklas Hyv\u00f6nen Pyh\u00e4sU 33,18<br \/>\n3 Sakari Vallius JoensKa 33,68<br \/>\n4 Perttu Lev\u00e4 Pyh\u00e4sU 33,70<br \/>\nYhdistetyt tulokset:<br \/>\n1 Samu K\u00e4yhk\u00f6 Pyh\u00e4sU 32,05<br \/>\n2 Fetja Naakka JuuanJ\u00e4 32,48<br \/>\n3 Niklas Hyv\u00f6nen Pyh\u00e4sU 33,18<br \/>\n4 Joni Laakkonen Pyh\u00e4sU 33,25<br \/>\n5 Sakari Vallius JoensKa 33,68<br \/>\n6 Perttu Lev\u00e4 Pyh\u00e4sU 33,70<br \/>\n7 Jere Rouvinen Pyh\u00e4sU 36,35<br \/>\n8 Jaakko Nykyri JuuanJ\u00e4 37,95<\/p>\n<p>P10 60m aj<br \/>\nEr\u00e4 1:<br \/>\n1 Sakari Vallius JoensKa 11,55<br \/>\n2 Samu K\u00e4yhk\u00f6 Pyh\u00e4sU 11,62<br \/>\n3 Jaakko Nykyri JuuanJ\u00e4 14,49<br \/>\nEr\u00e4 2:<br \/>\n1 Jere Piiroinen Pyh\u00e4sU 14,43<br \/>\nNiklas Hyv\u00f6nen Pyh\u00e4sU DNS<br \/>\nJoni Laakkonen Pyh\u00e4sU DNS<br \/>\nEr\u00e4 3:<br \/>\n1 Ekku Hypp\u00f6nen JoensKa 12,03<br \/>\nUP Veeti Lettoj\u00e4rvi PertPo 11,26<br \/>\n2 Fetja Naakka JuuanJ\u00e4 12,05<br \/>\nYhdistetyt tulokset:<br \/>\n1 Sakari Vallius JoensKa 11,55<br \/>\n2 Samu K\u00e4yhk\u00f6 Pyh\u00e4sU 11,62<br \/>\n3 Ekku Hypp\u00f6nen JoensKa 12,03<br \/>\n4 Fetja Naakka JuuanJ\u00e4 12,05<br \/>\n5 Jere Piiroinen Pyh\u00e4sU 14,43<br \/>\n6 Jaakko Nykyri JuuanJ\u00e4 14,49<br \/>\nUP Veeti Lettoj\u00e4rvi PertPo 11,26<br \/>\nNiklas Hyv\u00f6nen Pyh\u00e4sU DNS<br \/>\nJoni Laakkonen Pyh\u00e4sU DNS<\/p>\n<p>P10 korkeus<br \/>\n1 Sakari Vallius JoensKa 110<br \/>\n2 Tero Kasanen LipTai 110<br \/>\n3 Juha Karjunen Pyh\u00e4sU 105<br \/>\n4 Rasmus Kuiri LieksU 95<br \/>\nUP Veeti Lettoj\u00e4rvi PertPo 134<\/p>\n<p>P10 3-loikka<br \/>\n1 Samu K\u00e4yhk\u00f6 Pyh\u00e4sU 8,26<br \/>\n2 Niklas Hyv\u00f6nen Pyh\u00e4sU 8,25<br \/>\n3 Juha Karjunen Pyh\u00e4sU 8,05<br \/>\n4 Perttu Lev\u00e4 Pyh\u00e4sU 7,66<br \/>\n5 Rasmus Kuiri LieksU 7,07<br \/>\n6 Jaakko Nykyri JuuanJ\u00e4 6,45<br \/>\nUP Veeti Lettoj\u00e4rvi PertPo 8,53<\/p>\n<p>P10 kuula<br \/>\n1 Niklas Hyv\u00f6nen Pyh\u00e4sU 9,00<br \/>\n2 Aku Parviainen TuupovU 7,25<br \/>\n3 Jere Rouvinen Pyh\u00e4sU 7,16<br \/>\n4 Joni Laakkonen Pyh\u00e4sU 6,55<br \/>\n5 Fetja Naakka JuuanJ\u00e4 6,42<br \/>\n6 Rasmus Kuiri LieksU 6,06<br \/>\n7 Tero Kasanen LipTai 4,88<\/p>\n<p>P10 moukari<br \/>\n1 Juha Karjunen Pyh\u00e4sU 21,17<br \/>\n2 Aku Parviainen TuupovU 14,87<br \/>\nRasmus Kuiri LieksU DNS<\/p>\n<p>T15 300m<br \/>\n1 Heidi Keronen OravisU 49,69<\/p>\n<p>T15 80m aj<br \/>\nTuuli: +0,0<br \/>\nMoona Kokkonen LieksU DNS<\/p>\n<p>T15 korkeus<br \/>\nMoona Kokkonen LieksU DNS<\/p>\n<p>T15 3-loikka<br \/>\n1 Heidi Keronen OravisU 8,99 +1,1<br \/>\nUP Lotta Mecklin JoensKa 9,75 +2,0<\/p>\n<p>T15 kuula<br \/>\n1 Laura Karjunen Pyh\u00e4sU 10,07<br \/>\n2 Tiia Pajarinen PolvijU 9,67<br \/>\n3 Heidi Keronen OravisU 7,95<br \/>\n4 Essi Tynkkynen JoensKa 5,93<\/p>\n<p>T15 moukari<br \/>\n1 Laura Karjunen Pyh\u00e4sU 46,21<br \/>\n2 Essi Tynkkynen JoensKa 17,75<\/p>\n<p>T14 300m<br \/>\n1 Annika Piiparinen LieksU 47,41<br \/>\n2 Jessi Arola PolvijU 52,12<br \/>\n3 Riina Juutinen TuupovU 59,98<\/p>\n<p>T14 800m<br \/>\n1 Jenni Nuutinen Pyh\u00e4sU 2.43,58<br \/>\n2 Annika Piiparinen LieksU 2.45,33<br \/>\nUP Tanja Ryyn\u00e4nen LieksU 2.46,27<br \/>\nIlona Partanen PolvijVau DNS<\/p>\n<p>T14 80m aj<br \/>\nTuuli: +0,0<br \/>\n1 Jenni Nuutinen Pyh\u00e4sU 14,32<br \/>\n2 Hanna Siiskonen JoensKa 15,14<br \/>\n3 Riina Juutinen TuupovU 18,63<\/p>\n<p>T14 korkeus<br \/>\n1 Jenni Nuutinen Pyh\u00e4sU 140<br \/>\n2 Venla Kettunen LieksU 135<br \/>\n3 Iida Heikkinen OutokPa 120<\/p>\n<p>T14 3-loikka<br \/>\n1 Anna Muhonen JoensKa 9,89 +1,9<br \/>\n2 Iida Nupponen Pyh\u00e4sU 9,47 +2,5 (9,46 +1,1)<br \/>\n3 Annika Piiparinen LieksU 9,42 +2,0<br \/>\n4 Riina Juutinen TuupovU 6,91 +1,6<\/p>\n<p>T14 kuula<br \/>\n1 Venla Kettunen LieksU 9,65<br \/>\n2 Iida Nupponen Pyh\u00e4sU 8,97<br \/>\n3 Minea Suhonen LieksU 8,32<br \/>\n4 Iida Heikkinen OutokPa 7,95<br \/>\n5 Jutta Martikainen LieksU 7,73<br \/>\nAnna Muhonen JoensKa DNS<\/p>\n<p>T14 moukari<br \/>\n1 Venla Kettunen LieksU 44,36<br \/>\n2 Milja Pesonen LieksU 41,55<br \/>\n3 Iida Heikkinen OutokPa 34,22<br \/>\n4 Jutta Martikainen LieksU 25,76<\/p>\n<p>T13 200m<br \/>\nTuuli: -1,3<br \/>\n1 Jutta Nuutinen Pyh\u00e4sU 29,32<br \/>\n2 Kati Nuutinen Pyh\u00e4sU 30,14<br \/>\n3 Petra V\u00e4\u00e4n\u00e4nen JoensKa 30,98<br \/>\nKatariina Rouhiainen Pyh\u00e4sU DNS<\/p>\n<p>T13 60m aj<br \/>\nTuuli: -0,5<br \/>\n1 Kati Nuutinen Pyh\u00e4sU 10,31<br \/>\n2 Petra V\u00e4\u00e4n\u00e4nen JoensKa 10,91<\/p>\n<p>T13 korkeus<br \/>\n1 Jutta Nuutinen Pyh\u00e4sU 145<br \/>\nKatariina Rouhiainen Pyh\u00e4sU DNS<\/p>\n<p>T13 3-loikka<br \/>\n1 Kati Nuutinen Pyh\u00e4sU 9,41 +2,5 (9,30 +0,8)<br \/>\n2 Jutta Nuutinen Pyh\u00e4sU 9,15 +1,8<br \/>\n3 Micaela Lindsberg Pyh\u00e4sU 8,62 +1,7<\/p>\n<p>T13 kuula<br \/>\n1 Eliina Vesalainen Pyh\u00e4sU 9,52<br \/>\n2 Micaela Lindsberg Pyh\u00e4sU 8,01<br \/>\nPetra V\u00e4\u00e4n\u00e4nen JoensKa DNS<br \/>\nKatariina Rouhiainen Pyh\u00e4sU DNS<\/p>\n<p>T13 moukari<br \/>\n1 Eliina Vesalainen Pyh\u00e4sU 27,66<br \/>\n2 Micaela Lindsberg Pyh\u00e4sU 21,44<\/p>\n<p>T12 200m<br \/>\nEr\u00e4 1:<br \/>\n1 Noora Juutinen TuupovU 36,14<br \/>\n2 Jenni Kirjavainen JuuanJ\u00e4 37,72<br \/>\n3 Hanna Kilpel\u00e4inen JuuanJ\u00e4 42,21<br \/>\nJenna Varis Pyh\u00e4sU DNS<br \/>\nNeea Liimatta Pyh\u00e4sU DNS<br \/>\nEr\u00e4 2:<br \/>\n1 Veera Vastam\u00e4ki JoensKa 31,19<br \/>\n2 Tanja Ryyn\u00e4nen LieksU 31,65<br \/>\n3 Riikka Lonkainen JoensKa 32,52<br \/>\n4 Salla R\u00f6nkk\u00f6 Pyh\u00e4sU 37,50<br \/>\nYhdistetyt tulokset:<br \/>\n1 Veera Vastam\u00e4ki JoensKa 31,19<br \/>\n2 Tanja Ryyn\u00e4nen LieksU 31,65<br \/>\n3 Riikka Lonkainen JoensKa 32,52<br \/>\n4 Noora Juutinen TuupovU 36,14<br \/>\n5 Salla R\u00f6nkk\u00f6 Pyh\u00e4sU 37,50<br \/>\n6 Jenni Kirjavainen JuuanJ\u00e4 37,72<br \/>\n7 Hanna Kilpel\u00e4inen JuuanJ\u00e4 42,21<br \/>\nJenna Varis Pyh\u00e4sU DNS<br \/>\nNeea Liimatta Pyh\u00e4sU DNS<\/p>\n<p>T12 60m aj<br \/>\n1 Tanja Ryyn\u00e4nen LieksU 11,91<br \/>\n2 Tuuli Turunen TuupovU 13,84<br \/>\n3 Noora Juutinen TuupovU 14,36<br \/>\n4 Noora Kosonen TuupovU 15,00<\/p>\n<p>T12 korkeus<br \/>\n1 Venla Hyv\u00e4rinen PolvijVau 140<br \/>\n3 Riikka Lonkainen JoensKa 120<br \/>\n2 Jenna Riikonen JoensKa 120<br \/>\n4 Tanja Ryyn\u00e4nen LieksU 115<br \/>\nJenna Varis Pyh\u00e4sU DNS<\/p>\n<p>T12 3-loikka<br \/>\n1 Veera Vastam\u00e4ki JoensKa 9,03 0,0<br \/>\n2 Riina Kettunen LieksU 8,92 +1,6<br \/>\n3 Riikka Lonkainen JoensKa 8,02 +1,3<br \/>\n4 Tuuli Turunen TuupovU 7,42 +1,4<br \/>\n5 Salla R\u00f6nkk\u00f6 Pyh\u00e4sU 6,90 +1,3<br \/>\n6 Noora Juutinen TuupovU 6,71 0,0<br \/>\nNeea Liimatta Pyh\u00e4sU DNS<\/p>\n<p>T12 kuula<br \/>\n1 Veera Vastam\u00e4ki JoensKa 8,84<br \/>\n2 Riina Kettunen LieksU 8,10<br \/>\n3 Kiia Kotivuori NurmSe 7,14<br \/>\n4 Johanna Varis Pyh\u00e4sU 7,07<br \/>\n5 Tuuli Turunen TuupovU 6,65<br \/>\n6 Hanna Kilpel\u00e4inen JuuanJ\u00e4 6,18<br \/>\n7 Anna-Stiina Heikkinen OutokPa 6,13<br \/>\n8 Noora Kosonen TuupovU 4,97<\/p>\n<p>T12 moukari<br \/>\n1 Riina Kettunen LieksU 25,98<br \/>\n2 Venla Hyv\u00e4rinen PolvijVau 22,45<br \/>\n3 Anna-Stiina Heikkinen OutokPa 21,90<br \/>\n4 Johanna Varis Pyh\u00e4sU 18,02<br \/>\n5 Hanna Kilpel\u00e4inen JuuanJ\u00e4 16,59<\/p>\n<p>T11 200m<br \/>\nEr\u00e4 1:<br \/>\n1 Tanja Kokkonen SavonlRie 31,19<br \/>\n2 Mira Kilpel\u00e4inen JuuanJ\u00e4 36,20<br \/>\n3 Virve Willman JuuanJ\u00e4 37,32<br \/>\n4 Terhi Willman JuuanJ\u00e4 37,62<br \/>\nEr\u00e4 2:<br \/>\n1 Petra Lappalainen JoensKa 32,04<br \/>\n2 Veera Kontkanen Pyh\u00e4sU 32,58<br \/>\n3 Annika Porkka LieksU 34,39<br \/>\nYhdistetyt tulokset:<br \/>\n1 Tanja Kokkonen SavonlRie 31,19<br \/>\n2 Petra Lappalainen JoensKa 32,04<br \/>\n3 Veera Kontkanen Pyh\u00e4sU 32,58<br \/>\n4 Annika Porkka LieksU 34,39<br \/>\n5 Mira Kilpel\u00e4inen JuuanJ\u00e4 36,20<br \/>\n6 Virve Willman JuuanJ\u00e4 37,32<br \/>\n7 Terhi Willman JuuanJ\u00e4 37,62<\/p>\n<p>T11 60m aj<br \/>\nEr\u00e4 1:<br \/>\n1 Reetta Naumanen OutokPa 12,47<br \/>\nUP Tanja Kokkonen SavonlRie 10,58<br \/>\nEr\u00e4 2:<br \/>\n1 Veera Kontkanen Pyh\u00e4sU 11,53<br \/>\n2 Iida Hartikainen JuuanU 12,61<br \/>\n3 Annika Porkka LieksU 12,92<br \/>\nYhdistetyt tulokset:<br \/>\n1 Veera Kontkanen Pyh\u00e4sU 11,53<br \/>\n2 Reetta Naumanen OutokPa 12,47<br \/>\n3 Iida Hartikainen JuuanU 12,61<br \/>\n4 Annika Porkka LieksU 12,92<br \/>\nUP Tanja Kokkonen SavonlRie 10,58<\/p>\n<p>T11 seiv\u00e4s<br \/>\n1 Milla Martikainen LieksU 160<br \/>\n2 Iiris Vastam\u00e4ki JoensKa 150<br \/>\n3 Hanna Toivanen JuuanJ\u00e4 110<\/p>\n<p>T11 pituus<br \/>\n1 Petra Lappalainen JoensKa 383<br \/>\n2 Reetta Naumanen OutokPa 375<br \/>\n3 Veera Kontkanen Pyh\u00e4sU 363<br \/>\n4 Annika Porkka LieksU 359<br \/>\n5 Iida Hartikainen JuuanU 344<br \/>\n6 Mira Kilpel\u00e4inen JuuanJ\u00e4 314<br \/>\n7 Terhi Willman JuuanJ\u00e4 303<br \/>\n8 Virve Willman JuuanJ\u00e4 299<\/p>\n<p>T11 kiekko<br \/>\n1 Iiris Vastam\u00e4ki JoensKa 29,34<br \/>\n2 Piia Pennanen JuuanJ\u00e4 21,56<br \/>\n3 Lotta Martikainen LieksU 18,58<br \/>\n4 Hanna Toivanen JuuanJ\u00e4 16,11<br \/>\n5 Milla Martikainen LieksU 15,90<\/p>\n<p>T11 keih\u00e4s<br \/>\n1 Milla Martikainen LieksU 23,26<br \/>\n2 Reetta Naumanen OutokPa 18,36<br \/>\n3 Hanna Toivanen JuuanJ\u00e4 18,23<br \/>\n4 Iiris Vastam\u00e4ki JoensKa 18,10<br \/>\n5 Lotta Martikainen LieksU 16,14<\/p>\n<p>T10 200m<br \/>\n1 Tiia Rantala PolvijU 33,70<br \/>\n2 Elina Nivaj\u00e4rvi JoensKa 33,96<br \/>\n3 Karla K\u00f6n\u00f6nen Pyh\u00e4sU 34,21<br \/>\n4 Nea Immonen JoensKa 34,95<br \/>\n5 Aida Vornanen JoensKa 35,90<\/p>\n<p>T10 60m aj<br \/>\nEr\u00e4 1:<br \/>\n1 Marikki Juntunen Pyh\u00e4sU 14,99<br \/>\n2 Pilvi Turunen TuupovU 15,62<br \/>\nEr\u00e4 2:<br \/>\n1 Elina Nivaj\u00e4rvi JoensKa 12,49<br \/>\n2 Sini Lehikoinen Pyh\u00e4sU 13,06<br \/>\nEr\u00e4 3:<br \/>\n1 Karla K\u00f6n\u00f6nen Pyh\u00e4sU 11,82<br \/>\n2 Nicola Lindsberg Pyh\u00e4sU 12,48<br \/>\n3 Aida Vornanen JoensKa 12,92<br \/>\nYhdistetyt tulokset:<br \/>\n1 Karla K\u00f6n\u00f6nen Pyh\u00e4sU 11,82<br \/>\n2 Nicola Lindsberg Pyh\u00e4sU 12,48<br \/>\n3 Elina Nivaj\u00e4rvi JoensKa 12,49<br \/>\n4 Aida Vornanen JoensKa 12,92<br \/>\n5 Sini Lehikoinen Pyh\u00e4sU 13,06<br \/>\n6 Marikki Juntunen Pyh\u00e4sU 14,99<br \/>\n7 Pilvi Turunen TuupovU 15,62<\/p>\n<p>T10 korkeus<br \/>\n1 Heta Kettunen LieksU 115<br \/>\n2 Riina Palviainen LieksU 110<br \/>\n3 Netta-Noora Lappalainen Pyh\u00e4sU 110<br \/>\n4 Tiia Rantala PolvijU 95<br \/>\n5 Marikki Juntunen Pyh\u00e4sU 90<\/p>\n<p>T10 3-loikka<br \/>\n1 Heta Kettunen LieksU 8,18<br \/>\n2 Sini Lehikoinen Pyh\u00e4sU 7,97<br \/>\n3 Karla K\u00f6n\u00f6nen Pyh\u00e4sU 7,86<br \/>\n4 Aida Vornanen JoensKa 7,84<br \/>\n6 Elina Nivaj\u00e4rvi JoensKa 7,73<br \/>\n7 Netta-Noora Lappalainen Pyh\u00e4sU 7,51<br \/>\nUP Anna Muhonen JoensKa 9,58 +1,3<\/p>\n<p>T10 kuula<br \/>\n1 Nicola Lindsberg Pyh\u00e4sU 7,82<br \/>\n2 Riina Palviainen LieksU 7,13<br \/>\n3 Sini Lehikoinen Pyh\u00e4sU 6,93<br \/>\n4 Tiia Rantala PolvijU 6,14<br \/>\n5 Pilvi Turunen TuupovU 4,74<br \/>\n6 Enni Pelkonen NurmSe 4,21<br \/>\n8 Nea Immonen JoensKa 3,95<br \/>\n7 Marikki Juntunen Pyh\u00e4sU 3,95<\/p>\n<p>T10 moukari<br \/>\n1 Nicola Lindsberg Pyh\u00e4sU 20,89<br \/>\n2 Riina Palviainen LieksU 18,97<br \/>\n3 Netta-Noora Lappalainen Pyh\u00e4sU 14,94<br \/>\n4 Heta Kettunen LieksU 13,77<br \/>\nNea Immonen JoensKa DNS<\/p>\n<p>T9 miniottelu (kuula+keih\u00e4s)<br \/>\n1 Sanni Toivanen JuuanJ\u00e4 346<br \/>\n2 Sara-Sofia Hyv\u00f6nen Pyh\u00e4sU 267<br \/>\n3 Emmi Honkanen NurmSe 258<br \/>\n4 Emma Tuononen JuuanU 211<br \/>\n5 Elina Valta Pyh\u00e4sU 203<br \/>\n6 Aino Pyykk\u00f6 LieksU 150<\/p>\n<p>T9 keih\u00e4s<br \/>\n1 Sanni Toivanen JuuanJ\u00e4 15,7<br \/>\n2 Sara-Sofia Hyv\u00f6nen Pyh\u00e4sU 11,43<br \/>\n3 Emmi Honkanen NurmSe 10,59<br \/>\n4 Emma Tuononen JuuanU 9,86<br \/>\n5 Elina Valta Pyh\u00e4sU 8,26<br \/>\n6 Aino Pyykk\u00f6 LieksU 5,76<\/p>\n<p>T9 kuula<br \/>\n1 Sanni Toivanen JuuanJ\u00e4 4,75<br \/>\n2 Emmi Honkanen NurmSe 4,28<br \/>\n3 Sara-Sofia Hyv\u00f6nen Pyh\u00e4sU 4,25<br \/>\n4 Elina Valta Pyh\u00e4sU 3,68<br \/>\n5 Emma Tuononen JuuanU 3,48<br \/>\n6 Aino Pyykk\u00f6 LieksU 3,16<\/p>\n<p>T9 miniottelu (kuula+pituus)<br \/>\n1 Anni Huovinen Pyh\u00e4sU 373<br \/>\n2 Asta Riikonen PolvijU 369<br \/>\n3 Viivi Piirainen NurmSe 361<br \/>\n4 Ida-Josefina Ilvonen JuuanJ\u00e4 274<br \/>\n5 Janna Huuho KitU 270<br \/>\n6 Siiri Hartikainen JuuanU 254<br \/>\n7 Laura Lev\u00e4 Pyh\u00e4sU 246<br \/>\n8 Jenna Rouvinen Pyh\u00e4sU 234<br \/>\n9 Hertta Juntunen Pyh\u00e4sU 151<\/p>\n<p>T9 kuula<br \/>\n1 Viivi Piirainen NurmSe 5,43<br \/>\n2 Asta Riikonen PolvijU 5,37<br \/>\n3 Anni Huovinen Pyh\u00e4sU 5,19<br \/>\n4 Janna Huuho KitU 4,63<br \/>\n5 Jenna Rouvinen Pyh\u00e4sU 4,48<br \/>\n6 Ida-Josefina Ilvonen JuuanJ\u00e4 4,04<br \/>\n7 Laura Lev\u00e4 Pyh\u00e4sU 3,85<br \/>\n8 Siiri Hartikainen JuuanU 3,49<br \/>\n9 Hertta Juntunen Pyh\u00e4sU 2,65<\/p>\n<p>T9 pituus<br \/>\n1 Anni Huovinen Pyh\u00e4sU 331<br \/>\n2 Asta Riikonen PolvijU 321<br \/>\n3 Viivi Piirainen NurmSe 312<br \/>\n4 Siiri Hartikainen JuuanU 301<br \/>\n5 Ida-Josefina Ilvonen JuuanJ\u00e4 296<br \/>\n6 Laura Lev\u00e4 Pyh\u00e4sU 278<br \/>\n7 Janna Huuho KitU 264<br \/>\n8 Hertta Juntunen Pyh\u00e4sU 235<br \/>\n9 Jenna Rouvinen Pyh\u00e4sU 231<\/p>\n<p>P9 miniottelu (kuula+keih\u00e4s)<br \/>\n1 Veikka Huttunen JuuanU 480<br \/>\n2 Topi Parviainen TuupovU 426<br \/>\n3 Ossi Keronen LieksU 330<br \/>\n4 Heikki H\u00e4m\u00e4l\u00e4inen LieksU 323<br \/>\n5 Miika Palviainen LieksU 305<\/p>\n<p>P9 keih\u00e4s<br \/>\n1 Veikka Huttunen JuuanU 20,76<br \/>\n2 Topi Parviainen TuupovU 19,56<br \/>\n3 Ossi Keronen LieksU 16,12<br \/>\n4 Miika Palviainen LieksU 12,88<br \/>\n5 Heikki H\u00e4m\u00e4l\u00e4inen LieksU 11,86<\/p>\n<p>P9 kuula<br \/>\n1 Veikka Huttunen JuuanU 6,08<br \/>\n2 Topi Parviainen TuupovU 5,35<br \/>\n3 Heikki H\u00e4m\u00e4l\u00e4inen LieksU 5,26<br \/>\n4 Miika Palviainen LieksU 4,66<br \/>\n5 Ossi Keronen LieksU 4,34<\/p>\n<p>P9 miniottelu (kuula+pituus)<br \/>\n1 Lassi Valta Pyh\u00e4sU 387<br \/>\n2 Otso Liimatta NurmSe 375<br \/>\n3 Aarni Nyblom LieksU 373<br \/>\n4 Roni Lehikoinen Pyh\u00e4sU 368<br \/>\n5 Eero Mauro LieksU 333<br \/>\n6 Ossi Mutanen PolvijVau 308<\/p>\n<p>P9 kuula<br \/>\n1 Roni Lehikoinen Pyh\u00e4sU 5,95<br \/>\n2 Aarni Nyblom LieksU 5,62<br \/>\n3 Otso Liimatta NurmSe 5,39<br \/>\n4 Lassi Valta Pyh\u00e4sU 5,02<br \/>\n5 Ossi Mutanen PolvijVau 4,71<br \/>\n6 Eero Mauro LieksU 4,61<\/p>\n<p>P9 pituus<br \/>\n1 Lassi Valta Pyh\u00e4sU 348<br \/>\n2 Otso Liimatta NurmSe 325<br \/>\n3 Eero Mauro LieksU 322<br \/>\n4 Aarni Nyblom LieksU 313<br \/>\n5 Ossi Mutanen PolvijVau 297<br \/>\n6 Roni Lehikoinen Pyh\u00e4sU 294<\/p>\n","protected":false},"excerpt":{"rendered":"<p>Lieksa 4.8. P15 800m 1 Kalle Koivusalo IlomU 2.12,48 2 Mikko Turunen TuupovU 2.42,62 P15 pituus 1 Toni Meril\u00e4inen JuuanU 439 -0,7 P15 keih\u00e4s 1 Kalle Koivusalo IlomU 51,19 P14 300m 1 Santeri \u00d6rn PolvijU 42,95 2 Tero Juntunen JuuanU 45,34 P14 800m 1 Ismo Partanen PolvijVau 2.25,75 2 Saku &hellip;<\/p>\n","protected":false},"author":3,"featured_media":0,"parent":821,"menu_order":0,"comment_status":"closed","ping_status":"closed","template":"templates\/template-threecolumns-center.php","meta":{"footnotes":""},"categories":[7],"tags":[],"class_list":["post-845","page","type-page","status-publish","hentry","category-tulokset"],"_links":{"self":[{"href":"https:\/\/www.lieksanurheilijat.com\/index.php?rest_route=\/wp\/v2\/pages\/845","targetHints":{"allow":["GET"]}}],"collection":[{"href":"https:\/\/www.lieksanurheilijat.com\/index.php?rest_route=\/wp\/v2\/pages"}],"about":[{"href":"https:\/\/www.lieksanurheilijat.com\/index.php?rest_route=\/wp\/v2\/types\/page"}],"author":[{"embeddable":true,"href":"https:\/\/www.lieksanurheilijat.com\/index.php?rest_route=\/wp\/v2\/users\/3"}],"replies":[{"embeddable":true,"href":"https:\/\/www.lieksanurheilijat.com\/index.php?rest_route=%2Fwp%2Fv2%2Fcomments&post=845"}],"version-history":[{"count":1,"href":"https:\/\/www.lieksanurheilijat.com\/index.php?rest_route=\/wp\/v2\/pages\/845\/revisions"}],"predecessor-version":[{"id":846,"href":"https:\/\/www.lieksanurheilijat.com\/index.php?rest_route=\/wp\/v2\/pages\/845\/revisions\/846"}],"up":[{"embeddable":true,"href":"https:\/\/www.lieksanurheilijat.com\/index.php?rest_route=\/wp\/v2\/pages\/821"}],"wp:attachment":[{"href":"https:\/\/www.lieksanurheilijat.com\/index.php?rest_route=%2Fwp%2Fv2%2Fmedia&parent=845"}],"wp:term":[{"taxonomy":"category","embeddable":true,"href":"https:\/\/www.lieksanurheilijat.com\/index.php?rest_route=%2Fwp%2Fv2%2Fcategories&post=845"},{"taxonomy":"post_tag","embeddable":true,"href":"https:\/\/www.lieksanurheilijat.com\/index.php?rest_route=%2Fwp%2Fv2%2Ftags&post=845"}],"curies":[{"name":"wp","href":"https:\/\/api.w.org\/{rel}","templated":true}]}}