{"id":837,"date":"2014-03-24T21:21:25","date_gmt":"2014-03-24T19:21:25","guid":{"rendered":"https:\/\/www.lieksanurheilijat.com\/?page_id=837"},"modified":"2014-05-10T08:14:14","modified_gmt":"2014-05-10T05:14:14","slug":"kaupunginmestaruuskisat-ja-lun-85-vuotis-juhlakisat","status":"publish","type":"page","link":"https:\/\/www.lieksanurheilijat.com\/?page_id=837","title":{"rendered":"Kaupunginmestaruuskisat ja LU:n 85-vuotis juhlakisat"},"content":{"rendered":"<p>Lieksa 29.8<\/p>\n<p>M 100m<br \/>\n1 Sami Oinonen Lieksan Urheilijat 12,27<br \/>\n2 Joona \u00c5ke Lieksan Urheilijat 12,53<br \/>\n3 Atso V\u00e4nsk\u00e4 Lieksan Urheilijat 13,37<br \/>\n4 Aki-Petteri Piiparinen Lieksan Urheilijat 13,61<br \/>\n5 Eeki Kokkonen Lieksan Urheilijat 14,25<br \/>\n6 Kimmo Martikainen Lieksan Urheilijat 14,31<\/p>\n<p>M Kuula<br \/>\n1 Anssi V\u00e4nsk\u00e4 Lieksan Urheilijat 9,78<br \/>\n2 Kari Jaatinen Lieksan Urheilijat 8,47<br \/>\n3 Joona \u00c5ke Lieksan Urheilijat 8,4<br \/>\n4 Atso V\u00e4nsk\u00e4 Lieksan Urheilijat 7,86<\/p>\n<p>N 100m<br \/>\n1 Kaisu Kukkonen Lieksan Urheilijat 15,64<br \/>\n2 Riitta Ryyn\u00e4nen Lieksan Urheilijat 16,19<br \/>\n3 Sari Leinonen Lieksan Urheilijat 16,73<br \/>\n4 Anne Porkka Lieksan Urheilijat 19,14<br \/>\n5 Minna Puumalainen Lieksan Urheilijat 20,37<br \/>\n6 Liisa V\u00e4nsk\u00e4 Lieksan Urheilijat 21,08<br \/>\n7 Anita Vattulainen Lieksan Urheilijat 24,45<\/p>\n<p>N Kuula<br \/>\n1 Mervi Tolonen Lieksan Urheilijat 8,11<br \/>\n2 Mervi Martikainen Lieksan Urheilijat 7,69<br \/>\n3 Eira Puumalainen Lieksan Urheilijat 6,99<br \/>\n4 Anne Porkka Lieksan Urheilijat 6,72<br \/>\n5 Riitta Ryyn\u00e4nen Lieksan Urheilijat 6,58<br \/>\n6 Liisa V\u00e4nsk\u00e4 Lieksan Urheilijat 6,33<br \/>\n7 Anita Vattulainen Lieksan Urheilijat 5,47<br \/>\n8 Marjo Kempas Lieksan Urheilijat 5,40<\/p>\n<p>P14 100m<br \/>\n1 Samu Kempas Lieksan Urheilijat 12,85<\/p>\n<p>P13 Keih\u00e4s<br \/>\n1 Eeki Kokkonen Lieksan Urheilijat 33,35<\/p>\n<p>P13 Korkeus<br \/>\n1 Eeki Kokkonen Lieksan Urheilijat 154<\/p>\n<p>P13 Kuula<br \/>\n1 Eeki Kokkonen Lieksan Urheilijat 8,30<\/p>\n<p>P10 60m<br \/>\n1 Rasmus Kuiri Lieksan Urheilijat 10,79<\/p>\n<p>P10 Keih\u00e4s<br \/>\n1 Rasmus Kuiri Lieksan Urheilijat 21,41<\/p>\n<p>P10 Pituus<br \/>\n1 Rasmus Kuiri Lieksan Urheilijat 307<\/p>\n<p>P9 40m<br \/>\n1 Atro Kananen Lieksan Urheilijat 7,34<br \/>\n2 Jyry Pesonen Lieksan Urheilijat 7,66<br \/>\n3 Veli-Matti Ikonen Lieksan Urheilijat 8,04<\/p>\n<p>P9 Pallo<br \/>\n1 Jyry Pesonen Lieksan Urheilijat 24,64<br \/>\n2 Atro Kananen Lieksan Urheilijat 22,32<br \/>\n3 Veli-Matti Ikonen Lieksan Urheilijat 16,42<\/p>\n<p>P8 40m<br \/>\n1 Aarni Nyblom Lieksan Urheilijat 7,34<br \/>\n2 Eero Mauro Lieksan Urheilijat 7,48<br \/>\n3 Niko Nevalainen Lieksan Urheilijat 7,71<br \/>\n4 Niko Oinonen Lieksan Urheilijat 7,83<br \/>\n5 Miika Palviainen Lieksan Urheilijat 8,40<\/p>\n<p>P8 Pallo<br \/>\n1 Eero Mauro Lieksan Urheilijat 23,91<br \/>\n2 Aarni Nyblom Lieksan Urheilijat 20,30<br \/>\n3 Miika Palviainen Lieksan Urheilijat 19,59<br \/>\n4 Niko Nevalainen Lieksan Urheilijat 18,62<br \/>\n5 Niko Oinonen Lieksan Urheilijat 11,52<\/p>\n<p>P7 40m<br \/>\n1 Touko Nyblom Lieksan Urheilijat 8,41<br \/>\n2 Kalle Boren Lieksan Urheilijat 8,73<br \/>\n3 Martti Saraniemi Lieksan Urheilijat 8,86<br \/>\n4 Ahti Boren Lieksan Urheilijat 10,60<\/p>\n<p>P7 Pallo<br \/>\n1 Kalle Boren Lieksan Urheilijat 13,22<br \/>\n2 Touko Nyblom Lieksan Urheilijat 10,99<br \/>\n3 Ahti Boren Lieksan Urheilijat 10,99<br \/>\n4 Martti Saraniemi Lieksan Urheilijat 08,90<\/p>\n<p>T14 100m<br \/>\n1 Silja Kempas Lieksan Urheilijat 13,30<br \/>\n2 Annika Piiparinen Lieksan Urheilijat 14,64<\/p>\n<p>T14 Keih\u00e4s<br \/>\n1 Minea Suhonen Lieksan Urheilijat 37,68<br \/>\n2 Venla Kettunen Lieksan Urheilijat 29,25<br \/>\n3 Jutta Martikainen Lieksan Urheilijat 22,44<\/p>\n<p>T14 Pituus<br \/>\n1 Venla Kettunen Lieksan Urheilijat 440<br \/>\n2 Annika Piiparinen Lieksan Urheilijat 407<\/p>\n<p>T12 60m<br \/>\n1 Riina Kettunen Lieksan Urheilijat 09,14<br \/>\n2 Tanja Ryyn\u00e4nen Lieksan Urheilijat 09,40<\/p>\n<p>T12 Korkeus<br \/>\n1 Riina Kettunen Lieksan Urheilijat 132<br \/>\n2 Tanja Ryyn\u00e4nen Lieksan Urheilijat 123<br \/>\n3 Riina Viertola Lieksan Urheilijat 105<\/p>\n<p>T12 Kuula<br \/>\n1 Riina Kettunen Lieksan Urheilijat 8,55<br \/>\n2 Tanja Ryyn\u00e4nen Lieksan Urheilijat 6,79<\/p>\n<p>T11 60m<br \/>\n1 Annika Porkka Lieksan Urheilijat 09,75<br \/>\n2 Satu Liimatta Lieksan Urheilijat 10,07<br \/>\n3 Milla Martikainen Lieksan Urheilijat 10,32<br \/>\n4 Lotta Martikainen Lieksan Urheilijat 11,13<\/p>\n<p>T11 Keih\u00e4s<br \/>\n1 Milla Martikainen Lieksan Urheilijat 25,79<br \/>\n2 Annika Porkka Lieksan Urheilijat 17,32<br \/>\n3 Lotta Martikainen Lieksan Urheilijat 16,95<br \/>\n4 Satu Liimatta Lieksan Urheilijat 16,23<\/p>\n<p>T11 Pituus<br \/>\n1 Milla Martikainen Lieksan Urheilijat 380<br \/>\n2 Satu Liimatta Lieksan Urheilijat 359<br \/>\n3 Annika Porkka Lieksan Urheilijat 353<br \/>\n4 Lotta Martikainen Lieksan Urheilijat 313<\/p>\n<p>T10 60m<br \/>\n1 Heta Kettunen Lieksan Urheilijat 09,96<br \/>\n2 Riina Palviainen Lieksan Urheilijat 10,36<\/p>\n<p>T10 Keih\u00e4s<br \/>\n1 Heta Kettunen Lieksan Urheilijat 19,46<br \/>\n2 Riina Palviainen Lieksan Urheilijat 17,88<\/p>\n<p>T10 Pituus<br \/>\n1 Heta Kettunen Lieksan Urheilijat 364<br \/>\n2 Riina Palviainen Lieksan Urheilijat 353<\/p>\n<p>T9 40m<br \/>\n1 Marjo Heikura Lieksan Urheilijat 7,54<br \/>\n2 Maija Boren Lieksan Urheilijat 7,72<\/p>\n<p>T9 Pallo<br \/>\n1 Marjo Heikura Lieksan Urheilijat 20,00<br \/>\n2 Maija Boren Lieksan Urheilijat 11,92<\/p>\n<p>T8 40m<br \/>\n1 Aino Pyykk\u00f6 Lieksan Urheilijat 8,00<br \/>\n2 Tuuli Saraniemi Lieksan Urheilijat 8,34<br \/>\n3 Aada Valtola Lieksan Urheilijat 8,52<\/p>\n<p>T8 Pallo<br \/>\n1 Silja Viertola Lieksan Urheilijat 20,73<br \/>\n2 Aada Valtola Lieksan Urheilijat 14,32<br \/>\n3 Tuuli Saraniemi Lieksan Urheilijat 08,87<br \/>\n4 Aino Pyykk\u00f6 Lieksan Urheilijat 08,73<\/p>\n<p>T7 40m<br \/>\n1 Suvi Lampinen Lieksan Urheilijat 8,64<br \/>\n2 Titta Oinonen Lieksan Urheilijat 8,80<br \/>\n3 Maiju Saraniemi Lieksan Urheilijat 11,20<\/p>\n<p>T7 Pallo<br \/>\n1 Titta Oinonen Lieksan Urheilijat 11,27<br \/>\n2 Suvi Lampinen Lieksan Urheilijat 04,97<br \/>\n3 Maiju Saraniemi Lieksan Urheilijat 03,56<\/p>\n","protected":false},"excerpt":{"rendered":"<p>Lieksa 29.8 M 100m 1 Sami Oinonen Lieksan Urheilijat 12,27 2 Joona \u00c5ke Lieksan Urheilijat 12,53 3 Atso V\u00e4nsk\u00e4 Lieksan Urheilijat 13,37 4 Aki-Petteri Piiparinen Lieksan Urheilijat 13,61 5 Eeki Kokkonen Lieksan Urheilijat 14,25 6 Kimmo Martikainen Lieksan Urheilijat 14,31 M Kuula 1 Anssi V\u00e4nsk\u00e4 Lieksan Urheilijat 9,78 2 Kari &hellip;<\/p>\n","protected":false},"author":3,"featured_media":0,"parent":821,"menu_order":0,"comment_status":"closed","ping_status":"closed","template":"templates\/template-threecolumns-center.php","meta":{"footnotes":""},"categories":[7],"tags":[],"class_list":["post-837","page","type-page","status-publish","hentry","category-tulokset"],"_links":{"self":[{"href":"https:\/\/www.lieksanurheilijat.com\/index.php?rest_route=\/wp\/v2\/pages\/837","targetHints":{"allow":["GET"]}}],"collection":[{"href":"https:\/\/www.lieksanurheilijat.com\/index.php?rest_route=\/wp\/v2\/pages"}],"about":[{"href":"https:\/\/www.lieksanurheilijat.com\/index.php?rest_route=\/wp\/v2\/types\/page"}],"author":[{"embeddable":true,"href":"https:\/\/www.lieksanurheilijat.com\/index.php?rest_route=\/wp\/v2\/users\/3"}],"replies":[{"embeddable":true,"href":"https:\/\/www.lieksanurheilijat.com\/index.php?rest_route=%2Fwp%2Fv2%2Fcomments&post=837"}],"version-history":[{"count":3,"href":"https:\/\/www.lieksanurheilijat.com\/index.php?rest_route=\/wp\/v2\/pages\/837\/revisions"}],"predecessor-version":[{"id":840,"href":"https:\/\/www.lieksanurheilijat.com\/index.php?rest_route=\/wp\/v2\/pages\/837\/revisions\/840"}],"up":[{"embeddable":true,"href":"https:\/\/www.lieksanurheilijat.com\/index.php?rest_route=\/wp\/v2\/pages\/821"}],"wp:attachment":[{"href":"https:\/\/www.lieksanurheilijat.com\/index.php?rest_route=%2Fwp%2Fv2%2Fmedia&parent=837"}],"wp:term":[{"taxonomy":"category","embeddable":true,"href":"https:\/\/www.lieksanurheilijat.com\/index.php?rest_route=%2Fwp%2Fv2%2Fcategories&post=837"},{"taxonomy":"post_tag","embeddable":true,"href":"https:\/\/www.lieksanurheilijat.com\/index.php?rest_route=%2Fwp%2Fv2%2Ftags&post=837"}],"curies":[{"name":"wp","href":"https:\/\/api.w.org\/{rel}","templated":true}]}}