{"id":7377,"date":"2026-05-03T21:46:48","date_gmt":"2026-05-03T18:46:48","guid":{"rendered":"https:\/\/www.lieksanurheilijat.com\/?page_id=7377"},"modified":"2026-05-03T23:35:31","modified_gmt":"2026-05-03T20:35:31","slug":"sittalammen-ymparijuoksu-3-5-2026","status":"publish","type":"page","link":"https:\/\/www.lieksanurheilijat.com\/?page_id=7377","title":{"rendered":"Sittalammen Ymp\u00e4rijuoksu 3.5.2026"},"content":{"rendered":"<p>Sittalammen Ymp\u00e4rijuoksu 3.5.2026<\/p>\n<p>Tulokset:<\/p>\n<p>Tyt\u00f6t 7 v. 300m<\/p>\n<ol>\n<li>Viivi Mikkonen 1.13<\/li>\n<\/ol>\n<p>Pojat 7v. 300m<\/p>\n<ol>\n<li>Manuel Jaatinen 1.16<\/li>\n<\/ol>\n<p>Tyt\u00f6t 8-9v 600m<\/p>\n<ol>\n<li>Lianna Jaatinen 3.44<\/li>\n<\/ol>\n<p>Pojat 8-9v 600m<\/p>\n<ol>\n<li>Leevi Tarvainen 3.06<\/li>\n<\/ol>\n<p>Tyt\u00f6t 10-13v 800m<\/p>\n<ol>\n<li>Oili Justander 3.20<\/li>\n<li>Ronja Tarvainen 3.25<\/li>\n<li>Minja Pekkanen 3.28<\/li>\n<\/ol>\n<p>Pojat 10-13v 800m<\/p>\n<ol>\n<li>Maks Kempas 3.02<\/li>\n<li>Urho Hyrskyl\u00e4 3.50<\/li>\n<\/ol>\n<p>Tyt\u00f6t 15v 1600m<\/p>\n<ol>\n<li>Ella Justander 8.44<\/li>\n<\/ol>\n<p>Naiset 1600m<\/p>\n<ol>\n<li>Inna Jolkkonen 7.09<\/li>\n<\/ol>\n<p>Miehet 1600m<\/p>\n<ol>\n<li>Elias Kortelainen 5,25<\/li>\n<li>Sami Jaatinen 6.07<\/li>\n<li>Onni Hyrskyl\u00e4 6.17<\/li>\n<\/ol>\n<p>&nbsp;<\/p>\n<p>&nbsp;<\/p>\n<p>&nbsp;<\/p>\n","protected":false},"excerpt":{"rendered":"<p>Sittalammen Ymp\u00e4rijuoksu 3.5.2026 Tulokset: Tyt\u00f6t 7 v. 300m Viivi Mikkonen 1.13 Pojat 7v. 300m Manuel Jaatinen 1.16 Tyt\u00f6t 8-9v 600m Lianna Jaatinen 3.44 Pojat 8-9v 600m Leevi Tarvainen 3.06 Tyt\u00f6t 10-13v 800m Oili Justander 3.20 Ronja Tarvainen 3.25 Minja Pekkanen 3.28 Pojat 10-13v 800m Maks Kempas 3.02 Urho Hyrskyl\u00e4 3.50 &hellip;<\/p>\n","protected":false},"author":2,"featured_media":0,"parent":7375,"menu_order":1,"comment_status":"closed","ping_status":"closed","template":"","meta":{"footnotes":""},"categories":[],"tags":[],"class_list":["post-7377","page","type-page","status-publish","hentry"],"_links":{"self":[{"href":"https:\/\/www.lieksanurheilijat.com\/index.php?rest_route=\/wp\/v2\/pages\/7377","targetHints":{"allow":["GET"]}}],"collection":[{"href":"https:\/\/www.lieksanurheilijat.com\/index.php?rest_route=\/wp\/v2\/pages"}],"about":[{"href":"https:\/\/www.lieksanurheilijat.com\/index.php?rest_route=\/wp\/v2\/types\/page"}],"author":[{"embeddable":true,"href":"https:\/\/www.lieksanurheilijat.com\/index.php?rest_route=\/wp\/v2\/users\/2"}],"replies":[{"embeddable":true,"href":"https:\/\/www.lieksanurheilijat.com\/index.php?rest_route=%2Fwp%2Fv2%2Fcomments&post=7377"}],"version-history":[{"count":3,"href":"https:\/\/www.lieksanurheilijat.com\/index.php?rest_route=\/wp\/v2\/pages\/7377\/revisions"}],"predecessor-version":[{"id":7380,"href":"https:\/\/www.lieksanurheilijat.com\/index.php?rest_route=\/wp\/v2\/pages\/7377\/revisions\/7380"}],"up":[{"embeddable":true,"href":"https:\/\/www.lieksanurheilijat.com\/index.php?rest_route=\/wp\/v2\/pages\/7375"}],"wp:attachment":[{"href":"https:\/\/www.lieksanurheilijat.com\/index.php?rest_route=%2Fwp%2Fv2%2Fmedia&parent=7377"}],"wp:term":[{"taxonomy":"category","embeddable":true,"href":"https:\/\/www.lieksanurheilijat.com\/index.php?rest_route=%2Fwp%2Fv2%2Fcategories&post=7377"},{"taxonomy":"post_tag","embeddable":true,"href":"https:\/\/www.lieksanurheilijat.com\/index.php?rest_route=%2Fwp%2Fv2%2Ftags&post=7377"}],"curies":[{"name":"wp","href":"https:\/\/api.w.org\/{rel}","templated":true}]}}