{"id":7238,"date":"2025-05-26T08:34:38","date_gmt":"2025-05-26T05:34:38","guid":{"rendered":"https:\/\/www.lieksanurheilijat.com\/?page_id=7238"},"modified":"2025-05-26T08:34:38","modified_gmt":"2025-05-26T05:34:38","slug":"sittalammen-ymparijuoksu-25-5-2025","status":"publish","type":"page","link":"https:\/\/www.lieksanurheilijat.com\/?page_id=7238","title":{"rendered":"Sittalammen Ymp\u00e4rijuoksu 25.5.2025"},"content":{"rendered":"<p>Tulokset:<\/p>\n<p>Tyt\u00f6t 7v 300m<\/p>\n<p>1) Viivi Mikkonen 1.34<\/p>\n<p>2) Mimmi Jolkkonen 2.50<\/p>\n<p>Pojat 7v 300m<\/p>\n<p>1) Manu Jolkkonen 1.27<\/p>\n<p>Tyt\u00f6t 8v 600m<\/p>\n<p>1) Moona Kuutsuo 2.41<\/p>\n<p>Tyt\u00f6t 9v 600m<\/p>\n<p>1) Oili Justander 2.37<\/p>\n<p>Tyt\u00f6t 10v 800m<\/p>\n<p>1) Minja Pekkanen 3.27<\/p>\n<p>2) Milka Kuutsuo 3.53<\/p>\n<p>Pojat 10v 800m<\/p>\n<p>1) Iivo Mikkonen 3.29<\/p>\n<p>Pojat 11v 800m<\/p>\n<p>1) Urho Hyrskyl\u00e4 3.34<\/p>\n<p>Naiset 1600m<\/p>\n<p>1) Inna Jolkkonen 6.58<\/p>\n<p>2) Maria Virkkunen 7.44<\/p>\n<p>3) Paula Justander 8.20<\/p>\n<p>4) Kaisa Kuutsuo 8.58<\/p>\n<p>Miehet 1600m<\/p>\n<p>1) Elias Kortelainen 5.37<\/p>\n<p>2) Markus Kuutsuo 6.23<\/p>\n<p>3) Mika Ropponen 6.27<\/p>\n<p>4) Onni Hyrskyl\u00e4 6.39<\/p>\n<p>5) Atso V\u00e4nsk\u00e4 7.14<\/p>\n<p>6) Tomi Justander 7.19<\/p>\n","protected":false},"excerpt":{"rendered":"<p>Tulokset: Tyt\u00f6t 7v 300m 1) Viivi Mikkonen 1.34 2) Mimmi Jolkkonen 2.50 Pojat 7v 300m 1) Manu Jolkkonen 1.27 Tyt\u00f6t 8v 600m 1) Moona Kuutsuo 2.41 Tyt\u00f6t 9v 600m 1) Oili Justander 2.37 Tyt\u00f6t 10v 800m 1) Minja Pekkanen 3.27 2) Milka Kuutsuo 3.53 Pojat 10v 800m 1) Iivo Mikkonen &hellip;<\/p>\n","protected":false},"author":2,"featured_media":0,"parent":7220,"menu_order":10,"comment_status":"closed","ping_status":"closed","template":"","meta":{"footnotes":""},"categories":[],"tags":[],"class_list":["post-7238","page","type-page","status-publish","hentry"],"_links":{"self":[{"href":"https:\/\/www.lieksanurheilijat.com\/index.php?rest_route=\/wp\/v2\/pages\/7238","targetHints":{"allow":["GET"]}}],"collection":[{"href":"https:\/\/www.lieksanurheilijat.com\/index.php?rest_route=\/wp\/v2\/pages"}],"about":[{"href":"https:\/\/www.lieksanurheilijat.com\/index.php?rest_route=\/wp\/v2\/types\/page"}],"author":[{"embeddable":true,"href":"https:\/\/www.lieksanurheilijat.com\/index.php?rest_route=\/wp\/v2\/users\/2"}],"replies":[{"embeddable":true,"href":"https:\/\/www.lieksanurheilijat.com\/index.php?rest_route=%2Fwp%2Fv2%2Fcomments&post=7238"}],"version-history":[{"count":1,"href":"https:\/\/www.lieksanurheilijat.com\/index.php?rest_route=\/wp\/v2\/pages\/7238\/revisions"}],"predecessor-version":[{"id":7239,"href":"https:\/\/www.lieksanurheilijat.com\/index.php?rest_route=\/wp\/v2\/pages\/7238\/revisions\/7239"}],"up":[{"embeddable":true,"href":"https:\/\/www.lieksanurheilijat.com\/index.php?rest_route=\/wp\/v2\/pages\/7220"}],"wp:attachment":[{"href":"https:\/\/www.lieksanurheilijat.com\/index.php?rest_route=%2Fwp%2Fv2%2Fmedia&parent=7238"}],"wp:term":[{"taxonomy":"category","embeddable":true,"href":"https:\/\/www.lieksanurheilijat.com\/index.php?rest_route=%2Fwp%2Fv2%2Fcategories&post=7238"},{"taxonomy":"post_tag","embeddable":true,"href":"https:\/\/www.lieksanurheilijat.com\/index.php?rest_route=%2Fwp%2Fv2%2Ftags&post=7238"}],"curies":[{"name":"wp","href":"https:\/\/api.w.org\/{rel}","templated":true}]}}