{"id":7128,"date":"2024-09-01T19:26:36","date_gmt":"2024-09-01T16:26:36","guid":{"rendered":"https:\/\/www.lieksanurheilijat.com\/?page_id=7128"},"modified":"2024-09-01T19:26:36","modified_gmt":"2024-09-01T16:26:36","slug":"kaupunginmestaruuskisat-1-9-2024","status":"publish","type":"page","link":"https:\/\/www.lieksanurheilijat.com\/?page_id=7128","title":{"rendered":"Kaupunginmestaruuskisat 1.9.2024"},"content":{"rendered":"<p>Lieksan kaupunginmestaruuskisat<br \/>\n01.09.2024<\/p>\n<p>M 100m<br \/>\n1) Onni Hyrskyl\u00e4 13,95<br \/>\n2) Janne Reittu 13,97<br \/>\n3) Akseli Leinonen 14,03<br \/>\n4) Toni Mikkonen 14,63<br \/>\n5) Esko M\u00e4lk\u00f6nen 14,77<br \/>\n6) Jarmo Leinonen 15,02<\/p>\n<p>N 100m<br \/>\n1) Elsi P\u00e4ivelin 14,43<br \/>\n2) Paula Justander 15,79<br \/>\n3) Nelli Ikonen 17,02<br \/>\n4) Sari Leinonen 18,22<\/p>\n<p>M Kuula<br \/>\n1) Pasi N\u00e4s\u00e4nen 10,39<br \/>\n2) Harri Partanen 9,98<br \/>\n3) Anssi V\u00e4nsk\u00e4 9,33<br \/>\n4) Janne Reittu 9,30<br \/>\n5) Jarmo Leinonen 8,53<br \/>\n6) Toni Mikkonen 8,30<br \/>\n7) Juhani Kortelainen 8,14<br \/>\n8) Onni Hyrskyl\u00e4 8,05<br \/>\n9) Akseli Leinonen 7,22<\/p>\n<p>N Kuula<br \/>\n1) Marika Hyv\u00e4rinen 8,07<br \/>\n2) Riina Vellonen 6,88<br \/>\n3) Virve Immonen 6,83<br \/>\n4) Sari Leinonen 6,64<br \/>\n5) Liisa V\u00e4nsk\u00e4 5,35<\/p>\n<p>P7 40m<br \/>\n1) Toivo Heiskanen 8,46<br \/>\n2) Leevi Tarvainen 8,57<br \/>\n3) Niklas Hupli 9,14<br \/>\n4) Manu Jolkkonen 9,19<br \/>\n5) Junnu Tarvanainen 9,49<br \/>\n6) Lukas Reittu 10,02<\/p>\n<p>T7 40m<br \/>\n1) Hilma Pylkk\u00f6nen 9,00<br \/>\n2) Viivi Mikkonen 9,39<br \/>\n3) Vilha Pekkanen 9,80<br \/>\n4) Emmi Ikonen 10,00<br \/>\nPihla Pehkonen DNF<\/p>\n<p>P7 Pallonheitto<br \/>\n1) Eino K\u00e4rkk\u00e4inen 16,62<br \/>\n2) Niklas Hupli 14,90<br \/>\n3) Leevi Tarvainen 13,50<br \/>\n4) Manu Jolkkonen 11,67<br \/>\n5) Toivo Heiskanen 7,59<br \/>\n6) Lukas Reittu 6,70<br \/>\n7) Junnu Tarvanainen 6,23<\/p>\n<p>T7 Pallonheitto<br \/>\n1) Hilma Pylkk\u00f6nen 10,56<br \/>\n2) Emmi Ikonen 9,83<br \/>\n3) Vilha Pekkanen 5,77<br \/>\n4) Viivi Mikkonen 4,70<br \/>\n5) Pihla Pehkonen 4,37<\/p>\n<p>P9 40m<br \/>\n1) Iivo Mikkonen 7,53<\/p>\n<p>T9 40m<br \/>\n1) Oili Justander 7,34<br \/>\n2) Minja Pekkanen 7,38<br \/>\n3) Anni Justander 8,15<br \/>\n4) Aino Hiltunen 8,30<\/p>\n<p>P9 Keih\u00e4s<br \/>\n1) Iivo Mikkonen 12,05<\/p>\n<p>T9 Keih\u00e4s<br \/>\n1) Minja Pekkanen 14,15<br \/>\n2) Aino Hiltunen 9,37<br \/>\n3) Maiju Oinonen 8,55<br \/>\n4) Oili Justander 7,52<\/p>\n<p>P11 60m<br \/>\n1) Joni Justander 10,05<br \/>\n2) Maks Kempas 10,18<br \/>\n3) Urho Hyrskyl\u00e4 11,47<\/p>\n<p>T11 60m<br \/>\n1) Iiris P\u00e4ivelin 9,71<br \/>\n2) Ronja Tarvainen 10,81<br \/>\n3) Maisa Itkonen 11,58<br \/>\n4) Milja Heikkinen 11,78<\/p>\n<p>P11 Keih\u00e4s<br \/>\n1) Maks Kempas 23,63<br \/>\n2) Urho Hyrskyl\u00e4 22,35<br \/>\n3) Joni Justander 21,47<\/p>\n<p>T11 Keih\u00e4s<br \/>\n1) Ronja Tarvainen 14,83<br \/>\n2) Maisa Itkonen 9,19<br \/>\n3) Milja Heikkinen 9,09<\/p>\n<p>P13 60m<br \/>\n1) Veikko Hyrskyl\u00e4 11,50<\/p>\n<p>T13 60m<br \/>\n1) Elsi P\u00e4ivelin 8,66<br \/>\n2) Ronja K\u00e4rkk\u00e4inen 9,59<br \/>\n3) Nelli Ikonen 10,71<\/p>\n<p>P13 Keih\u00e4s<br \/>\n1) Veikko Hyrskyl\u00e4 32,63<\/p>\n<p>T13 Keih\u00e4s<br \/>\n1) Elsi P\u00e4ivelin 19,12<br \/>\n2) Ronja K\u00e4rkk\u00e4inen 14,50<br \/>\n3) Nelli Ikonen 14,02<\/p>\n<p>T15 Kuula<br \/>\n1) Maiju Saraniemi 10,20<\/p>\n<p>T15 Keih\u00e4s<br \/>\n1) Maiju Saraniemi 36,22<\/p>\n","protected":false},"excerpt":{"rendered":"<p>Lieksan kaupunginmestaruuskisat 01.09.2024 M 100m 1) Onni Hyrskyl\u00e4 13,95 2) Janne Reittu 13,97 3) Akseli Leinonen 14,03 4) Toni Mikkonen 14,63 5) Esko M\u00e4lk\u00f6nen 14,77 6) Jarmo Leinonen 15,02 N 100m 1) Elsi P\u00e4ivelin 14,43 2) Paula Justander 15,79 3) Nelli Ikonen 17,02 4) Sari Leinonen 18,22 M Kuula 1) &hellip;<\/p>\n","protected":false},"author":2,"featured_media":0,"parent":7060,"menu_order":3,"comment_status":"closed","ping_status":"closed","template":"","meta":{"footnotes":""},"categories":[],"tags":[],"class_list":["post-7128","page","type-page","status-publish","hentry"],"_links":{"self":[{"href":"https:\/\/www.lieksanurheilijat.com\/index.php?rest_route=\/wp\/v2\/pages\/7128","targetHints":{"allow":["GET"]}}],"collection":[{"href":"https:\/\/www.lieksanurheilijat.com\/index.php?rest_route=\/wp\/v2\/pages"}],"about":[{"href":"https:\/\/www.lieksanurheilijat.com\/index.php?rest_route=\/wp\/v2\/types\/page"}],"author":[{"embeddable":true,"href":"https:\/\/www.lieksanurheilijat.com\/index.php?rest_route=\/wp\/v2\/users\/2"}],"replies":[{"embeddable":true,"href":"https:\/\/www.lieksanurheilijat.com\/index.php?rest_route=%2Fwp%2Fv2%2Fcomments&post=7128"}],"version-history":[{"count":1,"href":"https:\/\/www.lieksanurheilijat.com\/index.php?rest_route=\/wp\/v2\/pages\/7128\/revisions"}],"predecessor-version":[{"id":7129,"href":"https:\/\/www.lieksanurheilijat.com\/index.php?rest_route=\/wp\/v2\/pages\/7128\/revisions\/7129"}],"up":[{"embeddable":true,"href":"https:\/\/www.lieksanurheilijat.com\/index.php?rest_route=\/wp\/v2\/pages\/7060"}],"wp:attachment":[{"href":"https:\/\/www.lieksanurheilijat.com\/index.php?rest_route=%2Fwp%2Fv2%2Fmedia&parent=7128"}],"wp:term":[{"taxonomy":"category","embeddable":true,"href":"https:\/\/www.lieksanurheilijat.com\/index.php?rest_route=%2Fwp%2Fv2%2Fcategories&post=7128"},{"taxonomy":"post_tag","embeddable":true,"href":"https:\/\/www.lieksanurheilijat.com\/index.php?rest_route=%2Fwp%2Fv2%2Ftags&post=7128"}],"curies":[{"name":"wp","href":"https:\/\/api.w.org\/{rel}","templated":true}]}}