{"id":7080,"date":"2024-06-21T09:48:30","date_gmt":"2024-06-21T06:48:30","guid":{"rendered":"https:\/\/www.lieksanurheilijat.com\/?page_id=7080"},"modified":"2024-06-21T09:48:30","modified_gmt":"2024-06-21T06:48:30","slug":"lieksan-junnukisat-20-6-2024","status":"publish","type":"page","link":"https:\/\/www.lieksanurheilijat.com\/?page_id=7080","title":{"rendered":"Lieksan Junnukisat 20.6.2024"},"content":{"rendered":"<p>Junnukisat<br \/>\nLieksa 20.6.2024<\/p>\n<p>T9 Kiekko<br \/>\n1) Minja Pekkanen LieksU 12,44<br \/>\n2) Valpuri N\u00e4s\u00e4nen LieksU 8,43<\/p>\n<p>P11 Kiekko<br \/>\n1) Urho Hyrskyl\u00e4 LieksU 19,60<br \/>\n2) Severi N\u00e4s\u00e4nen LieksU 13,49<\/p>\n<p>T11 Kiekko<br \/>\n1) Ronja Tarvainen LieksU 14,80<\/p>\n<p>P13 Kiekko<br \/>\n1) Veikko Hyrskyl\u00e4 LieksU 23,43<\/p>\n<p>M17 Kiekko<br \/>\n1) Onni Hyrskyl\u00e4 LieksU 26,68<\/p>\n","protected":false},"excerpt":{"rendered":"<p>Junnukisat Lieksa 20.6.2024 T9 Kiekko 1) Minja Pekkanen LieksU 12,44 2) Valpuri N\u00e4s\u00e4nen LieksU 8,43 P11 Kiekko 1) Urho Hyrskyl\u00e4 LieksU 19,60 2) Severi N\u00e4s\u00e4nen LieksU 13,49 T11 Kiekko 1) Ronja Tarvainen LieksU 14,80 P13 Kiekko 1) Veikko Hyrskyl\u00e4 LieksU 23,43 M17 Kiekko 1) Onni Hyrskyl\u00e4 LieksU 26,68<\/p>\n","protected":false},"author":2,"featured_media":0,"parent":7060,"menu_order":9,"comment_status":"closed","ping_status":"closed","template":"","meta":{"footnotes":""},"categories":[7],"tags":[],"class_list":["post-7080","page","type-page","status-publish","hentry","category-tulokset"],"_links":{"self":[{"href":"https:\/\/www.lieksanurheilijat.com\/index.php?rest_route=\/wp\/v2\/pages\/7080","targetHints":{"allow":["GET"]}}],"collection":[{"href":"https:\/\/www.lieksanurheilijat.com\/index.php?rest_route=\/wp\/v2\/pages"}],"about":[{"href":"https:\/\/www.lieksanurheilijat.com\/index.php?rest_route=\/wp\/v2\/types\/page"}],"author":[{"embeddable":true,"href":"https:\/\/www.lieksanurheilijat.com\/index.php?rest_route=\/wp\/v2\/users\/2"}],"replies":[{"embeddable":true,"href":"https:\/\/www.lieksanurheilijat.com\/index.php?rest_route=%2Fwp%2Fv2%2Fcomments&post=7080"}],"version-history":[{"count":1,"href":"https:\/\/www.lieksanurheilijat.com\/index.php?rest_route=\/wp\/v2\/pages\/7080\/revisions"}],"predecessor-version":[{"id":7081,"href":"https:\/\/www.lieksanurheilijat.com\/index.php?rest_route=\/wp\/v2\/pages\/7080\/revisions\/7081"}],"up":[{"embeddable":true,"href":"https:\/\/www.lieksanurheilijat.com\/index.php?rest_route=\/wp\/v2\/pages\/7060"}],"wp:attachment":[{"href":"https:\/\/www.lieksanurheilijat.com\/index.php?rest_route=%2Fwp%2Fv2%2Fmedia&parent=7080"}],"wp:term":[{"taxonomy":"category","embeddable":true,"href":"https:\/\/www.lieksanurheilijat.com\/index.php?rest_route=%2Fwp%2Fv2%2Fcategories&post=7080"},{"taxonomy":"post_tag","embeddable":true,"href":"https:\/\/www.lieksanurheilijat.com\/index.php?rest_route=%2Fwp%2Fv2%2Ftags&post=7080"}],"curies":[{"name":"wp","href":"https:\/\/api.w.org\/{rel}","templated":true}]}}