{"id":7062,"date":"2024-05-23T21:58:35","date_gmt":"2024-05-23T18:58:35","guid":{"rendered":"https:\/\/www.lieksanurheilijat.com\/?page_id=7062"},"modified":"2024-05-23T22:00:16","modified_gmt":"2024-05-23T19:00:16","slug":"pkon-leikkimieliset-kesakisat","status":"publish","type":"page","link":"https:\/\/www.lieksanurheilijat.com\/?page_id=7062","title":{"rendered":"PKO:n leikkimieliset kes\u00e4kisat"},"content":{"rendered":"<p>PKO:n leikkimieliset kes\u00e4kisat, Lieksa 23.5.2024<\/p>\n<p><strong>Pojat alle 4v 40m<\/strong><br \/>\n1 Aatu V\u00e4yrynen 14,88<br \/>\n2 Aarne H\u00e4rk\u00f6nen 14,90<br \/>\n3 Tuukka Tiainen 15,76<br \/>\n4 Toivo Hollstr\u00f6m 17,27<br \/>\n5 Lauri K\u00e4rki 17,97<br \/>\n6 Paavo Martikainen 28,78<\/p>\n<p><strong>Pojat 5v 40m<\/strong><br \/>\n1 Junnu Tarvainen 10,07<br \/>\n2 Leevi Kilpinen 12,22<br \/>\n3 V\u00e4in\u00f6 Martikainen 12,48<\/p>\n<p><strong>Pojat 6v 40m<\/strong><br \/>\n1 Jaajo Tikka 9,29<br \/>\n2 Elmeri Ekholm 10,22<br \/>\n3 Aleksi Hiltunen 10,48<br \/>\n4 Lukas Reittu 10,83<br \/>\n5 Mikke Karppinen 11,80<br \/>\n6 Julius Turunen 48,43<\/p>\n<p><strong>Pojat 7v 40m<\/strong><br \/>\n1 Leevi K\u00e4rki 8,82<br \/>\n2 Daniil Suokas 9,01<br \/>\n3 Leevi Tarvainen 9,02<br \/>\n4 Toivo Heiskanen 9,89<br \/>\n5 Lenni Hiltunen 9,93<br \/>\n6 Emil Eronen 10,47<br \/>\n7 Eino Hyttinen 10,49<\/p>\n<p><strong>Pojat 8v 40m<\/strong><br \/>\n1 Veeti Sj\u00f6 8,07<br \/>\n2 Jimi Puumalainen 8,61<br \/>\n3 Jami Kontkanen 8,76<br \/>\n4 Santtu Ojala 8,80<br \/>\n5 Viljami Toivanen 11,05<\/p>\n<p><strong>Pojat 9v 60m<\/strong><br \/>\n1 Iivo Mikkonen 10,88<br \/>\n2 Lenni Ivanoff 11,50<br \/>\n3 Veeti K\u00e4rki 11,63<br \/>\n4 Immanuel den Hertog 12,53<br \/>\n5 Kasper Turunen 12,56<br \/>\n6 Jimi Tuohiniemi 16,35<\/p>\n<p><strong>Pojat 10v 60m<\/strong><br \/>\n1 Aapo K\u00e4rki 10,71<br \/>\n2 Peter Sychev 11,11<br \/>\n3 Jimi Kontkanen 11,53<\/p>\n<p><strong>Pojat 12v 60m<\/strong><br \/>\n1 Elias Pyykk\u00f6 9,71<\/p>\n<p><strong>Tyt\u00f6t alle 4v 40m<\/strong><br \/>\n1 Alma Keronen 11,79<br \/>\n2 Martta Tikka 11,90<br \/>\n3 Jade Valkendorff 12,89<br \/>\n4 Iida Heikkinen 12,92<br \/>\n5 Pihla Pehkonen 14,71<br \/>\n6 Veeta Pyykk\u00f6 15,46<br \/>\n7 Saimi Keronen 15,65<br \/>\n8 Valma P\u00e4\u00e4kk\u00f6nen 25,31<\/p>\n<p><strong>Tyt\u00f6t 5v 40m<\/strong><br \/>\n1 Inka Tiainen 10,05<br \/>\n2 Viivi Mikkonen 10,40<br \/>\n3 Iiris Ovaskainen 11,27<br \/>\n4 Meeri Turunen 11,39<br \/>\n5 Petra H\u00e4rk\u00f6nen 11,97<br \/>\n6 Katariina Sormunen 12,46<br \/>\n7 Elma Koivunmaa 12,47<\/p>\n<p><strong>Tyt\u00f6t 6v 40m<\/strong><br \/>\n1 Alma Kuosmanen 9,27<br \/>\n2 Jessica Kontkanen 9,36<br \/>\n3 Emilia Kastinen 9,95<br \/>\n4 Samira Parviainen 10,05<br \/>\n5 Miia Tamm 10,25<br \/>\n6 Elli Hyttinen 10,36<br \/>\n7 Emmi Ikonen 10,37<br \/>\n8 Inari Turunen 10,44<\/p>\n<p><strong>Tyt\u00f6t 7v 40m<\/strong><br \/>\n1 Kristina Rodionova 8,65<br \/>\n2 Lila Grund 9,26<br \/>\n3 Elle Turunen 9,55<br \/>\n4 Saimi Nevalainen 9,56<br \/>\n5 Liisi V\u00e4yrynen 9,70<br \/>\n6 Viivi K\u00e4rki 9,79<br \/>\n7 Elsi Ovaskainen 9,89<br \/>\n8 Emma Tiainen 9,90<br \/>\n9 Hippu Hankaniemi 10,60<\/p>\n<p><strong>Tyt\u00f6t 8v 40m<\/strong><br \/>\n1 Oili Justander 7,55<br \/>\n2 Pihla Hiltunen 8,03<br \/>\n3 Jasmina Becker 8,08<br \/>\n4 Varvara Abramova 8,70<br \/>\n5 Sofia Salmi 8,78<br \/>\n6 Sinea Hollstr\u00f6m 9,09<\/p>\n<p><strong>Tyt\u00f6t 9v 60m<\/strong><br \/>\n1 Minja Pekkanen 11,31<br \/>\n2 Maria Ronkainen 11,46<br \/>\n3 Miira Pyykk\u00f6 12,15<br \/>\n4 Verna Pyykk\u00f6 12,18<br \/>\n5 Elizaveta Soloviova 12,22<br \/>\n6 Aamu Ruotsalainen 12,37<br \/>\n7 Selma Nevalainen 12,64<\/p>\n<p><strong>Tyt\u00f6t 10v 60m<\/strong><br \/>\n1 Aada Tuononen 10,98<br \/>\n2 Ronja Tarvainen 11,01<br \/>\n3 Sansa Hollstr\u00f6m 12,14<\/p>\n<p><strong>Tyt\u00f6t 11v 60m<\/strong><br \/>\n1 Saima Becke 11,20<br \/>\n2 Maisa Itkonen 11,57<br \/>\n3 Milja Heikkinen 11,80<\/p>\n<p><strong>Tyt\u00f6t 12v 60m<\/strong><br \/>\n1 Iisa Sirvi\u00f6 10,14<br \/>\n2 Olivia den Hertog 10,84<\/p>\n<p><strong>Tyt\u00f6t 13v 60m<\/strong><br \/>\n1 Elsi P\u00e4ivelin 8,77<\/p>\n<p><strong>Pojat alle 4v pallo<\/strong><br \/>\n1 Lauri K\u00e4rki 3,30<br \/>\n2 Toivo Hollstr\u00f6m 3,23<br \/>\n3 Aatu V\u00e4yrynen 3,20<br \/>\n4 Aarne H\u00e4rk\u00f6nen 2,71<br \/>\n5 Eetu K\u00e4rkk\u00e4inen 2,51<br \/>\n6 Tuukka Tiainen 2,43<br \/>\n7 Paavo Martikainen 1,25<\/p>\n<p><strong>Pojat 5v pallo<\/strong><br \/>\n1 Lemmy Telinkangas 5,02<br \/>\n2 Junnu Tarvainen 4,35<br \/>\n3 Leevi Kilpinen 3,50<br \/>\n4 V\u00e4in\u00f6 Martikainen 2,12<\/p>\n<p><strong>Pojat 6v pallo<\/strong><br \/>\n1 Mikke Karppinen 10,08<br \/>\n2 Elmeri Ekholm 6,60<br \/>\n3 Aleksi Hiltunen 6,13<br \/>\n4 Lukas Reittu 5,65<br \/>\n5 Jaajo Tikka 4,05<br \/>\n6 Julius Turunen 3,37<\/p>\n<p><strong>Pojat 7v pallo<\/strong><br \/>\n1 Leevi K\u00e4rki 16,00<br \/>\n2 Leevi Tarvainen 10,93<br \/>\n3 Toivo Heiskanen 8,98<br \/>\n4 Lenni Hiltunen 8,76<br \/>\n5 Eino Hyttinen 6,22<\/p>\n<p><strong>Pojat 8v pallo<\/strong><br \/>\n1 Veeti Sj\u00f6 16,37<br \/>\n2 Jami Kontkanen 16,21<br \/>\n3 Daniil Suokas 12,00<br \/>\n4 Jimi Puumalainen 11,23<br \/>\n5 Viljami Toivanen 9,20<\/p>\n<p><strong>Pojat 9v pallo<\/strong><br \/>\n1 Veeti K\u00e4rki 30,03<br \/>\n2 Immanuel den Hertog 20,83<br \/>\n3 Iivo Mikkonen 18,90<br \/>\n4 Nooa Hiltunen 16,76<br \/>\n5 Kasper Turunen 16,53<br \/>\n6 Jimi Tuohiniemi 6,67<\/p>\n<p><strong>Pojat 10v pallo<\/strong><br \/>\n1 Aapo K\u00e4rki 31,42<br \/>\n2 Urho Hyrskyl\u00e4 29,86<br \/>\n3 Jimi Kontkanen 27,37<br \/>\n4 Peter Sychev 20,25<\/p>\n<p><strong>Pojat 12v pallo<\/strong><br \/>\n1 Elias Pyykk\u00f6 36,63<br \/>\n2 Veikko Hyrskyl\u00e4 32,26<\/p>\n<p><strong>Tyt\u00f6t 4v pallo<\/strong><br \/>\n1 Iida Heikkinen 3,84<br \/>\n2 Pihla Pehkonen 3,39<br \/>\n3 Martta Tikka 2,82<br \/>\n4 Jade Valkendorff 2,46<br \/>\n5 Veeta Pyykk\u00f6 2,42<br \/>\n6 Marilyn Telinkangas 2,38<br \/>\n7 Bea Tuononen 1,68<br \/>\n8 Valma P\u00e4\u00e4kk\u00f6nen 1,35<\/p>\n<p><strong>Tyt\u00f6t 5v pallo<\/strong><br \/>\n1 Petra H\u00e4rk\u00f6nen 6,88<br \/>\n2 Inka Tiainen 5,17<br \/>\n3 Elma Koivunmaa 4,58<br \/>\n4 Viivi Mikkonen 4,34<br \/>\n5 Iiris Ovaskainen 3,90<br \/>\n6 Katariina Sormunen 3,77<br \/>\n7 Meeri Turunen 3,72<br \/>\n8 Jemina \u00c5man 3,67<\/p>\n<p><strong>Tyt\u00f6t 6v pallo<\/strong><br \/>\n1 Miia Tamm 8,65<br \/>\n2 Emilia Kastinen 7,68<br \/>\n3 Alma Kuosmanen 7,38<br \/>\n4 Emmi Ikonen 7,27<br \/>\n5 Inari Turunen 6,97<br \/>\n6 Jessica Kontkanen 6,83<br \/>\n7 Samira Parviainen 6,20<br \/>\n8 Elli Hyttinen 4,21<br \/>\n9 Emilia \u00c5man 3,28<\/p>\n<p><strong>Tyt\u00f6t 7v pallo<\/strong><br \/>\n1 Emma Tiainen 10,28<br \/>\n2 Liisi V\u00e4yrynen 10,06<br \/>\n3 Kristina Rodionova 8,94<br \/>\n4 Elle Turunen 8,60<br \/>\n5 Viivi K\u00e4rki 7,68<br \/>\n6 Aini Pyykk\u00f6 7,26<br \/>\n7 Saimi Nevalainen 7,17<br \/>\n8 Lila Grund 7,10<br \/>\n9 Elsi Ovaskainen 7,02<br \/>\n10 Hippu Hankaniemi 5,82<\/p>\n<p><strong>Tyt\u00f6t 8v pallo<\/strong><br \/>\n1 Varvara Abramova 12,20<br \/>\n2 Oili Justander 11,60<br \/>\n3 Pihla Hiltunen 9,05<br \/>\n4 Sinea Hollstr\u00f6m 8,78<br \/>\n5 Sofia Salmi 8,22<\/p>\n<p><strong>Tyt\u00f6t 9v pallo<\/strong><br \/>\n1 Minja Pekkanen 14,56<br \/>\n2 Maria Ronkainen 13,93<br \/>\n3 Selma Nevalainen 13,08<br \/>\n4 Verna Pyykk\u00f6 12,11<br \/>\n5 Miira Pyykk\u00f6 11,57<br \/>\n6 Elizaveta Soloviova 6,69<\/p>\n<p><strong>Tyt\u00f6t 10v pallo<\/strong><br \/>\n1 Ronja Tarvainen 20,41<br \/>\n2 Sansa Hollstr\u00f6m 13,70<br \/>\n3 Iida Hakkarainen 11,52<\/p>\n<p><strong>Tyt\u00f6t 11v pallo<\/strong><br \/>\n1 Maisa Itkonen 15,75<br \/>\n2 Milja Heikkinen 15,52<\/p>\n<p><strong>Tyt\u00f6t 12v pallo<\/strong><br \/>\n1 Iisa Sirvi\u00f6 25,71<br \/>\n2 Olivia den Hertog 23,56<\/p>\n<p><strong>Tyt\u00f6t 13v pallo<\/strong><br \/>\n1 Sabina Schwartz 19,42<\/p>\n<p><strong>Pojat 10v keih\u00e4s<\/strong><br \/>\n1 Urho Hyrskyl\u00e4 22,48<\/p>\n<p><strong>Pojat 12v keih\u00e4s<\/strong><br \/>\n1 Veikko Hyrskyl\u00e4 22,78<\/p>\n<p><strong>Tyt\u00f6t 15v keih\u00e4s<\/strong><br \/>\n1 Maiju Saraniemi 37,35<\/p>\n","protected":false},"excerpt":{"rendered":"<p>PKO:n leikkimieliset kes\u00e4kisat, Lieksa 23.5.2024 Pojat alle 4v 40m 1 Aatu V\u00e4yrynen 14,88 2 Aarne H\u00e4rk\u00f6nen 14,90 3 Tuukka Tiainen 15,76 4 Toivo Hollstr\u00f6m 17,27 5 Lauri K\u00e4rki 17,97 6 Paavo Martikainen 28,78 Pojat 5v 40m 1 Junnu Tarvainen 10,07 2 Leevi Kilpinen 12,22 3 V\u00e4in\u00f6 Martikainen 12,48 Pojat 6v &hellip;<\/p>\n","protected":false},"author":2,"featured_media":0,"parent":7060,"menu_order":11,"comment_status":"closed","ping_status":"closed","template":"","meta":{"footnotes":""},"categories":[],"tags":[],"class_list":["post-7062","page","type-page","status-publish","hentry"],"_links":{"self":[{"href":"https:\/\/www.lieksanurheilijat.com\/index.php?rest_route=\/wp\/v2\/pages\/7062","targetHints":{"allow":["GET"]}}],"collection":[{"href":"https:\/\/www.lieksanurheilijat.com\/index.php?rest_route=\/wp\/v2\/pages"}],"about":[{"href":"https:\/\/www.lieksanurheilijat.com\/index.php?rest_route=\/wp\/v2\/types\/page"}],"author":[{"embeddable":true,"href":"https:\/\/www.lieksanurheilijat.com\/index.php?rest_route=\/wp\/v2\/users\/2"}],"replies":[{"embeddable":true,"href":"https:\/\/www.lieksanurheilijat.com\/index.php?rest_route=%2Fwp%2Fv2%2Fcomments&post=7062"}],"version-history":[{"count":3,"href":"https:\/\/www.lieksanurheilijat.com\/index.php?rest_route=\/wp\/v2\/pages\/7062\/revisions"}],"predecessor-version":[{"id":7065,"href":"https:\/\/www.lieksanurheilijat.com\/index.php?rest_route=\/wp\/v2\/pages\/7062\/revisions\/7065"}],"up":[{"embeddable":true,"href":"https:\/\/www.lieksanurheilijat.com\/index.php?rest_route=\/wp\/v2\/pages\/7060"}],"wp:attachment":[{"href":"https:\/\/www.lieksanurheilijat.com\/index.php?rest_route=%2Fwp%2Fv2%2Fmedia&parent=7062"}],"wp:term":[{"taxonomy":"category","embeddable":true,"href":"https:\/\/www.lieksanurheilijat.com\/index.php?rest_route=%2Fwp%2Fv2%2Fcategories&post=7062"},{"taxonomy":"post_tag","embeddable":true,"href":"https:\/\/www.lieksanurheilijat.com\/index.php?rest_route=%2Fwp%2Fv2%2Ftags&post=7062"}],"curies":[{"name":"wp","href":"https:\/\/api.w.org\/{rel}","templated":true}]}}