{"id":7058,"date":"2024-05-19T21:54:07","date_gmt":"2024-05-19T18:54:07","guid":{"rendered":"https:\/\/www.lieksanurheilijat.com\/?page_id=7058"},"modified":"2024-05-23T21:54:39","modified_gmt":"2024-05-23T18:54:39","slug":"sittalammen-ymparijuoksu-19-5-2024","status":"publish","type":"page","link":"https:\/\/www.lieksanurheilijat.com\/?page_id=7058","title":{"rendered":"Sittalammen Ymp\u00e4rijuoksu 19.5.2024"},"content":{"rendered":"<p>23. Sittalammen Ymp\u00e4rijuoksu 19.5.2024<\/p>\n<p>Tyt\u00f6t 7v 300m<br \/>\n1 Viivi Mikkonen 1.37<\/p>\n<p>Pojat 7v 300m<br \/>\n1 Luukas Reittu 1.42<\/p>\n<p>Tyt\u00f6t 8v 600m<br \/>\n1 Oili Justander 2.43<br \/>\n2 Anni Justander 3.00<\/p>\n<p>Pojat 9v 600m<br \/>\n1 Iivo Mikkonen 2.44<\/p>\n<p>Pojat 11v 700m<br \/>\n1 Joni Justander 3.27<\/p>\n<p>Pojat 15v 1400m<br \/>\n1 Jimi Ahvenainen 6.28<br \/>\n2 Eppu Ahvenainen 6.35<\/p>\n<p>Miehet 1400m<br \/>\n1 Janne Reittu 6.01<br \/>\n2 Tomi Justander 7.16<\/p>\n","protected":false},"excerpt":{"rendered":"<p>23. Sittalammen Ymp\u00e4rijuoksu 19.5.2024 Tyt\u00f6t 7v 300m 1 Viivi Mikkonen 1.37 Pojat 7v 300m 1 Luukas Reittu 1.42 Tyt\u00f6t 8v 600m 1 Oili Justander 2.43 2 Anni Justander 3.00 Pojat 9v 600m 1 Iivo Mikkonen 2.44 Pojat 11v 700m 1 Joni Justander 3.27 Pojat 15v 1400m 1 Jimi Ahvenainen 6.28 &hellip;<\/p>\n","protected":false},"author":2,"featured_media":0,"parent":7017,"menu_order":1,"comment_status":"closed","ping_status":"closed","template":"","meta":{"footnotes":""},"categories":[7],"tags":[],"class_list":["post-7058","page","type-page","status-publish","hentry","category-tulokset"],"_links":{"self":[{"href":"https:\/\/www.lieksanurheilijat.com\/index.php?rest_route=\/wp\/v2\/pages\/7058","targetHints":{"allow":["GET"]}}],"collection":[{"href":"https:\/\/www.lieksanurheilijat.com\/index.php?rest_route=\/wp\/v2\/pages"}],"about":[{"href":"https:\/\/www.lieksanurheilijat.com\/index.php?rest_route=\/wp\/v2\/types\/page"}],"author":[{"embeddable":true,"href":"https:\/\/www.lieksanurheilijat.com\/index.php?rest_route=\/wp\/v2\/users\/2"}],"replies":[{"embeddable":true,"href":"https:\/\/www.lieksanurheilijat.com\/index.php?rest_route=%2Fwp%2Fv2%2Fcomments&post=7058"}],"version-history":[{"count":1,"href":"https:\/\/www.lieksanurheilijat.com\/index.php?rest_route=\/wp\/v2\/pages\/7058\/revisions"}],"predecessor-version":[{"id":7059,"href":"https:\/\/www.lieksanurheilijat.com\/index.php?rest_route=\/wp\/v2\/pages\/7058\/revisions\/7059"}],"up":[{"embeddable":true,"href":"https:\/\/www.lieksanurheilijat.com\/index.php?rest_route=\/wp\/v2\/pages\/7017"}],"wp:attachment":[{"href":"https:\/\/www.lieksanurheilijat.com\/index.php?rest_route=%2Fwp%2Fv2%2Fmedia&parent=7058"}],"wp:term":[{"taxonomy":"category","embeddable":true,"href":"https:\/\/www.lieksanurheilijat.com\/index.php?rest_route=%2Fwp%2Fv2%2Fcategories&post=7058"},{"taxonomy":"post_tag","embeddable":true,"href":"https:\/\/www.lieksanurheilijat.com\/index.php?rest_route=%2Fwp%2Fv2%2Ftags&post=7058"}],"curies":[{"name":"wp","href":"https:\/\/api.w.org\/{rel}","templated":true}]}}