{"id":7019,"date":"2023-05-25T13:30:17","date_gmt":"2023-05-25T10:30:17","guid":{"rendered":"https:\/\/www.lieksanurheilijat.com\/?page_id=7019"},"modified":"2023-05-28T09:28:05","modified_gmt":"2023-05-28T06:28:05","slug":"pkon-lasten-leikkimieliset-kesakisat","status":"publish","type":"page","link":"https:\/\/www.lieksanurheilijat.com\/?page_id=7019","title":{"rendered":"PKO:n Lasten Leikkimieliset Kes\u00e4kisat"},"content":{"rendered":"<p>PKO:n Lasten Leikkimieliset Kes\u00e4kisat<\/p>\n<p>Lieksa 24.5.2023<\/p>\n<p><strong>40m juoksu<\/strong><br \/>\nPojat alle 4v<br \/>\n1 Veeti Lehikoinen 13,26<br \/>\n2 V\u00e4in\u00f6 Muikku 13,46<br \/>\n3 Jeremias Nevalainen 14,29<br \/>\n4 Iivari Martikainen 14,39<br \/>\n5 Juuso Finnig 18,49<br \/>\n6 Toivo Hollstr\u00f6m 19,07<br \/>\n7 Kristian Kaiholehto 21,01<br \/>\n8 Eeli Andersson 41,58<br \/>\n9 Junnu Tarvainen 44,98<\/p>\n<p>Tyt\u00f6t alle 4v<br \/>\n1 Viivi Mikkonen 11,46<br \/>\n2 Jadessa Jormanainen 12,79<br \/>\n3 Anna Turunen 13,13<br \/>\n4 Martta Tikka 13,51<br \/>\n5 Enni H\u00e4rk\u00f6nen 13,58<br \/>\n6 Iiris Ovaskainen 13,76<br \/>\n7 Petra H\u00e4rk\u00f6nen 14,65<br \/>\n8 Bea Tuononen 15,27<br \/>\n9 Eevi Hiltunen 17,42<br \/>\n10 Pihla Pehkonen 18,25<\/p>\n<p>Pojat 5v<br \/>\n1 Aapo Kiiskinen 9,86<br \/>\n2 Eemeli Naumanen 9,87<br \/>\n3 Jaajo Tikka 10,13<br \/>\n4 Lukas Reittu 11,37<br \/>\n5 Vili Jormanainen 11,39<br \/>\n6 Niklas Hupli 11,50<br \/>\n7 Milo Oinonen 11,53<br \/>\n8 Dennis 12,80<br \/>\n9 Sakke Nevalainen 13,09<br \/>\n10 Juhani Lehtovaara 13,22<br \/>\n11 Rami al Battawi 15,25<br \/>\n12 Leevi Pursiainen 17,01<\/p>\n<p>Tyt\u00f6t 5v<br \/>\n1 Milja Sutinen 10,37<br \/>\n2 Alma Kuosmanen 11,33<br \/>\n3 Kerttu Turunen 11,55<br \/>\n4 Emmi Ikonen 11,60<br \/>\n5 Vilha Pekkanen 11,63<br \/>\n6 Samira Parviainen 11,75<br \/>\n7 Viivi Andersson 11,89<br \/>\n8 Inari Turunen 12,28<br \/>\n9 Elli Hyttinen 13,89<br \/>\n10 Mette Vallius 13,93<\/p>\n<p>Pojat 6v<br \/>\n1 Leevi Tarvainen 9,32<br \/>\n2 Gabriel Ronkainen 9,79<br \/>\n3 Leevi K\u00e4rki 9,82<br \/>\n4 Toivo Heiskanen 9,83<br \/>\n5 Eino Vallius 9,86<br \/>\n6 Valle Kilpel\u00e4inen 10,08<br \/>\n7 Sauli Simanainen 10,22<br \/>\n8 Jasper Nevalainen 10,51<br \/>\n9 Kristian Karvonen 10,68<br \/>\n10 Jaakko Turunen 11,47<br \/>\n11 Eino Hyttinen 12,56<\/p>\n<p>Tyt\u00f6t 6v<br \/>\n1 Hilda Niskanen 8,90<br \/>\n2 Kristina Rodionova 9,49<br \/>\n3 Ilona Martikainen 9,77<br \/>\n4 Janni Hiltunen 9,93<br \/>\n5 Peppiina H\u00e4rk\u00f6nen 10,01<br \/>\n6 Saimi Nevalainen 10,14<br \/>\n7 Elsi Ovaskainen 10,90<br \/>\n8 Elle Turunen 11,03<br \/>\n9 Hippu Hankaniemi 13,25<\/p>\n<p>Pojat 7v<br \/>\n1 Julius Tanskanen 8,24<br \/>\n2 Veeti Sj\u00f6 8,36<br \/>\n3 Daniil Suokas 8,89<br \/>\n4 Daniel Schwartz 9,02<br \/>\n5 Jimi Puumalainen 9,34<br \/>\n6 V\u00e4in\u00f6 Parikka 9,89<br \/>\n7 Daniel Partanen 10,45<br \/>\n8 Viljami Toivanen 10,92<\/p>\n<p>Tyt\u00f6t 7v<br \/>\n1 Oili Justander 8,45<br \/>\n2 Siru Sutinen 9,52<br \/>\n3 Eveliina H\u00e4rk\u00f6nen 9,73<br \/>\n4 Aada Vallius 10,53<br \/>\n5 Sinea Hollstr\u00f6m 10,85<br \/>\n6 Minea H\u00f6gn\u00e4s 12,38<\/p>\n<p>Pojat 8v<br \/>\n1 Lenni Ivanoff 8,32<br \/>\n2 Iivo Mikkonen 8,43<br \/>\n3 Olavi Vallius 8,48<br \/>\n4 Niklas Mutikainen 8,60<br \/>\n5 Veeti K\u00e4rki 8,64<br \/>\n6 Nuutti Parikka 9,15<br \/>\n7 Jimi Tuohiniemi 10,39<\/p>\n<p>Tyt\u00f6t 8v<br \/>\n1 Minja Pekkanen 7,77<br \/>\n2 Maria Ronkainen 8,18<br \/>\n3 Miira Pyykk\u00f6 8,55<br \/>\n4 Verna Pyykk\u00f6 8,92<br \/>\n5 Kristina Zakopailo 8,93<br \/>\n6 Aamu Ruotsalainen 8,96<br \/>\n7 Selma Nevalainen 8,98<br \/>\n8 Maiju Oinonen 9,10<br \/>\n9 Sanna Simanainen 9,12<br \/>\n10 Emmi Toivanen 9,98<\/p>\n<p><strong>60m juoksu<\/strong><\/p>\n<p>Pojat 9v<br \/>\n1 Jimmy Kiiskinen 10,65<br \/>\n2 Aapo K\u00e4rki 10,96<br \/>\n3 Julius Kaiholehto 10,97<br \/>\n4 Samu Ojala 11,61<br \/>\n5 Peter Sychev 11,65<br \/>\n6 Veikko Kilpel\u00e4inen 11,69<br \/>\n7 Eetu Leinonen 12,24<br \/>\n8 Oula Sirvi\u00f6 12,26<br \/>\n9 Urho Hyrskyl\u00e4 12,26<br \/>\n10 Mikael Ronkainen 12,28<br \/>\n11 Niki H\u00e4rk\u00f6nen 13,47<\/p>\n<p>Tyt\u00f6t 9v<br \/>\n1 Elle Kuosmanen 11,35<br \/>\n2 Ronja Tarvainen 11,71<br \/>\n3 Saana Kiiskinen 11,73<br \/>\n4 Oona Heikkinen 11,88<br \/>\n5 Jessica Kiiskinen 12,30<br \/>\n6 Sansa Hollstr\u00f6m 12,66<\/p>\n<p>Pojat 10v<br \/>\n1 Joni Justander 10,37<br \/>\n2 Joose H\u00e4rk\u00f6nen 10,82<\/p>\n<p>Tyt\u00f6t 10v<br \/>\n1 Iiris P\u00e4ivelin 10,80<\/p>\n<p>Pojat 11v<br \/>\n1 Otso Heikkinen 10,95<br \/>\n2 Antto Kuosmanen 10,99<br \/>\n3 Veikko Hyrskyl\u00e4 12,25<\/p>\n<p>Tyt\u00f6t 11v<br \/>\n1 Iisa Sirvi\u00f6 10,13<br \/>\n2 Ronja K\u00e4rkk\u00e4inen 10,24<br \/>\n3 Jade Vacklin 11,45<br \/>\n4 Nea Muikku 11,62<br \/>\n5 Anni Pirinen 11,91<br \/>\n6 Laura Turpeinen 12,70<\/p>\n<p>Tyt\u00f6t 12v<br \/>\n1 Elsi P\u00e4ivelin 9,36<br \/>\n2 Olivia Koskimies 9,79<br \/>\n3 Sabina Schwartz 11,07<br \/>\n4 Elina Muikku 11,45<\/p>\n<p><strong>Pallonheitto<\/strong><\/p>\n<p>Pojat alle 4v<br \/>\n1 V\u00e4in\u00f6 Muikku 3,85<br \/>\n2 Iivari Martikainen 3,84<br \/>\n3 Junnu Tarvainen 3,77<br \/>\n4 Jeremias Nevalainen 3,53<br \/>\n5 Veeti Lehikoinen 3,15<br \/>\n6 Toivo Hollstr\u00f6m 2,65<br \/>\n7 Juuso Finnig 2,45<br \/>\n8 Eeli Andersson 0,85<\/p>\n<p>Tyt\u00f6t alle 4v<br \/>\n1 Viivi Mikkonen 4,70<br \/>\n2 Jadessa Jormanainen 3,37<br \/>\n3 Anna Turunen 3,05<br \/>\n4 Iiris Ovaskainen 2,66<br \/>\n5 Petra H\u00e4rk\u00f6nen 2,30<br \/>\n6 Lila Oinonen 2,10<br \/>\n7 Pihla Pehkonen 1,95<br \/>\n8 Bea Tuononen 1,83<br \/>\n9 Martta Tikka 1,50<br \/>\n10 Eevi Hiltunen 0,92<br \/>\n11 Valma P\u00e4\u00e4kk\u00f6nen 0,33<\/p>\n<p>Pojat 5v<br \/>\n1 Eemeli Naumanen 8,60<br \/>\n2 Niklas Hupli 7,97<br \/>\n3 Milo Oinonen 6,27<br \/>\n4 Juhani Lehtovaara 5,78<br \/>\n5 Vili Jormanainen 5,45<br \/>\n6 Aapo Kiiskinen 5,30<br \/>\n7 Jaajo Tikka 5,01<br \/>\n8 Lukas Reittu 4,54<br \/>\n9 Sakke Nevalainen 4,20<br \/>\n10 Leevi Pursiainen 3,38<\/p>\n<p>Tyt\u00f6t 5v<br \/>\n1 Emmi Ikonen 5,90<br \/>\n2 Samira Parviainen 5,05<br \/>\n3 Milja Sutinen 4,74<br \/>\n4 Inari Turunen 4,58<br \/>\n5 Viivi Andersson 4,53<br \/>\n6 Kerttu Turunen 4,40<br \/>\n7 Alma Kuosmanen 4,03<br \/>\n8 Vilha Pekkanen 3,85<br \/>\n9 Elli Hyttinen 3,30<br \/>\n10 Mette Vallius 2,95<\/p>\n<p>Pojat 6v<br \/>\n1 Leevi K\u00e4rki 9,65<br \/>\n2 Leevi Tarvainen 8,85<br \/>\n3 Gabriel Ronkainen 8,60<br \/>\n4 Kristian Karvonen 8,60<br \/>\n5 Eino Hyttinen 7,70<br \/>\n6 Jasper Nevalainen 7,17<br \/>\n7 Eino Vallius 5,35<br \/>\n8 Sauli Simanainen 5,30<br \/>\n9 Toivo Heiskanen 4,70<br \/>\n10 Jaakko Turunen 3,28<\/p>\n<p>Tyt\u00f6t 6v<br \/>\n1 Kristina Rodionova 7,43<br \/>\n2 Saimi Nevalainen 6,67<br \/>\n3 Elle Turunen 6,15<br \/>\n4 Peppiina H\u00e4rk\u00f6nen 5,93<br \/>\n5 Ilona Martikainen 5,90<br \/>\n6 Elsi Ovaskainen 4,90<br \/>\n7 Aini Pyykk\u00f6 4,20<br \/>\n8 Janni Hiltunen 3,97<br \/>\n9 Hippu Hankaniemi 3,70<\/p>\n<p>Pojat 7v<br \/>\n1 Julius Tanskanen 15,21<br \/>\n2 V\u00e4in\u00f6 Parikka 11,38<br \/>\n3 Veeti Sj\u00f6 11,15<br \/>\n4 Jimi Puumalainen 9,30<\/p>\n<p>Tyt\u00f6t 7v<br \/>\n1 Oili Justander 13,35<br \/>\n2 Sabrina Oinonen 10,88<br \/>\n3 Siru Sutinen 9,30<br \/>\n4 Sinea Hollstr\u00f6m 9,25<br \/>\n5 Aada Vallius 8,05<br \/>\n6 Eveliina H\u00e4rk\u00f6nen 6,43<br \/>\n7 Minea H\u00f6gn\u00e4s 5,20<\/p>\n<p>Pojat 8v<br \/>\n1 Niklas Mutikainen 26,32<br \/>\n2 Olavi Vallius 18,30<br \/>\n3 Veeti K\u00e4rki 17,88<br \/>\n4 Iivo Mikkonen 10,82<br \/>\n5 Lenni Ivanoff 8,80<br \/>\n6 Nuutti Parikka 6,88<br \/>\n7 Jimi Tuohiniemi 5,95<\/p>\n<p>Tyt\u00f6t 8v<br \/>\n1 Hilda Niskanen 15,45<br \/>\n2 Emmi Toivanen 13,60<br \/>\n3 Maiju Oinonen 12,85<br \/>\n4 Verna Pyykk\u00f6 12,78<br \/>\n5 Miira Pyykk\u00f6 12,55<br \/>\n6 Minja Pekkanen 11,45<br \/>\n7 Maria Ronkainen 10,95<br \/>\n8 Kristina Zakopailo 8,70<br \/>\n9 Sanna Simanainen 7,50<br \/>\n10 Neea Lepp\u00e4nen 6,80<\/p>\n<p>Pojat 9v<br \/>\n1 Aapo K\u00e4rki 33,10<br \/>\n2 Julius Kaiholehto 26,91<br \/>\n3 Urho Hyrskyl\u00e4 26,62<br \/>\n4 Samu Ojala 21,57<br \/>\n5 Peter Sychev 20,44<br \/>\n6 Jimmy Kiiskinen 18,77<br \/>\n7 Mikael Ronkainen 18,35<br \/>\n8 Saku Turunen 17,35<br \/>\n9 Niki H\u00e4rk\u00f6nen 15,50<br \/>\n10 Eetu Leinonen 14,15<br \/>\n11 Oula Sirvi\u00f6 12,63<\/p>\n<p>Tyt\u00f6t 9v<br \/>\n1 Elle Kuosmanen 19,28<br \/>\n2 Saana Kiiskinen 18,92<br \/>\n3 Ronja Tarvainen 18,85<br \/>\n4 Aada Tuononen 14,92<br \/>\n5 Jessica Kiiskinen 10,81<br \/>\n6 Sansa Hollstr\u00f6m 10,77<br \/>\n7 Oona Heikkinen 10,70<\/p>\n<p>Pojat 10v<br \/>\n1 Joni Justander 27,20<br \/>\n2 Joose H\u00e4rk\u00f6nen 25,40<br \/>\n3 Roope Rissanen 19,51<br \/>\n4 Onni Koskimies 17,29<br \/>\n5 Veeti Tollet 12,10<\/p>\n<p>Tyt\u00f6t 10v<br \/>\n1 Iiris P\u00e4ivelin 20,90<\/p>\n<p>Pojat 11v<br \/>\n1 Veikko Hyrskyl\u00e4 38,45<br \/>\n2 Antto Kuosmanen 27,35<br \/>\n3 Otso Heikkinen 20,88<br \/>\n4 Joona Syrj\u00e4l\u00e4inen 20,17<\/p>\n<p>Tyt\u00f6t 11v<br \/>\n1 Iisa Sirvi\u00f6 20,75<br \/>\n2 Jade Vacklin 17,50<br \/>\n3 Anni Pirinen 17,00<br \/>\n4 Ronja K\u00e4rkk\u00e4inen 16,38<\/p>\n<p>Pojat 12v<br \/>\n1 Juha Tanskanen 19,82<\/p>\n<p>Tyt\u00f6t 12v<br \/>\n1 Elsi P\u00e4ivelin 19,88<br \/>\n2 Olivia Koskimies 19,75<br \/>\n3 Sabina Schwartz 19,30<\/p>\n<p><strong>Keih\u00e4s<\/strong><\/p>\n<p>P15 Keih\u00e4s<br \/>\n1 Onni Ohvanainen Pyh\u00e4sel\u00e4n Urheilijat 51,12<br \/>\n2 Onni Hyrskyl\u00e4 46,63<\/p>\n<p>T15 Keih\u00e4s<br \/>\n1 Maiju Saraniemi 35,13<\/p>\n","protected":false},"excerpt":{"rendered":"<p>PKO:n Lasten Leikkimieliset Kes\u00e4kisat Lieksa 24.5.2023 40m juoksu Pojat alle 4v 1 Veeti Lehikoinen 13,26 2 V\u00e4in\u00f6 Muikku 13,46 3 Jeremias Nevalainen 14,29 4 Iivari Martikainen 14,39 5 Juuso Finnig 18,49 6 Toivo Hollstr\u00f6m 19,07 7 Kristian Kaiholehto 21,01 8 Eeli Andersson 41,58 9 Junnu Tarvainen 44,98 Tyt\u00f6t alle 4v &hellip;<\/p>\n","protected":false},"author":2,"featured_media":0,"parent":7017,"menu_order":2,"comment_status":"closed","ping_status":"closed","template":"","meta":{"footnotes":""},"categories":[],"tags":[],"class_list":["post-7019","page","type-page","status-publish","hentry"],"_links":{"self":[{"href":"https:\/\/www.lieksanurheilijat.com\/index.php?rest_route=\/wp\/v2\/pages\/7019","targetHints":{"allow":["GET"]}}],"collection":[{"href":"https:\/\/www.lieksanurheilijat.com\/index.php?rest_route=\/wp\/v2\/pages"}],"about":[{"href":"https:\/\/www.lieksanurheilijat.com\/index.php?rest_route=\/wp\/v2\/types\/page"}],"author":[{"embeddable":true,"href":"https:\/\/www.lieksanurheilijat.com\/index.php?rest_route=\/wp\/v2\/users\/2"}],"replies":[{"embeddable":true,"href":"https:\/\/www.lieksanurheilijat.com\/index.php?rest_route=%2Fwp%2Fv2%2Fcomments&post=7019"}],"version-history":[{"count":4,"href":"https:\/\/www.lieksanurheilijat.com\/index.php?rest_route=\/wp\/v2\/pages\/7019\/revisions"}],"predecessor-version":[{"id":7025,"href":"https:\/\/www.lieksanurheilijat.com\/index.php?rest_route=\/wp\/v2\/pages\/7019\/revisions\/7025"}],"up":[{"embeddable":true,"href":"https:\/\/www.lieksanurheilijat.com\/index.php?rest_route=\/wp\/v2\/pages\/7017"}],"wp:attachment":[{"href":"https:\/\/www.lieksanurheilijat.com\/index.php?rest_route=%2Fwp%2Fv2%2Fmedia&parent=7019"}],"wp:term":[{"taxonomy":"category","embeddable":true,"href":"https:\/\/www.lieksanurheilijat.com\/index.php?rest_route=%2Fwp%2Fv2%2Fcategories&post=7019"},{"taxonomy":"post_tag","embeddable":true,"href":"https:\/\/www.lieksanurheilijat.com\/index.php?rest_route=%2Fwp%2Fv2%2Ftags&post=7019"}],"curies":[{"name":"wp","href":"https:\/\/api.w.org\/{rel}","templated":true}]}}