{"id":6989,"date":"2022-09-21T13:20:27","date_gmt":"2022-09-21T10:20:27","guid":{"rendered":"https:\/\/www.lieksanurheilijat.com\/?page_id=6989"},"modified":"2022-09-21T13:23:00","modified_gmt":"2022-09-21T10:23:00","slug":"koululaiskisat-21-9-2022","status":"publish","type":"page","link":"https:\/\/www.lieksanurheilijat.com\/?page_id=6989","title":{"rendered":"Koululaiskisat 21.9.2022"},"content":{"rendered":"<p>Lieksan koululaiskisat<\/p>\n<p>21.9.2022<\/p>\n<p>Tyt\u00f6t 8v 40m<br \/>\nLoppukilpailu<br \/>\n1 Minja Pekkanen Rantala 7,90<br \/>\n2 Elle Kuosmanen Rantala 7,96<br \/>\n3 Hilla K\u00e4rki Keskuskoulu 8,04<br \/>\n4 Saana Kiiskinen Rantala 8,13<br \/>\n5 Oona Heikkinen Rantala 8,40<br \/>\n6 Kerttu K\u00e4rki Keskuskoulu 8,59<\/p>\n<p>Alkuer\u00e4t<br \/>\n1 Minja Pekkanen Rantala 7,86<br \/>\n2 Elle Kuosmanen Rantala 8,04<br \/>\n3 Saana Kiiskinen Rantala 8,15<br \/>\n4 Kerttu K\u00e4rki Keskuskoulu 8,37<br \/>\n5 Hilla K\u00e4rki Keskuskoulu 8,37<br \/>\n6 Oona Heikkinen Rantala 8,40<br \/>\n7 Samrwit Michele Kesete Rantala 8,40<br \/>\n8 Ronja Tarvainen Keskuskoulu 8,47<br \/>\n9 Maria Ronkainen Keskuskoulu 8,58<br \/>\n10 Hilda Niskanen Rantala 8,67<br \/>\n11 Jenny Vartiainen Keskuskoulu 8,69<br \/>\n12 Milka Kuutsuo Keskuskoulu 8,71<br \/>\n13 Miira Pyykk\u00f6 Keskuskoulu 8,71<br \/>\n14 Ella-Riina Hiltunen Rantala 8,77<br \/>\n15 Minea Koikkalainen Keskuskoulu 8,83<br \/>\n16 Fatima Beldarova Keskuskoulu 8,86<br \/>\n17 Selma Nevalainen Keskuskoulu 9,03<br \/>\n18 Aamu Ruotsalainen Keskuskoulu 9,04<br \/>\n19 Neea Lepp\u00e4nen Keskuskoulu 9,11<br \/>\n20 Emmi Kiiskinen Keskuskoulu 9,21<br \/>\n21 Enni M\u00e4kinen Keskuskoulu 9,46<br \/>\n22 Emilia Hyt\u00f6nen Keskuskoulu 9,96<br \/>\n23 Sansa Hollstr\u00f6m Keskuskoulu 10,06<br \/>\n24 Lotta Kiiskinen Keskuskoulu 10,20<br \/>\n25 Sanna Simanainen Keskuskoulu 10,26<br \/>\n26 Sylvi Kansala Keskuskoulu 10,40<br \/>\n27 Muzit Teklom Girmatsion Rantala 12,96<\/p>\n<p>Tyt\u00f6t 8v pallo<br \/>\n1 Ronja Tarvainen Keskuskoulu 15,90<br \/>\n2 Saana Kiiskinen Rantala 14,80<br \/>\n3 Elle Kuosmanen Rantala 13,87<br \/>\n4 Muzit Teklom Girmatsion Rantala 13,52<br \/>\n5 Minja Pekkanen Rantala 13,03<br \/>\n6 Maria Ronkainen Keskuskoulu 12,13<br \/>\n7 Miira Pyykk\u00f6 Keskuskoulu 11,12<br \/>\n8 Lotta Kiiskinen Keskuskoulu 10,73<br \/>\n9 Hilda Niskanen Rantala 10,67<br \/>\n10 Milka Kuutsuo Keskuskoulu 10,40<br \/>\n11 Minea Koikkalainen Keskuskoulu 10,25<br \/>\n12 Jenny Vartiainen Keskuskoulu 9,80<br \/>\n13 Oona Heikkinen Rantala 9,65<br \/>\n14 Kerttu K\u00e4rki Keskuskoulu 8,85<br \/>\n14 Ella-Riina Hiltunen Rantala 8,85<br \/>\n16 Samrwit Michele Kesete Rantala 8,81<br \/>\n17 Sylvi Kansala Keskuskoulu 8,74<br \/>\n18 Aamu Ruotsalainen Keskuskoulu 8,45<br \/>\n19 Hilla K\u00e4rki Keskuskoulu 8,45<br \/>\n20 Sansa Hollstr\u00f6m Keskuskoulu 8,37<br \/>\n21 Emmi Kiiskinen Keskuskoulu 8,35<br \/>\n22 Enni M\u00e4kinen Keskuskoulu 7,89<br \/>\n23 Neea Lepp\u00e4nen Keskuskoulu 7,03<br \/>\n24 Emilia Hyt\u00f6nen Keskuskoulu 7,00<br \/>\n25 Selma Nevalainen Keskuskoulu 6,23<br \/>\n26 Sanna Simanainen Keskuskoulu 3,55<\/p>\n<p>Pojat 8v 40m<br \/>\nLoppukilpailu<br \/>\n1 Eemeli Harjunen Rantala 7,71<br \/>\n2 Maks Kempas Keskuskoulu 7,80<br \/>\n3 Jimmy Kiiskinen Keskuskoulu 7,88<br \/>\n4 Saku Turunen Keskuskoulu 8,13<br \/>\n5 Lukas Rissanen Rantala 8,41<br \/>\n6 Aapo K\u00e4rki Rantala 8,41<\/p>\n<p>Alkuer\u00e4t<br \/>\n1 Jimmy Kiiskinen Keskuskoulu 7,72<br \/>\n2 Maks Kempas Keskuskoulu 7,73<br \/>\n3 Eemeli Harjunen Rantala 7,97<br \/>\n4 Lukas Rissanen Rantala 8,13<br \/>\n5 Aapo K\u00e4rki Rantala 8,13<br \/>\n6 Saku Turunen Keskuskoulu 8,27<br \/>\n7 Oula Sirvi\u00f6 Keskuskoulu 8,44<br \/>\n8 Iivo Mikkonen Keskuskoulu 8,49<br \/>\n9 Iivo Karjunen Keskuskoulu 8,60<br \/>\n10 Urho Hyrskyl\u00e4 Rantala 8,69<br \/>\n11 Oliver Pyykk\u00f6 Rantala 8,73<br \/>\n12 Eetu Lihavainen Rantala 8,73<br \/>\n13 Harri Piirainen Keskuskoulu 8,84<br \/>\n14 Oliver Vitri Rantala 8,87<br \/>\n15 Petr Sychev Keskuskoulu 8,97<br \/>\n16 Niklas Mutikainen Rantala 9,22<br \/>\n17 Olavi Vallius Keskuskoulu 9,31<br \/>\n18 Sulo Nevalainen Rantala 9,94<br \/>\n19 Mico Saarelainen Keskuskoulu 10,40<br \/>\n20 Ahmet Ediz Rantala 10,48<br \/>\n21 Lenni Allonen Keskuskoulu 10,81<br \/>\n22 Oula Turunen Keskuskoulu 11,43<\/p>\n<p>Pojat 8v pallo<br \/>\n1 Urho Hyrskyl\u00e4 Rantala 25,22<br \/>\n2 Aapo K\u00e4rki Rantala 22,37<br \/>\n3 Jimmy Kiiskinen Keskuskoulu 19,25<br \/>\n4 Petr Sychev Keskuskoulu 19,00<br \/>\n5 Lukas Rissanen Rantala 18,55<br \/>\n6 Iivo Karjunen Keskuskoulu 17,82<br \/>\n7 Maks Kempas Keskuskoulu 17,40<br \/>\n8 Eemeli Harjunen Rantala 17,20<br \/>\n9 Mico Saarelainen Keskuskoulu 15,70<br \/>\n10 Saku Turunen Keskuskoulu 15,61<br \/>\n11 Olavi Vallius Keskuskoulu 15,24<br \/>\n11 Niklas Mutikainen Rantala 15,24<br \/>\n13 Oliver Pyykk\u00f6 Rantala 14,67<br \/>\n14 Oula Sirvi\u00f6 Keskuskoulu 14,09<br \/>\n15 Oliver Vitri Rantala 13,70<br \/>\n16 Eetu Lihavainen Rantala 12,31<br \/>\n17 Harri Piirainen Keskuskoulu 9,70<br \/>\n18 Iivo Mikkonen Keskuskoulu 9,21<br \/>\n19 Sulo Nevalainen Rantala 8,92<br \/>\n20 Ahmet Ediz Rantala 8,50<br \/>\n21 Oula Turunen Keskuskoulu 7,40<br \/>\n22 Lenni Allonen Keskuskoulu 4,45<\/p>\n<p>Tyt\u00f6t 10v 60m<br \/>\nLoppukilpailu<br \/>\n1 Ronja K\u00e4rkk\u00e4inen Keskuskoulu 10,41<br \/>\n2 Rebecca Lomba Keskuskoulu 10,65<br \/>\n3 Iisa Sirvi\u00f6 Keskuskoulu 10,79<br \/>\n4 Olivia den Hertog Keskuskoulu 11,16<br \/>\n5 Peppi Immonen Keskuskoulu 11,25<br \/>\n6 Mariia Keskuskoulu 11,59<\/p>\n<p>Alkuer\u00e4t<br \/>\n1 Ronja K\u00e4rkk\u00e4inen Keskuskoulu 10,45<br \/>\n2 Iisa Sirvi\u00f6 Keskuskoulu 10,78<br \/>\n3 Peppi Immonen Keskuskoulu 10,99<br \/>\n4 Rebecca Lomba Keskuskoulu 11,00<br \/>\n5 Olivia den Hertog Keskuskoulu 11,08<br \/>\n6 Mariia Keskuskoulu 11,31<br \/>\n7 Marja Pehkonen Rantala 11,33<br \/>\n8 Jade Vacklin Keskuskoulu 11,50<br \/>\n9 Tiina Hiltunen Rantala 11,53<br \/>\n10 Milja Heikkinen Keskuskoulu 11,65<br \/>\n11 Aada Kuosmanen Keskuskoulu 11,69<br \/>\n12 Milla Heino Rantala 11,76<br \/>\n13 Helmi K\u00e4rki Keskuskoulu 11,78<br \/>\n14 Nelli Ikonen Rantala 11,85<br \/>\n15 Maisa Itkonen Keskuskoulu 11,90<br \/>\n16 Vilja Kansala\u00a0 Keskuskoulu 11,97<br \/>\n17 Anni Pirinen Keskuskoulu 12,05<br \/>\n18 Venla Meril\u00e4inen Keskuskoulu 12,64<br \/>\n19 Ellinoora Mustonen Rantala 12,88<br \/>\n20 Wilma Turunen Keskuskoulu 13,01<br \/>\n21 Lotta Torvinen Keskuskoulu 13,02<br \/>\n22 Elma Tuomainen Keskuskoulu 13,42<br \/>\n23 Emma Ryyn\u00e4nen Keskuskoulu 13,57<br \/>\n24 Noora Pylkk\u00f6nen Keskuskoulu 13,72<br \/>\n25 Venla Puumalainen Keskuskoulu 14,37<\/p>\n<p>Tyt\u00f6t 10v pituus<br \/>\n1 Iisa Sirvi\u00f6 Keskuskoulu 299<br \/>\n2 Aada Kuosmanen Keskuskoulu 297<br \/>\n3 Olivia den Hertog Keskuskoulu 290<br \/>\n4 Peppi Immonen Keskuskoulu 286<br \/>\n5 Nelli Ikonen Rantala 285<br \/>\n6 Lotta Torvinen Keskuskoulu 282<br \/>\n7 Anni Pirinen Keskuskoulu 276<br \/>\n8 Tiina Hiltunen Rantala 274<br \/>\n9 Vilja Kansala\u00a0 Keskuskoulu 269<br \/>\n10 Jade Vacklin Keskuskoulu 262<br \/>\n11 Ronja K\u00e4rkk\u00e4inen Keskuskoulu 260<br \/>\n12 Marja Pehkonen Rantala 257<br \/>\n13 Emma Ryyn\u00e4nen Keskuskoulu 255<br \/>\n14 Mariia Keskuskoulu 244<br \/>\n15 Milla Heino Rantala 237<br \/>\n16 Helmi K\u00e4rki Keskuskoulu 234<br \/>\n17 Venla Meril\u00e4inen Keskuskoulu 233<br \/>\n18 Noora Pylkk\u00f6nen Keskuskoulu 230<br \/>\n19 Elma Tuomainen Keskuskoulu 229<br \/>\n20 Ellinoora Mustonen Rantala 227<br \/>\n21 Rebecca Lomba Keskuskoulu 209<br \/>\n22 Wilma Turunen Keskuskoulu 206<br \/>\n23 Venla Puumalainen Keskuskoulu 178<\/p>\n<p>Pojat 10v 60m<br \/>\nLoppukilpailu<br \/>\n1 Finan Teklom Girmatsion Rantala 10,25<br \/>\n2 Elias Pyykk\u00f6 Rantala 10,35<br \/>\n3 Antto Honkanen Keskuskoulu 10,36<br \/>\n4 Lenni Savolainen Rantala 10,47<br \/>\n5 Konsta Saarimaa Keskuskoulu 10,53<br \/>\n6 Luca Nevalanen Keskuskoulu 10,75<\/p>\n<p>Alkuer\u00e4t<br \/>\n1 Antto Honkanen Keskuskoulu 10,47<br \/>\n2 Elias Pyykk\u00f6 Keskuskoulu 10,55<br \/>\n3 Finan Teklom Girmatsion Rantala 10,64<br \/>\n4 Lenni Savolainen Rantala 10,66<br \/>\n5 Luca Nevalanen Keskuskoulu 10,83<br \/>\n6 Konsta Saarimaa Keskuskoulu 10,85<br \/>\n7 Eetu Pyykk\u00f6 Rantala 10,87<br \/>\n8 Antto Kuosmanen Rantala 10,90<br \/>\n9 Aaron Vitri Rantala 10,96<br \/>\n10 Aaro Homanen Keskuskoulu 11,16<br \/>\n11 Eetu Kajoskivi Keskuskoulu 11,17<br \/>\n12 Joose H\u00e4rk\u00f6nen Keskuskoulu 11,26<br \/>\n13 Joni Justander Rantala 11,27<br \/>\n14 Jare Piironen Keskuskoulu 11,38<br \/>\n15 Johannes Ullgren Rantala 11,97<br \/>\n16 Simo V\u00e4\u00e4t\u00e4inen Rantala 11,98<br \/>\n17 Kalevi K\u00e4rki Keskuskoulu 12,02<br \/>\n18 Ahti Koivisto Keskuskoulu 12,11<br \/>\n19 Nuuti Tahvanainen Keskuskoulu 12,15<br \/>\n20 Juho K\u00e4rkk\u00e4inen Keskuskoulu 12,50<br \/>\n21 Touko Kiiskinen Keskuskoulu 12,59<br \/>\n22 Jare K\u00e4rkk\u00e4inen Keskuskoulu 12,62<br \/>\n23 Roope Rissanen Keskuskoulu 12,67<br \/>\n24 Tommi Oinonen Keskuskoulu 12,73<br \/>\n25 Joel Pikkarainen Rantala 13,11<br \/>\n26 Veikko Hyrskyl\u00e4 Rantala 13,15<br \/>\n27 Veikko Pirtonen Rantala 13,16<br \/>\n28 Veikko Ryyn\u00e4nen Rantala 13,47<br \/>\n29 Mustafa Ediz Rantala 13,82<br \/>\n30 Eetu Lampen Keskuskoulu 13,91<\/p>\n<p>Pojat 10v kuula<br \/>\n1 Veikko Hyrskyl\u00e4 Rantala 7,68<br \/>\n2 Antto Honkanen Keskuskoulu 6,69<br \/>\n3 Elias Pyykk\u00f6 Keskuskoulu 6,54<br \/>\n4 Juho K\u00e4rkk\u00e4inen Keskuskoulu 5,98<br \/>\n5 Eetu Hiltunen Rantala 5,90<br \/>\n6 Finan Teklom Girmatsion Rantala 5,78<br \/>\n7 Antto Kuosmanen Rantala 5,24<br \/>\n8 Jare K\u00e4rkk\u00e4inen Keskuskoulu 5,16<br \/>\n9 Konsta Saarimaa Keskuskoulu 4,99<br \/>\n10 Lenni Savolainen Rantala 4,93<br \/>\n11 Aaro Homanen Keskuskoulu 4,85<br \/>\n12 Joose H\u00e4rk\u00f6nen Keskuskoulu 4,78<br \/>\n13 Niki Nevalainen Keskuskoulu 4,59<br \/>\n14 Joni Justander Rantala 4,57<br \/>\n15 Johannes Ullgren Rantala 4,55<br \/>\n16 Kalevi K\u00e4rki Keskuskoulu 4,55<br \/>\n17 Aaron Vitri Rantala 4,51<br \/>\n18 Tommi Oinonen Keskuskoulu 4,51<br \/>\n19 Veikko Ryyn\u00e4nen Rantala 4,44<br \/>\n20 Joel Pikkarainen Rantala 4,32<br \/>\n21 Eetu Pyykk\u00f6 Rantala 4,30<br \/>\n22 Roope Rissanen Keskuskoulu 4,28<br \/>\n23 Veikko Pirtonen Rantala 4,14<br \/>\n24 Simo V\u00e4\u00e4t\u00e4inen Rantala 4,06<br \/>\n25 Eetu Lampen Keskuskoulu 3,83<br \/>\n26 Mustafa Ediz Rantala 3,62<br \/>\n27 Touko Kiiskinen Keskuskoulu 3,55<\/p>\n<p>Tyt\u00f6t 12v 60m<br \/>\nLoppukilpailu<br \/>\n1 Elsi P\u00e4ivelin Rantala 9,36<br \/>\n2 Helmi Honkanen Keskuskoulu 9,88<br \/>\n3 Olivia Koskimies Keskuskoulu 10,16<br \/>\n4 Matilda Niskanen Rantala 10,18<br \/>\n5 Saara Muikku Keskuskoulu 10,42<br \/>\n6 Venla Siponen Keskuskoulu 10,48<\/p>\n<p>Alkuer\u00e4t<br \/>\n1 Elsi P\u00e4ivelin Rantala 9,53<br \/>\n2 Helmi Honkanen Keskuskoulu 10,11<br \/>\n3 Matilda Niskanen Rantala 10,32<br \/>\n4 Olivia Koskimies Keskuskoulu 10,34<br \/>\n5 Saara Muikku Keskuskoulu 10,40<br \/>\n6 Venla Siponen Keskuskoulu 10,71<br \/>\n7 Sofia K\u00e4rkk\u00e4inen Keskuskoulu 10,82<br \/>\n8 Ella Kiiskinen\u00a0 Keskuskoulu 10,89<br \/>\n9 Kiia Muikku Keskuskoulu 11,04<br \/>\n10 Ninni Ikonen Rantala 11,13<br \/>\n11 Liisa Tuhkanen Keskuskoulu 11,32<br \/>\n12 Tara Hiltunen Rantala 11,40<br \/>\n13 Miia Itkonen Keskuskoulu 11,52<br \/>\n14 Elsa K\u00e4rki Keskuskoulu 11,54<br \/>\n15 Mila Pekkarinen Rantala 11,58<br \/>\n16 Nanna K\u00e4rkk\u00e4inen Keskuskoulu 11,69<br \/>\n17 Milena Kokkosuo Rantala 11,87<br \/>\n18 Taimi Kakkinen Keskuskoulu 12,81<br \/>\n19 Tiia Turunen Rantala 13,91<\/p>\n<p>Tyt\u00f6t 12v pituus<br \/>\n1 Elsi P\u00e4ivelin Rantala 382<br \/>\n2 Olivia Koskimies Keskuskoulu 363<br \/>\n3 Sofia K\u00e4rkk\u00e4inen Keskuskoulu 330<br \/>\n4 Saara Muikku Keskuskoulu 323<br \/>\n5 Helmi Honkanen Keskuskoulu 322<br \/>\n6 Matilda Niskanen Rantala 308<br \/>\n7 Mila Pekkarinen Rantala 294<br \/>\n8 Ella Kiiskinen\u00a0 Keskuskoulu 291<br \/>\n9 Kiia Muikku Keskuskoulu 288<br \/>\n10 Nanna K\u00e4rkk\u00e4inen Keskuskoulu 288<br \/>\n11 Ninni Ikonen Rantala 284<br \/>\n12 Venla Siponen Keskuskoulu 283<br \/>\n13 Liisa Tuhkanen Keskuskoulu 269<br \/>\n14 Tara Hiltunen Rantala 250<br \/>\n15 Taimi Kakkinen Keskuskoulu 229<br \/>\n16 Milena Kokkosuo Rantala 227<br \/>\n17 Tiia Turunen Rantala 224<\/p>\n<p>Pojat 12v 60m<br \/>\nLoppukilpailu<br \/>\n1 Aapeli K\u00e4rki Keskuskoulu 10,22<br \/>\n2 Aleksi Turunen Rantala 10,35<br \/>\n3 Juha Rissanen Keskuskoulu 10,39<br \/>\n4 Eyobel Tedros Kefala Rantala 10,46<br \/>\n5 Niko Tahvanainen Keskukoulu 10,51<br \/>\n6 Miro Kaakkunen Keskuskoulu 10,91<\/p>\n<p>Alkuer\u00e4t<br \/>\n1 Aleksi Turunen Rantala 10,32<br \/>\n2 Niko Tahvanainen Keskuskoulu 10,38<br \/>\n3 Aapeli K\u00e4rki Keskuskoulu 10,40<br \/>\n4 Eyobel Tedros Kefala Rantala 10,48<br \/>\n5 Juha Rissanen Keskuskoulu 10,74<br \/>\n6 Miro Kaakkunen Keskuskoulu 10,75<br \/>\n7 Kalle Kuiri Rantala 10,83<br \/>\n8 Aapo Ruotsalainen Keskuskoulu 11,08<br \/>\n9 Vili Kalkasmaa Rantala 11,23<br \/>\n10 Nuutti Ivanoff Rantala 11,28<br \/>\n11 Taisto Tarvainen Rantala 11,61<br \/>\n12 Joni Lihavainen Rantala 11,71<br \/>\n13 Mikael Lampinen Keskuskoulu 12,28<br \/>\n14 Niilo Saarimaa Keskuskoulu 12,29<br \/>\n15 Vili Koivula Keskuskoulu 14,30<\/p>\n<p>Pojat 12v pituus<br \/>\n1 Niko Tahvanainen Keskuskoulu 339<br \/>\n2 Aapeli K\u00e4rki Keskuskoulu 331<br \/>\n3 Miro Kaakkunen Keskuskoulu 315<br \/>\n4 Aleksi Turunen Rantala 314<br \/>\n5 Juha Rissanen Keskuskoulu 314<br \/>\n6 Aapo Ruotsalainen Keskuskoulu 313<br \/>\n7 Eyobel Tedros Kefala Rantala 302<br \/>\n8 Kalle Kuiri Rantala 297<br \/>\n9 Joni Lihavainen Rantala 285<br \/>\n10 Vili Kalkasmaa Rantala 284<br \/>\n11 Vili Koivula Keskuskoulu 282<br \/>\n12 Nuutti Ivanoff Rantala 279<br \/>\n13 Niilo Saarimaa Keskuskoulu 272<br \/>\n14 Taisto Tarvainen Rantala 223<\/p>\n<p>Pojat 14 60m<br \/>\n1 Bers Beldarov Keskuskoulu 10,69<\/p>\n<p>Pojat 14 pituus<br \/>\n1 Bers Beldarov Keskuskoulu 3,12<\/p>\n","protected":false},"excerpt":{"rendered":"<p>Lieksan koululaiskisat 21.9.2022 Tyt\u00f6t 8v 40m Loppukilpailu 1 Minja Pekkanen Rantala 7,90 2 Elle Kuosmanen Rantala 7,96 3 Hilla K\u00e4rki Keskuskoulu 8,04 4 Saana Kiiskinen Rantala 8,13 5 Oona Heikkinen Rantala 8,40 6 Kerttu K\u00e4rki Keskuskoulu 8,59 Alkuer\u00e4t 1 Minja Pekkanen Rantala 7,86 2 Elle Kuosmanen Rantala 8,04 3 Saana &hellip;<\/p>\n","protected":false},"author":2,"featured_media":0,"parent":6916,"menu_order":1,"comment_status":"closed","ping_status":"closed","template":"","meta":{"footnotes":""},"categories":[],"tags":[],"class_list":["post-6989","page","type-page","status-publish","hentry"],"_links":{"self":[{"href":"https:\/\/www.lieksanurheilijat.com\/index.php?rest_route=\/wp\/v2\/pages\/6989","targetHints":{"allow":["GET"]}}],"collection":[{"href":"https:\/\/www.lieksanurheilijat.com\/index.php?rest_route=\/wp\/v2\/pages"}],"about":[{"href":"https:\/\/www.lieksanurheilijat.com\/index.php?rest_route=\/wp\/v2\/types\/page"}],"author":[{"embeddable":true,"href":"https:\/\/www.lieksanurheilijat.com\/index.php?rest_route=\/wp\/v2\/users\/2"}],"replies":[{"embeddable":true,"href":"https:\/\/www.lieksanurheilijat.com\/index.php?rest_route=%2Fwp%2Fv2%2Fcomments&post=6989"}],"version-history":[{"count":4,"href":"https:\/\/www.lieksanurheilijat.com\/index.php?rest_route=\/wp\/v2\/pages\/6989\/revisions"}],"predecessor-version":[{"id":6993,"href":"https:\/\/www.lieksanurheilijat.com\/index.php?rest_route=\/wp\/v2\/pages\/6989\/revisions\/6993"}],"up":[{"embeddable":true,"href":"https:\/\/www.lieksanurheilijat.com\/index.php?rest_route=\/wp\/v2\/pages\/6916"}],"wp:attachment":[{"href":"https:\/\/www.lieksanurheilijat.com\/index.php?rest_route=%2Fwp%2Fv2%2Fmedia&parent=6989"}],"wp:term":[{"taxonomy":"category","embeddable":true,"href":"https:\/\/www.lieksanurheilijat.com\/index.php?rest_route=%2Fwp%2Fv2%2Fcategories&post=6989"},{"taxonomy":"post_tag","embeddable":true,"href":"https:\/\/www.lieksanurheilijat.com\/index.php?rest_route=%2Fwp%2Fv2%2Ftags&post=6989"}],"curies":[{"name":"wp","href":"https:\/\/api.w.org\/{rel}","templated":true}]}}