{"id":6983,"date":"2022-09-07T21:56:30","date_gmt":"2022-09-07T18:56:30","guid":{"rendered":"https:\/\/www.lieksanurheilijat.com\/?page_id=6983"},"modified":"2022-09-07T21:56:50","modified_gmt":"2022-09-07T18:56:50","slug":"matin-kuntokymppi","status":"publish","type":"page","link":"https:\/\/www.lieksanurheilijat.com\/?page_id=6983","title":{"rendered":"Matin Kuntokymppi 7.9.2022"},"content":{"rendered":"<p>Matin Kuntokymppi<br \/>\nLieksa, 7.9.2022<\/p>\n<p>Miehet 10000m<br \/>\n1) Heikki Halonen Juuan J\u00e4nne 38.46,2h<br \/>\n2) Pentti Eronen Juuan J\u00e4nne 41.40,1h<br \/>\n3) Hannu Kuosmanen M\u00e4ntylahden Veto 44.06,3h<\/p>\n<p>Naiset 10000m<br \/>\n1) Maria Heikkinen Karjalan Uimarit Triathlon 52.19,4h<\/p>\n","protected":false},"excerpt":{"rendered":"<p>Matin Kuntokymppi Lieksa, 7.9.2022 Miehet 10000m 1) Heikki Halonen Juuan J\u00e4nne 38.46,2h 2) Pentti Eronen Juuan J\u00e4nne 41.40,1h 3) Hannu Kuosmanen M\u00e4ntylahden Veto 44.06,3h Naiset 10000m 1) Maria Heikkinen Karjalan Uimarit Triathlon 52.19,4h<\/p>\n","protected":false},"author":2,"featured_media":0,"parent":6916,"menu_order":2,"comment_status":"closed","ping_status":"closed","template":"","meta":{"footnotes":""},"categories":[],"tags":[],"class_list":["post-6983","page","type-page","status-publish","hentry"],"_links":{"self":[{"href":"https:\/\/www.lieksanurheilijat.com\/index.php?rest_route=\/wp\/v2\/pages\/6983","targetHints":{"allow":["GET"]}}],"collection":[{"href":"https:\/\/www.lieksanurheilijat.com\/index.php?rest_route=\/wp\/v2\/pages"}],"about":[{"href":"https:\/\/www.lieksanurheilijat.com\/index.php?rest_route=\/wp\/v2\/types\/page"}],"author":[{"embeddable":true,"href":"https:\/\/www.lieksanurheilijat.com\/index.php?rest_route=\/wp\/v2\/users\/2"}],"replies":[{"embeddable":true,"href":"https:\/\/www.lieksanurheilijat.com\/index.php?rest_route=%2Fwp%2Fv2%2Fcomments&post=6983"}],"version-history":[{"count":2,"href":"https:\/\/www.lieksanurheilijat.com\/index.php?rest_route=\/wp\/v2\/pages\/6983\/revisions"}],"predecessor-version":[{"id":6985,"href":"https:\/\/www.lieksanurheilijat.com\/index.php?rest_route=\/wp\/v2\/pages\/6983\/revisions\/6985"}],"up":[{"embeddable":true,"href":"https:\/\/www.lieksanurheilijat.com\/index.php?rest_route=\/wp\/v2\/pages\/6916"}],"wp:attachment":[{"href":"https:\/\/www.lieksanurheilijat.com\/index.php?rest_route=%2Fwp%2Fv2%2Fmedia&parent=6983"}],"wp:term":[{"taxonomy":"category","embeddable":true,"href":"https:\/\/www.lieksanurheilijat.com\/index.php?rest_route=%2Fwp%2Fv2%2Fcategories&post=6983"},{"taxonomy":"post_tag","embeddable":true,"href":"https:\/\/www.lieksanurheilijat.com\/index.php?rest_route=%2Fwp%2Fv2%2Ftags&post=6983"}],"curies":[{"name":"wp","href":"https:\/\/api.w.org\/{rel}","templated":true}]}}