{"id":6974,"date":"2022-08-22T08:25:10","date_gmt":"2022-08-22T05:25:10","guid":{"rendered":"https:\/\/www.lieksanurheilijat.com\/?page_id=6974"},"modified":"2022-08-22T08:25:10","modified_gmt":"2022-08-22T05:25:10","slug":"pm-ottelut-21-8-2022","status":"publish","type":"page","link":"https:\/\/www.lieksanurheilijat.com\/?page_id=6974","title":{"rendered":"Pm-ottelut 21.8.2022"},"content":{"rendered":"<p>Pohjois-Karjalan 9-13-vuotiaiden pm-moniottelut osa 2<br \/>\nLieksa 21.08.2022<\/p>\n<p>T9 4-ottelu<br \/>\n1) Milja P\u00e4ivelin Pyh\u00e4sU 442<br \/>\n2) Selja Myller Pyh\u00e4sU 429<br \/>\n3) Iiris P\u00e4ivelin LieksU 393<br \/>\n4) Senja Kuiri PolvijU 344<br \/>\n5) Sanni Pursiainen Pyh\u00e4sU 319<br \/>\n6) Linda Tanskanen PolvijU 250<br \/>\n7) Diana Laakkonen Pyh\u00e4sU 224<\/p>\n<p>P9 4-ottelu<br \/>\n1) Jare Ker\u00e4nen JoensKa 854<br \/>\n2) Leon Lasaroff JoensKa 681<br \/>\n3) Aatos Kervinen Pyh\u00e4sU 637<br \/>\n4) Maks Kempas LieksU 459<br \/>\n5) Eeli Alastalo Pyh\u00e4sU 416<br \/>\n6) Sisu Kanerva Pyh\u00e4sU 326<br \/>\n7) Leo P\u00e4ivelin Pyh\u00e4sU 281<\/p>\n<p>T10 4-ottelu<br \/>\n1) Sara Ker\u00e4nen JoensKa 983<br \/>\n2) Liisa Keskisalo JoensKa 941<br \/>\n3) Stella Laakkonen Pyh\u00e4sU 659<br \/>\n4) Alissa Kivel\u00e4 PolvijU 586<br \/>\n5) Meea Varonen PolvijU 581<br \/>\n6) Hilda Tanskanen PolvijU 565<br \/>\n7) Pihla Karttunen PolvijU 496<br \/>\nMette Korhonen SiilPo 997<\/p>\n<p>P10 4-ottelu<br \/>\n1) Miika Hirvonen PolvijU 1111<br \/>\n2) Jasper Mustonen PolvijU 714<br \/>\n3) Pyry Myller Pyh\u00e4sU 666<\/p>\n<p>T11 4-ottelu<br \/>\n1) Anette Alastalo Pyh\u00e4sU 1078<br \/>\n2) Iida Kervinen Pyh\u00e4sU 958<br \/>\n3) Helmi Tanskanen PolvijU 877<br \/>\n4) Elsi P\u00e4ivelin LieksU 840<br \/>\n5) Milja Pyykk\u00f6 JoensKa 789<br \/>\n6) Vinka Pyylampi JoensKa 668<br \/>\n7) Jenna Sievil\u00e4inen JoensKa 599<br \/>\nSanni Lehikoinen JoensKa DNF<\/p>\n<p>P11 4-ottelu<br \/>\n1) Pietu Stenberg Pyh\u00e4sU 1254<br \/>\n2) Eetu Jolkkonen PolvijU 1069<br \/>\nHugo Lasaroff JoensKa DNF<\/p>\n<p>T12 5-ottelu<br \/>\n1) Ida-Liina Hyv\u00f6nen Pyh\u00e4sU 1681<br \/>\n2) Ida Pelli PolvijU 1516<br \/>\n3) Jade Nousiainen Pyh\u00e4sU 1385<br \/>\n4) Senniina Huovinen Pyh\u00e4sU 1289<br \/>\n5) Heini Kuronen Pyh\u00e4sU 1121<br \/>\n6) Hilja Saarelainen JoensKa 1053<br \/>\nAmanda Keronen OutokPa DNF<\/p>\n<p>P12 5-ottelu<br \/>\n1) Toivo Takanen JoensKa 2380<br \/>\n2) Aapo Ryyn\u00e4nen JuuanU 1941<br \/>\n3) Peetu Alastalo Pyh\u00e4sU 1820<br \/>\n4) Aleksis Kivel\u00e4 PolvijU 1628<br \/>\n5) Vili Hyv\u00e4rinen PolvijU 962<br \/>\n6) Marlo Tuhkanen Pyh\u00e4sU 691<\/p>\n<p>T13 5-ottelu<br \/>\n1) Pinja Stenberg Pyh\u00e4sU 1992<br \/>\n2) Peppilotta Eronen JoensKa 1578<br \/>\n3) Minessa Miettinen JoensKa 1441<br \/>\n4) Venla Pyykk\u00f6 JoensKa 1255<\/p>\n<p>P13 5-ottelu<br \/>\n1) Topias Poutiainen OutokPa 3006<br \/>\n2) Joona Mustonen PolvijU 1763<br \/>\n3) Leevi Partanen JoensKa 1385<\/p>\n<p>T9 4-ottelu 40m<br \/>\n1) Milja P\u00e4ivelin Pyh\u00e4sU 7,35<br \/>\n2) Iiris P\u00e4ivelin LieksU 7,69<br \/>\n3) Senja Kuiri PolvijU 7,82<br \/>\n4) Linda Tanskanen PolvijU 8,16<br \/>\n5) Selja Myller Pyh\u00e4sU 8,19<br \/>\n6) Diana Laakkonen Pyh\u00e4sU 8,20<br \/>\n7) Sanni Pursiainen Pyh\u00e4sU 8,23<\/p>\n<p>P9 4-ottelu 40m<br \/>\n1) Jare Ker\u00e4nen JoensKa 6,95<br \/>\n2) Aatos Kervinen Pyh\u00e4sU 7,01<br \/>\n3) Leon Lasaroff JoensKa 7,23<br \/>\n4) Maks Kempas LieksU 7,73<br \/>\n5) Eeli Alastalo Pyh\u00e4sU 7,83<br \/>\n6) Leo P\u00e4ivelin Pyh\u00e4sU 8,00<br \/>\n7) Sisu Kanerva Pyh\u00e4sU 8,25<\/p>\n<p>T9 4-ottelu 800m<br \/>\n1) Milja P\u00e4ivelin Pyh\u00e4sU 3.21,76<br \/>\n2) Sanni Pursiainen Pyh\u00e4sU 3.27,26<br \/>\n3) Selja Myller Pyh\u00e4sU 3.42,11<br \/>\n4) Senja Kuiri PolvijU 3.44,03<br \/>\n5) Diana Laakkonen Pyh\u00e4sU 3.49,08<br \/>\n6) Iiris P\u00e4ivelin LieksU 3.52,01<br \/>\n7) Linda Tanskanen PolvijU 4.10,45<\/p>\n<p>P9 4-ottelu 800m<br \/>\n1) Jare Ker\u00e4nen JoensKa 2.48,93<br \/>\n2) Leon Lasaroff JoensKa 3.04,67<br \/>\n3) Aatos Kervinen Pyh\u00e4sU 3.10,28<br \/>\n4) Eeli Alastalo Pyh\u00e4sU 3.11,32<br \/>\n5) Maks Kempas LieksU 3.14,30<br \/>\n6) Sisu Kanerva Pyh\u00e4sU 3.41,63<br \/>\n7) Leo P\u00e4ivelin Pyh\u00e4sU 3.49,55<\/p>\n<p>T9 4-ottelu Korkeus<br \/>\n1) Selja Myller Pyh\u00e4sU 95<br \/>\n2) Milja P\u00e4ivelin Pyh\u00e4sU 95<br \/>\n3) Iiris P\u00e4ivelin LieksU 95<br \/>\n4) Sanni Pursiainen Pyh\u00e4sU 85<br \/>\n5) Senja Kuiri PolvijU 85<br \/>\n6) Linda Tanskanen PolvijU 80<br \/>\n7) Diana Laakkonen Pyh\u00e4sU 70<\/p>\n<p>P9 4-ottelu Korkeus<br \/>\n1) Leon Lasaroff JoensKa 105<br \/>\n2) Jare Ker\u00e4nen JoensKa 105<br \/>\n3) Aatos Kervinen Pyh\u00e4sU 95<br \/>\n4) Eeli Alastalo Pyh\u00e4sU 80<br \/>\n4) Leo P\u00e4ivelin Pyh\u00e4sU 80<br \/>\n6) Sisu Kanerva Pyh\u00e4sU 80<br \/>\n7) Maks Kempas LieksU 75<\/p>\n<p>T9 4-ottelu Keih\u00e4s<br \/>\n1) Selja Myller Pyh\u00e4sU 14,18<br \/>\n2) Iiris P\u00e4ivelin LieksU 8,80<br \/>\n3) Senja Kuiri PolvijU 7,70<br \/>\n4) Linda Tanskanen PolvijU 5,73<br \/>\n5) Sanni Pursiainen Pyh\u00e4sU 5,60<br \/>\n6) Milja P\u00e4ivelin Pyh\u00e4sU 4,66<br \/>\n7) Diana Laakkonen Pyh\u00e4sU 3,50<\/p>\n<p>P9 4-ottelu Keih\u00e4s<br \/>\n1) Jare Ker\u00e4nen JoensKa 18,65<br \/>\n2) Leon Lasaroff JoensKa 15,13<br \/>\n3) Aatos Kervinen Pyh\u00e4sU 13,75<br \/>\n4) Maks Kempas LieksU 13,25<br \/>\n5) Sisu Kanerva Pyh\u00e4sU 9,88<br \/>\n6) Eeli Alastalo Pyh\u00e4sU 8,68<br \/>\n7) Leo P\u00e4ivelin Pyh\u00e4sU 5,35<\/p>\n<p>P10 4-ottelu 800m<br \/>\n1) Miika Hirvonen PolvijU 3.08,34<br \/>\n2) Jasper Mustonen PolvijU 3.23,07<br \/>\n3) Pyry Myller Pyh\u00e4sU 3.26,15<\/p>\n<p>T10 4-ottelu 800m<br \/>\n1) Sara Ker\u00e4nen JoensKa 2.47,48<br \/>\n2) Liisa Keskisalo JoensKa 2.50,07<br \/>\n3) Stella Laakkonen Pyh\u00e4sU 3.15,53<br \/>\n4) Pihla Karttunen PolvijU 3.30,77<br \/>\n5) Meea Varonen PolvijU 3.37,55<br \/>\n6) Alissa Kivel\u00e4 PolvijU 3.40,80<br \/>\n7) Hilda Tanskanen PolvijU 3.41,73<br \/>\nMette Korhonen SiilPo 2.50,77<\/p>\n<p>P10 4-ottelu 60m aidat<br \/>\n1) Miika Hirvonen PolvijU 10,78<br \/>\n2) Jasper Mustonen PolvijU 12,91<br \/>\n3) Pyry Myller Pyh\u00e4sU 14,06<\/p>\n<p>T10 4-ottelu 60m aidat<br \/>\n1) Sara Ker\u00e4nen JoensKa 11,13<br \/>\n2) Liisa Keskisalo JoensKa 11,47<br \/>\n3) Alissa Kivel\u00e4 PolvijU 12,44<br \/>\n4) Stella Laakkonen Pyh\u00e4sU 12,52<br \/>\n5) Hilda Tanskanen PolvijU 13,39<br \/>\n6) Pihla Karttunen PolvijU 13,45<br \/>\n7) Meea Varonen PolvijU 14,40<br \/>\nMette Korhonen SiilPo 12,20<\/p>\n<p>P10 4-ottelu Korkeus<br \/>\n1) Miika Hirvonen PolvijU 130<br \/>\n2) Jasper Mustonen PolvijU 105<br \/>\n2) Pyry Myller Pyh\u00e4sU 105<\/p>\n<p>T10 4-ottelu Korkeus<br \/>\n1) Liisa Keskisalo JoensKa 115<br \/>\n2) Hilda Tanskanen PolvijU 115<br \/>\n3) Sara Ker\u00e4nen JoensKa 105<br \/>\n4) Stella Laakkonen Pyh\u00e4sU 105<br \/>\n5) Meea Varonen PolvijU 105<br \/>\n6) Alissa Kivel\u00e4 PolvijU 95<br \/>\n7) Pihla Karttunen PolvijU 90<br \/>\nMette Korhonen SiilPo 125<\/p>\n<p>P10 4-ottelu Keih\u00e4s<br \/>\n1) Pyry Myller Pyh\u00e4sU 19,40<br \/>\n2) Jasper Mustonen PolvijU 17,59<br \/>\n3) Miika Hirvonen PolvijU 17,18<\/p>\n<p>T10 4-ottelu Keih\u00e4s<br \/>\n1) Meea Varonen PolvijU 15,85<br \/>\n2) Sara Ker\u00e4nen JoensKa 14,27<br \/>\n3) Liisa Keskisalo JoensKa 11,27<br \/>\n4) Alissa Kivel\u00e4 PolvijU 10,95<br \/>\n5) Stella Laakkonen Pyh\u00e4sU 9,20<br \/>\n6) Pihla Karttunen PolvijU 8,98<br \/>\n7) Hilda Tanskanen PolvijU 6,67<br \/>\nMette Korhonen SiilPo 16,93<\/p>\n<p>T11 4-ottelu 800m<br \/>\n1) Milja Pyykk\u00f6 JoensKa 2.59,97<br \/>\n2) Helmi Tanskanen PolvijU 2.59,98<br \/>\n3) Iida Kervinen Pyh\u00e4sU 3.02,27<br \/>\n4) Anette Alastalo Pyh\u00e4sU 3.04,62<br \/>\n5) Vinka Pyylampi JoensKa 3.04,69<br \/>\n6) Elsi P\u00e4ivelin LieksU 3.12,06<br \/>\n7) Jenna Sievil\u00e4inen JoensKa 3.33,91<br \/>\nSanni Lehikoinen JoensKa DNS<\/p>\n<p>P11 4-ottelu 800m<br \/>\n1) Pietu Stenberg Pyh\u00e4sU 2.44,22<br \/>\n2) Eetu Jolkkonen PolvijU 2.47,24<br \/>\n3) Hugo Lasaroff JoensKa 2.50,67<\/p>\n<p>T11 4-ottelu 60m aidat<br \/>\n1) Iida Kervinen Pyh\u00e4sU 10,98<br \/>\n2) Anette Alastalo Pyh\u00e4sU 11,10<br \/>\n3) Elsi P\u00e4ivelin LieksU 11,67<br \/>\n4) Milja Pyykk\u00f6 JoensKa 12,08<br \/>\n5) Helmi Tanskanen PolvijU 12,18<br \/>\n6) Vinka Pyylampi JoensKa 12,58<br \/>\n7) Jenna Sievil\u00e4inen JoensKa 13,15<br \/>\nSanni Lehikoinen JoensKa DNS<\/p>\n<p>P11 4-ottelu 60m aidat<br \/>\n1) Hugo Lasaroff JoensKa 11,28<br \/>\n2) Pietu Stenberg Pyh\u00e4sU 11,36<br \/>\n3) Eetu Jolkkonen PolvijU 11,66<\/p>\n<p>T11 4-ottelu Korkeus<br \/>\n1) Helmi Tanskanen PolvijU 125<br \/>\n2) Anette Alastalo Pyh\u00e4sU 125<br \/>\n3) Sanni Lehikoinen JoensKa 120<br \/>\n4) Elsi P\u00e4ivelin LieksU 115<br \/>\n5) Iida Kervinen Pyh\u00e4sU 105<br \/>\n6) Jenna Sievil\u00e4inen JoensKa 105<br \/>\n6) Milja Pyykk\u00f6 JoensKa 105<br \/>\n8) Vinka Pyylampi JoensKa 100<\/p>\n<p>P11 4-ottelu Korkeus<br \/>\n1) Pietu Stenberg Pyh\u00e4sU 120<br \/>\n2) Eetu Jolkkonen PolvijU 115<br \/>\nHugo Lasaroff JoensKa DNS<\/p>\n<p>T11 4-ottelu Keih\u00e4s<br \/>\n1) Anette Alastalo Pyh\u00e4sU 19,49<br \/>\n2) Iida Kervinen Pyh\u00e4sU 16,79<br \/>\n3) Elsi P\u00e4ivelin LieksU 12,82<br \/>\n4) Milja Pyykk\u00f6 JoensKa 12,22<br \/>\n5) Jenna Sievil\u00e4inen JoensKa 11,68<br \/>\n6) Helmi Tanskanen PolvijU 11,11<br \/>\n7) Vinka Pyylampi JoensKa 9,09<br \/>\nSanni Lehikoinen JoensKa DNS<\/p>\n<p>P11 4-ottelu Keih\u00e4s<br \/>\n1) Hugo Lasaroff JoensKa 29,69<br \/>\n2) Pietu Stenberg Pyh\u00e4sU 28,78<br \/>\n3) Eetu Jolkkonen PolvijU 21,33<\/p>\n<p>T12 5-ottelu 800m<br \/>\n1) Senniina Huovinen Pyh\u00e4sU 2.43,48<br \/>\n2) Heini Kuronen Pyh\u00e4sU 2.57,75<br \/>\n3) Ida-Liina Hyv\u00f6nen Pyh\u00e4sU 2.58,79<br \/>\n4) Hilja Saarelainen JoensKa 3.05,88<br \/>\n5) Jade Nousiainen Pyh\u00e4sU 3.09,33<br \/>\n6) Ida Pelli PolvijU 3.09,48<br \/>\nAmanda Keronen OutokPa DNF<\/p>\n<p>P12 5-ottelu 800m<br \/>\n1) Peetu Alastalo Pyh\u00e4sU 2.39,80<br \/>\n2) Toivo Takanen JoensKa 2.39,96<br \/>\n3) Aapo Ryyn\u00e4nen JuuanU 2.48,53<br \/>\n4) Aleksis Kivel\u00e4 PolvijU 2.54,05<br \/>\n5) Vili Hyv\u00e4rinen PolvijU 3.10,48<br \/>\n6) Marlo Tuhkanen Pyh\u00e4sU 4.19,75<\/p>\n<p>T12 5-ottelu 60m aidat<br \/>\n1) Ida-Liina Hyv\u00f6nen Pyh\u00e4sU 10,66<br \/>\n2) Jade Nousiainen Pyh\u00e4sU 10,81<br \/>\n3) Ida Pelli PolvijU 10,96<br \/>\n4) Heini Kuronen Pyh\u00e4sU 12,00<br \/>\n5) Senniina Huovinen Pyh\u00e4sU 12,36<br \/>\n6) Hilja Saarelainen JoensKa 12,41<br \/>\nAmanda Keronen OutokPa DNF<\/p>\n<p>P12 5-ottelu 60m aidat<br \/>\n1) Toivo Takanen JoensKa 10,09<br \/>\n2) Aleksis Kivel\u00e4 PolvijU 10,80<br \/>\n3) Peetu Alastalo Pyh\u00e4sU 11,22<br \/>\n4) Aapo Ryyn\u00e4nen JuuanU 11,40<br \/>\n5) Vili Hyv\u00e4rinen PolvijU 13,48<br \/>\n6) Marlo Tuhkanen Pyh\u00e4sU 14,98<\/p>\n<p>T12 5-ottelu Korkeus<br \/>\n1) Ida Pelli PolvijU 140<br \/>\n2) Ida-Liina Hyv\u00f6nen Pyh\u00e4sU 130<br \/>\n3) Jade Nousiainen Pyh\u00e4sU 120<br \/>\n4) Heini Kuronen Pyh\u00e4sU 115<br \/>\n5) Senniina Huovinen Pyh\u00e4sU 115<br \/>\n6) Hilja Saarelainen JoensKa 110<br \/>\nAmanda Keronen OutokPa DNS<\/p>\n<p>T12 5-ottelu Pituus<br \/>\n1) Ida-Liina Hyv\u00f6nen Pyh\u00e4sU 4,32 -1,6<br \/>\n2) Ida Pelli PolvijU 4,10 +0,0<br \/>\n3) Senniina Huovinen Pyh\u00e4sU 3,96 -0,9<br \/>\n4) Jade Nousiainen Pyh\u00e4sU 3,72 +0,0<br \/>\n5) Hilja Saarelainen JoensKa 3,63 -0,3<br \/>\n6) Heini Kuronen Pyh\u00e4sU 3,18 -0,4<br \/>\nAmanda Keronen OutokPa DNS<\/p>\n<p>P12 5-ottelu Pituus<br \/>\n1) Toivo Takanen JoensKa 5,19 +0,5<br \/>\n2) Aleksis Kivel\u00e4 PolvijU 4,23 +0,0<br \/>\n3) Peetu Alastalo Pyh\u00e4sU 4,15 +0,3<br \/>\n4) Aapo Ryyn\u00e4nen JuuanU 4,10 +0,0<br \/>\n5) Vili Hyv\u00e4rinen PolvijU 3,24 -0,1<br \/>\n6) Marlo Tuhkanen Pyh\u00e4sU 2,83 -0,2<\/p>\n<p>P12 5-ottelu Kiekko<br \/>\n1) Toivo Takanen JoensKa 33,39<br \/>\n2) Peetu Alastalo Pyh\u00e4sU 31,14<br \/>\n3) Aapo Ryyn\u00e4nen JuuanU 29,97<br \/>\n4) Aleksis Kivel\u00e4 PolvijU 22,05<br \/>\n5) Vili Hyv\u00e4rinen PolvijU 15,28<br \/>\nMarlo Tuhkanen Pyh\u00e4sU NM<\/p>\n<p>T12 5-ottelu Keih\u00e4s<br \/>\n1) Ida-Liina Hyv\u00f6nen Pyh\u00e4sU 30,60<br \/>\n2) Jade Nousiainen Pyh\u00e4sU 26,30<br \/>\n3) Ida Pelli PolvijU 22,57<br \/>\n4) Senniina Huovinen Pyh\u00e4sU 21,08<br \/>\n5) Heini Kuronen Pyh\u00e4sU 21,08<br \/>\n6) Hilja Saarelainen JoensKa 18,61<br \/>\nAmanda Keronen OutokPa DNS<\/p>\n<p>P12 5-ottelu Keih\u00e4s<br \/>\n1) Aapo Ryyn\u00e4nen JuuanU 44,54<br \/>\n2) Toivo Takanen JoensKa 37,40<br \/>\n3) Marlo Tuhkanen Pyh\u00e4sU 32,25<br \/>\n4) Peetu Alastalo Pyh\u00e4sU 28,75<br \/>\n5) Aleksis Kivel\u00e4 PolvijU 28,00<br \/>\n6) Vili Hyv\u00e4rinen PolvijU 21,53<\/p>\n<p>P13 5-ottelu 800m<br \/>\n1) Topias Poutiainen OutokPa 2.34,24<br \/>\n2) Joona Mustonen PolvijU 2.43,56<br \/>\nLeevi Partanen JoensKa DNF<\/p>\n<p>T13 5-ottelu 800m<br \/>\n1) Venla Pyykk\u00f6 JoensKa 2.40,04<br \/>\n2) Pinja Stenberg Pyh\u00e4sU 2.43,98<br \/>\n3) Peppilotta Eronen JoensKa 2.54,68<br \/>\n4) Minessa Miettinen JoensKa 3.25,33<\/p>\n<p>P13 5-ottelu 60m aidat<br \/>\n1) Topias Poutiainen OutokPa 9,33<br \/>\n2) Leevi Partanen JoensKa 11,18<br \/>\n3) Joona Mustonen PolvijU 11,28<\/p>\n<p>T13 5-ottelu 60m aidat<br \/>\n1) Pinja Stenberg Pyh\u00e4sU 10,11<br \/>\n2) Minessa Miettinen JoensKa 10,70<br \/>\n3) Peppilotta Eronen JoensKa 10,77<br \/>\n4) Venla Pyykk\u00f6 JoensKa 12,80<\/p>\n<p>T13 5-ottelu Korkeus<br \/>\n1) Pinja Stenberg Pyh\u00e4sU 140<br \/>\n2) Peppilotta Eronen JoensKa 140<br \/>\n3) Minessa Miettinen JoensKa 130<br \/>\n4) Venla Pyykk\u00f6 JoensKa 125<\/p>\n<p>P13 5-ottelu Pituus<br \/>\n1) Topias Poutiainen OutokPa 5,43 +0,0<br \/>\n2) Leevi Partanen JoensKa 4,23 +0,9<br \/>\n3) Joona Mustonen PolvijU 4,22 -0,5<\/p>\n<p>T13 5-ottelu Pituus<br \/>\n1) Pinja Stenberg Pyh\u00e4sU 4,58 +0,0<br \/>\n2) Minessa Miettinen JoensKa 4,01 +0,0<br \/>\n3) Venla Pyykk\u00f6 JoensKa 3,78 +0,0<br \/>\n4) Peppilotta Eronen JoensKa 3,74 -2,7<\/p>\n<p>P13 5-ottelu Kiekko<br \/>\n1) Topias Poutiainen OutokPa 47,92<br \/>\n2) Joona Mustonen PolvijU 28,17<br \/>\n3) Leevi Partanen JoensKa 23,63<\/p>\n<p>P13 5-ottelu Keih\u00e4s<br \/>\n1) Topias Poutiainen OutokPa 42,42<br \/>\n2) Joona Mustonen PolvijU 30,06<br \/>\n3) Leevi Partanen JoensKa 28,31<\/p>\n<p>T13 5-ottelu Keih\u00e4s<br \/>\n1) Pinja Stenberg Pyh\u00e4sU 30,92<br \/>\n2) Peppilotta Eronen JoensKa 24,83<br \/>\n3) Minessa Miettinen JoensKa 24,32<br \/>\n4) Venla Pyykk\u00f6 JoensKa 16,55<\/p>\n","protected":false},"excerpt":{"rendered":"<p>Pohjois-Karjalan 9-13-vuotiaiden pm-moniottelut osa 2 Lieksa 21.08.2022 T9 4-ottelu 1) Milja P\u00e4ivelin Pyh\u00e4sU 442 2) Selja Myller Pyh\u00e4sU 429 3) Iiris P\u00e4ivelin LieksU 393 4) Senja Kuiri PolvijU 344 5) Sanni Pursiainen Pyh\u00e4sU 319 6) Linda Tanskanen PolvijU 250 7) Diana Laakkonen Pyh\u00e4sU 224 P9 4-ottelu 1) Jare Ker\u00e4nen JoensKa &hellip;<\/p>\n","protected":false},"author":2,"featured_media":0,"parent":6916,"menu_order":3,"comment_status":"closed","ping_status":"closed","template":"","meta":{"footnotes":""},"categories":[],"tags":[],"class_list":["post-6974","page","type-page","status-publish","hentry"],"_links":{"self":[{"href":"https:\/\/www.lieksanurheilijat.com\/index.php?rest_route=\/wp\/v2\/pages\/6974","targetHints":{"allow":["GET"]}}],"collection":[{"href":"https:\/\/www.lieksanurheilijat.com\/index.php?rest_route=\/wp\/v2\/pages"}],"about":[{"href":"https:\/\/www.lieksanurheilijat.com\/index.php?rest_route=\/wp\/v2\/types\/page"}],"author":[{"embeddable":true,"href":"https:\/\/www.lieksanurheilijat.com\/index.php?rest_route=\/wp\/v2\/users\/2"}],"replies":[{"embeddable":true,"href":"https:\/\/www.lieksanurheilijat.com\/index.php?rest_route=%2Fwp%2Fv2%2Fcomments&post=6974"}],"version-history":[{"count":1,"href":"https:\/\/www.lieksanurheilijat.com\/index.php?rest_route=\/wp\/v2\/pages\/6974\/revisions"}],"predecessor-version":[{"id":6975,"href":"https:\/\/www.lieksanurheilijat.com\/index.php?rest_route=\/wp\/v2\/pages\/6974\/revisions\/6975"}],"up":[{"embeddable":true,"href":"https:\/\/www.lieksanurheilijat.com\/index.php?rest_route=\/wp\/v2\/pages\/6916"}],"wp:attachment":[{"href":"https:\/\/www.lieksanurheilijat.com\/index.php?rest_route=%2Fwp%2Fv2%2Fmedia&parent=6974"}],"wp:term":[{"taxonomy":"category","embeddable":true,"href":"https:\/\/www.lieksanurheilijat.com\/index.php?rest_route=%2Fwp%2Fv2%2Fcategories&post=6974"},{"taxonomy":"post_tag","embeddable":true,"href":"https:\/\/www.lieksanurheilijat.com\/index.php?rest_route=%2Fwp%2Fv2%2Ftags&post=6974"}],"curies":[{"name":"wp","href":"https:\/\/api.w.org\/{rel}","templated":true}]}}