{"id":6953,"date":"2022-07-14T17:06:13","date_gmt":"2022-07-14T14:06:13","guid":{"rendered":"https:\/\/www.lieksanurheilijat.com\/?page_id=6953"},"modified":"2022-07-25T14:02:24","modified_gmt":"2022-07-25T11:02:24","slug":"junnukisat-13-7-2022","status":"publish","type":"page","link":"https:\/\/www.lieksanurheilijat.com\/?page_id=6953","title":{"rendered":"Junnukisat 13.7.2022"},"content":{"rendered":"<p>Junnukisat<br \/>\nLieksan Urheilijat<br \/>\n13.07.2022<\/p>\n<p>P5 400m<br \/>\n1) Jaajo Tikka 2.28,3h<br \/>\n2) Sauli Simanainen 3.03,5h<br \/>\n3) Aapo Kiiskinen 3.13,3h<br \/>\n4) Manuel Kuha 4.47,7h<\/p>\n<p>T5 400m<br \/>\n1) Julia Rautio LimNM 2.22,7h<br \/>\n2) Kristina Radionova 2.27,8h<br \/>\n3) Martta Tikka 6.07,4h<\/p>\n<p>P5 Kuula<br \/>\n1) Leevi Tarvainen 2,59<br \/>\n2) Aapo Kiiskinen 2,38<br \/>\n3) Sauli Simanainen 2,14<br \/>\n4) Manuel Kuha 1,36<br \/>\n5) Jaajo Tikka 1,19<\/p>\n<p>T5 Kuula<br \/>\n1) Julia Rautio LimNM 3,12<br \/>\n2) Kristina Radionova 1,93<br \/>\n3) Vilha Pekkanen 1,40<br \/>\n4) Viivi Mikkonen 1,13<br \/>\n5) Martta Tikka 0,57<\/p>\n<p>P7 400m<br \/>\n1) Daniel Suokas 1.55,3h<br \/>\n2) Immanuel den Hertog 1.57,1h<br \/>\n3) Martti Klinberg 2.05,9h<br \/>\n4) Oiva K\u00e4rkk\u00e4inen 2.42,9h<\/p>\n<p>T7 400m<br \/>\n1) Valpuri N\u00e4s\u00e4nen 1.40,1h<br \/>\n2) Maria Ronkainen 1.42,4h<br \/>\n3) Minja Pekkanen 1.44,8h<br \/>\n4) Hilda Niskanen 1.48,0h<br \/>\n5) Sanna Simanainen 2.44,4h<br \/>\n6) Emmi Immonen 3.01,1h<\/p>\n<p>P7 Kuula<br \/>\n1) Martti Klinberg 3,91<br \/>\n2) Immanuel den Hertog 3,73<br \/>\n3) Daniel Suokas 3,08<br \/>\n4) Iivo Mikkonen 2,90<br \/>\n5) Oiva K\u00e4rkk\u00e4inen 2,83<br \/>\n6) Evgeni Teverin 1,92<\/p>\n<p>T7 Kuula<br \/>\n1) Hilda Niskanen 3,29<br \/>\n2) Minja Pekkanen 3,04<br \/>\n3) Valpuri N\u00e4s\u00e4nen 3,02<br \/>\n4) Emmi Immonen 2,78<br \/>\n5) Maria Ronkainen 2,28<br \/>\n6) Sanna Simanainen 2,03<\/p>\n<p>P9 400m<br \/>\n1) Topias V\u00e4nsk\u00e4 KajKi 1.27,7h<br \/>\n2) Maks Kempas 1.29,1h<br \/>\n3) Aatu Kaakkunen 1.37,6h<br \/>\n4) Oula Sirvi\u00f6 1.41,9h<br \/>\n5) Severi N\u00e4s\u00e4nen 1.46,8h<\/p>\n<p>T9 400m<br \/>\n1) Minea Rautio LimNM 1.27,2h<br \/>\n2) Elle Kuosmanen 1.35,3h<br \/>\n3) Ronja Tarvainen 1.46,9h<br \/>\n4) Enni Kempas 1.50,0h<br \/>\n5) Saana Kiiskinen 2.06,9h<br \/>\n6) Sura Tekin 2.25,7h<\/p>\n<p>P9 Korkeus<br \/>\n1) Jare Ker\u00e4nen JoensKa 105<br \/>\n2) Severi N\u00e4s\u00e4nen 100<br \/>\n3) Topias V\u00e4nsk\u00e4 KajKi 95<br \/>\n4) Maks Kempas 85<br \/>\n5) Aatu Kaakkunen 80<\/p>\n<p>T9 Korkeus<br \/>\n1) Minea Rautio LimNM 100<br \/>\n2) Iiris P\u00e4ivelin 95<br \/>\n3) Minja Pekkanen 85<br \/>\n4) Elle Kuosmanen 85<br \/>\n5) Ronja Tarvainen 85<br \/>\n6) Hilda Niskanen 80<br \/>\n7) Maria Ronkainen 80<br \/>\n8) Enni Kempas 75<br \/>\n8) Sura Tekin 75<br \/>\n10) Saana Kiiskinen 75<br \/>\n11) Oona Heikkinen 70<\/p>\n<p>P9 Kuula<br \/>\n1) Severi N\u00e4s\u00e4nen 4,75<br \/>\n2) Oula Sirvi\u00f6 4,24<br \/>\n3) Maks Kempas 4,11<br \/>\n4) Aatu Kaakkunen 3,22<\/p>\n<p>T9 Kuula<br \/>\n1) Minea Rautio LimNM 5,34<br \/>\n2) Enni Kempas 5,21<br \/>\n3) Ronja Tarvainen 3,91<br \/>\n4) Elle Kuosmanen 3,61<br \/>\n5) Saana Kiiskinen 3,46<br \/>\n6) Oona Heikkinen 2,91<\/p>\n<p>P11 1000m<br \/>\n1) Jare Ker\u00e4nen JoensKa 3.35,3h<br \/>\n2) Jaakko Heikkil\u00e4 LapVi 4.41,8h<br \/>\n3) Juuso Heikkil\u00e4 LapVi 5.48,6h<\/p>\n<p>T11 1000m<br \/>\n1) Sara Ker\u00e4nen JoensKa 3.40,6h<\/p>\n<p>P11 Korkeus<br \/>\n1) Juuso Heikkil\u00e4 LapVi 96<br \/>\n2) Jaakko Heikkil\u00e4 LapVi 91<\/p>\n<p>T11 Korkeus<br \/>\n1) Elsi P\u00e4ivelin 116<br \/>\n2) Sara Ker\u00e4nen JoensKa 106<br \/>\n3) Olivia den Hertog 91<\/p>\n<p>P11 Kuula<br \/>\n1) Veikko Hyrskyl\u00e4 6,31<\/p>\n<p>T11 Kuula<br \/>\n1) Iisa Sirvi\u00f6 5,25<br \/>\n2) Ria Raufis LimNM 5,08<br \/>\n3) Olivia den Hertog 4,61<\/p>\n<p>P13 1000m<br \/>\n1) Juho Klinberg 3.46,70<\/p>\n<p>T13 1000m<br \/>\n1) Henni Kultanen JoensKa 5.29,4h<\/p>\n<p>P13 Korkeus<br \/>\n1) Nuutti H\u00e4m\u00e4l\u00e4inen Pyh\u00e4sU 146<\/p>\n<p>T13 Korkeus<br \/>\n1) Maiju Saraniemi 116<\/p>\n<p>P13 Kuula<br \/>\n1) Nuutti H\u00e4m\u00e4l\u00e4inen Pyh\u00e4sU 7,79<br \/>\n2) Juho Klinberg 6,43<\/p>\n<p>T13 Kuula<br \/>\n1) Maiju Saraniemi 10,09<br \/>\n2) Henni Kultanen JoensKa 5,94<\/p>\n<p>P15 800m<br \/>\n1) Oskari Piirainen PorvU 2.20,2h<br \/>\n2) Martti Saraniemi 2.28,5h<\/p>\n<p>P15 Kuula<br \/>\n1) Martti Saraniemi 10,60<br \/>\n2) Onni Hyrskyl\u00e4 9,18<\/p>\n<p>N17 800m<br \/>\n1) Eevi Kettunen PolvijU 2.29,6h<br \/>\n2) Ilona Pelli MikkKV 2.33,2h<br \/>\n3) Aada Rautiainen KiihtU 2.41,8h<\/p>\n","protected":false},"excerpt":{"rendered":"<p>Junnukisat Lieksan Urheilijat 13.07.2022 P5 400m 1) Jaajo Tikka 2.28,3h 2) Sauli Simanainen 3.03,5h 3) Aapo Kiiskinen 3.13,3h 4) Manuel Kuha 4.47,7h T5 400m 1) Julia Rautio LimNM 2.22,7h 2) Kristina Radionova 2.27,8h 3) Martta Tikka 6.07,4h P5 Kuula 1) Leevi Tarvainen 2,59 2) Aapo Kiiskinen 2,38 3) Sauli Simanainen &hellip;<\/p>\n","protected":false},"author":2,"featured_media":0,"parent":6916,"menu_order":5,"comment_status":"closed","ping_status":"closed","template":"","meta":{"footnotes":""},"categories":[],"tags":[],"class_list":["post-6953","page","type-page","status-publish","hentry"],"_links":{"self":[{"href":"https:\/\/www.lieksanurheilijat.com\/index.php?rest_route=\/wp\/v2\/pages\/6953","targetHints":{"allow":["GET"]}}],"collection":[{"href":"https:\/\/www.lieksanurheilijat.com\/index.php?rest_route=\/wp\/v2\/pages"}],"about":[{"href":"https:\/\/www.lieksanurheilijat.com\/index.php?rest_route=\/wp\/v2\/types\/page"}],"author":[{"embeddable":true,"href":"https:\/\/www.lieksanurheilijat.com\/index.php?rest_route=\/wp\/v2\/users\/2"}],"replies":[{"embeddable":true,"href":"https:\/\/www.lieksanurheilijat.com\/index.php?rest_route=%2Fwp%2Fv2%2Fcomments&post=6953"}],"version-history":[{"count":5,"href":"https:\/\/www.lieksanurheilijat.com\/index.php?rest_route=\/wp\/v2\/pages\/6953\/revisions"}],"predecessor-version":[{"id":6969,"href":"https:\/\/www.lieksanurheilijat.com\/index.php?rest_route=\/wp\/v2\/pages\/6953\/revisions\/6969"}],"up":[{"embeddable":true,"href":"https:\/\/www.lieksanurheilijat.com\/index.php?rest_route=\/wp\/v2\/pages\/6916"}],"wp:attachment":[{"href":"https:\/\/www.lieksanurheilijat.com\/index.php?rest_route=%2Fwp%2Fv2%2Fmedia&parent=6953"}],"wp:term":[{"taxonomy":"category","embeddable":true,"href":"https:\/\/www.lieksanurheilijat.com\/index.php?rest_route=%2Fwp%2Fv2%2Fcategories&post=6953"},{"taxonomy":"post_tag","embeddable":true,"href":"https:\/\/www.lieksanurheilijat.com\/index.php?rest_route=%2Fwp%2Fv2%2Ftags&post=6953"}],"curies":[{"name":"wp","href":"https:\/\/api.w.org\/{rel}","templated":true}]}}