{"id":6803,"date":"2021-06-02T18:27:24","date_gmt":"2021-06-02T15:27:24","guid":{"rendered":"https:\/\/www.lieksanurheilijat.com\/?page_id=6803"},"modified":"2021-06-02T18:37:36","modified_gmt":"2021-06-02T15:37:36","slug":"sittalammen-ymparijuoksu-2-6-2021","status":"publish","type":"page","link":"https:\/\/www.lieksanurheilijat.com\/?page_id=6803","title":{"rendered":"Sittalammen Ymp\u00e4rijuoksu 2.6.2021"},"content":{"rendered":"<p>22. Sittalammen Ymp\u00e4rijuoksu<br \/>\n2.6.2021<\/p>\n<p>Tulokset:<\/p>\n<p>Tyt\u00f6t alle 7v 300m<br \/>\n1) Anni Justander 1.25<br \/>\n2) Oili Justander 1.26<br \/>\n3) Minja Pekkanen 1.31<\/p>\n<p>Pojat alle 7v 300m<br \/>\n1) Maks Kempas 1.17<br \/>\n2) Mikael Ronkainen 1.22<br \/>\n3) Manu Jolkkonen 1.53<\/p>\n<p>Tyt\u00f6t 8v 600m<br \/>\n1) Enni Kempas 3.30<\/p>\n<p>Pojat 8v 600m<br \/>\n1) Joni Justander 2.55<\/p>\n<p>Tyt\u00f6t 9v 600m<br \/>\n1) Olivia den Hertog 2.58<\/p>\n<p>Naiset 1600m<br \/>\n1) Tuuli Saraniemi LU 7.32<br \/>\n2) P\u00e4ivi Puolakka S\u00e4yn\u00e4isten Salpa 8.23<\/p>\n<p>Miehet 1600m<br \/>\n1) Joni Korhonen Lieksan Into 5.45<br \/>\n2) Elias Lampola Lieksan Hurtat 5.46<br \/>\n3) Juho Soikkeli Lieksan Into 6.01<br \/>\n4) Marko Pekkarinen Limingan Niittomiehet 6.15<br \/>\n5) Antti Toivanen Lieksan Into 6.24<br \/>\n6) Tomi Justander 6.48<br \/>\n7) Jarmo Pekkarinen Lieksan Rasti 8.41<\/p>\n","protected":false},"excerpt":{"rendered":"<p>22. Sittalammen Ymp\u00e4rijuoksu 2.6.2021 Tulokset: Tyt\u00f6t alle 7v 300m 1) Anni Justander 1.25 2) Oili Justander 1.26 3) Minja Pekkanen 1.31 Pojat alle 7v 300m 1) Maks Kempas 1.17 2) Mikael Ronkainen 1.22 3) Manu Jolkkonen 1.53 Tyt\u00f6t 8v 600m 1) Enni Kempas 3.30 Pojat 8v 600m 1) Joni Justander &hellip;<\/p>\n","protected":false},"author":2,"featured_media":0,"parent":6805,"menu_order":9,"comment_status":"closed","ping_status":"closed","template":"","meta":{"footnotes":""},"categories":[7],"tags":[],"class_list":["post-6803","page","type-page","status-publish","hentry","category-tulokset"],"_links":{"self":[{"href":"https:\/\/www.lieksanurheilijat.com\/index.php?rest_route=\/wp\/v2\/pages\/6803","targetHints":{"allow":["GET"]}}],"collection":[{"href":"https:\/\/www.lieksanurheilijat.com\/index.php?rest_route=\/wp\/v2\/pages"}],"about":[{"href":"https:\/\/www.lieksanurheilijat.com\/index.php?rest_route=\/wp\/v2\/types\/page"}],"author":[{"embeddable":true,"href":"https:\/\/www.lieksanurheilijat.com\/index.php?rest_route=\/wp\/v2\/users\/2"}],"replies":[{"embeddable":true,"href":"https:\/\/www.lieksanurheilijat.com\/index.php?rest_route=%2Fwp%2Fv2%2Fcomments&post=6803"}],"version-history":[{"count":1,"href":"https:\/\/www.lieksanurheilijat.com\/index.php?rest_route=\/wp\/v2\/pages\/6803\/revisions"}],"predecessor-version":[{"id":6804,"href":"https:\/\/www.lieksanurheilijat.com\/index.php?rest_route=\/wp\/v2\/pages\/6803\/revisions\/6804"}],"up":[{"embeddable":true,"href":"https:\/\/www.lieksanurheilijat.com\/index.php?rest_route=\/wp\/v2\/pages\/6805"}],"wp:attachment":[{"href":"https:\/\/www.lieksanurheilijat.com\/index.php?rest_route=%2Fwp%2Fv2%2Fmedia&parent=6803"}],"wp:term":[{"taxonomy":"category","embeddable":true,"href":"https:\/\/www.lieksanurheilijat.com\/index.php?rest_route=%2Fwp%2Fv2%2Fcategories&post=6803"},{"taxonomy":"post_tag","embeddable":true,"href":"https:\/\/www.lieksanurheilijat.com\/index.php?rest_route=%2Fwp%2Fv2%2Ftags&post=6803"}],"curies":[{"name":"wp","href":"https:\/\/api.w.org\/{rel}","templated":true}]}}