{"id":6760,"date":"2020-09-08T20:10:33","date_gmt":"2020-09-08T17:10:33","guid":{"rendered":"https:\/\/www.lieksanurheilijat.com\/?page_id=6760"},"modified":"2020-09-08T20:10:33","modified_gmt":"2020-09-08T17:10:33","slug":"matin-kuntokymppi-8-9-2020","status":"publish","type":"page","link":"https:\/\/www.lieksanurheilijat.com\/?page_id=6760","title":{"rendered":"Matin Kuntokymppi 8.9.2020"},"content":{"rendered":"\n<p>Matin Kuntokymppi, Lieksa 8.9.2020<\/p>\n\n\n\n<p>Miehet<br>\n1 Jussi-Pekka Heikkinen Tuupovaaran Sepot 39.25,4<br>\n2 Jarmo Huuskonen Valtimon Vasama 41.59,8<\/p>\n\n\n\n<p>M40<br>\n1 Jari Mustonen Polvij\u00e4rven Vauhti 37.06,6<br>\n2 Yrj\u00f6 Tuovinen Juuan J\u00e4nne 76.38,2<\/p>\n\n\n\n<p>M50<br>\n1 Heikki Halonen Juuan J\u00e4nne 37.08,7<br>\n2 Pentti Eronen Juuan J\u00e4nne 40.18,5<\/p>\n\n\n\n<p>M60<br>\n1 Ahti Ker\u00e4nen Lieksa 44.47,8<\/p>\n\n\n\n<p>M70<br>\n1 Vesa Haarala Liperin Taimi 52.48,8<br>\n2 Jussi Voima H\u00e4jyt 54.53,9<\/p>\n\n\n\n<p>M kuntosarja<br>\n1 Tomi Justander Lieksa 50.27,9<br>\n2 Jarmo Honkanen Lieksan Rasti 53.51,1<\/p>\n\n\n\n<p>Naiset<br>\n1 Sari M\u00e4kinen 41.49,2<br>\n2 Jonna Kuronen Lieksan Hiihtoseura 46.56,8<br>\n3 Maria Heikkinen Brahean Uimarit 55.59,6<\/p>\n\n\n\n<p>N50<br>\n1 Riitta Siltanen Jyv\u00e4skyl\u00e4 52.32,4<\/p>\n\n\n\n<p>N kuntosarja<br>\n1 Riitta Liimatta Lieksan Urheilijat 58.47,6<\/p>\n","protected":false},"excerpt":{"rendered":"<p>Matin Kuntokymppi, Lieksa 8.9.2020 Miehet 1 Jussi-Pekka Heikkinen Tuupovaaran Sepot 39.25,4 2 Jarmo Huuskonen Valtimon Vasama 41.59,8 M40 1 Jari Mustonen Polvij\u00e4rven Vauhti 37.06,6 2 Yrj\u00f6 Tuovinen Juuan J\u00e4nne 76.38,2 M50 1 Heikki Halonen Juuan J\u00e4nne 37.08,7 2 Pentti Eronen Juuan J\u00e4nne 40.18,5 M60 1 Ahti Ker\u00e4nen Lieksa 44.47,8 M70 &hellip;<\/p>\n","protected":false},"author":2,"featured_media":0,"parent":6663,"menu_order":1,"comment_status":"closed","ping_status":"closed","template":"","meta":{"footnotes":""},"categories":[],"tags":[],"class_list":["post-6760","page","type-page","status-publish","hentry"],"_links":{"self":[{"href":"https:\/\/www.lieksanurheilijat.com\/index.php?rest_route=\/wp\/v2\/pages\/6760","targetHints":{"allow":["GET"]}}],"collection":[{"href":"https:\/\/www.lieksanurheilijat.com\/index.php?rest_route=\/wp\/v2\/pages"}],"about":[{"href":"https:\/\/www.lieksanurheilijat.com\/index.php?rest_route=\/wp\/v2\/types\/page"}],"author":[{"embeddable":true,"href":"https:\/\/www.lieksanurheilijat.com\/index.php?rest_route=\/wp\/v2\/users\/2"}],"replies":[{"embeddable":true,"href":"https:\/\/www.lieksanurheilijat.com\/index.php?rest_route=%2Fwp%2Fv2%2Fcomments&post=6760"}],"version-history":[{"count":1,"href":"https:\/\/www.lieksanurheilijat.com\/index.php?rest_route=\/wp\/v2\/pages\/6760\/revisions"}],"predecessor-version":[{"id":6761,"href":"https:\/\/www.lieksanurheilijat.com\/index.php?rest_route=\/wp\/v2\/pages\/6760\/revisions\/6761"}],"up":[{"embeddable":true,"href":"https:\/\/www.lieksanurheilijat.com\/index.php?rest_route=\/wp\/v2\/pages\/6663"}],"wp:attachment":[{"href":"https:\/\/www.lieksanurheilijat.com\/index.php?rest_route=%2Fwp%2Fv2%2Fmedia&parent=6760"}],"wp:term":[{"taxonomy":"category","embeddable":true,"href":"https:\/\/www.lieksanurheilijat.com\/index.php?rest_route=%2Fwp%2Fv2%2Fcategories&post=6760"},{"taxonomy":"post_tag","embeddable":true,"href":"https:\/\/www.lieksanurheilijat.com\/index.php?rest_route=%2Fwp%2Fv2%2Ftags&post=6760"}],"curies":[{"name":"wp","href":"https:\/\/api.w.org\/{rel}","templated":true}]}}