{"id":6722,"date":"2020-07-22T21:54:33","date_gmt":"2020-07-22T18:54:33","guid":{"rendered":"https:\/\/www.lieksanurheilijat.com\/?page_id=6722"},"modified":"2020-07-23T09:18:41","modified_gmt":"2020-07-23T06:18:41","slug":"junnukisat-22-7-2020","status":"publish","type":"page","link":"https:\/\/www.lieksanurheilijat.com\/?page_id=6722","title":{"rendered":"Junnukisat 22.7.2020"},"content":{"rendered":"\n<p>Junnukisat 22.7.2020, Lieksa<\/p>\n\n\n\n<p>Tulokset:<\/p>\n\n\n\n<p>P15 pituus<br>\n1)   Eero Mauro                                                   536 +0,0<\/p>\n\n\n\n<p>P15 keih\u00e4s<br>\n1)   Eeli Kinnunen                    JoensKa                   51,65<\/p>\n\n\n\n<p>P12 1000m <br>\n1)   Urho Kuronen                                              4.27,8<\/p>\n\n\n\n<p>P12 pituus<br>\n1)   Urho Kuronen                                                 270<\/p>\n\n\n\n<p>P12 keih\u00e4s<br>\n1)   Urho Kuronen                                               11,40<\/p>\n\n\n\n<p>P10 pituus<br>\n1)   Aapo Ryyn\u00e4nen                    JuuanU                      382<\/p>\n\n\n\n<p>P10 keih\u00e4s<br>\n1)   Aapo Ryyn\u00e4nen                    JuuanU                    32,07<\/p>\n\n\n\n<p>P9 400m<br>\n1)   Lauri Hiltunen                   Lappeenranta             1.39,8<\/p>\n\n\n\n<p>P9 1000m <br>\n1)   Vilho Solehmainen                                         4.11,8<\/p>\n\n\n\n<p>P9 pituus<br>\n1)   Vilho Solehmainen                                            302<br>\n2)   Lauri Hiltunen                   Lappeenranta                266<\/p>\n\n\n\n<p>P9 keih\u00e4s<br>\n1)   Vilho Solehmainen                                          10,36<\/p>\n\n\n\n<p>P9 pallo<br>\n1)   Lauri Hiltunen                   Lappeenranta              15,00<\/p>\n\n\n\n<p>P8 400m<br>\n1)   Aatu Tolonen                                              1.29,6<br>\n2)   Antto Honkanen                                            1.36,3<br>\n3)   Elias Pyykk\u00f6                                              1.41,3<\/p>\n\n\n\n<p>P8 pituus<br>\n1)   Aatu Tolonen                                                 285<br>\n2)   Elias Pyykk\u00f6                                                 281<br>\n3)   Antto Honkanen                                               258<\/p>\n\n\n\n<p>P8 pallo<br>\n1)   Elias Pyykk\u00f6                                               20,30<br>\n2)   Aatu Tolonen                                               15,35<br>\n3)   Antto Honkanen                                             13,71<\/p>\n\n\n\n<p>P7 400m<br>\n1)   Eetu Pyykk\u00f6                                               1.41,2<br>\n2)   Oskari Kovaniemi                 EspTa                    2.01,2<\/p>\n\n\n\n<p>P7 pituus<br>\n1)   Joni Justander                                               267<br>\n2)   Oskari Kovaniemi                 EspTa                       256<br>\n3)   Eetu Pyykk\u00f6                                                  223<\/p>\n\n\n\n<p>P7 pallo<br>\n1)   Oskari Kovaniemi                 EspTa                     17,86<br>\n2)   Eetu Pyykk\u00f6                                                11,25<\/p>\n\n\n\n<p>P6 400m<br> 1)   Maks Kempas                                               1.53,4<br> 2)   Mikael Ronkainen                                          2.06,7<br> 3)   Niko H\u00e4rk\u00f6nen                                             2.28,1<\/p>\n\n\n\n<p>P6 pituus<br>1)   Mikael Ronkainen                                             206<br>2)   Maks Kempas                                                  205<br>3)   Niko H\u00e4rk\u00f6nen                                                123<\/p>\n\n\n\n<p>P6 pallo<br> 1)   Mikael Ronkainen                                            8,92<br> 2)   Maks Kempas                                                 5,61 <\/p>\n\n\n\n<p>P5 400m<br> 1)   Leo P\u00e4ivelin                     Kontiolahti              1.56,8<br> 2)   Lukas Rissanen                                            1.58,4<br> 3)   Oliver Pyykk\u00f6                                             2.01,2<br> 4)   Olavi Vallius                                             2.23,5<\/p>\n\n\n\n<p>P5 pituus<br> 1)   Leo P\u00e4ivelin                     Kontiolahti                 218<br> 2)   Oliver Pyykk\u00f6                                                178<br> 3)   Olavi Vallius                                                176<br> 4)   Lukas Rissanen                                               172<\/p>\n\n\n\n<p>P5 pallo<br> 1)   Oliver Pyykk\u00f6                                              10,47<br> 2)   Lukas Rissanen                                              7,77<br> 3)   Leo P\u00e4ivelin                     Kontiolahti                6,20<br> 4)   Olavi Vallius                                               5,52<\/p>\n\n\n\n<p>P4 400m<br>\n1)   Aake Pehkonen                                             3.09,1<\/p>\n\n\n\n<p>P4 pituus<br>\n1)   Aake Pehkonen                                                106<\/p>\n\n\n\n<p>P4 pallo<br>\n1)   Aake Pehkonen                                               3,77<\/p>\n\n\n\n<p>P3 400m<br>\n1)   Eino K\u00e4rkk\u00e4inen                                           4.23,3<\/p>\n\n\n\n<p>P3 pituus<br>\n1)   Leevi Tarvainen                                               59<br>\n1)   Eino K\u00e4rkk\u00e4inen                                               59<br>\n3)   Eino Vallius                                                  57<\/p>\n\n\n\n<p>P3 pallo<br>\n1)   Eino K\u00e4rkk\u00e4inen                                             3,29<br>\n2)   Eino Vallius                                                2,60<br>\n3)   Leevi Tarvainen                                             1,60<\/p>\n\n\n\n<p>N17 800m<br>\n1)   Maija Boren                                               2.38,5<\/p>\n\n\n\n<p>N17 pituus<br>\n1)   Tiia S\u00e4de                        JoensKa                     500 +0,0<br>\n2)   Maija Boren                                                  392 +0,8<\/p>\n\n\n\n<p>N17 keih\u00e4s<br>\n1)   Maija Boren                                                19,78<\/p>\n\n\n\n<p>T14 pituus<br>\n1)   Nea Nevalainen                                               440 +0,0<\/p>\n\n\n\n<p>T14 keih\u00e4s<br>\n1)   Nea Nevalainen                                             22,75<\/p>\n\n\n\n<p>T13 pituus<br>\n1)   Mimmi Marttinen                  JoensKa                     423 +0,0<br>\n2)   Aino Kiiskinen                   Pyh\u00e4sU                      378 +1,1<\/p>\n\n\n\n<p>T13 keih\u00e4s<br>\n1)   Aino Kiiskinen                   Pyh\u00e4sU                    21,66<br>\n2)   Mimmi Marttinen                  JoensKa                   20,08<\/p>\n\n\n\n<p>T12 1000m <br>\n1)   Iida Kuronen                                              4.18,3<\/p>\n\n\n\n<p>T12 pituus<br>\n1)   Helmi Huopalainen                ValkKa                      350<br>\n2)   Iida Kuronen                                                 265<\/p>\n\n\n\n<p>T12 keih\u00e4s<br>\n1)   Helmi Huopalainen                ValkKa                    27,11<br>\n2)   Iida Kuronen                                               10,28<\/p>\n\n\n\n<p>T11 1000m <br>\n1)   Linda Mononen                    JoensKa                  4.12,0<br>\n2)   Enni Solehmainen                                          4.45,8<br>\n3)   Lotta Hiltunen                   Lappeenranta             4.59,3<br>\n4)   Claudia Ehnrooth                 Helsinki                 5.23,3<\/p>\n\n\n\n<p>T11 pituus<br>\n1)   Linda Mononen                    JoensKa                     329<br>\n2)   Enni Solehmainen                 KuopRei                     317<br>\n3)   Lotta Hiltunen                   Lappeenranta                284<br>\n4)   Claudia Ehnrooth                 Helsinki                    272<\/p>\n\n\n\n<p>T11 keih\u00e4s<br>\n1)   Linda Mononen                    JoensKa                   19,99<br>\n2)   Lotta Hiltunen                   Lappeenranta               9,54<br>\n3)   Claudia Ehnrooth                 Helsinki                   8,61<br>\n4)   Enni Solehmainen                                            6,69<\/p>\n\n\n\n<p>T10 1000m <br>\n1)   Heini Kuronen                    Pyh\u00e4sU                   3.56,4<br>\n     Fanni Puhakka                    Pyh\u00e4sU                      DNF<\/p>\n\n\n\n<p>T9 400m<br>\n1)   Helmi Honkanen                                            1.27,9<br>\n2)   Elsi P\u00e4ivelin                                             1.29,7<\/p>\n\n\n\n<p>T9 pituus<br>\n1)   Helmi Honkanen                                               314<br>\n2)   Elsi P\u00e4ivelin                                                303<\/p>\n\n\n\n<p>T9 pallo<br>\n1)   Helmi Honkanen                                             13,22<br>\n2)   Elsi P\u00e4ivelin                                              11,98<\/p>\n\n\n\n<p>T8 400m<br>\n1)   Helmi Kuronen                    Pyh\u00e4sU                   1.35,8<br>\n2)   Vilja Kansala                                             1.47,8<br>\n3)   Ronja K\u00e4rkk\u00e4inen                                          1.50,4<br>\n4)   Nelli Ikonen                                              1,55,6<\/p>\n\n\n\n<p>T8 pituus<br>\n1)   Helmi Kuronen                    Pyh\u00e4sU                      263<br>\n2)   Vilja Kansala                                                242<br>\n3)   Ronja K\u00e4rkk\u00e4inen                                             236<br>\n4)   Nelli Ikonen                                                 229<\/p>\n\n\n\n<p>T8 pallo<br>\n1)   Vilja Kansala                                              14,65<br>\n2)   Nelli Ikonen                                               10,15<br>\n3)   Ronja K\u00e4rkk\u00e4inen                                            8,62<br>\n4)   Helmi Kuronen                    Pyh\u00e4sU                     8,49<\/p>\n\n\n\n<p>T7 400m<br>\n1)   Milja P\u00e4ivelin                   Kontiolahti              1.44,0<br>\n2)   Iiris P\u00e4ivelin                                            1.51,2<br>\n3)   Olivia Kovaniemi                 EspTa                    2.03,2<br>\n4)   Enni Kempas                                               2.04,7<\/p>\n\n\n\n<p>T7 pituus<br>\n1)   Olivia Kovaniemi                 EspTa                       241<br>\n2)   Milja P\u00e4ivelin                   Kontiolahti                 217<br>\n3)   Iiris P\u00e4ivelin                                               209<br>\n4)   Enni Kempas                                                  191<\/p>\n\n\n\n<p>T7 pallo<br>\n1)   Olivia Kovaniemi                 EspTa                     10,89<br>\n2)   Iiris P\u00e4ivelin                                              7,24<br>\n3)   Milja P\u00e4ivelin                   Kontiolahti                6,83<br>\n4)   Enni Kempas                                                 5,85<\/p>\n\n\n\n<p>T6 400m<br>\n1)   Sansa Hollstr\u00f6m                                           2.24,8<br>\n2)   Sinna Pehkonen                                            3.06,0<\/p>\n\n\n\n<p>T6 pituus<br>\n1)   Sansa Hollstr\u00f6m                                              176<br>\n2)   Sinna Pehkonen                                               168<br>\n3)   Ronja Tarvainen                                              166<\/p>\n\n\n\n<p>T6 pallo<br>\n1)   Ronja Tarvainen                                             9,79<br>\n2)   Sansa Hollstr\u00f6m                                             5,16<br>\n3)   Sinna Pehkonen                                              4,90<\/p>\n\n\n\n<p>T5 400m<br>\n1)   Minja Pekkanen                                            1.58,8<br>\n2)   Toini Kuronen                    PyU                      2.08,0<br>\n3)   Maria Ronkainen                                           2.23,5<br>\n4)   Sylvi Kansala                                             2.44,1<\/p>\n\n\n\n<p>T5 pituus<br>\n1)   Minja Pekkanen                                               196<br>\n2)   Maria Ronkainen                                              190<br>\n3)   Toini Kuronen                    PyU                         163<br>\n4)   Sylvi Kansala                                                152<br>\n5)   Ellen Honkanen                                               142<\/p>\n\n\n\n<p>T5 pallo<br>\n1)   Maria Ronkainen                                             7,58<br>\n2)   Minja Pekkanen                                              6,75<br>\n3)   Ellen Honkanen                                              6,12<br>\n4)   Toini Kuronen                    PyU                        4,52<br>\n5)   Sylvi Kansala                                               3,05<\/p>\n\n\n\n<p>T4 400m<br>\n1)   Oili Justander                                            2.01,0<br>\n2)   Netta Jauhiainen                                          2.44,1<br>\n3)   Eveliina H\u00e4rk\u00f6nen                                         2.47,3<br>\n4)   Anni Justander                                            2.50,6<br>\n5)   Sinea Hollstr\u00f6m                                           3.48,1<\/p>\n\n\n\n<p>T4 pituus<br>\n1)   Oili Justander                                               231<br>\n2)   Anni Justander                                               168<br>\n3)   Netta Jauhiainen                                             138<br>\n4)   Sinea Hollstr\u00f6m                                              106<br>\n5)   Eveliina H\u00e4rk\u00f6nen                                            101<\/p>\n\n\n\n<p>T4 pallo<br>\n1)   Oili Justander                                              3,75<br>\n2)   Sinea Hollstr\u00f6m                                             3,57<br>\n3)   Netta Jauhiainen                                            3,50<br>\n4)   Anni Justander                                              3,00<br>\n5)   Eveliina H\u00e4rk\u00f6nen                                           2,86<\/p>\n\n\n\n<p>T3 400m<br>\n1)   Elle Turunen                                              3.18,1<\/p>\n\n\n\n<p>T3 pituus<br>\n1)   Elle Turunen                                                  67<\/p>\n\n\n\n<p>T3 pallo<br>\n1)   Emmi Ikonen                                                 0,35<\/p>\n","protected":false},"excerpt":{"rendered":"<p>Junnukisat 22.7.2020, Lieksa Tulokset: P15 pituus 1) Eero Mauro 536 +0,0 P15 keih\u00e4s 1) Eeli Kinnunen JoensKa 51,65 P12 1000m 1) Urho Kuronen 4.27,8 P12 pituus 1) Urho Kuronen 270 P12 keih\u00e4s 1) Urho Kuronen 11,40 P10 pituus 1) Aapo Ryyn\u00e4nen JuuanU 382 P10 keih\u00e4s 1) Aapo Ryyn\u00e4nen JuuanU 32,07 &hellip;<\/p>\n","protected":false},"author":2,"featured_media":0,"parent":6663,"menu_order":5,"comment_status":"closed","ping_status":"closed","template":"","meta":{"footnotes":""},"categories":[],"tags":[],"class_list":["post-6722","page","type-page","status-publish","hentry"],"_links":{"self":[{"href":"https:\/\/www.lieksanurheilijat.com\/index.php?rest_route=\/wp\/v2\/pages\/6722","targetHints":{"allow":["GET"]}}],"collection":[{"href":"https:\/\/www.lieksanurheilijat.com\/index.php?rest_route=\/wp\/v2\/pages"}],"about":[{"href":"https:\/\/www.lieksanurheilijat.com\/index.php?rest_route=\/wp\/v2\/types\/page"}],"author":[{"embeddable":true,"href":"https:\/\/www.lieksanurheilijat.com\/index.php?rest_route=\/wp\/v2\/users\/2"}],"replies":[{"embeddable":true,"href":"https:\/\/www.lieksanurheilijat.com\/index.php?rest_route=%2Fwp%2Fv2%2Fcomments&post=6722"}],"version-history":[{"count":4,"href":"https:\/\/www.lieksanurheilijat.com\/index.php?rest_route=\/wp\/v2\/pages\/6722\/revisions"}],"predecessor-version":[{"id":6730,"href":"https:\/\/www.lieksanurheilijat.com\/index.php?rest_route=\/wp\/v2\/pages\/6722\/revisions\/6730"}],"up":[{"embeddable":true,"href":"https:\/\/www.lieksanurheilijat.com\/index.php?rest_route=\/wp\/v2\/pages\/6663"}],"wp:attachment":[{"href":"https:\/\/www.lieksanurheilijat.com\/index.php?rest_route=%2Fwp%2Fv2%2Fmedia&parent=6722"}],"wp:term":[{"taxonomy":"category","embeddable":true,"href":"https:\/\/www.lieksanurheilijat.com\/index.php?rest_route=%2Fwp%2Fv2%2Fcategories&post=6722"},{"taxonomy":"post_tag","embeddable":true,"href":"https:\/\/www.lieksanurheilijat.com\/index.php?rest_route=%2Fwp%2Fv2%2Ftags&post=6722"}],"curies":[{"name":"wp","href":"https:\/\/api.w.org\/{rel}","templated":true}]}}