{"id":6691,"date":"2020-06-28T22:58:16","date_gmt":"2020-06-28T19:58:16","guid":{"rendered":"https:\/\/www.lieksanurheilijat.com\/?page_id=6691"},"modified":"2020-06-28T22:58:16","modified_gmt":"2020-06-28T19:58:16","slug":"susirajan-seivaskisa-28-6-2020","status":"publish","type":"page","link":"https:\/\/www.lieksanurheilijat.com\/?page_id=6691","title":{"rendered":"Susirajan seiv\u00e4skisa 28.6.2020"},"content":{"rendered":"\n<p>Susirajan seip\u00e4\u00e4n tuloskisa<br>Lieksa 28.6.2020<\/p>\n\n\n\n<p>P13 Seiv\u00e4s<br> 1)   Topias Mustonen                  JoensKa                   300               <br>      250    260    270    280    290    300    310    <br>      o      o      o      xo     xxo    xo     xxx    <\/p>\n\n\n\n<p>P15 Seiv\u00e4s<br> 1)   Eeli Mustonen                    JoensKa                   290               <br>      250    260    270    280    290    300    <br>      o      xo     o      xo     xo     xxx    <\/p>\n\n\n\n<p>T15 Seiv\u00e4s<br> 1)   Tuuli Saraniemi                  LieksU                    300               <br>      280    290    300    310    <br>      o      xo     o      xxx    <\/p>\n\n\n\n<p>2)   Moona Heikkinen                  Jyv\u00e4skKU                  270               <br>      240    250    260    270    280    <br>      o      o      o      xo     xxx    <\/p>\n\n\n\n<p>Aino Pyykk\u00f6                   LieksU                     DNS<\/p>\n","protected":false},"excerpt":{"rendered":"<p>Susirajan seip\u00e4\u00e4n tuloskisaLieksa 28.6.2020 P13 Seiv\u00e4s 1) Topias Mustonen JoensKa 300 250 260 270 280 290 300 310 o o o xo xxo xo xxx P15 Seiv\u00e4s 1) Eeli Mustonen JoensKa 290 250 260 270 280 290 300 o xo o xo xo xxx T15 Seiv\u00e4s 1) Tuuli Saraniemi LieksU &hellip;<\/p>\n","protected":false},"author":2,"featured_media":0,"parent":6663,"menu_order":7,"comment_status":"closed","ping_status":"closed","template":"","meta":{"footnotes":""},"categories":[],"tags":[],"class_list":["post-6691","page","type-page","status-publish","hentry"],"_links":{"self":[{"href":"https:\/\/www.lieksanurheilijat.com\/index.php?rest_route=\/wp\/v2\/pages\/6691","targetHints":{"allow":["GET"]}}],"collection":[{"href":"https:\/\/www.lieksanurheilijat.com\/index.php?rest_route=\/wp\/v2\/pages"}],"about":[{"href":"https:\/\/www.lieksanurheilijat.com\/index.php?rest_route=\/wp\/v2\/types\/page"}],"author":[{"embeddable":true,"href":"https:\/\/www.lieksanurheilijat.com\/index.php?rest_route=\/wp\/v2\/users\/2"}],"replies":[{"embeddable":true,"href":"https:\/\/www.lieksanurheilijat.com\/index.php?rest_route=%2Fwp%2Fv2%2Fcomments&post=6691"}],"version-history":[{"count":1,"href":"https:\/\/www.lieksanurheilijat.com\/index.php?rest_route=\/wp\/v2\/pages\/6691\/revisions"}],"predecessor-version":[{"id":6692,"href":"https:\/\/www.lieksanurheilijat.com\/index.php?rest_route=\/wp\/v2\/pages\/6691\/revisions\/6692"}],"up":[{"embeddable":true,"href":"https:\/\/www.lieksanurheilijat.com\/index.php?rest_route=\/wp\/v2\/pages\/6663"}],"wp:attachment":[{"href":"https:\/\/www.lieksanurheilijat.com\/index.php?rest_route=%2Fwp%2Fv2%2Fmedia&parent=6691"}],"wp:term":[{"taxonomy":"category","embeddable":true,"href":"https:\/\/www.lieksanurheilijat.com\/index.php?rest_route=%2Fwp%2Fv2%2Fcategories&post=6691"},{"taxonomy":"post_tag","embeddable":true,"href":"https:\/\/www.lieksanurheilijat.com\/index.php?rest_route=%2Fwp%2Fv2%2Ftags&post=6691"}],"curies":[{"name":"wp","href":"https:\/\/api.w.org\/{rel}","templated":true}]}}