{"id":6684,"date":"2020-06-23T22:01:21","date_gmt":"2020-06-23T19:01:21","guid":{"rendered":"https:\/\/www.lieksanurheilijat.com\/?page_id=6684"},"modified":"2020-06-23T22:55:11","modified_gmt":"2020-06-23T19:55:11","slug":"junnukisat-23-6-2020","status":"publish","type":"page","link":"https:\/\/www.lieksanurheilijat.com\/?page_id=6684","title":{"rendered":"Junnukisat 23.6.2020"},"content":{"rendered":"\n<p>Lieksa 23.6.2020<br>Tulokset:<\/p>\n\n\n\n<p>P15 100m (tuuli: +1,2)<br>\n1) Eero Mauro 11,97<\/p>\n\n\n\n<p>P13 60m (tuuli: +0,0)<br>\n1) Martti Saraniemi 8,53<br>\n2) Lauri K\u00e4rkk\u00e4inen 10,17<\/p>\n\n\n\n<p>P12 60m (tuuli: +0,0)<br>\n1) Nuutti Heikkinen Joutsenon Kullervo 9,25<br>\n2) Maxi Heikkinen 9,35<br>\n3) Urho Kuronen 11,29<\/p>\n\n\n\n<p>P9 40m<br>\n1) Vilho Solehmainen 8,14<br>\n2) Jonathan Lomba 8,28<\/p>\n\n\n\n<p>P8 40m<br>\n1) Aatu Tolonen 7,55<br>\n2) Vilho Heikkinen 7,89<br>\n3) Aatu Lappetel\u00e4inen 7,97<br>\n4) Otso Heikkinen 8,26<br>\n5) Juho Turpeinen 9,28<\/p>\n\n\n\n<p>P7 40m<br>\n1) Topias V\u00e4nsk\u00e4 Kajaanin Kipin\u00e4 7,91<br>\n2) Joni Justander 8,29<br>\n3) Akseli Ruotsalainen 8,52<br>\n4) Ahti Koivisto 8,92<\/p>\n\n\n\n<p>P6 40m<br>\n1) Jimmy Kiiskinen 8,38<br>\n2) Julius Kaiholehto 8,86<\/p>\n\n\n\n<p>P4 40m<br>\n1) Paavo Muikku 11.26<\/p>\n\n\n\n<p>P3 40m<br>\n1) Elias Meril\u00e4inen 27,42<\/p>\n\n\n\n<p>T15 100m (tuuli: +1,0)<br>\n1) Aino Pyykk\u00f6 14,18<br>\n2) Nea Nevalainen 14,76<br>\n3) Tuuli Saraniemi 15,05<\/p>\n\n\n\n<p>T13 60m (tuuli: +0,0)<br>\n1) Netta Oinonen 10,03<\/p>\n\n\n\n<p>T12 60m (tuuli: +0,0)<br>\n1) Iida Kuronen 11,13<\/p>\n\n\n\n<p>T11 60m (tuuli: +0,0)<br> 1) Maiju Saraniemi 9,82<br> 2) Enni Solehmainen Kuopion Reipas 11,01<br> 3) Noora Oinonen 11,46<\/p>\n\n\n\n<p>T9 40m<br>\n1) Helmi Honkanen 6,97<br>\n2) Elsi P\u00e4ivelin 7,10<br>\n3) Minerva V\u00e4yrynen 7,47<br>\n4) Vilma K\u00e4rki 7,82<br>\n5) Kiia Muikku 8,04<br>\n6) Ella Justander 8,16<br>\n7) Marke Hiltunen 8,55<\/p>\n\n\n\n<p>T8 40m<br>\n1) Ronja K\u00e4rkk\u00e4inen 7,79<br>\n2) Rebecca Lomba 8,14<br>\n3) Jade Vacklin 8,16<br>\n4) Olivia den Hertog 8,44<br>\n5) Vilja Kansala 8,53<br>\n6) Nelli Ikonen 8,81<br>\n7) Laura Turpeinen 9,21<\/p>\n\n\n\n<p>T7 40m<br>\n1) Peppi Immonen 8,53<br>\n2) Iiris P\u00e4ivelin 8,67<br>\n3) Tiina Hiltunen 9,04<br>\n4) Noora Horttanainen 9,23<br>\n5) Enni Kempas 10,33<\/p>\n\n\n\n<p>T6 40m<br>\n1) Jessica Kiiskinen 10,02<\/p>\n\n\n\n<p>T5 40m<br>\n1) Minja Pekkanen 9,03<br>\n2) Oona Heikkinen 9,83<br>\n3) Aino Hiltunen 10,30<br>\n4) Maria Ronkainen 10,33<br>\n5) Sylvi Kansala 13,07<\/p>\n\n\n\n<p>T4 40m<br>\n1) Oili Justander 9,74<\/p>\n","protected":false},"excerpt":{"rendered":"<p>Lieksa 23.6.2020Tulokset: P15 100m (tuuli: +1,2) 1) Eero Mauro 11,97 P13 60m (tuuli: +0,0) 1) Martti Saraniemi 8,53 2) Lauri K\u00e4rkk\u00e4inen 10,17 P12 60m (tuuli: +0,0) 1) Nuutti Heikkinen Joutsenon Kullervo 9,25 2) Maxi Heikkinen 9,35 3) Urho Kuronen 11,29 P9 40m 1) Vilho Solehmainen 8,14 2) Jonathan Lomba 8,28 &hellip;<\/p>\n","protected":false},"author":2,"featured_media":0,"parent":6663,"menu_order":8,"comment_status":"closed","ping_status":"closed","template":"","meta":{"footnotes":""},"categories":[],"tags":[],"class_list":["post-6684","page","type-page","status-publish","hentry"],"_links":{"self":[{"href":"https:\/\/www.lieksanurheilijat.com\/index.php?rest_route=\/wp\/v2\/pages\/6684","targetHints":{"allow":["GET"]}}],"collection":[{"href":"https:\/\/www.lieksanurheilijat.com\/index.php?rest_route=\/wp\/v2\/pages"}],"about":[{"href":"https:\/\/www.lieksanurheilijat.com\/index.php?rest_route=\/wp\/v2\/types\/page"}],"author":[{"embeddable":true,"href":"https:\/\/www.lieksanurheilijat.com\/index.php?rest_route=\/wp\/v2\/users\/2"}],"replies":[{"embeddable":true,"href":"https:\/\/www.lieksanurheilijat.com\/index.php?rest_route=%2Fwp%2Fv2%2Fcomments&post=6684"}],"version-history":[{"count":3,"href":"https:\/\/www.lieksanurheilijat.com\/index.php?rest_route=\/wp\/v2\/pages\/6684\/revisions"}],"predecessor-version":[{"id":6689,"href":"https:\/\/www.lieksanurheilijat.com\/index.php?rest_route=\/wp\/v2\/pages\/6684\/revisions\/6689"}],"up":[{"embeddable":true,"href":"https:\/\/www.lieksanurheilijat.com\/index.php?rest_route=\/wp\/v2\/pages\/6663"}],"wp:attachment":[{"href":"https:\/\/www.lieksanurheilijat.com\/index.php?rest_route=%2Fwp%2Fv2%2Fmedia&parent=6684"}],"wp:term":[{"taxonomy":"category","embeddable":true,"href":"https:\/\/www.lieksanurheilijat.com\/index.php?rest_route=%2Fwp%2Fv2%2Fcategories&post=6684"},{"taxonomy":"post_tag","embeddable":true,"href":"https:\/\/www.lieksanurheilijat.com\/index.php?rest_route=%2Fwp%2Fv2%2Ftags&post=6684"}],"curies":[{"name":"wp","href":"https:\/\/api.w.org\/{rel}","templated":true}]}}