{"id":6520,"date":"2019-07-22T22:08:22","date_gmt":"2019-07-22T19:08:22","guid":{"rendered":"https:\/\/www.lieksanurheilijat.com\/?page_id=6520"},"modified":"2019-07-29T08:38:40","modified_gmt":"2019-07-29T05:38:40","slug":"junnukisat-17-7-2019","status":"publish","type":"page","link":"https:\/\/www.lieksanurheilijat.com\/?page_id=6520","title":{"rendered":"Junnukisat 17.7.2019"},"content":{"rendered":"\n<p>M17 keih\u00e4s<br>\n1) Juha Karjunen Pyh\u00e4sU 54,21<\/p>\n\n\n\n<p>P15 100m<br>\n1) Jegor Vlasov Ven\u00e4j\u00e4 13,72<\/p>\n\n\n\n<p>P14 100m<br>\n1) Eero Mauro LieksU 12,21<\/p>\n\n\n\n<p>P13 60m<br>\n1) Touko Tarvonen LahdA 8,89<\/p>\n\n\n\n<p>P13 keih\u00e4s<br>\n1) Topi Parviainen TuupovU 57,81<br>\n2) Juho Eskelinen TuupovU 41,82<br>\n3) Touko Tarvonen LahdA 23,15<\/p>\n\n\n\n<p>P12 60m<br>\n1) Martti Saraniemi LieksU 9,01<br>\n2) Daniel Lee HKV 10,16<\/p>\n\n\n\n<p>P12 seiv\u00e4s<br>\n1) Daniel Lee HKV 145<\/p>\n\n\n\n<p>P12 keih\u00e4s<br> 1) Martti Saraniemi LieksU 26,12<br>  Daniel Lee HKV NM<\/p>\n\n\n\n<p>P11 60m<br>\n1) Urho Kuronen LieksU 12,02<\/p>\n\n\n\n<p>P11 pituus<br>\n1) Urho Kuronen LieksU 292<\/p>\n\n\n\n<p>P11 keih\u00e4s<br>\n1) Urho Kuronen LieksU 9,64<\/p>\n\n\n\n<p>P10 60m<br>\n1) Pasi K\u00e4rkk\u00e4inen LieksU 11,07<\/p>\n\n\n\n<p>P10 pituus<br>\n1) Pasi K\u00e4rkk\u00e4inen LieksU 309<\/p>\n\n\n\n<p>P10 keih\u00e4s<br>\n1) Pasi K\u00e4rkk\u00e4inen LieksU 16,643<\/p>\n\n\n\n<p>P9 40m<br>\n1) Aapo Ryyn\u00e4nen JuuanU 7,21<\/p>\n\n\n\n<p>P9 pituus<br>\n1) Aapo Ryyn\u00e4nen JuuanU 353<\/p>\n\n\n\n<p>P9 keih\u00e4s<br>\n1) Aapo Ryyn\u00e4nen JuuanU 27,17<\/p>\n\n\n\n<p>P8 150m<br>\n1) Vilho Solehmainen LieksU 29,8<\/p>\n\n\n\n<p>P8 pituus<br>\n1) Vilho Solehmainen LieksU 253<\/p>\n\n\n\n<p>P8 keih\u00e4s<br>\n1) Vilho Solehmainen LieksU 8,27<\/p>\n\n\n\n<p>P7 150m<br>\n1) Aatu Tolonen LieksU 29,5<br>\n2) Antto Honkanen LieksU 31,9<\/p>\n\n\n\n<p>P7 pituus<br>\n1) Aatu Tolonen LieksU 273<br>\n2) Antto Honkanen LieksU 239<\/p>\n\n\n\n<p>P7 pallo<br>\n1) Aatu Tolonen LieksU 13,98<br>\n2) Antto Honkanen LieksU 13,55<\/p>\n\n\n\n<p>P6 150m<br>\n1) Severi N\u00e4s\u00e4nen LieksU 35,5<br>\n2) Ilmari K\u00e4rki LieksU 37,1<\/p>\n\n\n\n<p>P6 pituus<br>\n1) Ilmari K\u00e4rki LieksU 194<br>\n2) Severi N\u00e4s\u00e4nen LieksU 155<\/p>\n\n\n\n<p>P6 pallo<br> 1) Severi N\u00e4s\u00e4nen LieksU 9,87<br> 2) Ilmari K\u00e4rki  LieksU 5,71<\/p>\n\n\n\n<p>P5 150m<br>\n1) Niki H\u00e4rk\u00f6nen LieksU 47,6<\/p>\n\n\n\n<p>P5 pituus<br>\n1) Niki H\u00e4rk\u00f6nen LieksU 132<\/p>\n\n\n\n<p>P5 pallo<br>\n1) Niki H\u00e4rk\u00f6nen LieksU 4,90<\/p>\n\n\n\n<p>P4 150m<br>\n1) Kuisma Salo KarkkPo 44,8<br>\n2) Iivo Mikkonen LieksU 48,6<\/p>\n\n\n\n<p>P4 pituus<br>\n1) Kuisma Salo KarkkPo 145<\/p>\n\n\n\n<p>P4 pallo<br>\n1) Iivo Mikkonen LieksU 5,10<\/p>\n\n\n\n<p>N17 keih\u00e4s<br>\n1) Milla Martikainen LieksU 37,98<\/p>\n\n\n\n<p>T14 100m<br>\n1) Aino Pyykk\u00f6 LieksU 14,37<br>\n2) Tuuli Saraniemi LieksU 15,31<\/p>\n\n\n\n<p>T14 seiv\u00e4s<br>\n1) Aino Pyykk\u00f6 LieksU 285<br>\n2) Tuuli Saraniemi LieksU 285<\/p>\n\n\n\n<p>T14 keih\u00e4s<br>\n1) Tuuli Saraniemi LieksU 25,48<br>\n2) Aino Pyykk\u00f6 LieksU 20,02<\/p>\n\n\n\n<p>T13 100m<br>\n1) Elmiina Siikala EspTa 13,45<\/p>\n\n\n\n<p>T13 60m<br> 1) Elmiina Siikala EspTa 8,64<\/p>\n\n\n\n<p>T13 seiv\u00e4s<br>\n1) Lumi Kentt\u00e4 RaaseborgIF 305<\/p>\n\n\n\n<p>T13 keih\u00e4s<br>\n1) Elmiina Siikala Espoon Tapiot 20,71<\/p>\n\n\n\n<p>T12 60m<br>\n1) Neelia Siikala Espoon Tapiot 9,75<br>\n2) Ella K\u00e4rkk\u00e4inen LieksU 12,98<\/p>\n\n\n\n<p>T12 keih\u00e4s<br>\n1) Ella K\u00e4rkk\u00e4inen LieksU 8,79<\/p>\n\n\n\n<p>T11 60m<br>\n1) Saara K\u00e4rki LieksU 10,59<br>\n2) Essi Partanen LieksU 11,05<br>\n3) Iida Kuronen LieksU 11,46<\/p>\n\n\n\n<p>T11 pituus<br>\n1) Saara K\u00e4rki LieksU 328<br>\n2) Essi Partanen LieksU 310<br>\n3) Iida Kuronen LieksU 251<\/p>\n\n\n\n<p>T11 keih\u00e4s<br>\n1) Essi Partanen LieksU 24,59<br>\n2) Saara K\u00e4rki LieksU 11,47<br>\n3) Iida Kuronen LieksU 8,74<\/p>\n\n\n\n<p>T10 60m<br>\n1) Luna Lee HKV 10,53<br>\n2) Maiju Saraniemi LieksU 10,22<br>\n3) Vilmiina M\u00e4kkeli KuopRei 10,69<br>\n4) Enni Solehmainen LieksU 11,67<br>\n5) Moona Keronen LieksU 13,99<\/p>\n\n\n\n<p>T10 seiv\u00e4s<br>\n1) Maiju Saraniemi LieksU 145<\/p>\n\n\n\n<p>T10 pituus<br>\n1) Luna Lee HKV 357<br>\n2) Maiju Saraniemi LieksU 332<br>\n3) Vilmiina M\u00e4kkeli KuopRei 314<br>\n4) Enni Solehmainen LieksU 287<br>\n5) Moona Keronen LieksU 210<\/p>\n\n\n\n<p>T10 keih\u00e4s<br>\n1) Maiju Saraniemi LieksU 18,72<br>\n2) Vilmiina M\u00e4kkeli KuopRei 15,56<br>\n3) Enni Solehmainen LieksU 9,23<br>\n4) Luna Lee HKV 9,17<br>\n5) Moona Keronen LieksU 4,96<\/p>\n\n\n\n<p>T9 150m<br>\n1) Enni Partanen LieksU 29,6<\/p>\n\n\n\n<p>T9 pituus<br>\n1) Enni Partanen LieksU 270<\/p>\n\n\n\n<p>T8 150m<br>\n1) Kielo Salo KarkkPo 28,2<br>\n2) Venna M\u00e4kkeli KuopRei 28,3<\/p>\n\n\n\n<p>T8 pituus<br>\n1) Venna M\u00e4kkeli KuopRei 276<br>\n2) Kielo Salo KarkkPo 251<\/p>\n\n\n\n<p>T8 keih\u00e4s<br>\n1) Kielo Salo KarkkPo 8,98<br>\n2) Venna M\u00e4kkeli KuopRei 6,06<\/p>\n\n\n\n<p>T7 150m<br>\n1) Elviira K\u00e4rkk\u00e4inen LieksU 32,5<br>\n2) Vilja Kansala LieksU 34,2<\/p>\n\n\n\n<p>T7 pituus<br>\n1) Vilja Kansala LieksU 224<\/p>\n\n\n\n<p>T7 pallo<br>\n1) Vilja Kansala LieksU 11,64<\/p>\n\n\n\n<p>T6 150m<br>\n1) Kaisla Salo KarkkPo 34,4<br>\n2) Tiina Hiltunen LieksU 38,5<br>\n3) Enni Kempas LieksU 45,3<\/p>\n\n\n\n<p>T6 pituus<br>\n1) Kaisla Salo KarkkPo 227<br>\n2) Tiina Hiltunen LieksU 155<br>\n3) Enni Kempas LieksU 152<\/p>\n\n\n\n<p>T6 pallo<br>\n1) Kaisla Salo KarkkPo 8,78<br>\n2) Tiina Hiltunen LieksU 7,20<br>\n3) Enni Kempas LieksU 5,23<\/p>\n\n\n\n<p>T5 150m<br>\n1) Maks Kempas LieksU 46,3<br>\n2) Aada Tuononen LieksU 57,5<\/p>\n\n\n\n<p>T5 pituus<br>\n1) Maks Kempas LieksU 178<br>\n2) Aada Tuononen LieksU 70<\/p>\n\n\n\n<p>T5 pallo<br>\n1) Maks Kempas LieksU 5,23<br>\n2) Aada Tuononen LieksU 4,17<\/p>\n\n\n\n<p>T4 40m<br>\n1) Minja Pekkanen LieksU 9,79<\/p>\n\n\n\n<p>T4 150m<br> 1) Valpuri N\u00e4s\u00e4nen LieksU 40,2<br> 2) Minja Pekkanen LieksU 40,2<br> 3) Vauni M\u00e4kkeli KuopRei 41,6<br> 4) Aino Hultunen LieksU 48,8<\/p>\n\n\n\n<p>T4 pituus<br> 1) Vauni M\u00e4kkeli KuopRei 178<br> 2) Minja Pekkanen LieksU 160<br> 3) Aino Hultunen LieksU 150<br> 4) Valpuri N\u00e4s\u00e4nen LieksU 144<br> 5) Sylvi Kansala LieksU 101<\/p>\n\n\n\n<p>T4 pallo<br>\n1) Vauna M\u00e4kkeli KuopRei 6,63<br>\n2) Aino Hultunen LieksU 4,13<br>\n3) Valpuri N\u00e4s\u00e4nen LieksU 3,71<br>\n4) Ellen Honkanen LieksU 3,24<br>\n5) Sylvi Kansala LieksU 3,00<br>\n6) Minja Pekkanen LieksU 2,96<\/p>\n\n\n\n<p>T3 150m<br>\n1) Eveliina H\u00e4rk\u00f6nen LieksU 68,4<\/p>\n\n\n\n<p>T3 pituus<br>\n1) Netta Jauhiainen LieksU 105<br>\n2) Eveliina H\u00e4rk\u00f6nen LieksU 86<\/p>\n\n\n\n<p>T3 pallo<br>\n1) Eveliina H\u00e4rk\u00f6nen LieksU 2,84<br>\n2) Netta Jauhiainen LieksU 2,60<br>\n3) Pihla K\u00e4rkk\u00e4inen LieksU 1,22<\/p>\n","protected":false},"excerpt":{"rendered":"<p>M17 keih\u00e4s 1) Juha Karjunen Pyh\u00e4sU 54,21 P15 100m 1) Jegor Vlasov Ven\u00e4j\u00e4 13,72 P14 100m 1) Eero Mauro LieksU 12,21 P13 60m 1) Touko Tarvonen LahdA 8,89 P13 keih\u00e4s 1) Topi Parviainen TuupovU 57,81 2) Juho Eskelinen TuupovU 41,82 3) Touko Tarvonen LahdA 23,15 P12 60m 1) Martti Saraniemi &hellip;<\/p>\n","protected":false},"author":2,"featured_media":0,"parent":6440,"menu_order":7,"comment_status":"closed","ping_status":"closed","template":"","meta":{"footnotes":""},"categories":[],"tags":[],"class_list":["post-6520","page","type-page","status-publish","hentry"],"_links":{"self":[{"href":"https:\/\/www.lieksanurheilijat.com\/index.php?rest_route=\/wp\/v2\/pages\/6520","targetHints":{"allow":["GET"]}}],"collection":[{"href":"https:\/\/www.lieksanurheilijat.com\/index.php?rest_route=\/wp\/v2\/pages"}],"about":[{"href":"https:\/\/www.lieksanurheilijat.com\/index.php?rest_route=\/wp\/v2\/types\/page"}],"author":[{"embeddable":true,"href":"https:\/\/www.lieksanurheilijat.com\/index.php?rest_route=\/wp\/v2\/users\/2"}],"replies":[{"embeddable":true,"href":"https:\/\/www.lieksanurheilijat.com\/index.php?rest_route=%2Fwp%2Fv2%2Fcomments&post=6520"}],"version-history":[{"count":3,"href":"https:\/\/www.lieksanurheilijat.com\/index.php?rest_route=\/wp\/v2\/pages\/6520\/revisions"}],"predecessor-version":[{"id":6525,"href":"https:\/\/www.lieksanurheilijat.com\/index.php?rest_route=\/wp\/v2\/pages\/6520\/revisions\/6525"}],"up":[{"embeddable":true,"href":"https:\/\/www.lieksanurheilijat.com\/index.php?rest_route=\/wp\/v2\/pages\/6440"}],"wp:attachment":[{"href":"https:\/\/www.lieksanurheilijat.com\/index.php?rest_route=%2Fwp%2Fv2%2Fmedia&parent=6520"}],"wp:term":[{"taxonomy":"category","embeddable":true,"href":"https:\/\/www.lieksanurheilijat.com\/index.php?rest_route=%2Fwp%2Fv2%2Fcategories&post=6520"},{"taxonomy":"post_tag","embeddable":true,"href":"https:\/\/www.lieksanurheilijat.com\/index.php?rest_route=%2Fwp%2Fv2%2Ftags&post=6520"}],"curies":[{"name":"wp","href":"https:\/\/api.w.org\/{rel}","templated":true}]}}