{"id":6490,"date":"2019-06-08T15:02:58","date_gmt":"2019-06-08T12:02:58","guid":{"rendered":"https:\/\/www.lieksanurheilijat.com\/?page_id=6490"},"modified":"2019-06-08T15:02:58","modified_gmt":"2019-06-08T12:02:58","slug":"aikuisurheilijoiden-kisat-8-6-2019","status":"publish","type":"page","link":"https:\/\/www.lieksanurheilijat.com\/?page_id=6490","title":{"rendered":"Aikuisurheilijoiden kisat 8.6.2019"},"content":{"rendered":"\n<p>Aikuisurheilijoiden kisat<\/p>\n\n\n\n<p>Lieksa 8.6.2019<\/p>\n\n\n\n<p>Tulokset<\/p>\n\n\n\n<p>N40 60m (-2,5)<br> 1) Kaisu Kukkonen LieksU 10,15<\/p>\n\n\n\n<p>N40 keih\u00e4s<br>\n1) Marja-Liisa Vanninen LieksU 8,71<\/p>\n\n\n\n<p>N60 60m (-2,5)<br>\n1) Liisa V\u00e4nsk\u00e4 LieksU 13,28<\/p>\n\n\n\n<p>N60 pituus<br>\n1) Liisa V\u00e4nsk\u00e4 LieksU 237 (-1,6)<\/p>\n\n\n\n<p>N60 kuula<br>\n1) Raili Nevalainen JuuanU 7,83<br>\n2) Liisa V\u00e4nsk\u00e4 LieksU 6,88<\/p>\n\n\n\n<p>N60 keih\u00e4s<br>\n1) Raili Nevalainen JuuanU 17,83<\/p>\n\n\n\n<p>M40 kuula<br>\n1) Pasi N\u00e4s\u00e4nen LieksU 9,12<\/p>\n\n\n\n<p>M50 60m (-2,5)<br>\n1) Ari R\u00e4m\u00e4nen JoensKa 11,11<\/p>\n\n\n\n<p>M50 kuula<br>\n1) Jari Nevalainen JoensKa 11,45<br>\n2) Pekka Peltoniemi JoensKa 10,07<br>\n3) Jukka Vanninen LieksU 7,90<\/p>\n\n\n\n<p>M50 keih\u00e4s<br>\n1) Pekka Peltoniemi JoensKa 31,78<br>\n2) Jukka Vanninen LieksU 26,78<\/p>\n\n\n\n<p>M60 60m (-2,5)<br>\n1) Esko M\u00e4lk\u00f6nen Lieksan Into 8,89<br>\n2) Juhani Ryyn\u00e4nen JuuanU 9,28<br>\n3) Paavo Muhonen JuuanU 9,66<\/p>\n\n\n\n<p>M60 pituus<br>\n1) Juhani Ryyn\u00e4nen JuuanU 424 (+0,0)<\/p>\n\n\n\n<p>M60 kuula<br>\n1) Ahti Honkanen JoensKa 11,39<br>\n2) Seppo Gavrilov JoensKa 10,39<br>\n3) Arttu V\u00e4nsk\u00e4 LieksU 7,55<\/p>\n\n\n\n<p>M60 keih\u00e4s<br>\n1) Arttu V\u00e4nsk\u00e4 LieksU 24,54<\/p>\n\n\n\n<p>M70 800m<br>\n1) Olavi Ukonmaanaho LieksU 3.53,74<\/p>\n\n\n\n<p>M70 kuula<br>\n1) Martti Nevalainen JuuanU 10,21<br>\n2) Toivo Voutilainen Pyh\u00e4sU 8,05<\/p>\n\n\n\n<p>M70 keih\u00e4s<br>\n1) Martti Nevalainen JuuanU 19,12<\/p>\n","protected":false},"excerpt":{"rendered":"<p>Aikuisurheilijoiden kisat Lieksa 8.6.2019 Tulokset N40 60m (-2,5) 1) Kaisu Kukkonen LieksU 10,15 N40 keih\u00e4s 1) Marja-Liisa Vanninen LieksU 8,71 N60 60m (-2,5) 1) Liisa V\u00e4nsk\u00e4 LieksU 13,28 N60 pituus 1) Liisa V\u00e4nsk\u00e4 LieksU 237 (-1,6) N60 kuula 1) Raili Nevalainen JuuanU 7,83 2) Liisa V\u00e4nsk\u00e4 LieksU 6,88 N60 keih\u00e4s &hellip;<\/p>\n","protected":false},"author":2,"featured_media":0,"parent":6440,"menu_order":10,"comment_status":"closed","ping_status":"closed","template":"","meta":{"footnotes":""},"categories":[],"tags":[],"class_list":["post-6490","page","type-page","status-publish","hentry"],"_links":{"self":[{"href":"https:\/\/www.lieksanurheilijat.com\/index.php?rest_route=\/wp\/v2\/pages\/6490","targetHints":{"allow":["GET"]}}],"collection":[{"href":"https:\/\/www.lieksanurheilijat.com\/index.php?rest_route=\/wp\/v2\/pages"}],"about":[{"href":"https:\/\/www.lieksanurheilijat.com\/index.php?rest_route=\/wp\/v2\/types\/page"}],"author":[{"embeddable":true,"href":"https:\/\/www.lieksanurheilijat.com\/index.php?rest_route=\/wp\/v2\/users\/2"}],"replies":[{"embeddable":true,"href":"https:\/\/www.lieksanurheilijat.com\/index.php?rest_route=%2Fwp%2Fv2%2Fcomments&post=6490"}],"version-history":[{"count":1,"href":"https:\/\/www.lieksanurheilijat.com\/index.php?rest_route=\/wp\/v2\/pages\/6490\/revisions"}],"predecessor-version":[{"id":6491,"href":"https:\/\/www.lieksanurheilijat.com\/index.php?rest_route=\/wp\/v2\/pages\/6490\/revisions\/6491"}],"up":[{"embeddable":true,"href":"https:\/\/www.lieksanurheilijat.com\/index.php?rest_route=\/wp\/v2\/pages\/6440"}],"wp:attachment":[{"href":"https:\/\/www.lieksanurheilijat.com\/index.php?rest_route=%2Fwp%2Fv2%2Fmedia&parent=6490"}],"wp:term":[{"taxonomy":"category","embeddable":true,"href":"https:\/\/www.lieksanurheilijat.com\/index.php?rest_route=%2Fwp%2Fv2%2Fcategories&post=6490"},{"taxonomy":"post_tag","embeddable":true,"href":"https:\/\/www.lieksanurheilijat.com\/index.php?rest_route=%2Fwp%2Fv2%2Ftags&post=6490"}],"curies":[{"name":"wp","href":"https:\/\/api.w.org\/{rel}","templated":true}]}}