{"id":6469,"date":"2019-05-22T21:48:56","date_gmt":"2019-05-22T18:48:56","guid":{"rendered":"https:\/\/www.lieksanurheilijat.com\/?page_id=6469"},"modified":"2019-05-23T09:48:12","modified_gmt":"2019-05-23T06:48:12","slug":"leikkimieliset-lieksan-kesakisat","status":"publish","type":"page","link":"https:\/\/www.lieksanurheilijat.com\/?page_id=6469","title":{"rendered":"Leikkimieliset Lieksan Kes\u00e4kisat"},"content":{"rendered":"\n<p>Lieksa 22.5.2019<\/p>\n\n\n\n<p>Tulokset:<\/p>\n\n\n\n<p>Pojat alle 4v 40m<br>\n1) Iivo Mikkonen 12,15<br>\n2) Vilho Tarvainen 12,34<br>\n3) Lenni Ivanoff 15,24<br>\n4) Jimi Tahvanainen 15,97<br>\n5) Onni Riikonen 16,13<br>\n6) Mauno Tarvainen 17,59<\/p>\n\n\n\n<p>Pojat alle 4v Pallonheitto<br>\n1) Onni Riikonen 6,57<br>\n2) Iivo Mikkonen 5,35<br>\n3) Vilho Tarvainen 3,60<br>\n4) Lenni Ivanoff 3,43<br>\n5) Jimi Tahvanainen 3,22<br>\n6) Mauno Tarvainen 3,00<\/p>\n\n\n\n<p>Pojat alle 4v Pituus<br>\n1) Iivo Mikkonen 1,27<br>\n2) Lenni Ivanoff 0,66<\/p>\n\n\n\n<p>Pojat 5v 40m<br>\n1) Julius Kaiholehto 9,99<br>\n2) Oula Sirvi\u00f6 10,36<br>\n3) Aatu Kaakkunen 10,40<br>\n4) Kalle Nuutinen 12,62<br>\n5) Maks Kempas 12,82<br>\n6) Niki H\u00e4rk\u00f6nen 12,85<br>\n7) Mikael Ronkainen 12,93<br>\n8) Eetu Lihavainen 13,15<br>\n9) Elmo Turunen 13,90<\/p>\n\n\n\n<p>Pojat 5v Pallonheitto<br>\n1) Julius Kaiholehto 8,74<br>\n2) Kalle Nuutinen 7,15<br>\n3) Niki H\u00e4rk\u00f6nen 6,65<br>\n4) Mikael Ronkainen 6,55<br>\n5) Oula Sirvi\u00f6 6,09<br>\n6) Eetu Leinonen 5,76<br>\n7) Elmo Turunen 5,01<br>\n8) Eetu Lihavainen 4,60<br>\n9) Aatu Kaakkunen 4,10<\/p>\n\n\n\n<p>Pojat 5v Pituus<br>\n1) Aatu Kaakkunen 1,60<br>\n2) Julius Kaiholehto 1,58<br>\n3) Niki H\u00e4rk\u00f6nen 1,44<br>\n4) Oula Sirvi\u00f6 1,31<br>\n5) Eetu Leinonen 1,19<br>\n6) Kalle Nuutinen 1,16<br>\n7) Mikael Ronkainen 1,11<br>\n8) Elmo Turunen 1,06<\/p>\n\n\n\n<p>Pojat 6v 40m<br>\n1) Akseli Ruotsalainen 9,20<br>\n2) Joni Justander 9,30<br>\n3) Miro Kiiskinen 10,78<br>\n4) Severi N\u00e4s\u00e4nen 10,95<br>\n5) Saku Nevalainen 11,09<br>\n6) Eetu Pyykk\u00f6 11,47<\/p>\n\n\n\n<p>Pojat 6v Pallonheitto<br>\n1) Akseli Ruotsalainen 10,10<br>\n2) Severi N\u00e4s\u00e4nen 9,20<br>\n3) Joni Justander 6,05<\/p>\n\n\n\n<p>Pojat 6v Pituus<br>\n1) Eetu Pyykk\u00f6 1,66<br>\n2) Saku Nevalainen 1,64<br>\n3) Joni Justander 1,52<br>\n4) Akseli Ruotsalainen 1,49<br>\n5) Severi N\u00e4s\u00e4nen 1,14<\/p>\n\n\n\n<p>Pojat 7v 40m<br>\n1) Aatu Tolonen 8,19<br>\n2) Elias Pyykk\u00f6 8,33<br>\n3) Jesse Liuski 8,61<br>\n4) Aleksi Turunen 8,71<br>\n5) Veikka Turunen 9,33<br>\n6) Tino Ohtonen 9,40<br>\n7) Atte Ikonen 9,68<br>\n8) Eeli Puumalainen 9,78<br>\n9) Joona Syrj\u00e4l\u00e4inen 10,13<br>\n10) Veikko Ryyn\u00e4nen 10,15<br>\n11) Topi Ikonen 11,57<\/p>\n\n\n\n<p>Pojat 7v Pallonheitto<br>\n1) Aleksi Turunen 16,75<br>\n2) Elias Pyykk\u00f6 15,88<br>\n3) Aatu Tolonen 15,20<br>\n4) Jesse Liuski 13,69<br>\n5) Tino Ohtonen 11,90<br>\n6) Eeli Puumalainen 11,15<br>\n7) Veikko Ryyn\u00e4nen 10,66<br>\n8) Miika Kiiskinen 8,84<br>\n9) Veikka Turunen 8,65<br>\n10) Atte Ikonen 8,15<br>\n11) Joona Syrj\u00e4l\u00e4inen 5,95<\/p>\n\n\n\n<p>Pojat 7v Pituus<br>\n1) Aatu Tolonen 2,41<br>\n2) Elias Pyykk\u00f6 2,32<br>\n3) Jesse Liuski 2,14<br>\n4) Aleksi Turunen 2,11<br>\n5) Tino Ohtonen 1,71<br>\n6) Atte Ikonen 1,63<br>\n7) Eeli Puumalainen 1,58<br>\n8) Veikka Turunen 1,56<br>\n9) Joona Syrj\u00e4l\u00e4inen 1,53<br>\n10) Veikko Ryyn\u00e4nen 1,39<\/p>\n\n\n\n<p>Pojat 8v 40m<br>\n1) Valtteri Turunen 7,85<br>\n2) Miro Kaakkunen 7,96<br>\n3) Aapo Ruotsalainen 8,52<br>\n4) Eino Kaiholehto 8,97<br>\n5) Niko Nevalainen 9,12<br>\n5) Jonathan Lomba 9,12<br>\n7) Taisto Tarvainen 9,76<\/p>\n\n\n\n<p>Pojat 8v Pallonheitto<br>\n1) Eppu Rissanen 16,40<br>\n2) Miro Kaakkunen 12,12<br>\n3) Taisto Tarvainen 11,98<br>\n4) Eino Kaiholehto 11,58<br>\n5) Jonathan Lomba 11,14<\/p>\n\n\n\n<p>Pojat 8v Pituus<br>\n1) Miro Kaakkunen 2,28<br>\n2) Aapo Ruotsalainen 2,11<br>\n3) Eino Kaiholehto 2,08<br>\n4) Niko Nevalainen 1,97<br>\n5) Jonathan Lomba 1,88<\/p>\n\n\n\n<p>Pojat 9v 60m<br>\n1) Aleksi Turunen 10,92<br>\n2) Johannes Hyv\u00e4rinen 11,47<br>\n3) Peetu Toivanen 11,71<br>\n4) Elias Hyv\u00e4rinen 11,80<br>\n5) Nuutti Ivanoff 12,87<\/p>\n\n\n\n<p>Pojat 9v Keih\u00e4s<br>\n1) Aleksi Turunen 12,17<br>\n2) Peetu Toivanen 10,65<br>\n3) Joni Lihavainen 9,90<br>\n4) Nuutti Ivanoff 7,86<\/p>\n\n\n\n<p>Pojat 9v Pituus<br>\n1) Aleksi Turunen 2,78<br>\n2) Johannes Hyv\u00e4rinen 2,75<br>\n3) Elias Hyv\u00e4rinen 2,56<br>\n4) Joni Lihavainen 2,06<\/p>\n\n\n\n<p>Pojat 10v 60m<br>\n1) Eppu Ahvenainen 10,31<br>\n2) Tatu Kortelainen 10,76<br>\n3) Jimi Ahvenainen 10,88<br>\n4) Topi Muikku 11,40<br>\n5) Tomi Ikonen 12,07<br>\n6) Veeti Toivanen 12,29<\/p>\n\n\n\n<p>Pojat 10v Keih\u00e4s<br>\n1) Eppu Ahvenainen 19,72<br>\n2) Jimi Ahvenainen 13,28<br>\n3) Veeti Toivanen 11,79<br>\n4) Tomi Ikonen 8,51<\/p>\n\n\n\n<p>Pojat 10v Pituus<br>\n1) Eppu Ahvenainen 328<br>\n2) Jimi Ahvenainen 294<br>\n3) Tomi Ikonen 211<\/p>\n\n\n\n<p>Pojat 11v 60m<br>\n1) Iiro Ikonen 10,14<br>\n2) Elmeri Turpeinen 10,15<\/p>\n\n\n\n<p>Pojat 11v Keih\u00e4s<br>\n1) Iiro Ikonen 16,66<\/p>\n\n\n\n<p>Pojat 11v Pituus<br>\n1) Iiro Ikonen 342<\/p>\n\n\n\n<p>Pojat 12v 60m<br>\n1) Martti Saraniemi 8,88<\/p>\n\n\n\n<p>Pojat 12v Keih\u00e4s<br>\n1) Martti Saraniemi 14,98<\/p>\n\n\n\n<p>Pojat 12v Pituus<br>\n1) Martti Saraniemi 408<\/p>\n\n\n\n<p>Tyt\u00f6t alle 4v 40m<br>\n1) Minja Pekkanen 10,54<br>\n2) Valpuri N\u00e4s\u00e4nen 11,65<br>\n3) Emmi Toivanen 12,78<br>\n4) Oili Justander 13,66<br>\n5) Mila Puumalainen 14,09<br>\n6) Anni Justander 14,94<br>\n7) Aamu Ruotsalainen 14,98<br>\n8) Sylvi Kansala 15,52<br>\n9) Litta Kiiskinen 15,52<br>\n10) Vilja Turunen 15,93<\/p>\n\n\n\n<p>Tyt\u00f6t alle 4v Pallonheitto<br>\n1) Emmi Toivanen 4,92<br>\n2) Valpuri N\u00e4s\u00e4nen 4,12<br>\n3) Mila Puumalainen 4,03<br>\n4) Minja Pekkanen 3,75<br>\n5) Aamu Ruotsalainen 3,66<br>\n6) Oili Justander 3,16<br>\n7) Litta Kiiskinen 3,12<br>\n8) Anni Justander 2,56<br>\n9) Sylvi Kansala 2,39<br>\n10) Vilja Turunen 2,12<\/p>\n\n\n\n<p>Tyt\u00f6t alle 4v Pituus<br>\n1) Minja Pekkanen 1,21<br>\n2) Mila Puumalainen 1,13<br>\n3) Oili Justander 1,09<br>\n4) Valpuri N\u00e4s\u00e4nen 1,07<br>\n5) Sylvi Kansala 1,07<br>\n6) Aamu Ruotsalainen 1,06<br>\n7) Anni Justander 0,89<\/p>\n\n\n\n<p>Tyt\u00f6t 5v 40m<br> 1) Noemi Kosunen 12,29<br> 2) Aada Puumalainen 12,30<br> 3) Sansa Hollstr\u00f6m 13,73<br> 4) Ronja Tarvainen 13,96<br> 5) Emilia Hyt\u00f6nen 14,16<\/p>\n\n\n\n<p>Tyt\u00f6t 5v Pallonheitto<br> 1) Ronja Tarvainen 6,31<br> 2) Noemi Kosunen 4,30<br> 3) Aada Puumalainen 3,90<br> 4) Emilia Hyt\u00f6nen 3,22<br> 5) Sansa Hollstr\u00f6m 2,51<\/p>\n\n\n\n<p>Tyt\u00f6t 5v Pituus<br> 1) Ronja Tarvainen 1,38<br> 2) Noemi Kosunen 1,25<br> 3) Aada Puumalainen 1,15<br> 4) Sansa Hollstr\u00f6m 1,11<br> 5) Emilia Hyt\u00f6nen 1,03<\/p>\n\n\n\n<p>Tyt\u00f6t 6v 40m<br>\n1) Anni Ivanoff 9,45<br>\n2) Elma Tuomainen 9,58<br>\n3) Peppi Oinonen 9,59<br>\n4) Iiris P\u00e4ivelin 10,38<br>\n5) Enni Kempas 10,56<br>\n6) Annika Saastamoinen 10,93<br>\n7) Saila Nuutinen 11,74<br>\n8) Iita Hyt\u00f6nen 12,08<\/p>\n\n\n\n<p>Tyt\u00f6t 6v Pallonheitto<br>\n1) Saila Nuutinen 8,10<br>\n2) Anni Ivanoff 6,53<br>\n3) Linda Tarvainen 6,23<br>\n4) Iita Hyt\u00f6nen 6,12<br>\n5) Iiris P\u00e4ivelin 6,07<br>\n6) Annika Saastamoinen 6,00<br>\n7) Peppi Oinonen 5,20<\/p>\n\n\n\n<p>Tyt\u00f6t 6v Pituus<br>\n1) Peppi Oinonen 1,63<br>\n2) Elma Tuomainen 1,59<br>\n3) Anni Ivanoff 1,51<br>\n4) Saila Nuutinen 1,38<br>\n5) Iiris P\u00e4ivelin 1,28<\/p>\n\n\n\n<p>Tyt\u00f6t 7v 40m<br>\n1) Iisa Sirvi\u00f6 8,70<br>\n2) Rebecca Lomba 8,83<br>\n3) Nelli Ikonen 8,84<br>\n4) Vilja Kansala 8,90<br>\n5) Anni K\u00e4rki 9,04<br>\n6) Olivia den Hertog 9,63<br>\n7) Amelia Indrane 9,71<br>\n8) Pihla Valkonen 9,85<br>\n9) Sivi\u00e4 Lehtovaara 10,01<br>\n10) Neea Pehkonen 10,02<br>\n11) Lotta Torvinen 10,29<br>\n12) Inka Nevalainen 10,63<\/p>\n\n\n\n<p>Tyt\u00f6t 7v Pallonheitto<br>\n1) Anni K\u00e4rki 10,56<br>\n2) Nelli Ikonen 9,32<br>\n3) Sivi\u00e4 Lehtovaara 8,16<br>\n4) Vilja Kansala 7,99<br>\n5) Olivia den Hertog 7,68<br>\n6) Iisa Sirvi\u00f6 7,64<br>\n7) Neea Pehkonen 7,46<br>\n8) Moona Tuohiniemi 7,22<br>\n9) Inka Nevalainen 6,60<br>\n10) Lotta Torvinen 5,00<br>\n11) Pihla Valkonen 4,39<\/p>\n\n\n\n<p>Tyt\u00f6t 7v Pituus<br>\n1) Vilja Kansala 2,19<br>\n2) Nelli Ikonen 2,09<br>\n3) Iisa Sirvi\u00f6 1,91<br>\n4) Lotta Torvinen 1,72<br>\n5) Rebecca Lomba 1,67<br>\n6) Anni K\u00e4rki 1,61<br>\n7) Moona Tuohiniemi 1,54<br>\n8) Olivia den Hertog 1,52<br>\n9) Pihla Valkonen 1,49<br>\n10) Sivi\u00e4 Lehtovaara 1,42<br>\n11) Inka Nevalainen 1,18<br>\n12) Neea Pehkonen 1,16<\/p>\n\n\n\n<p>Tyt\u00f6t 8v 40m<br>\n1) Elsi P\u00e4ivelin 7,71<br>\n2) Vilma K\u00e4rki 8,06<br>\n3) Anni Hyt\u00f6nen 8,47<br>\n4) Pihla Kiiskinen 8,56<br>\n5) Elina Muikku 8,65<br>\n6) Ella Justander 8,71<br>\n7) Pihla Kuivalainen 9,19<\/p>\n\n\n\n<p>Tyt\u00f6t 8v Pallonheitto<br>\n1) Elsi P\u00e4ivelin 10,95<br>\n2) Anni Hyt\u00f6nen 10,66<br>\n3) Elina Muikku 9,76<br>\n4) Ella Justander 9,25<br>\n5) Vilma K\u00e4rki 8,76<br>\n6) Pihla Kuivalainen 8,42<\/p>\n\n\n\n<p>Tyt\u00f6t 8v Pituus<br>\n1) Elsi P\u00e4ivelin 2,69<br>\n2) Ella Justander 2,46<br>\n3) Elina Muikku 2,14<br>\n4) Vilma K\u00e4rki 2,00<br>\n5) Pihla Kiiskinen 1,90<br>\n6) Pihla Kuivalainen 1,69<\/p>\n\n\n\n<p>Tyt\u00f6t 9v 60m<br>\n1) Jade Tollet 12,23<br>\n2) Nea Justander 13,19<\/p>\n\n\n\n<p>Tyt\u00f6t 9v Pituus<br>\n1) Jade Tollet 2,59<br>\n2) Enni Partanen 2,29<br>\n3) Nea Justander 2,10<br>\n4) Saara Jalovaara 1,92<\/p>\n\n\n\n<p>Tyt\u00f6t 10v 60m<br>\n1) Maiju Saraniemi 10,16<br>\n2) Siiri Pyyk\u00f6nen 11,86<br>\n3) Jenny Hoffren 12,39<br>\n4) Pinja Rissanen 12,55<br>\n5) Ada Lampinen 13,22<\/p>\n\n\n\n<p>Tyt\u00f6t 10v Keih\u00e4s<br>\n1) Maiju Saraniemi 18,96<\/p>\n\n\n\n<p>Tyt\u00f6t 10v Pituus<br>\n1) Maiju Saraniemi 345<br>\n2) Pinja Rissanen 236<\/p>\n\n\n\n<p>Tyt\u00f6t 11v 60m<br>\n1) Essi Partanen 11,11<br>\n2) Tuuli Turunen 11,29<br>\n3) Iina Puittinen 11,44<\/p>\n\n\n\n<p>Tyt\u00f6t 11v Keih\u00e4s<br>\n1) Essi Partanen 11,91<\/p>\n\n\n\n<p>Tyt\u00f6t 11v Pituus<br>\n1) Essi Partanen 309<br>\n2) Tuuli Turunen 286<\/p>\n\n\n\n<p>Tyt\u00f6t 12v 60m<br>\n1) Milja Turunen 11,55<\/p>\n\n\n\n<p>Tyt\u00f6t 12v Pituus<br>\n1) Milja Turunen 304<\/p>\n","protected":false},"excerpt":{"rendered":"<p>Lieksa 22.5.2019 Tulokset: Pojat alle 4v 40m 1) Iivo Mikkonen 12,15 2) Vilho Tarvainen 12,34 3) Lenni Ivanoff 15,24 4) Jimi Tahvanainen 15,97 5) Onni Riikonen 16,13 6) Mauno Tarvainen 17,59 Pojat alle 4v Pallonheitto 1) Onni Riikonen 6,57 2) Iivo Mikkonen 5,35 3) Vilho Tarvainen 3,60 4) Lenni Ivanoff &hellip;<\/p>\n","protected":false},"author":2,"featured_media":0,"parent":6440,"menu_order":12,"comment_status":"closed","ping_status":"closed","template":"","meta":{"footnotes":""},"categories":[],"tags":[],"class_list":["post-6469","page","type-page","status-publish","hentry"],"_links":{"self":[{"href":"https:\/\/www.lieksanurheilijat.com\/index.php?rest_route=\/wp\/v2\/pages\/6469","targetHints":{"allow":["GET"]}}],"collection":[{"href":"https:\/\/www.lieksanurheilijat.com\/index.php?rest_route=\/wp\/v2\/pages"}],"about":[{"href":"https:\/\/www.lieksanurheilijat.com\/index.php?rest_route=\/wp\/v2\/types\/page"}],"author":[{"embeddable":true,"href":"https:\/\/www.lieksanurheilijat.com\/index.php?rest_route=\/wp\/v2\/users\/2"}],"replies":[{"embeddable":true,"href":"https:\/\/www.lieksanurheilijat.com\/index.php?rest_route=%2Fwp%2Fv2%2Fcomments&post=6469"}],"version-history":[{"count":2,"href":"https:\/\/www.lieksanurheilijat.com\/index.php?rest_route=\/wp\/v2\/pages\/6469\/revisions"}],"predecessor-version":[{"id":6474,"href":"https:\/\/www.lieksanurheilijat.com\/index.php?rest_route=\/wp\/v2\/pages\/6469\/revisions\/6474"}],"up":[{"embeddable":true,"href":"https:\/\/www.lieksanurheilijat.com\/index.php?rest_route=\/wp\/v2\/pages\/6440"}],"wp:attachment":[{"href":"https:\/\/www.lieksanurheilijat.com\/index.php?rest_route=%2Fwp%2Fv2%2Fmedia&parent=6469"}],"wp:term":[{"taxonomy":"category","embeddable":true,"href":"https:\/\/www.lieksanurheilijat.com\/index.php?rest_route=%2Fwp%2Fv2%2Fcategories&post=6469"},{"taxonomy":"post_tag","embeddable":true,"href":"https:\/\/www.lieksanurheilijat.com\/index.php?rest_route=%2Fwp%2Fv2%2Ftags&post=6469"}],"curies":[{"name":"wp","href":"https:\/\/api.w.org\/{rel}","templated":true}]}}