{"id":6334,"date":"2018-09-05T13:09:31","date_gmt":"2018-09-05T10:09:31","guid":{"rendered":"https:\/\/www.lieksanurheilijat.com\/?page_id=6334"},"modified":"2018-09-05T18:44:23","modified_gmt":"2018-09-05T15:44:23","slug":"klln-pm-kisat","status":"publish","type":"page","link":"https:\/\/www.lieksanurheilijat.com\/?page_id=6334","title":{"rendered":"KLL:n pm-kisat"},"content":{"rendered":"<p>Lieksa<\/p>\n<p>5.9.2018<\/p>\n<p><strong>Tulokset<\/strong><\/p>\n<p>P12 60m<br \/>\nEr\u00e4 1 Tuuli: +0,0<br \/>\n1 Jesse Puhakka Joensuu 8,51<br \/>\n2 Touko Nyblom Lieksa 10,13<br \/>\n3 Eero K\u00e4rki Lieksa 10,26<br \/>\n4 Iivari K\u00e4rki Lieksa 11,58<br \/>\nEr\u00e4 2 Tuuli: +0,0<br \/>\n1 Aku Alastalo Joensuu 9,56<br \/>\n2 Martti Saraniemi Lieksa 9,62<br \/>\n3 Aki-Petteri Eronen Lieksa 9,68<br \/>\n4 Eino K\u00e4rki Lieksa 9,82<\/p>\n<p>Loppukilpailu Tuuli: +0,0<br \/>\n1 Jesse Puhakka Joensuu 8,50<br \/>\n2 Aku Alastalo Joensuu 9,54<br \/>\n3 Martti Saraniemi Lieksa 9,58<br \/>\n4 Aki-Petteri Eronen Lieksa 9,79<br \/>\n5 Eino K\u00e4rki Lieksa 9,92<br \/>\n6 Touko Nyblom Lieksa 10,22<\/p>\n<p>P12 800m<br \/>\n1 Jesse Puhakka Joensuu 2.43,11<br \/>\n2 Nuurdiin Haji Lieksa 3.01,56<br \/>\n3 Eino K\u00e4rki Lieksa 3.03,06<br \/>\n4 Eero K\u00e4rki Lieksa 3.12,69<br \/>\n5 Martti Saraniemi Lieksa 3.14,19<br \/>\n6 Otto Siponen Lieksa 3.14,84<br \/>\n7 Touko Nyblom Lieksa 3.26,88<br \/>\n8 Iivari K\u00e4rki Lieksa 3.29,41<\/p>\n<p>P12 korkeus<br \/>\n1 Aku Alastalo Joensuu 125<br \/>\n2 Martti Saraniemi Lieksa 115<br \/>\n3 Touko Nyblom Lieksa 115<br \/>\n4 Eero K\u00e4rki Lieksa 110<br \/>\n5 Eino K\u00e4rki Lieksa 105<\/p>\n<p>P12 kuula<br \/>\n1 Martti Saraniemi Lieksa 6,93<br \/>\n2 Aki-Petteri Eronen Lieksa 6,88<br \/>\n3 Touko Nyblom Lieksa 5,65<br \/>\n4 Eino K\u00e4rki Lieksa 5,59<br \/>\nPerttu Palviainen Lieksa DNS<\/p>\n<p>T12 60m<br \/>\nEr\u00e4 1 Tuuli: +0,0<br \/>\n1 Bea Tanskanen Polvij\u00e4rvi 9,11<br \/>\n2 Nea Nevalainen Lieksa 9,16<br \/>\n3 Kaisa Hartikainen Polvij\u00e4rvi 9,93<br \/>\n4 Iina Kukkonen Juuka 10,09<br \/>\n5 Nella Voutilainen Joensuu 10,21<br \/>\nEr\u00e4 2 Tuuli: +0,0<br \/>\n1 Sara Rosti Kitee 9,39<br \/>\n2 Elina Ruusuvuori Joensuu 9,99<br \/>\n3 Martta Pirhonen Joensuu 10,07<br \/>\n4 Salme R\u00e4is\u00e4nen Polvij\u00e4rvi 10,19<br \/>\n5 Susanna Saukkonen Polvij\u00e4rvi 10,82<\/p>\n<p>Loppukilpailu Tuuli: +0,0<br \/>\n1 Nea Nevalainen Lieksa 9,07<br \/>\n2 Bea Tanskanen Polvij\u00e4rvi 9,12<br \/>\n3 Sara Rosti Kitee 9,49<br \/>\n4 Kaisa Hartikainen Polvij\u00e4rvi 9,94<br \/>\n5 Elina Ruusuvuori Joensuu 9,97<br \/>\n6 Martta Pirhonen Joensuu 10,06<\/p>\n<p>T12 800m<br \/>\n1 Sara Rosti Kitee 2.51,27<br \/>\n2 Nella Voutilainen Joensuu 2.51,52<br \/>\n3 Bea Tanskanen Polvij\u00e4rvi 2.55,25<br \/>\n4 Iina Kukkonen Juuka 2.59,19<br \/>\n5 Elina Ruusuvuori Joensuu 3.07,60<br \/>\n6 Salme R\u00e4is\u00e4nen Polvij\u00e4rvi 3.13,77<br \/>\n7 Susanna Saukkonen Polvij\u00e4rvi 3.21,52<\/p>\n<p>T12 pituus (ponnistusalue)<br \/>\n1 Nea Nevalainen Lieksa 426<br \/>\n2 Bea Tanskanen Polvij\u00e4rvi 404<br \/>\n3 Salme R\u00e4is\u00e4nen Polvij\u00e4rvi 361<br \/>\n4 Iina Kukkonen Juuka 355<br \/>\n5 Martta Pirhonen Joensuu 350<br \/>\n6 Kaisa Hartikainen Polvij\u00e4rvi 350<\/p>\n<p>T12 kuula<br \/>\n1 Kerttu Pirhonen Joensuu 8,47<br \/>\n2 Nea Nevalainen Lieksa 8,21<\/p>\n<p>P14 100m Tuuli: +0,0<br \/>\n1 Eero Mauro Lieksa 12,43<br \/>\n2 Otto Muje Liperi 13,72<\/p>\n<p>P14 800m<br \/>\n1 Lassi Valta Joensuu 2.19,37<br \/>\n2 Ilmari Lehmus Liperi 2.22,32<br \/>\n3 Jimi Alastalo Joensuu 2.28,44<\/p>\n<p>P14 korkeus<br \/>\n1 Otto Muje Liperi 150<br \/>\n2 Lassi Valta Joensuu 145<\/p>\n<p>T14 100m<br \/>\nEr\u00e4 1 Tuuli: +0,0<br \/>\n1 Iisa Pievil\u00e4inen Joensuu 14,38<br \/>\n2 Ella Mononen Joensuu 15,15<br \/>\n3 Aino Eronen Juuka 15,55<br \/>\n4 Tuuli Saraniemi Lieksa 16,05<br \/>\n5 Netta Taponen Joensuu 17,85<br \/>\nEr\u00e4 2 Tuuli: +0,0<br \/>\n1 Aino Pyykk\u00f6 Lieksa 14,72<br \/>\n2 Marjo Heikura Lieksa 14,94<br \/>\n3 Iina Ristolainen Joensuu 15,31<br \/>\n4 Enni Heikkinen Liperi 15,42<br \/>\n5 Nella Ullakh Joensuu 17,15<br \/>\n6 Janita Heinonen Joensuu 17,17<\/p>\n<p>Loppukilpailu Tuuli: +0,0<br \/>\n1 Iisa Pievil\u00e4inen Joensuu 14,33<br \/>\n2 Aino Pyykk\u00f6 Lieksa 14,69<br \/>\n3 Marjo Heikura Lieksa 14,98<br \/>\n4 Enni Heikkinen Liperi 15,25<br \/>\n5 Ella Mononen Joensuu 15,27<br \/>\n6 Iina Ristolainen Joensuu 15,34<\/p>\n<p>T14 800m<br \/>\n1 Riikka Jokinen Joensuu 2.40,36<br \/>\n2 Eevi Kettunen Polvij\u00e4rvi 2.49,04<br \/>\n3 Krista Karttunen Polvij\u00e4rvi 2.50,92<br \/>\n4 Iida Sallinen Joensuu 2.51,36<br \/>\n5 Enni Heikkinen Liperi 3.04,68<br \/>\n6 Moona Kukkonen Juuka 3.05,81<br \/>\n7 Aino Eronen Juuka 3.20,15<br \/>\n8 Marjo Heikura Lieksa 3.25,99<br \/>\n9 Tuuli Saraniemi Lieksa 3.42,05<br \/>\nIina Ristolainen Joensuu DNS<\/p>\n<p>T14 pituus<br \/>\n1 Reetta Ryyn\u00e4nen Joensuu 459 (+0,8)<br \/>\n2 Aino Pyykk\u00f6 Lieksa 411 (+1,0)<br \/>\n3 Iisa Pievil\u00e4inen Joensuu 409 (+0,7)<br \/>\n4 Enni Heikkinen Liperi 389 (+0,7)<br \/>\n5 Aino Eronen Juuka 387 (+0,0)<br \/>\n6 Eevi Kettunen Polvij\u00e4rvi 377 (+1,3)<br \/>\n7 Tuuli Saraniemi Lieksa 361 (+0,0)<\/p>\n<p>T14 kuula<br \/>\n1 Elli Pirhonen Joensuu 8,14<br \/>\n2 Aino Pyykk\u00f6 Lieksa 7,47<br \/>\n3 Marjo Heikura Lieksa 7,03<br \/>\n4 Krista Karttunen Polvij\u00e4rvi 6,42<br \/>\n5 Tuuli Saraniemi Lieksa 6,31<br \/>\nSanni Peltoniemi Joensuu DNS<\/p>\n<p>P16 100m Tuuli: +0,0<br \/>\n1 Rasmus Lehikoinen Joensuu 11,77<\/p>\n<p>P16 korkeus<br \/>\n1 Benjamin Oittinen Joensuu 170<br \/>\n2 Niklas Hyv\u00f6nen Joensuu 150<br \/>\n2 Sakari Vallius Joensuu 150<br \/>\nRasmus Lehikoinen Joensuu DNS<\/p>\n<p>P16 keih\u00e4s<br \/>\n1 Niklas Hyv\u00f6nen Joensuu 60,25<br \/>\n2 Eero Ahvanainen Joensuu 44,20<br \/>\n3 Sakari Vallius Joensuu 37,62<br \/>\n4 Rasmus Lehikoinen Joensuu 32,74<br \/>\nJuha Karjunen Joensuu DNS<\/p>\n<p>T16 100m Tuuli: +0,0<br \/>\n1 Alexandra Korhonen Joensuu 13,98<br \/>\n2 Peppi-Rosa Penttinen Joensuu 14,02<br \/>\n3 Pilvi Turunen Joensuu 14,88<br \/>\n4 Jenna Muona Joensuu 16,99<\/p>\n<p>T16 800m<br \/>\n1 Suvi-Tuulia Puustinen Joensuu 2.48,80<br \/>\n2 Janica Kemppainen Joensuu 3.03,19<\/p>\n<p>T16 pituus<br \/>\n1 Satu Liimatta Lieksa 452 (+0,0)<br \/>\n2 Peppi-Rosa Penttinen Joensuu 439 (+1,0)<br \/>\n3 Pilvi Turunen Joensuu 425 (+0,0)<br \/>\n4 Sini Lehikoinen Joensuu 411 (+0,0)<\/p>\n<p>T16 kuula<br \/>\n1 Satu Liimatta Lieksa 10,06<\/p>\n<p>P20 100m Tuuli: +0,0<br \/>\n1 Simo N\u00e4ykki Lieksa 12,95<\/p>\n<p>P20 800m<br \/>\n1 Elias Kortelainen Nurmes 2.05,09<br \/>\nSimo N\u00e4ykki Lieksa DNS<\/p>\n<p>P20 pituus<br \/>\n1 Simo N\u00e4ykki Lieksa 517 (+0,0)<\/p>\n<p>T20 pituus<br \/>\n1 Riina Kettunen Lieksa 479 (+0,0)<\/p>\n<p>T20 kuula<br \/>\n1 Riina Kettunen Lieksa 8,64<\/p>\n","protected":false},"excerpt":{"rendered":"<p>Lieksa 5.9.2018 Tulokset P12 60m Er\u00e4 1 Tuuli: +0,0 1 Jesse Puhakka Joensuu 8,51 2 Touko Nyblom Lieksa 10,13 3 Eero K\u00e4rki Lieksa 10,26 4 Iivari K\u00e4rki Lieksa 11,58 Er\u00e4 2 Tuuli: +0,0 1 Aku Alastalo Joensuu 9,56 2 Martti Saraniemi Lieksa 9,62 3 Aki-Petteri Eronen Lieksa 9,68 4 Eino &hellip;<\/p>\n","protected":false},"author":2,"featured_media":0,"parent":6060,"menu_order":1,"comment_status":"closed","ping_status":"closed","template":"","meta":{"footnotes":""},"categories":[7],"tags":[],"class_list":["post-6334","page","type-page","status-publish","hentry","category-tulokset"],"_links":{"self":[{"href":"https:\/\/www.lieksanurheilijat.com\/index.php?rest_route=\/wp\/v2\/pages\/6334","targetHints":{"allow":["GET"]}}],"collection":[{"href":"https:\/\/www.lieksanurheilijat.com\/index.php?rest_route=\/wp\/v2\/pages"}],"about":[{"href":"https:\/\/www.lieksanurheilijat.com\/index.php?rest_route=\/wp\/v2\/types\/page"}],"author":[{"embeddable":true,"href":"https:\/\/www.lieksanurheilijat.com\/index.php?rest_route=\/wp\/v2\/users\/2"}],"replies":[{"embeddable":true,"href":"https:\/\/www.lieksanurheilijat.com\/index.php?rest_route=%2Fwp%2Fv2%2Fcomments&post=6334"}],"version-history":[{"count":3,"href":"https:\/\/www.lieksanurheilijat.com\/index.php?rest_route=\/wp\/v2\/pages\/6334\/revisions"}],"predecessor-version":[{"id":6339,"href":"https:\/\/www.lieksanurheilijat.com\/index.php?rest_route=\/wp\/v2\/pages\/6334\/revisions\/6339"}],"up":[{"embeddable":true,"href":"https:\/\/www.lieksanurheilijat.com\/index.php?rest_route=\/wp\/v2\/pages\/6060"}],"wp:attachment":[{"href":"https:\/\/www.lieksanurheilijat.com\/index.php?rest_route=%2Fwp%2Fv2%2Fmedia&parent=6334"}],"wp:term":[{"taxonomy":"category","embeddable":true,"href":"https:\/\/www.lieksanurheilijat.com\/index.php?rest_route=%2Fwp%2Fv2%2Fcategories&post=6334"},{"taxonomy":"post_tag","embeddable":true,"href":"https:\/\/www.lieksanurheilijat.com\/index.php?rest_route=%2Fwp%2Fv2%2Ftags&post=6334"}],"curies":[{"name":"wp","href":"https:\/\/api.w.org\/{rel}","templated":true}]}}