{"id":6320,"date":"2018-08-29T20:48:18","date_gmt":"2018-08-29T17:48:18","guid":{"rendered":"https:\/\/www.lieksanurheilijat.com\/?page_id=6320"},"modified":"2018-08-29T20:53:05","modified_gmt":"2018-08-29T17:53:05","slug":"16-matin-kuntokymppi","status":"publish","type":"page","link":"https:\/\/www.lieksanurheilijat.com\/?page_id=6320","title":{"rendered":"16. Matin Kuntokymppi"},"content":{"rendered":"<p>Lieksa 29.8.2018<\/p>\n<p>M 10000m<br \/>\n1 Ilkka Pekkarinen Juuan J\u00e4nne 41.36,6<\/p>\n<p>M40 10000m<br \/>\n1 Jari Mustonen Polvij\u00e4rven Vauhti 37.41,2<br \/>\n2 Mika Ropponen Kuusiston Jylh\u00e4 40.30,5<br \/>\n3 Pentti Eronen Juuan J\u00e4nne 40.34,3<\/p>\n<p>M50 10000m<br \/>\n1 Heikki Halonen Juuan J\u00e4nne 36.07,6<br \/>\n2 Esko Lintunen Sulkaman Kipin\u00e4 37.33,1<\/p>\n<p>M70 10000m<br \/>\n1 Toivo Penttinen Joensuun Kataja 46.00,2<br \/>\n2 Pekka Kolehmainen Joensuun Kataja 63.31,6<\/p>\n<p>M kuntosarja 10000m<br \/>\n1 Jukka Julkunen Pankakosken Valpas 52.28,8<br \/>\n2 Esa Hyv\u00e4rinen Kitee 53.09,8<\/p>\n<p>N 10000m<br \/>\n1 Sari M\u00e4kinen 41.37,2<br \/>\n2 Maria Suhonen Lieksa 59.05,7<\/p>\n<p>N50 10000m<br \/>\n1 Tuula Antikainen Polvij\u00e4rven Vauhti 50.13,3<\/p>\n","protected":false},"excerpt":{"rendered":"<p>Lieksa 29.8.2018 M 10000m 1 Ilkka Pekkarinen Juuan J\u00e4nne 41.36,6 M40 10000m 1 Jari Mustonen Polvij\u00e4rven Vauhti 37.41,2 2 Mika Ropponen Kuusiston Jylh\u00e4 40.30,5 3 Pentti Eronen Juuan J\u00e4nne 40.34,3 M50 10000m 1 Heikki Halonen Juuan J\u00e4nne 36.07,6 2 Esko Lintunen Sulkaman Kipin\u00e4 37.33,1 M70 10000m 1 Toivo Penttinen Joensuun &hellip;<\/p>\n","protected":false},"author":2,"featured_media":0,"parent":6060,"menu_order":2,"comment_status":"closed","ping_status":"closed","template":"","meta":{"footnotes":""},"categories":[7],"tags":[],"class_list":["post-6320","page","type-page","status-publish","hentry","category-tulokset"],"_links":{"self":[{"href":"https:\/\/www.lieksanurheilijat.com\/index.php?rest_route=\/wp\/v2\/pages\/6320","targetHints":{"allow":["GET"]}}],"collection":[{"href":"https:\/\/www.lieksanurheilijat.com\/index.php?rest_route=\/wp\/v2\/pages"}],"about":[{"href":"https:\/\/www.lieksanurheilijat.com\/index.php?rest_route=\/wp\/v2\/types\/page"}],"author":[{"embeddable":true,"href":"https:\/\/www.lieksanurheilijat.com\/index.php?rest_route=\/wp\/v2\/users\/2"}],"replies":[{"embeddable":true,"href":"https:\/\/www.lieksanurheilijat.com\/index.php?rest_route=%2Fwp%2Fv2%2Fcomments&post=6320"}],"version-history":[{"count":2,"href":"https:\/\/www.lieksanurheilijat.com\/index.php?rest_route=\/wp\/v2\/pages\/6320\/revisions"}],"predecessor-version":[{"id":6322,"href":"https:\/\/www.lieksanurheilijat.com\/index.php?rest_route=\/wp\/v2\/pages\/6320\/revisions\/6322"}],"up":[{"embeddable":true,"href":"https:\/\/www.lieksanurheilijat.com\/index.php?rest_route=\/wp\/v2\/pages\/6060"}],"wp:attachment":[{"href":"https:\/\/www.lieksanurheilijat.com\/index.php?rest_route=%2Fwp%2Fv2%2Fmedia&parent=6320"}],"wp:term":[{"taxonomy":"category","embeddable":true,"href":"https:\/\/www.lieksanurheilijat.com\/index.php?rest_route=%2Fwp%2Fv2%2Fcategories&post=6320"},{"taxonomy":"post_tag","embeddable":true,"href":"https:\/\/www.lieksanurheilijat.com\/index.php?rest_route=%2Fwp%2Fv2%2Ftags&post=6320"}],"curies":[{"name":"wp","href":"https:\/\/api.w.org\/{rel}","templated":true}]}}