{"id":6314,"date":"2018-08-29T14:47:51","date_gmt":"2018-08-29T11:47:51","guid":{"rendered":"https:\/\/www.lieksanurheilijat.com\/?page_id=6314"},"modified":"2018-09-03T19:55:50","modified_gmt":"2018-09-03T16:55:50","slug":"koulujen-yleisurheilumestaruuskilpailut","status":"publish","type":"page","link":"https:\/\/www.lieksanurheilijat.com\/?page_id=6314","title":{"rendered":"Koulujen yleisurheilumestaruuskilpailut"},"content":{"rendered":"<p>Lieksan koulujen yleisurheilumestaruuskilpailut<\/p>\n<p>Lieksa 29.8.2018<\/p>\n<p>T8 40m<br \/>\n1) Elsi P\u00e4ivelin Rantala 7,74<br \/>\n2) Aada Leinonen Vuoniskyl\u00e4t 8,01<br \/>\n3) Inka Piipponen Vuoniskyl\u00e4t 8,35<br \/>\n4) Matilda Niskanen Rantala 8,37<br \/>\n5) Elsa K\u00e4rki Jamali 8,42<br \/>\n6) Tara Hiltunen Rantala 8,56<br \/>\n7) Sofia K\u00e4rkk\u00e4inen Jamali 8,63<br \/>\n8) Meira Tuunanen Rantala 8,76<br \/>\n9) Liina Mikkonen Keskuskoulu 8,82<br \/>\n10) Nadja Pehkonen Rantala 8,82<br \/>\n11) Minttu Muikku Rantala 8,85<br \/>\n12) Anni Yli-Hakola Keskuskoulu 8,87<br \/>\n13) Liisa Tuhkanen Keskuskoulu 8,88<br \/>\n14) Milena Kokkosuo Rantala 8,89<br \/>\n15) Jade Tollet Keskuskoulu 8,90<br \/>\n16) Olivia Tran Keskuskoulu 8,90<br \/>\n17) Mila Pekkarinen Rantala 8,91<br \/>\n18) Satu Meril\u00e4inen Keskuskoulu 9,02<br \/>\n19) Saara Muikku Keskuskoulu 9,02<br \/>\n20) Ninni Ikonen Vuoniskyl\u00e4t 9,03<br \/>\n21) Lotta Mikkonen Keskuskoulu 9,04<br \/>\n22) Venla Siponen Keskuskoulu 9,16<br \/>\n23) Alina Toivanen Jamali 9,20<br \/>\n24) Nea Justander Rantala 9,23<br \/>\n25) Elina Mukku Keskuskoulu 9,23<br \/>\n26) Nanna K\u00e4rkk\u00e4inen Keskuskoulu 9,25<br \/>\n27) Aada Meril\u00e4inen Jamali 9,34<br \/>\n28) Essi Yli-Hakola Keskuskoulu 9,44<br \/>\n29) Lilja K\u00e4rkk\u00e4inen Jamali 9,45<br \/>\n30) Hertta Kilpel\u00e4inen Jamali 9,52<br \/>\n31) Ella Vartiainen Rantala 10,08<br \/>\n32) Iida Tuovinen Keskuskoulu 10,69<\/p>\n<p>T8 600m<br \/>\n1) Sofia K\u00e4rkk\u00e4inen Jamali 2.52,07<br \/>\n2) Meira Tuunanen Rantala 2.55,50<\/p>\n<p>T8 pallo<br \/>\n1) Sofia K\u00e4rkk\u00e4inen Jamali 14,24<br \/>\n2) Mila Pekkarinen Rantala 12,67<br \/>\n3) Matilda Niskanen Rantala 12,09<br \/>\n4) Olivia Tran Keskuskoulu 11,10<br \/>\n5) Meira Tuunanen Rantala 10,75<br \/>\n6) Venla Siponen Keskuskoulu 10,33<br \/>\n7) Hertta Kilpel\u00e4inen Jamali 10,32<br \/>\n8) Lilja K\u00e4rkk\u00e4inen Jamali 9,99<br \/>\n9) Lotta Mikkonen Keskuskoulu 9,88<br \/>\n10) Alina Toivanen Jamali 9,10<br \/>\n11) Nadja Pehkonen Rantala 9,09<br \/>\n12) Ella Vartiainen Rantala 8,75<br \/>\n13) Elsi P\u00e4ivelin Rantala 8,74<br \/>\n14) Aada Leinonen Vuoniskyl\u00e4t 8,38<br \/>\n15) Aada Meril\u00e4inen Jamali 8,06<br \/>\n16) Nea Justander Rantala 7,96<br \/>\n17) Jade Tollet Keskuskoulu 7,88<br \/>\n18) Minttu Muikku Rantala 7,83<br \/>\n19) Nanna K\u00e4rkk\u00e4inen Keskuskoulu 7,75<br \/>\n20) Elina Muikku Keskuskoulu 7,66<br \/>\n21) Ninni Ikonen Vuoniskyl\u00e4t 7,63<br \/>\n22) Satu Meril\u00e4inen Keskuskoulu 7,22<br \/>\n23) Iida Tuovinen Keskuskoulu 6,80<br \/>\n24) Inka Piipponen Vuoniskyl\u00e4t 6,73<br \/>\n25) Essi Yli-Hakola Keskuskoulu 6,70<br \/>\n26) Elsa K\u00e4rki Jamali 6,56<br \/>\n27) Tara Hiltunen Rantala 6,49<br \/>\n28) Milena Kokkosuo Rantala 5,63<br \/>\n29) Liina Mikkonen Keskuskoulu 5,53<br \/>\n30) Saara Muikku Keskuskoulu 4,10<\/p>\n<p>P8 40m<br \/>\n1) Jonne \u00d6ystil\u00e4 Keskuskoulu 7,60<br \/>\n2) Oliver Lampola Rantala 7,71<br \/>\n3) Aleksi Turunen Vuoniskyl\u00e4t 7,80<br \/>\n4) Mansoor Ozbek Rantala 7,85<br \/>\n5) Kamran Mirzae Rantala 7,89<br \/>\n6) Nico Nevalainen Jamali 7,99<br \/>\n7) Aapeli K\u00e4rki Jamali 8,03<br \/>\n8) Miro Kaakkunen Keskuskoulu 8,03<br \/>\n9) Veikka H\u00e4mynen Rantala 8,12<br \/>\n10) Oskari K\u00e4rki Keskuskoulu 8,22<br \/>\n11) Muhamed Hameed Rantala 8,24<br \/>\n12) Osman Haji Rantala 8,25<br \/>\n13) Valtteri Turunen Rantala 8,27<br \/>\n14) Peetu Toivanen Jamali 8,38<br \/>\n15) Kalle Kuiri Keskuskoulu 8,41<br \/>\n16) Amirali Mousavi Rantala 8,42<br \/>\n17) Masi Muikku Keskuskoulu 8,48<br \/>\n18) Tuomas Tikkanen Keskuskoulu 8,57<br \/>\n19) Nuutti Ivanoff Rantala 8,71<br \/>\n20) Jonathan Lomba Keskuskoulu 8,75<br \/>\n21) Jori Kajoskivi Jamali 8,76<br \/>\n22) V\u00e4in\u00f6 Martin Rantala 8,80<br \/>\n23) Juha Tanskanen Keskuskoulu 8,82<br \/>\n24) Joni Lihavainen Rantala 8,82<br \/>\n25) Niko Tahvanainen Keskuskoulu 8,86<br \/>\n26) Eino Muikku Jamali 9,01<br \/>\n27) Veeti Savolainen Rantala 9,06<br \/>\n28) Platon Andriianov Keskuskoulu 9,08<br \/>\n29) Benjamin M\u00e4kkeli Rantala 9,08<br \/>\n30) Abal-Fadi Al-Dalawi Rantala 9,10<br \/>\n31) Niko Nevalainen Vuoniskyl\u00e4t 9,27<br \/>\n32) Paavo Kangas Keskuskoulu 9,32<br \/>\n33) Eemil Tammivuo Keskuskoulu 9,42<br \/>\n34) Vili Koivula Keskuskoulu 9,48<br \/>\n35) Juho Jehkonen Keskuskoulu 9,53<br \/>\n36) Rasmus Souranto Rantala 9,54<br \/>\n37) Veeti Muikku Rantala 9,88<br \/>\n38) Eppu Rissanen Rantala 9,91<br \/>\n39) Aarni Klingberg Rantala 10,00<br \/>\n40) Leevi J\u00e4n\u00f6nen Jamali 11,16<br \/>\n41) Niko Lampela Keskuskoulu 16,34<\/p>\n<p>P8 600m<br \/>\n1) Peetu Toivanen Jamali 2.25,45<br \/>\n2) Osman Haji Rantala 2.29,33<br \/>\n3) Aapeli K\u00e4rki Jamali 2.35,62<br \/>\n4) Nico Nevalainen Jamali 2.41,49<br \/>\n5) Abal-Fadi Al-Dalawi Rantala 2.46,19<br \/>\n6) Valtteri Turunen Rantala 2.47,76<br \/>\n7) Oliver Lampola Rantala 2.49,34<br \/>\n8) Muhamed Hameed Rantala 3.24,11<br \/>\n9) Aarni Klingberg Rantala 3.24,57<br \/>\n10) Anttoni Muikku Jamali 3.28,92<br \/>\n11) Mansoor Ozbek Rantala 3.39,44<br \/>\n12) Amirali Mousavi Rantala 3.39,44<br \/>\n13) Kamran Mirzae Rantala 4.04,29<br \/>\n14) Nuutti Ivanoff Rantala 4.04,99<br \/>\n15) Veeti Muikku Rantala 4.28,59<br \/>\n16) Rasmus Souranto Rantala 4.36,11<br \/>\n17) Benjamin M\u00e4kkeli Rantala 4.45,64<\/p>\n<p>P8 pallo<br \/>\n1) Mansoor Ozbek Rantala 21,39<br \/>\n2) Peetu Toivanen Jamali 20,57<br \/>\n3) Muhamed Hameed Rantala 20,11<br \/>\n4) Amirali Mousavi Rantala 18,75<br \/>\n5) Veikka H\u00e4mynen Rantala 18,18<br \/>\n6) Antti Huotari Keskuskoulu 16,62<br \/>\n7) Aleksi Turunen Vuoniskyl\u00e4t 16,22<br \/>\n8) Nuutti Ivanoff Rantala 14,89<br \/>\n9) Jonne \u00d6ystil\u00e4 Keskuskoulu 14,37<br \/>\n10) Nico Nevalainen Jamali 14,03<br \/>\n11) Oskari K\u00e4rki Keskuskoulu 13,68<br \/>\n12) Tuomas Tikkanen Keskuskoulu 13,20<br \/>\n13) Masi Muikku Keskuskoulu 12,89<br \/>\n14) Veeti Savolainen Rantala 12,50<br \/>\n15) Eemil Tammivuo Keskuskoulu 12,30<br \/>\n16) Kamran Mirzae Rantala 12,20<br \/>\n17) Leevi J\u00e4n\u00f6nen Jamali 11,54<br \/>\n18) Joni Lihavainen Rantala 11,22<br \/>\n19) Aapeli K\u00e4rki Jamali 10,90<br \/>\n20) Jori Kajoskivi Jamali 10,77<br \/>\n21) Juha Tanskanen Keskuskoulu 10,64<br \/>\n22) Niko Tahvanainen Keskuskoulu 10,37<br \/>\n23) Vili Koivula Keskuskoulu 10,37<br \/>\n24) Eino Muikku Jamali 9,75<br \/>\n25) Juho Jehkonen Keskuskoulu 9,59<br \/>\n26) Niko Nevalainen Vuoniskyl\u00e4t 9,36<br \/>\n27) Veeti Muikku Rantala 9,34<br \/>\n28) Benjamin M\u00e4kkeli Rantala 9,31<br \/>\n29) Jonathan Lomba Keskuskoulu 9,28<br \/>\n30) Platon Andriianov Keskuskoulu 9,24<br \/>\n31) Rasmus Souranto Rantala 8,99<br \/>\n32) Anttoni Muikku Jamali 8,98<br \/>\n33) V\u00e4in\u00f6 Martin Rantala 7,40<br \/>\n34) Miro Kaakkunen Keskuskoulu 5,82<br \/>\n35) Miika Kiiskinen Jamali 5,02<\/p>\n<p>T10 60m<br \/>\n1) Maiju Saraniemi Rantala 10,27<br \/>\n2) Aino Heikkinen Jamali 10,54<br \/>\n3) Karita Vartiainen Keskuskoulu 10,76<br \/>\n4) Saara K\u00e4rki Keskuskoulu 11,07<br \/>\n5) Sohvi Hiltunen Keskuskoulu 11,29<br \/>\n6) Adriana Indrane Keskuskoulu 11,46<br \/>\n7) Essi Partanen Keskuskoulu 11,51<br \/>\n8) Tuuli Turunen Vuoniskyl\u00e4t 11,62<br \/>\n9) Olesia Adriane Keskuskoulu 11,72<br \/>\n10) Helli Pakarinen Koli 11,94<br \/>\n11) Eveliina Huikuri Koli 11,94<br \/>\n12) Helmi Haapalehto Rantala 12,10<br \/>\n13) Siiri Pyyk\u00f6nen Keskuskoulu 12,20<br \/>\n14) Noora Tahvanainen Keskuskoulu 12,25<br \/>\n15) Alma K\u00e4rki Jamali 12,28<br \/>\n16) Jenny Haapalainen Jamali 12,33<br \/>\n17) Venla Heikkinen Jamali 12,35<br \/>\n18) Helmi Kuivalainen Vuoniskyl\u00e4t 12,43<br \/>\n19) Mette-Maisa Vaakanainen Jamali 12,68<br \/>\n20) Milja-Anniina Finnig Rantala 13,16<\/p>\n<p>T10 600m<br \/>\n1) Maiju Saraniemi Rantala 2.28,86<br \/>\n2) Saara K\u00e4rki Keskuskoulu 2.30,44<br \/>\n3) Wilma Hiltunen Rantala 2.38,10<br \/>\n4) Olesia Adrianova Keskuskoulu 2.39,71<br \/>\n5) Tiia Nevalainen Rantala 2.39,83<br \/>\n6) Essi Partanen Keskuskoulu 2.44,71<br \/>\n7) Aino Heikkinen Jamali 2.45,54<br \/>\n8) Meiju Stenbacka Rantala 2.48,65<br \/>\n9) Venla Heikkinen Jamali 2.52,13<br \/>\n10) Jenny Haapalainen Jamali 2.54,55<br \/>\n11) Mette-Maisa Vaakanainen Jamali 2.54,62<br \/>\n12) Alma K\u00e4rki Jamali 2.58,50<br \/>\n13) Siiri Pyyk\u00f6nen Keskuskoulu 3.19,09<\/p>\n<p>T10 pituus (ponnistusalue)<br \/>\n1) Maiju Saraniemi Rantala 340<br \/>\n2) Karita Vartiainen Keskuskoulu 285<br \/>\n3) Essi Partanen Keskuskoulu 280<br \/>\n4) Saara K\u00e4rki Keskuskoulu 274<br \/>\n5) Tiia Nevalainen Rantala 273<br \/>\n6) Aino Heikkinen Jamali 272<br \/>\n7) Tuuli Turunen Vuoniskyl\u00e4t 270<br \/>\n8) Wilma Hiltunen Rantala 266<br \/>\n9) Sohvi Hiltunen Keskuskoulu 259<br \/>\n10) Siiri Pyyk\u00f6nen Keskuskoulu 255<br \/>\n11) Peppiina M\u00e4\u00e4tt\u00e4nen Koli 253<br \/>\n12) Alma K\u00e4rki Jamali 247<br \/>\n13) Helmi Haapalehto Rantala 244<br \/>\n14) Mette-Maisa Vaakanainen Jamali 230<br \/>\n15) Helmi Kuivalainen Vuoniskyl\u00e4t 226<br \/>\n16) Venla Heikkinen Jamali 224<br \/>\n17) Milja-Anniina Finnig Rantala 224<br \/>\n18) Noora Tahvanainen Keskuskoulu 222<br \/>\n19) Helli Pakarinen Koli 218<br \/>\n20) Adriana Indrane Keskuskoulu 210<br \/>\n21) Jenny Haapalainen Jamali 207<br \/>\n22) Tara Puhakka Koli 192<\/p>\n<p>T10 kuula (2kg)<br \/>\n1) Aino Heikkinen Jamali 5,66<br \/>\n2) Maiju Saraniemi Rantala 5,42<br \/>\n3) Mette-Maisa Vaakanainen Jamali 4,84<br \/>\n4) Saara K\u00e4rki Keskuskoulu 4,64<br \/>\n5) Helmi Kuivalainen Vuoniskyl\u00e4t 4,36<br \/>\n6) Armi Muikku Jamali 4,23<br \/>\n7) Sohvi Hiltunen Keskuskoulu 3,87<br \/>\n8) Tuuli Turunen Vuoniskyl\u00e4t 3,51<br \/>\n9) Alma K\u00e4rki Jamali 3,48<br \/>\n10) Venla Heikkinen Jamali 3,28<br \/>\n11) Noora Tahvanainen Keskuskoulu 3,06<br \/>\n12) Jenny Haapalainen Jamali 2,80<\/p>\n<p>P10 60m<br \/>\n1) Eppu Ahvenainen Rantala 10,21<br \/>\n2) Anton \u00d6ystil\u00e4 Keskuskoulu 10,29<br \/>\n3) Veikko Niskanen Rantala 10,34<br \/>\n4) Iiro Ikonen Vuoniskyl\u00e4t 10,72<br \/>\n5) Eetu Leivo Keskuskoulu 10,74<br \/>\n6) Lenni Kuiri Keskuskoulu 10,83<br \/>\n7) Tuukka Mikkonen Rantala 10,93<br \/>\n8) Antti Kakkinen Keskuskoulu 10,96<br \/>\n9) Jimi Ahvenainen Rantala 10,98<br \/>\n10) Pasi K\u00e4rkk\u00e4inen Jamali 10,99<br \/>\n11) Niko Pulkkinen Rantala 11,12<br \/>\n12) Olli-Pekka Kaasila Rantala 11,32<br \/>\n13) Talal Kumpai Jamali 11,37<br \/>\n14) Juho Klingberg Rantala 11,41<br \/>\n15) Oiva Hiltunen Keskuskoulu 11,45<br \/>\n16) Vili K\u00e4rki Jamali 11,53<br \/>\n17) Veeti Toivanen Jamali 12,18<br \/>\n18) Aatu Kilpel\u00e4inen Rantala 12,22<br \/>\n19) Weeti H\u00e4rk\u00f6nen Koli 12,26<br \/>\n20) Roni Miettinen Koli 12,30<br \/>\n21) Topi Hyttinen Koli 12,63<br \/>\n22) Joona J\u00e4ntti Keskuskoulu 12,74<br \/>\n23) Onni Sainio Rantala 12,90<br \/>\n24) Eelis Kiiskinen Jamali 13,30<br \/>\n25) Kristian Lampinen Jamali 13,36<\/p>\n<p>P10 600m<br \/>\n1) Anton \u00d6ystil\u00e4 Keskuskoulu 2.13,55<br \/>\n2) Pasi K\u00e4rkk\u00e4inen Jamali 2.16,41<br \/>\n3) Lenni Kuiri Keskuskoulu 2.19,12<br \/>\n4) Juho Klinberg Rantala 2.19,61<br \/>\n5) Veikka Niskanen Rantala 2.26,76<br \/>\n6) Olli-Pekka Kaasila Rantala 2.26,76<br \/>\n7) Antti Kakkinen Keskuskoulu 2.30,05<br \/>\n8) Vili K\u00e4rki Jamali 2.32,81<br \/>\n9) Niko Pulkkinen Rantala 2.42,02<br \/>\n10) Talal Kumpai Jamali 2.43,16<br \/>\n11) Veeti Toivanen Jamali 2.53,96<br \/>\n12) Oiva Hiltunen Keskuskoulu 3.15,90<br \/>\n13) Onni Hyrskyl\u00e4 Rantala 3.33,04<br \/>\n14) Kristian Lampinen Jamali 3.59,67<\/p>\n<p>P10 pituus (ponnistusalue)<br \/>\n1) Eppu Ahvenainen Rantala 326<br \/>\n2) Iiro Ikonen Vuoniskyl\u00e4t 322<br \/>\n3) Veikko Niskanen Rantala 314<br \/>\n4) Vili K\u00e4rki Jamali 299<br \/>\n5) Pasi K\u00e4rkk\u00e4inen Jamali 290<br \/>\n6) Oiva Hiltunen Keskuskoulu 288<br \/>\n7) Jimi Ahvenainen Rantala 286<br \/>\n8) Lenni Kuiri Keskuskoulu 284<br \/>\n9) Niko Pulkkinen Rantala 284<br \/>\n10) Juho Klingberg Rantala 275<br \/>\n11) Tuukka Mikkonen Rantala 268<br \/>\n12) Eetu Leivo Keskuskoulu 263<br \/>\n13) Olli-Pekka Kaasila Rantala 258<br \/>\n14) Samuel Laaja Koli 253<br \/>\n15) Roni Miettinen Koli 244<br \/>\n16) Veeti Toivanen Jamali 232<br \/>\n17) Niilo Juntunen Koli 231<br \/>\n18) Talal Kumpai Jamali 221<br \/>\n19) Topi Hyttinen Koli 209<br \/>\n20) Joona J\u00e4ntti Keskuskoulu 194<br \/>\n21) Onni Sainio Rantala 194<br \/>\n22) Eelis Kiiskinen Jamali 177<br \/>\n23) Kristian Lampinen Jamali 149<\/p>\n<p>P10 kuula (2,5kg)<br \/>\n1) Niko Pulkkinen Rantala 6,18<br \/>\n2) Jere Lehikoinen Koli 5,85<br \/>\n3) Eppu Ahvenainen Rantala 5,56<br \/>\n4) Iiro Ikonen Vuoniskyl\u00e4t 5,53<br \/>\n5) Veikko Niskanen Rantala 5,37<br \/>\n6) Onni Hyrskyl\u00e4 Rantala 5,09<br \/>\n7) Tuukka Mikkonen Rantala 4,87<br \/>\n8) Vili K\u00e4rki Jamali 4,69<br \/>\n9) Jimi Ahvenainen Rantala 4,64<br \/>\n10) Weeti H\u00e4rk\u00f6nen Koli 4,55<br \/>\n11) Topi Hyttinen Koli 4,41<br \/>\n12) Mahamed Haji Rantala 4,39<br \/>\n13) Pasi K\u00e4rkk\u00e4inen Jamali 4,36<br \/>\n14) Aatu Kilpel\u00e4inen Rantala 4,26<br \/>\n15) Kristian Lampinen Jamali 4,16<br \/>\n16) Lenni Kuiri Keskuskoulu 4,13<br \/>\n17) Oiva Hiltunen Keskuskoulu 4,00<br \/>\n18) Talal Kumpai Jamali 3,98<br \/>\n19) Juho Klingberg Rantala 3,94<br \/>\n20) Veeti Toivanen Jamali 3,62<br \/>\n21) Olli-Pekka Kaasila Rantala 3,43<br \/>\n22) Niilo Juntunen Koli 3,18<\/p>\n<p>T12 60m<br \/>\n1) Nea Nevalainen Keskuskoulu 9,30<br \/>\n2) Jenna Muikku Keskuskoulu 10,22<br \/>\n3) Netta Oinonen Rantala 10,61<br \/>\n4) Emma K\u00e4rkk\u00e4inen Jamali 10,69<br \/>\n5) Iida Nevalainen Keskuskoulu 10,76<br \/>\n6) Minna Lepp\u00e4nen Keskuskoulu 10,87<br \/>\n7) Anniina Jetsonen Koli 10,89<br \/>\n8) Oona Ikonen Vuoniskyl\u00e4t 10,97<br \/>\n9) Jenni Gromov Vuoniskyl\u00e4t 11,69<br \/>\n10) Milja Turunen Vuoniskyl\u00e4t 11,74<br \/>\n11) Aada Pyykk\u00f6 Rantala 13,91<\/p>\n<p>T12 600m<br \/>\n1) Janni Kiiskinen Keskuskoulu 2.11,03<br \/>\n2) Emma K\u00e4rkk\u00e4inen Jamali 2.16,03<br \/>\n3) Netta Martikainen Keskuskoulu 2.30,84<br \/>\n4) Minna Lepp\u00e4nen Keskuskoulu 2.34,82<br \/>\n5) Menni Ikonen Keskuskoulu 2.35,77<\/p>\n<p>T12 pituus (ponnistualue)<br \/>\n1) Nea Nevalainen Keskuskoulu 421<br \/>\n2) Menni Ikonen Keskuskoulu 352<br \/>\n3) Netta Oinonen Rantala 322<br \/>\n4) Iida Nevalainen Keskuskoulu 320<br \/>\n5) Emma K\u00e4rkk\u00e4inen Jamali 306<br \/>\n6) Oona Ikonen Vuoniskyl\u00e4t 300<br \/>\n7) Jenna Muikku Keskuskoulu 298<br \/>\n8) Milja Turunen Vuoniskyl\u00e4t 272<br \/>\n9) Jenni Gromov Vuoniskyl\u00e4t 216<\/p>\n<p>T12 kuula (2,5kg)<br \/>\n1) Nea Nevalainen Keskuskoulu 7,48<br \/>\n2) Nelli Pulkkinen Keskuskoulu 6,54<br \/>\n3) Netta Martikainen Keskuskoulu 5,93<br \/>\n4) Emma K\u00e4rkk\u00e4inen Jamali 5,61<br \/>\n5) Oona Ikonen Vuoniskyl\u00e4t 5,32<br \/>\n6) Jenni Gromov Vuoniskyl\u00e4t 4,36<br \/>\n7) Netta Oinonen Rantala 3,98<br \/>\n8) Aada Pyykk\u00f6 Rantala 3,34<br \/>\n9) Milja Turunen Vuoniskyl\u00e4t 3,22<\/p>\n<p>P12 60m<br \/>\n1) Martti Saraniemi Rantala 9,72<br \/>\n2) Akseli Leinonen Vuoniskyl\u00e4t 9,72<br \/>\n3) Janne Soikkeli Rantala 9,83<br \/>\n4) Suiab Abdullahi Mahamed Keskuskoulu 10,00<br \/>\n5) Eino K\u00e4rki Jamali 10,00<br \/>\n6) Vili Keronen Keskuskoulu 10,03<br \/>\n7) Onni Sutinen Koli 10,16<br \/>\n8) Touko Nyblom Jamali 10,28<br \/>\n9) Jere Honkanen Keskuskoulu 11,08<br \/>\n10) Aatu Pakarinen Koli 11,90<br \/>\n11) Petrus Mertanen Koli 12,43<br \/>\n12) Hashimi Haji Rantala 12,57<\/p>\n<p>P12 600m<br \/>\n1) Eino K\u00e4rki Jamali 2.07,56<br \/>\n2) Nuurdiin Haji Rantala 2.09,26<br \/>\n3) Eero K\u00e4rki Jamali 2.09,46<br \/>\n4) Janne Soikkeli Rantala 2.10,96<br \/>\n5) Martti Saraniemi Rantala 2.14,88<br \/>\n6) Vili Keronen Keskuskoulu 2.28,22<br \/>\n7) Touko Nyblom Jamali 2.28,69<\/p>\n<p>P12 pituus (ponnistusalue)<br \/>\n1) Eino K\u00e4rki Jamali 370<br \/>\n2) Vili Keronen Keskuskoulu 352<br \/>\n3) Touko Nyblom Jamali 345<br \/>\n4) Nuurdiin Haji Rantala 344<br \/>\n5) Akseli Leinonen Vuoniskyl\u00e4t 337<br \/>\n6) Martti Saraniemi Rantala 324<br \/>\n7) Hashimi Haji Rantala 221<br \/>\n8) Aatu Pakarinen Koli 211<\/p>\n<p>P12 kuula (3kg)<br \/>\n1) Onni Sutinen Koli 7,32<br \/>\n2) Martti Saraniemi Rantala 7,19<br \/>\n3) Jere Honkanen Keskuskoulu 6,55<br \/>\n4) Eino K\u00e4rki Jamali 5,80<br \/>\n5) Touko Nyblom Jamali 5,67<br \/>\n6) Suiab Abdullahi Mahamed Keskuskoulu 5,58<br \/>\n7) Perttu Palviainen Jamali 5,48<br \/>\n8) Vili Keronen Keskuskoulu 4,92<br \/>\n9) Petrus Mertanen Koli 4,84<br \/>\n10) Iivari K\u00e4rki Jamali 4,79<br \/>\n11) Hashimi Haji Rantala 3,91<\/p>\n<p>Yl\u00e4koulu tyt\u00f6t 100m Tuuli: +0,0<br \/>\n1) Aino Pyykk\u00f6 Keskuskoulu 14,43<br \/>\n2) Marjo Heikura Keskuskoulu 14,87<br \/>\n3) Iida Tolvanen Koli 15,53<br \/>\n4) Tuuli Saraniemi Keskuskoulu 15,85<br \/>\n5) Milka Nyk\u00e4nen Keskuskoulu 17,00<\/p>\n<p>Yl\u00e4koulu tyt\u00f6t 800m<br \/>\n1) Marjo Heikura Keskuskoulu 3.19,61<br \/>\n2) Tuuli Saraniemi Keskuskoulu 3.27,14<\/p>\n<p>Yl\u00e4koulu tyt\u00f6t kuula (3kg)<br \/>\n1) Aino Pyykk\u00f6 Keskuskoulu 7,64<br \/>\n2) Marjo Heikura Keskuskoulu 6,73<br \/>\n3) Tuuli Saraniemi Keskuskoulu 6,14<\/p>\n<p>Yl\u00e4koulu pojat 100m Tuuli: +0,0<br \/>\n1) Eero Mauro Keskuskoulu 12,64<br \/>\n2) Alireza Rasuli Keskuskoulu 13,90<br \/>\n3) Juho Soikkeli Keskuskoulu 14,58<br \/>\n4) Aydid Mukhtar Keskuskoulu 15,21<br \/>\n5) Fuad Farhan Keskuskoulu 17,26<\/p>\n<p>Yl\u00e4koulu pojat 800m<br \/>\n1) Alireza Rasuli Keskuskoulu 2.37,88<br \/>\n2) Juho Soikkeli Keskuskoulu 2.41,73<\/p>\n<p>Yl\u00e4koulu pojat kuula (4kg)<br \/>\n1) Eero Mauro Keskuskoulu 9,05<br \/>\n2) Teemu Hyttinen Koli 8,22<br \/>\n3) Konsta Kaakkunen Koli 7,91<br \/>\n4) Eero Turunen Koli 6,35<br \/>\n5) Alireza Rasuli Keskuskoulu 5,82<br \/>\n6) Miska Timonen Koli 4,46<\/p>\n<p>Lukio tyt\u00f6t 100m Tuuli: +0,0<br \/>\n1) Riina Kettunen Lieksan Lukio 13,68<\/p>\n<p>Lukio tyt\u00f6t 800m<br \/>\n1) Satu Liimatta Lieksan Lukio 2.40,66<\/p>\n<p>Lukio tyt\u00f6t kuula (4kg)<br \/>\n1) Satu Liimatta Lieksan Lukio 9,60<br \/>\n2) Riina Kettunen Lieksan Lukio 9,07<\/p>\n<p>Lukio pojat 100m Tuuli: +0,0<br \/>\n1) Simo N\u00e4ykki Lieksan Lukio 12,68<\/p>\n<p>Lukio pojat 800m<br \/>\n1) Veikka Rantanen Lieksan Lukio 2.31,35<br \/>\n2) Simo N\u00e4ykki Lieksan Lukio 2.31,68<\/p>\n<p>Lukio pojat kuula (5kg)<br \/>\n1) Veikka Rantanen Lieksan Lukio 10,27<br \/>\n2) Simo N\u00e4ykki Lieksan Lukio 8,45<\/p>\n","protected":false},"excerpt":{"rendered":"<p>Lieksan koulujen yleisurheilumestaruuskilpailut Lieksa 29.8.2018 T8 40m 1) Elsi P\u00e4ivelin Rantala 7,74 2) Aada Leinonen Vuoniskyl\u00e4t 8,01 3) Inka Piipponen Vuoniskyl\u00e4t 8,35 4) Matilda Niskanen Rantala 8,37 5) Elsa K\u00e4rki Jamali 8,42 6) Tara Hiltunen Rantala 8,56 7) Sofia K\u00e4rkk\u00e4inen Jamali 8,63 8) Meira Tuunanen Rantala 8,76 9) Liina Mikkonen &hellip;<\/p>\n","protected":false},"author":2,"featured_media":0,"parent":6060,"menu_order":3,"comment_status":"closed","ping_status":"closed","template":"","meta":{"footnotes":""},"categories":[7],"tags":[],"class_list":["post-6314","page","type-page","status-publish","hentry","category-tulokset"],"_links":{"self":[{"href":"https:\/\/www.lieksanurheilijat.com\/index.php?rest_route=\/wp\/v2\/pages\/6314","targetHints":{"allow":["GET"]}}],"collection":[{"href":"https:\/\/www.lieksanurheilijat.com\/index.php?rest_route=\/wp\/v2\/pages"}],"about":[{"href":"https:\/\/www.lieksanurheilijat.com\/index.php?rest_route=\/wp\/v2\/types\/page"}],"author":[{"embeddable":true,"href":"https:\/\/www.lieksanurheilijat.com\/index.php?rest_route=\/wp\/v2\/users\/2"}],"replies":[{"embeddable":true,"href":"https:\/\/www.lieksanurheilijat.com\/index.php?rest_route=%2Fwp%2Fv2%2Fcomments&post=6314"}],"version-history":[{"count":3,"href":"https:\/\/www.lieksanurheilijat.com\/index.php?rest_route=\/wp\/v2\/pages\/6314\/revisions"}],"predecessor-version":[{"id":6329,"href":"https:\/\/www.lieksanurheilijat.com\/index.php?rest_route=\/wp\/v2\/pages\/6314\/revisions\/6329"}],"up":[{"embeddable":true,"href":"https:\/\/www.lieksanurheilijat.com\/index.php?rest_route=\/wp\/v2\/pages\/6060"}],"wp:attachment":[{"href":"https:\/\/www.lieksanurheilijat.com\/index.php?rest_route=%2Fwp%2Fv2%2Fmedia&parent=6314"}],"wp:term":[{"taxonomy":"category","embeddable":true,"href":"https:\/\/www.lieksanurheilijat.com\/index.php?rest_route=%2Fwp%2Fv2%2Fcategories&post=6314"},{"taxonomy":"post_tag","embeddable":true,"href":"https:\/\/www.lieksanurheilijat.com\/index.php?rest_route=%2Fwp%2Fv2%2Ftags&post=6314"}],"curies":[{"name":"wp","href":"https:\/\/api.w.org\/{rel}","templated":true}]}}