{"id":6259,"date":"2018-07-26T09:25:01","date_gmt":"2018-07-26T06:25:01","guid":{"rendered":"https:\/\/www.lieksanurheilijat.com\/?page_id=6259"},"modified":"2018-07-31T09:34:40","modified_gmt":"2018-07-31T06:34:40","slug":"lun-90v-juhlakisat","status":"publish","type":"page","link":"https:\/\/www.lieksanurheilijat.com\/?page_id=6259","title":{"rendered":"LU:n 90v Juhlakisat"},"content":{"rendered":"<p>LU:n 90-v. Juhlakisat<br \/>\nLieksan Urheilijat<br \/>\n25.07.2018<\/p>\n<p>M 100m<br \/>\nLoppukilpailu, Tuuli: -0,3<br \/>\n1) Eeki Kokkonen JoensKa 11,69<br \/>\n2) Rasmus Lehikoinen JoensKa 12,05<br \/>\n3) Jukka Mononen Jyv\u00e4skKU 14,14<\/p>\n<p>N 200m<br \/>\nLoppukilpailu, Tuuli: +0,0<br \/>\n1) Hertta Heikkinen JoensKa 25,18<br \/>\n2) Jutta Heikkinen JoensKa 25,90<br \/>\n3) Emilia Kiiski JoensKa 26,56<br \/>\n4) Silja Kempas LieksU 26,69<br \/>\n5) Nina Mutanen JoensKa 27,77<br \/>\n6) Jenna Riikonen JoensKa 27,88<\/p>\n<p>M Seiv\u00e4s<br \/>\n1) Santtu R\u00e4s\u00e4nen JoensKa 386<br \/>\n356 366 376 386 400<br \/>\no xxo o xo xxx<\/p>\n<p>2) Eemil Hallikainen KaavKai 346<br \/>\n316 336 346 356<br \/>\nxo o xxo xxx<\/p>\n<p>3) Miro Tanninen JoensKa 326<br \/>\n296 306 316 326 336<br \/>\no xo o xxo xxx<\/p>\n<p>N Pituus<br \/>\n1) Jutta Heikkinen JoensKa 5,64 -0,9<br \/>\n3,57 x 5,42 5,64 5,42 5,52<br \/>\n-1,2 +0,0 -0,9 +0,0 -1,4<\/p>\n<p>2) Hertta Heikkinen JoensKa 5,57 +0,0<br \/>\n5,20 5,37 5,56 5,57 3,99 x<br \/>\n-0,7 +0,0 +0,0 +0,0 -1,0<\/p>\n<p>3) Heidi Keronen OravisU 4,64 -0,2<br \/>\n4,52 4,38 4,64 4,46 4,47 4,29<br \/>\n-0,2 -1,6 -0,2 +0,0 +0,0 -0,5<\/p>\n<p>M Keih\u00e4s<br \/>\n1) Toni Sirvi\u00f6 SulkU 73,88<br \/>\n67,00 73,88 70,93 x 71,47 x<\/p>\n<p>2) Pasi Turunen OutokPa 69,28<br \/>\n65,92 x 63,85 69,28 68,60 67,79<\/p>\n<p>3) Henri Korhonen MaanMa 64,19<br \/>\n57,30 59,69 x 62,44 64,19 60,90<\/p>\n<p>4) Panu Auvinen JuvU 63,05<br \/>\nx 62,77 x 62,59 58,43 63,05<\/p>\n<p>5) Tapio Kek\u00e4l\u00e4inen KaavKai 62,74<br \/>\n58,74 x x 62,74 57,16 &#8211;<\/p>\n<p>6) Eetu Korhonen MaanMa 61,36<br \/>\n61,25 57,35 58,08 61,36 x x<\/p>\n<p>7) Ville Kamppuri JoensKa 61,30<br \/>\n60,59 61,30 60,87 59,75 x x<\/p>\n<p>8) Miika H\u00f6ls\u00e4 SulkU 60,65<br \/>\n59,93 x x x 60,65 x<\/p>\n<p>9) Ville Miettinen JuuanU 59,86<br \/>\nx x 59,86 x x x<\/p>\n<p>N Keih\u00e4s<br \/>\n1) Heli Pynn\u00f6nen HankasHa 47,63<br \/>\n39,95 43,37 47,63 43,70 43,88 44,04<\/p>\n<p>2) Riia Toivanen JuankKuo 39,13<br \/>\n37,80 36,99 37,42 x 33,93 39,13<\/p>\n<p>3) Hertta Heikkinen JoensKa 31,71<br \/>\n31,41 31,71 x 30,51 x x<\/p>\n<p>N17 Keih\u00e4s<br \/>\n1) Meiju Eskelinen MaanMa 42,40<br \/>\n40,25 39,02 x x 33,53 42,40<\/p>\n<p>2) Milla Martikainen LieksU 42,28<br \/>\n42,28 x 41,28 x x x<\/p>\n<p>3) Riia Toivanen JuankKuo 38,25<br \/>\nx x x 37,85 38,25 37,61<\/p>\n<p>P13 60m<br \/>\nLoppukilpailu, Tuuli: -0,4<br \/>\n1) Eero Mauro LieksU 8,10<br \/>\n2) Pietari Hallikainen KaavKai 9,98<br \/>\nEemil Hallikainen KaavKai 8,51<\/p>\n<p>T13 60m<br \/>\nLoppukilpailu, Tuuli: -0,1<br \/>\n1) Aino Pyykk\u00f6 LieksU 9,10<br \/>\n2) Nea Nevalainen LieksU 9,22<br \/>\n3) Tuuli Saraniemi LieksU 9,90<br \/>\n4) Heta Solehmainen LieksU 11,11<br \/>\nIra Hirvonen OutokPa DNS<\/p>\n<p>P13 Seiv\u00e4s<br \/>\n1) Eero Mauro LieksU 326<br \/>\n286 306 316 326 336<br \/>\no xo xxo xo xxx<\/p>\n<p>2) Pietari Hallikainen KaavKai 266<br \/>\n206 226 236 246 256 266 276<br \/>\no o o o xo xxo x<\/p>\n<p>T13 Seiv\u00e4s<br \/>\n1) Aino Pyykk\u00f6 LieksU 256<br \/>\n246 256 266<br \/>\nxo o xxx<\/p>\n<p>2) Tuuli Saraniemi LieksU 236<br \/>\n226 236 246<br \/>\nxxo xxo xxx<\/p>\n<p>P13 Keih\u00e4s<br \/>\n1) Eero Mauro LieksU 37,01<br \/>\n35,86 37,01 25,28 34,82<\/p>\n<p>T13 Keih\u00e4s<br \/>\n1) Ira Hirvonen OutokPa 33,10<br \/>\n31,20 33,10 x 29,92<\/p>\n<p>2) Nea Nevalainen LieksU 22,32<br \/>\n22,20 19,81 17,89 22,32<\/p>\n<p>3) Tuuli Saraniemi LieksU 20,48<br \/>\nx x 17,92 20,48<\/p>\n<p>4) Aino Pyykk\u00f6 LieksU 15,82<br \/>\n15,82 15,73 13,66 x<\/p>\n<p>5) Heta Solehmainen LieksU 10,95<br \/>\n8,10 10,95 7,53 6,81<\/p>\n<p>Sanni Toivanen JuuanU 33,37<br \/>\nx 33,37 30,42 x<\/p>\n<p>P11 60m<br \/>\n1) Martti Saraniemi LieksU 9,74<br \/>\n2) Jester Rossi M\u00e4nts\u00e4l\u00e4n J\u00e4\u00e4tiikerit 9,90<br \/>\n3) Elias Tolvanen 10,95<br \/>\n4) Niko Pulkkinen LieksU 11,80<\/p>\n<p>P11 pituus<br \/>\n1) Jester Rossi M\u00e4nts\u00e4l\u00e4n J\u00e4\u00e4tiikerit 387<br \/>\n2) Martti Saraniemi LieksU 367<br \/>\n3) Elias Tolvanen 300<br \/>\n4) Niko Pulkkinen LieksU 293<\/p>\n<p>T11 60m<br \/>\n1) Eerika Nieminen JanJa 10,43<br \/>\n2) Netta Oinonen LieksU 10,63<br \/>\n3) Iida Nevalainen LieksU 11,21<\/p>\n<p>T11 pituus<br \/>\n1) Eerika Nieminen JanJa 355<br \/>\n2) Netta Oinonen LieksU 314<\/p>\n<p>P9 60m<br \/>\n1) Eppu Ahvenainen LieksU 10,26<br \/>\n2) Jimi Ahvenainen LieksU 10,99<br \/>\n3) Pasi K\u00e4rkk\u00e4inen LieksU 11,22<br \/>\n4) Ville Itkonen Kontiolahti 11,37<br \/>\n5) Oiva Hiltunen LieksU 11,48<br \/>\n6) Juho Klinberg LieksU 11,55<\/p>\n<p>P9 pituus<br \/>\n1) Eppu Ahvenainen LieksU 349<br \/>\n2) Jimi Ahvenainen LieksU 289<br \/>\n3) Oiva Hiltunen LieksU 281<br \/>\n4) Pasi K\u00e4rkk\u00e4inen LieksU 260<br \/>\n5) Juho Klinberg LieksU 254<\/p>\n<p>T9 60m<br \/>\n1) Maiju Saraniemi LieksU 10,35<br \/>\n2) Vilma Hiltunen LieksU 11,45<br \/>\n3) Noora Oinonen LieksU 11,93<br \/>\n4) Enni Solehmainen LieksU 12,10<br \/>\n5) Tara Hiltunen LieksU 12,69<br \/>\n6) Ilona Toivanen Kontiolahti 13,29<\/p>\n<p>T9 pituus<br \/>\n1) Maiju Saraniemi LieksU 332<br \/>\n2) Enni Solehmainen LieksU 267<br \/>\n3) Vilma Hiltunen LieksU 261<br \/>\n4) Noora Oinonen LieksU 259<br \/>\n5) Tara Hiltunen LieksU 256<\/p>\n<p>P7 40m<br \/>\n1) Myrsky Saraskari Lahti 8,33<br \/>\n2) Vilho Solehmainen LieksU 8,72<\/p>\n<p>P7 pituus<br \/>\n1) Myrsky Saraskari Lahti 255<br \/>\n2) Vilho Solehmainen LieksU 230<\/p>\n<p>T7 40m<br \/>\n1) Elsi P\u00e4ivelin LieksU 7,76<br \/>\n2) Minerva V\u00e4yrynen LieksU 8,45<br \/>\n3) Kiia Muikku LieksU 9,41<br \/>\n4) Marke Hiltunen LieksU 9,88<\/p>\n<p>T7 pituus<br \/>\n1) Elsi P\u00e4ivelin LieksU 320<br \/>\n2) Minerva V\u00e4yrynen LieksU 253<br \/>\n3) Kiia Muikku LieksU 191<br \/>\n4) Marke Hiltunen LieksU 186<\/p>\n<p>P5 40m<br \/>\n1) Johannes K\u00f6ntt\u00e4 Liperin Hiihtoseura 9,18<br \/>\n2) Aatu Tolonen LieksU 9,39<br \/>\n3) Antti Saarinen Lahti 9,43<br \/>\n4) Otso Heikkinen LieksU 9,72<br \/>\n5) Onni Tuomela 10,51<br \/>\n6) Severi N\u00e4s\u00e4nen LieksU 10,52<br \/>\n7) Vilho Itkonen Kontiolahti 11,55<br \/>\n8) Eetu Kiiskinen LieksU 22,31<\/p>\n<p>P5 pituus<br \/>\n1) Aatu Tolonen LieksU 241<br \/>\n2) Antti Saarinen Lahti 226<br \/>\n3) Johannes K\u00f6ntt\u00e4 Liperin Hiihtoseura 197<br \/>\n4) Severi N\u00e4s\u00e4nen LieksU 184<br \/>\n5) Eetu Kiiskinen LieksU 171<br \/>\n6) Otso Heikkinen LieksU 164<br \/>\n7) Onni Tuomela 161<br \/>\n8) Vilho Itkonen Kontiolahti 159<br \/>\n9) Lauri P\u00e4\u00e4kk\u00f6nen 154<\/p>\n<p>T5 40m<br \/>\n1) Nelli Ikonen LieksU 9,80<br \/>\n2) Oona Toivanen Kontiolahti 10,21<br \/>\n3) Tiina Hiltunen LieksU 10,49<br \/>\n4) Peppi Oinonen LieksU 10,64<br \/>\n5) Iiris P\u00e4ivelin LieksU 11,06<br \/>\n6) Vilma Turunen LieksU 11,54<br \/>\n7) Valpuri N\u00e4s\u00e4nen LieksU 12,55<br \/>\n8) Oona Heikkinen LieksU 13,26<\/p>\n<p>T5 pituus<br \/>\n1) Nelli Ikonen LieksU 183<br \/>\n2) Peppi Oinonen LieksU 165<br \/>\n3) Iiris P\u00e4ivelin LieksU 154<br \/>\n4) Ronja Tarvainen LieksU 133<br \/>\n5) Vilma Turunen LieksU 126<br \/>\n6) Valpuri N\u00e4s\u00e4nen LieksU 126<br \/>\n7) Oona Heikkinen LieksU 120<\/p>\n","protected":false},"excerpt":{"rendered":"<p>LU:n 90-v. Juhlakisat Lieksan Urheilijat 25.07.2018 M 100m Loppukilpailu, Tuuli: -0,3 1) Eeki Kokkonen JoensKa 11,69 2) Rasmus Lehikoinen JoensKa 12,05 3) Jukka Mononen Jyv\u00e4skKU 14,14 N 200m Loppukilpailu, Tuuli: +0,0 1) Hertta Heikkinen JoensKa 25,18 2) Jutta Heikkinen JoensKa 25,90 3) Emilia Kiiski JoensKa 26,56 4) Silja Kempas LieksU &hellip;<\/p>\n","protected":false},"author":2,"featured_media":0,"parent":6060,"menu_order":6,"comment_status":"closed","ping_status":"closed","template":"","meta":{"footnotes":""},"categories":[7],"tags":[],"class_list":["post-6259","page","type-page","status-publish","hentry","category-tulokset"],"_links":{"self":[{"href":"https:\/\/www.lieksanurheilijat.com\/index.php?rest_route=\/wp\/v2\/pages\/6259","targetHints":{"allow":["GET"]}}],"collection":[{"href":"https:\/\/www.lieksanurheilijat.com\/index.php?rest_route=\/wp\/v2\/pages"}],"about":[{"href":"https:\/\/www.lieksanurheilijat.com\/index.php?rest_route=\/wp\/v2\/types\/page"}],"author":[{"embeddable":true,"href":"https:\/\/www.lieksanurheilijat.com\/index.php?rest_route=\/wp\/v2\/users\/2"}],"replies":[{"embeddable":true,"href":"https:\/\/www.lieksanurheilijat.com\/index.php?rest_route=%2Fwp%2Fv2%2Fcomments&post=6259"}],"version-history":[{"count":6,"href":"https:\/\/www.lieksanurheilijat.com\/index.php?rest_route=\/wp\/v2\/pages\/6259\/revisions"}],"predecessor-version":[{"id":6274,"href":"https:\/\/www.lieksanurheilijat.com\/index.php?rest_route=\/wp\/v2\/pages\/6259\/revisions\/6274"}],"up":[{"embeddable":true,"href":"https:\/\/www.lieksanurheilijat.com\/index.php?rest_route=\/wp\/v2\/pages\/6060"}],"wp:attachment":[{"href":"https:\/\/www.lieksanurheilijat.com\/index.php?rest_route=%2Fwp%2Fv2%2Fmedia&parent=6259"}],"wp:term":[{"taxonomy":"category","embeddable":true,"href":"https:\/\/www.lieksanurheilijat.com\/index.php?rest_route=%2Fwp%2Fv2%2Fcategories&post=6259"},{"taxonomy":"post_tag","embeddable":true,"href":"https:\/\/www.lieksanurheilijat.com\/index.php?rest_route=%2Fwp%2Fv2%2Ftags&post=6259"}],"curies":[{"name":"wp","href":"https:\/\/api.w.org\/{rel}","templated":true}]}}