{"id":6173,"date":"2018-06-20T12:46:16","date_gmt":"2018-06-20T09:46:16","guid":{"rendered":"https:\/\/www.lieksanurheilijat.com\/?page_id=6173"},"modified":"2018-06-28T00:23:19","modified_gmt":"2018-06-27T21:23:19","slug":"susirajan-seivaskoulun-seivaskisa","status":"publish","type":"page","link":"https:\/\/www.lieksanurheilijat.com\/?page_id=6173","title":{"rendered":"Susirajan Seiv\u00e4skoulun seiv\u00e4skisa"},"content":{"rendered":"<p>Lieksa 17.6.2018<\/p>\n<p>M17 Seiv\u00e4s<br \/>\n1 Santtu R\u00e4s\u00e4nen JoensKa 335<\/p>\n<p>P13 Seiv\u00e4s<br \/>\n1 Eero Mauro LieksU 295<\/p>\n<p>T13 Seiv\u00e4s<br \/>\n1 Tuuli Saraniemi LieksU 245<br \/>\n2 Aino Pyykk\u00f6 LieksU 235<br \/>\n3 Mimosa Laatikainen LieksU 175<\/p>\n","protected":false},"excerpt":{"rendered":"<p>Lieksa 17.6.2018 M17 Seiv\u00e4s 1 Santtu R\u00e4s\u00e4nen JoensKa 335 P13 Seiv\u00e4s 1 Eero Mauro LieksU 295 T13 Seiv\u00e4s 1 Tuuli Saraniemi LieksU 245 2 Aino Pyykk\u00f6 LieksU 235 3 Mimosa Laatikainen LieksU 175<\/p>\n","protected":false},"author":2,"featured_media":0,"parent":6060,"menu_order":10,"comment_status":"closed","ping_status":"closed","template":"","meta":{"footnotes":""},"categories":[7],"tags":[],"class_list":["post-6173","page","type-page","status-publish","hentry","category-tulokset"],"_links":{"self":[{"href":"https:\/\/www.lieksanurheilijat.com\/index.php?rest_route=\/wp\/v2\/pages\/6173","targetHints":{"allow":["GET"]}}],"collection":[{"href":"https:\/\/www.lieksanurheilijat.com\/index.php?rest_route=\/wp\/v2\/pages"}],"about":[{"href":"https:\/\/www.lieksanurheilijat.com\/index.php?rest_route=\/wp\/v2\/types\/page"}],"author":[{"embeddable":true,"href":"https:\/\/www.lieksanurheilijat.com\/index.php?rest_route=\/wp\/v2\/users\/2"}],"replies":[{"embeddable":true,"href":"https:\/\/www.lieksanurheilijat.com\/index.php?rest_route=%2Fwp%2Fv2%2Fcomments&post=6173"}],"version-history":[{"count":2,"href":"https:\/\/www.lieksanurheilijat.com\/index.php?rest_route=\/wp\/v2\/pages\/6173\/revisions"}],"predecessor-version":[{"id":6175,"href":"https:\/\/www.lieksanurheilijat.com\/index.php?rest_route=\/wp\/v2\/pages\/6173\/revisions\/6175"}],"up":[{"embeddable":true,"href":"https:\/\/www.lieksanurheilijat.com\/index.php?rest_route=\/wp\/v2\/pages\/6060"}],"wp:attachment":[{"href":"https:\/\/www.lieksanurheilijat.com\/index.php?rest_route=%2Fwp%2Fv2%2Fmedia&parent=6173"}],"wp:term":[{"taxonomy":"category","embeddable":true,"href":"https:\/\/www.lieksanurheilijat.com\/index.php?rest_route=%2Fwp%2Fv2%2Fcategories&post=6173"},{"taxonomy":"post_tag","embeddable":true,"href":"https:\/\/www.lieksanurheilijat.com\/index.php?rest_route=%2Fwp%2Fv2%2Ftags&post=6173"}],"curies":[{"name":"wp","href":"https:\/\/api.w.org\/{rel}","templated":true}]}}