{"id":6075,"date":"2018-04-17T10:29:40","date_gmt":"2018-04-17T07:29:40","guid":{"rendered":"https:\/\/www.lieksanurheilijat.com\/?page_id=6075"},"modified":"2018-04-17T10:32:07","modified_gmt":"2018-04-17T07:32:07","slug":"seivaskoulun-tuloskisa","status":"publish","type":"page","link":"https:\/\/www.lieksanurheilijat.com\/?page_id=6075","title":{"rendered":"Seiv\u00e4skoulun tuloskisa"},"content":{"rendered":"<p>14.4.2018<\/p>\n<p>Pankakosken koulu<\/p>\n<p>&nbsp;<\/p>\n<p>T15 seiv\u00e4s<\/p>\n<p>1. Maija Boren LU 250<\/p>\n<p>&nbsp;<\/p>\n<p>T13 seiv\u00e4s<\/p>\n<p>1. Aino Pyykk\u00f6 LU 220<\/p>\n<p>2. Tuuli Saraniemi LU 210<\/p>\n","protected":false},"excerpt":{"rendered":"<p>14.4.2018 Pankakosken koulu &nbsp; T15 seiv\u00e4s 1. Maija Boren LU 250 &nbsp; T13 seiv\u00e4s 1. Aino Pyykk\u00f6 LU 220 2. Tuuli Saraniemi LU 210<\/p>\n","protected":false},"author":2,"featured_media":0,"parent":6060,"menu_order":16,"comment_status":"closed","ping_status":"closed","template":"","meta":{"footnotes":""},"categories":[7],"tags":[],"class_list":["post-6075","page","type-page","status-publish","hentry","category-tulokset"],"_links":{"self":[{"href":"https:\/\/www.lieksanurheilijat.com\/index.php?rest_route=\/wp\/v2\/pages\/6075","targetHints":{"allow":["GET"]}}],"collection":[{"href":"https:\/\/www.lieksanurheilijat.com\/index.php?rest_route=\/wp\/v2\/pages"}],"about":[{"href":"https:\/\/www.lieksanurheilijat.com\/index.php?rest_route=\/wp\/v2\/types\/page"}],"author":[{"embeddable":true,"href":"https:\/\/www.lieksanurheilijat.com\/index.php?rest_route=\/wp\/v2\/users\/2"}],"replies":[{"embeddable":true,"href":"https:\/\/www.lieksanurheilijat.com\/index.php?rest_route=%2Fwp%2Fv2%2Fcomments&post=6075"}],"version-history":[{"count":1,"href":"https:\/\/www.lieksanurheilijat.com\/index.php?rest_route=\/wp\/v2\/pages\/6075\/revisions"}],"predecessor-version":[{"id":6076,"href":"https:\/\/www.lieksanurheilijat.com\/index.php?rest_route=\/wp\/v2\/pages\/6075\/revisions\/6076"}],"up":[{"embeddable":true,"href":"https:\/\/www.lieksanurheilijat.com\/index.php?rest_route=\/wp\/v2\/pages\/6060"}],"wp:attachment":[{"href":"https:\/\/www.lieksanurheilijat.com\/index.php?rest_route=%2Fwp%2Fv2%2Fmedia&parent=6075"}],"wp:term":[{"taxonomy":"category","embeddable":true,"href":"https:\/\/www.lieksanurheilijat.com\/index.php?rest_route=%2Fwp%2Fv2%2Fcategories&post=6075"},{"taxonomy":"post_tag","embeddable":true,"href":"https:\/\/www.lieksanurheilijat.com\/index.php?rest_route=%2Fwp%2Fv2%2Ftags&post=6075"}],"curies":[{"name":"wp","href":"https:\/\/api.w.org\/{rel}","templated":true}]}}