{"id":6059,"date":"2018-04-01T21:50:31","date_gmt":"2018-04-01T18:50:31","guid":{"rendered":"https:\/\/www.lieksanurheilijat.com\/?page_id=6059"},"modified":"2018-04-09T14:14:31","modified_gmt":"2018-04-09T11:14:31","slug":"lun-pilkkikisat-1-4-2018","status":"publish","type":"page","link":"https:\/\/www.lieksanurheilijat.com\/?page_id=6059","title":{"rendered":"LU:n pilkkikisat 1.4.2018"},"content":{"rendered":"<p>1.4.2018<\/p>\n<p>Kattilalampi, Nurmij\u00e4rvi<\/p>\n<p><strong>Naiset:<\/strong><\/p>\n<p>1. 450g Milla Martikainen<\/p>\n<p>2. 170g Eira Puumalainen<\/p>\n<p>0g Riina Kettunen ja Liisa V\u00e4nsk\u00e4<\/p>\n<p><strong>Miehet:<\/strong><\/p>\n<p>1. 125g Arttu V\u00e4nsk\u00e4<\/p>\n<p>2. 75g Atso V\u00e4nsk\u00e4 ja Anssi V\u00e4nsk\u00e4<\/p>\n<p>4. 60g Raimo Saviranta<\/p>\n<p>5. 25g Jukka Martikainen<\/p>\n<p>0g Marko Martikainen<\/p>\n<p><strong>Nuoret\/lapset:<\/strong><\/p>\n<p>1. 25g Netta Martikainen ja Titta Martikainen<\/p>\n<p><strong>Suurin kala:<\/strong><\/p>\n<p>405g Milla Martikainen<\/p>\n","protected":false},"excerpt":{"rendered":"<p>1.4.2018 Kattilalampi, Nurmij\u00e4rvi Naiset: 1. 450g Milla Martikainen 2. 170g Eira Puumalainen 0g Riina Kettunen ja Liisa V\u00e4nsk\u00e4 Miehet: 1. 125g Arttu V\u00e4nsk\u00e4 2. 75g Atso V\u00e4nsk\u00e4 ja Anssi V\u00e4nsk\u00e4 4. 60g Raimo Saviranta 5. 25g Jukka Martikainen 0g Marko Martikainen Nuoret\/lapset: 1. 25g Netta Martikainen ja Titta Martikainen Suurin &hellip;<\/p>\n","protected":false},"author":2,"featured_media":0,"parent":6060,"menu_order":17,"comment_status":"closed","ping_status":"closed","template":"","meta":{"footnotes":""},"categories":[7],"tags":[],"class_list":["post-6059","page","type-page","status-publish","hentry","category-tulokset"],"_links":{"self":[{"href":"https:\/\/www.lieksanurheilijat.com\/index.php?rest_route=\/wp\/v2\/pages\/6059","targetHints":{"allow":["GET"]}}],"collection":[{"href":"https:\/\/www.lieksanurheilijat.com\/index.php?rest_route=\/wp\/v2\/pages"}],"about":[{"href":"https:\/\/www.lieksanurheilijat.com\/index.php?rest_route=\/wp\/v2\/types\/page"}],"author":[{"embeddable":true,"href":"https:\/\/www.lieksanurheilijat.com\/index.php?rest_route=\/wp\/v2\/users\/2"}],"replies":[{"embeddable":true,"href":"https:\/\/www.lieksanurheilijat.com\/index.php?rest_route=%2Fwp%2Fv2%2Fcomments&post=6059"}],"version-history":[{"count":1,"href":"https:\/\/www.lieksanurheilijat.com\/index.php?rest_route=\/wp\/v2\/pages\/6059\/revisions"}],"predecessor-version":[{"id":6063,"href":"https:\/\/www.lieksanurheilijat.com\/index.php?rest_route=\/wp\/v2\/pages\/6059\/revisions\/6063"}],"up":[{"embeddable":true,"href":"https:\/\/www.lieksanurheilijat.com\/index.php?rest_route=\/wp\/v2\/pages\/6060"}],"wp:attachment":[{"href":"https:\/\/www.lieksanurheilijat.com\/index.php?rest_route=%2Fwp%2Fv2%2Fmedia&parent=6059"}],"wp:term":[{"taxonomy":"category","embeddable":true,"href":"https:\/\/www.lieksanurheilijat.com\/index.php?rest_route=%2Fwp%2Fv2%2Fcategories&post=6059"},{"taxonomy":"post_tag","embeddable":true,"href":"https:\/\/www.lieksanurheilijat.com\/index.php?rest_route=%2Fwp%2Fv2%2Ftags&post=6059"}],"curies":[{"name":"wp","href":"https:\/\/api.w.org\/{rel}","templated":true}]}}