{"id":5934,"date":"2017-09-06T18:46:41","date_gmt":"2017-09-06T15:46:41","guid":{"rendered":"https:\/\/www.lieksanurheilijat.com\/?page_id=5934"},"modified":"2017-09-08T12:01:39","modified_gmt":"2017-09-08T09:01:39","slug":"matin-kuntokymppi","status":"publish","type":"page","link":"https:\/\/www.lieksanurheilijat.com\/?page_id=5934","title":{"rendered":"Matin kuntokymppi"},"content":{"rendered":"<p>Lieksa 6.9.2017<\/p>\n<p>N 10000m<br \/>\n1 Sari M\u00e4kinen 41.12,4<\/p>\n<p>M 10000m<br \/>\n1 Niko Keronen ForrestGuuri 38.37,6<br \/>\n2 Jani Nevalainen Kuusiston Jylh\u00e4 39.20,2<\/p>\n<p>M50 10000m<br \/>\n1 Sakari Arkko Polvij\u00e4rjen vauhti 40.37,0<br \/>\n2 Timo Makkonen Liperin Ikkuna 47.30,3<br \/>\n3 Jarmo Honkanen Pyh\u00e4sel\u00e4n Urheilijat 50.59,1<\/p>\n<p>M60 10000m<br \/>\n1 Ahti Ker\u00e4nen Lieksa 42.32,1<\/p>\n<p>M70 10000m<br \/>\n1 Olavi Ukonmaanaho Lieksa 55.59,3<\/p>\n","protected":false},"excerpt":{"rendered":"<p>Lieksa 6.9.2017 N 10000m 1 Sari M\u00e4kinen 41.12,4 M 10000m 1 Niko Keronen ForrestGuuri 38.37,6 2 Jani Nevalainen Kuusiston Jylh\u00e4 39.20,2 M50 10000m 1 Sakari Arkko Polvij\u00e4rjen vauhti 40.37,0 2 Timo Makkonen Liperin Ikkuna 47.30,3 3 Jarmo Honkanen Pyh\u00e4sel\u00e4n Urheilijat 50.59,1 M60 10000m 1 Ahti Ker\u00e4nen Lieksa 42.32,1 M70 10000m &hellip;<\/p>\n","protected":false},"author":2,"featured_media":0,"parent":5141,"menu_order":4,"comment_status":"closed","ping_status":"closed","template":"","meta":{"footnotes":""},"categories":[7],"tags":[],"class_list":["post-5934","page","type-page","status-publish","hentry","category-tulokset"],"_links":{"self":[{"href":"https:\/\/www.lieksanurheilijat.com\/index.php?rest_route=\/wp\/v2\/pages\/5934","targetHints":{"allow":["GET"]}}],"collection":[{"href":"https:\/\/www.lieksanurheilijat.com\/index.php?rest_route=\/wp\/v2\/pages"}],"about":[{"href":"https:\/\/www.lieksanurheilijat.com\/index.php?rest_route=\/wp\/v2\/types\/page"}],"author":[{"embeddable":true,"href":"https:\/\/www.lieksanurheilijat.com\/index.php?rest_route=\/wp\/v2\/users\/2"}],"replies":[{"embeddable":true,"href":"https:\/\/www.lieksanurheilijat.com\/index.php?rest_route=%2Fwp%2Fv2%2Fcomments&post=5934"}],"version-history":[{"count":2,"href":"https:\/\/www.lieksanurheilijat.com\/index.php?rest_route=\/wp\/v2\/pages\/5934\/revisions"}],"predecessor-version":[{"id":5940,"href":"https:\/\/www.lieksanurheilijat.com\/index.php?rest_route=\/wp\/v2\/pages\/5934\/revisions\/5940"}],"up":[{"embeddable":true,"href":"https:\/\/www.lieksanurheilijat.com\/index.php?rest_route=\/wp\/v2\/pages\/5141"}],"wp:attachment":[{"href":"https:\/\/www.lieksanurheilijat.com\/index.php?rest_route=%2Fwp%2Fv2%2Fmedia&parent=5934"}],"wp:term":[{"taxonomy":"category","embeddable":true,"href":"https:\/\/www.lieksanurheilijat.com\/index.php?rest_route=%2Fwp%2Fv2%2Fcategories&post=5934"},{"taxonomy":"post_tag","embeddable":true,"href":"https:\/\/www.lieksanurheilijat.com\/index.php?rest_route=%2Fwp%2Fv2%2Ftags&post=5934"}],"curies":[{"name":"wp","href":"https:\/\/api.w.org\/{rel}","templated":true}]}}