{"id":5896,"date":"2017-08-20T17:02:41","date_gmt":"2017-08-20T14:02:41","guid":{"rendered":"https:\/\/www.lieksanurheilijat.com\/?page_id=5896"},"modified":"2017-08-20T17:06:04","modified_gmt":"2017-08-20T14:06:04","slug":"kaupunginmestaruuskisat","status":"publish","type":"page","link":"https:\/\/www.lieksanurheilijat.com\/?page_id=5896","title":{"rendered":"Kaupunginmestaruuskilpailut"},"content":{"rendered":"<p>Kaupunginmestaruuskilpailut<br \/>\nLieksa, 20.8.2017<\/p>\n<p>&nbsp;<\/p>\n<p>Miehet 100m<br \/>\n1) Esko M\u00e4lk\u00f6nen 15,15<br \/>\n2) Kari Karttunen 16,56<\/p>\n<p>Miehet Kuula (6kg)<br \/>\n1) Harri Partanen 10,43<br \/>\n2) Pasi N\u00e4s\u00e4nen 10,38<br \/>\n3) Anssi V\u00e4nsk\u00e4 9,88<br \/>\n4) Veikka Rantanen 8,98<br \/>\n5) Toni Kiiskinen 8,42<br \/>\n6) Juhani Kortelainen 8,33<br \/>\n7) Unto Sepp\u00e4nen 8,04<br \/>\n8) Simo N\u00e4ykki 7,20<\/p>\n<p>Naiset 100m<br \/>\n1) Riina Kettunen 14,23<br \/>\n2) Liisa V\u00e4nsk\u00e4 21,25<\/p>\n<p>Naiset Kuula (3kg)<br \/>\n1) Riina Kettunen 10,38<br \/>\n2) Marika Hyv\u00e4rinen 10,12<br \/>\n3) Minea Suhonen 8,86<br \/>\n4) Mervi Martikainen 7,19<br \/>\n5) Liisa V\u00e4nsk\u00e4 6,72<\/p>\n<p>P15 100m<br \/>\n1) Pyry Hiltunen 15,31<\/p>\n<p>P11 60m<br \/>\n1) Martti Saraniemi 11,26<\/p>\n<p>P11 Kuula<br \/>\n1) Martti Saraniemi 5,73<\/p>\n<p>P9 40m<br \/>\n1) Eppu Ahvenainen 7,85<br \/>\n2) Jimi Ahvenainen 8,01<br \/>\n3) Leevi Hietikko-Kaukola 8,37<br \/>\n4) Olli-Pekka Kaasila 8,49<\/p>\n<p>P9 pituus<br \/>\n1) Eppu Ahvenainen 310<br \/>\n2) Leevi Hietikko-Kaukola 278<br \/>\n3) Jimi Ahvenainen 269<br \/>\n4) Olli-Pekka Kaasila 251<\/p>\n<p>T15 Kuula<br \/>\n1) Lotta Martikainen 10,16<br \/>\n2) Satu Liimatta 10,08<\/p>\n<p>T13 60m<br \/>\n1) Tuuli Saraniemi 10,28<\/p>\n<p>T13 Kuula<br \/>\n1) Tuuli Saraniemi 5,18<\/p>\n<p>T11 60m<br \/>\n1) Nea Nevalainen 9,80<br \/>\n2) Netta Oinonen 10,98<br \/>\n3) Netta Martikainen 11,60<\/p>\n<p>T11 Kuula<br \/>\n1) Nea Nevalainen 8,16<br \/>\n2) Netta Martikainen 6,13<br \/>\n3) Netta Oinonen 4,16<\/p>\n<p>T9 40m<br \/>\n1) Maiju Saraniemi 7,58<br \/>\n2) Essi Partanen 8,08<br \/>\n3) Noora Oinonen 8,37<br \/>\n4) Titta Martikainen 9,69<\/p>\n<p>T9 Pituus<br \/>\n1) Maiju Saraniemi 302<br \/>\n2) Essi Partanen 276<br \/>\n3) Noora Oinonen 253<br \/>\n4) Titta Martikainen 200<\/p>\n<p>T7 40m<br \/>\n1) Tara Hiltunen 8,77<\/p>\n<p>T7 Pituus<br \/>\n1) Tara Hiltunen 227<br \/>\n2) Enni Partanen 220<\/p>\n<p>T5 40m<br \/>\n1) Peppi Oinonen 11,24<br \/>\n2) Inka Nevalainen 11,80<\/p>\n<p>T5 Pituus<br \/>\n1) Inka Nevalainen 157<br \/>\n2) Peppi Oinonen 128<\/p>\n","protected":false},"excerpt":{"rendered":"<p>Kaupunginmestaruuskilpailut Lieksa, 20.8.2017 &nbsp; Miehet 100m 1) Esko M\u00e4lk\u00f6nen 15,15 2) Kari Karttunen 16,56 Miehet Kuula (6kg) 1) Harri Partanen 10,43 2) Pasi N\u00e4s\u00e4nen 10,38 3) Anssi V\u00e4nsk\u00e4 9,88 4) Veikka Rantanen 8,98 5) Toni Kiiskinen 8,42 6) Juhani Kortelainen 8,33 7) Unto Sepp\u00e4nen 8,04 8) Simo N\u00e4ykki 7,20 Naiset &hellip;<\/p>\n","protected":false},"author":2,"featured_media":0,"parent":5141,"menu_order":8,"comment_status":"closed","ping_status":"closed","template":"","meta":{"footnotes":""},"categories":[7],"tags":[],"class_list":["post-5896","page","type-page","status-publish","hentry","category-tulokset"],"_links":{"self":[{"href":"https:\/\/www.lieksanurheilijat.com\/index.php?rest_route=\/wp\/v2\/pages\/5896","targetHints":{"allow":["GET"]}}],"collection":[{"href":"https:\/\/www.lieksanurheilijat.com\/index.php?rest_route=\/wp\/v2\/pages"}],"about":[{"href":"https:\/\/www.lieksanurheilijat.com\/index.php?rest_route=\/wp\/v2\/types\/page"}],"author":[{"embeddable":true,"href":"https:\/\/www.lieksanurheilijat.com\/index.php?rest_route=\/wp\/v2\/users\/2"}],"replies":[{"embeddable":true,"href":"https:\/\/www.lieksanurheilijat.com\/index.php?rest_route=%2Fwp%2Fv2%2Fcomments&post=5896"}],"version-history":[{"count":3,"href":"https:\/\/www.lieksanurheilijat.com\/index.php?rest_route=\/wp\/v2\/pages\/5896\/revisions"}],"predecessor-version":[{"id":5899,"href":"https:\/\/www.lieksanurheilijat.com\/index.php?rest_route=\/wp\/v2\/pages\/5896\/revisions\/5899"}],"up":[{"embeddable":true,"href":"https:\/\/www.lieksanurheilijat.com\/index.php?rest_route=\/wp\/v2\/pages\/5141"}],"wp:attachment":[{"href":"https:\/\/www.lieksanurheilijat.com\/index.php?rest_route=%2Fwp%2Fv2%2Fmedia&parent=5896"}],"wp:term":[{"taxonomy":"category","embeddable":true,"href":"https:\/\/www.lieksanurheilijat.com\/index.php?rest_route=%2Fwp%2Fv2%2Fcategories&post=5896"},{"taxonomy":"post_tag","embeddable":true,"href":"https:\/\/www.lieksanurheilijat.com\/index.php?rest_route=%2Fwp%2Fv2%2Ftags&post=5896"}],"curies":[{"name":"wp","href":"https:\/\/api.w.org\/{rel}","templated":true}]}}