{"id":5834,"date":"2017-07-27T10:14:16","date_gmt":"2017-07-27T07:14:16","guid":{"rendered":"https:\/\/www.lieksanurheilijat.com\/?page_id=5834"},"modified":"2017-07-27T10:14:16","modified_gmt":"2017-07-27T07:14:16","slug":"tahtikisa-44","status":"publish","type":"page","link":"https:\/\/www.lieksanurheilijat.com\/?page_id=5834","title":{"rendered":"T\u00e4htikisa 4\/4"},"content":{"rendered":"<p>26.7.2017<br \/>\nLieksa<\/p>\n<p>P12 60m aj. tuuli: +0,5<br \/>\n1 Eero Mauro Lieksan Urheilijat 10,92<\/p>\n<p>P12 keih\u00e4s<br \/>\n1 Eero Mauro Lieksan Urheilijat 33,07<\/p>\n<p>P12 korkeus<br \/>\n1 Eero Mauro Lieksan Urheilijat 135<\/p>\n<p>P11 60m aj. tuuli: +0,9<br \/>\n1 Eeli Mustonen Joensuun Kataja 11,84<\/p>\n<p>P11 keih\u00e4s<br \/>\n1 Eeli Mustonen Joensuun Kataja 25,59<\/p>\n<p>P11 korkeus<br \/>\n1 Eeli Mustonen Joensuun Kataja 125<\/p>\n<p>P10 60m aj. tuuli: +0,9<br \/>\n1 Topias Mustonen Joensuun Kataja 12,93<\/p>\n<p>P10 keih\u00e4s<br \/>\n1 Topias Mustonen Joensuun Kataja 25,68<br \/>\n2 Martti Saraniemi Lieksan Urheilijat 9,54<\/p>\n<p>P10 korkeus<br \/>\n1 Topias Mustonen Joensuun Kataja 110<br \/>\n2 Martti Saraniemi Lieksan Urheilijat 90<\/p>\n<p>P09 40m<br \/>\n1 Niko Pulkkinen Lieksan Urheilijat 8,34<br \/>\n2 Leevi Hietikko-Kaukola Lieksan Urheilijat 8,40<\/p>\n<p>P09 keih\u00e4s<br \/>\n1 Leevi Hietikko-Kaukola Lieksan Urheilijat 11,88<br \/>\n2 Niko Pulkkinen Lieksan Urheilijat 10,81<\/p>\n<p>P09 korkeus<br \/>\n1 Leevi Hietikko-Kaukola Lieksan Urheilijat 90<br \/>\n2 Niko Pulkkinen Lieksan Urheilijat 85<\/p>\n<p>P08 40m<br \/>\n1 Eppu Ahvenainen Lieksan Urheilijat 7,91<br \/>\n2 Jimi Ahvenainen Lieksan Urheilijat 8,09<br \/>\n3 Olli-Pekka Kaasila Lieksan Urheilijat 8,44<\/p>\n<p>P08 keih\u00e4s<br \/>\n1 Eppu Ahvenainen Lieksan Urheilijat 11,39<br \/>\n2 Jimi Ahvenainen Lieksan Urheilijat 8,27<br \/>\n3 Olli-Pekka Kaasila Lieksan Urheilijat 8,07<\/p>\n<p>P08 korkeus<br \/>\n1 Eppu Ahvenainen Lieksan Urheilijat 90<br \/>\n2 Olli-Pekka Kaasila Lieksan Urheilijat 85<br \/>\n3 Jimi Ahvenainen Lieksan Urheilijat 70<\/p>\n<p>P05 40m<br \/>\n1 Eetu Hiltunen Lieksan Urheilijat 11,98<\/p>\n<p>P05 korkeus<br \/>\nEetu Hiltunen Lieksan Urheilijat NH<\/p>\n<p>P05 pallo<br \/>\n1 Elmo Kiiskinen Lahden Ahkera 17,66<br \/>\n2 Eetu Hiltunen Lieksan Urheilijat 8,73<\/p>\n<p>N17 keih\u00e4s<br \/>\n1 Milla Martikainen Lieksan Urheilijat NM<\/p>\n<p>T15 kiekko<br \/>\n1 Milla Martikainen Lieksan Urheilijat 29,33<br \/>\n2 Lotta Martikainen Lieksan Urheilijat 29,05<br \/>\n3 Hanna Toivanen Juuan Urheilijat 26,09<\/p>\n<p>T15 keih\u00e4s<br \/>\n1 Milla Martikainen Lieksan Urheilijat 43,05<br \/>\n2 Hanna Toivanen Juuan Urheilijat 35,54<br \/>\n3 Satu Liimatta Lieksan Urheilijat 29,60<\/p>\n<p>T15 korkeus<br \/>\n1 Satu Liimatta Lieksan Urheilijat 140<\/p>\n<p>T14 keih\u00e4s<br \/>\n1 Heta Kettunen Lieksan Urheilijat 31,95<\/p>\n<p>T14 korkeus<br \/>\n1 Heta Kettunen Lieksan Urheilijat 145<\/p>\n<p>T13 keih\u00e4s<br \/>\n1 Sanni Toivanen Juuan Urheilijat 29,13<br \/>\n2 Sofia Raatikainen Pyh\u00e4sel\u00e4n Urheilijat 24,87<\/p>\n<p>T13 60m aj. tuuli: +0,5<br \/>\n1 Sofia Raatikainen Pyh\u00e4sel\u00e4n Urheilijat 10,12<\/p>\n<p>T13 kiekko<br \/>\n1 Sanni Toivanen Juuan Urheilijat 21,25<\/p>\n<p>T13 korkeus<br \/>\n1 Sofia Raatikainen Pyh\u00e4sel\u00e4n Urheilijat 147<\/p>\n<p>T12 60m aj. tuuli: +0,5<br \/>\n1 Sara-Sofia Hyv\u00f6nen Pyh\u00e4sel\u00e4n Urheilijat 10,86<br \/>\n2 Aino Pyykk\u00f6 Lieksan Urheilijat 15,86<\/p>\n<p>T12 keih\u00e4s<br \/>\n1 Aino Pyykk\u00f6 Lieksan Urheilijat 16,92<br \/>\n2 Silja Viertola Lieksan Urheilijat 14,75<\/p>\n<p>T12 Korkeus<br \/>\n1 Sara-Sofia Hyv\u00f6nen Pyh\u00e4sel\u00e4n Urheilijat 130<br \/>\n2 Aino Pyykk\u00f6 Lieksan Urheilijat 105<\/p>\n<p>T11 keih\u00e4s<br \/>\n1 Netta Martikainen Lieksan Urheilijat 13,07<\/p>\n<p>T09 40m<br \/>\n1 Vilmina M\u00e4kkeli Kuopion Reipas 8,00<br \/>\n2 Essi Partanen Lieksan Urheilijat 8,14<br \/>\n3 Liinu Roivainen Kiuruveden Urheilijat 8,87<\/p>\n<p>T09 60m aj. tuuli: +1,6<br \/>\n1 Netta Oinonen Lieksan Urheilijat 15,34<\/p>\n<p>T09 keih\u00e4s<br \/>\n1 Essi Partanen Lieksan Urheilijat 11,24<br \/>\n2 Titta Martikainen Lieksan Urheilijat 7,45<br \/>\n3 Vilmina M\u00e4kkeli Kuopion Reipas 6,82<br \/>\n4 Netta Oinonen Lieksan Urheilijat 6,39<\/p>\n<p>T09 korkeus<br \/>\n1 Vilmiina M\u00e4kkeli Kuopion Reipas 90<br \/>\n2 Essi Partanen Lieksan Urheilijat 90<br \/>\n3 Liinu Roivainen Kiuruveden Urheilijat 80<br \/>\n4 Titta Martikainen Lieksan Urheilijat 80<\/p>\n<p>T08 40m<br \/>\n1 Maiju Saraniemi Lieksan Urheilijat 7,82<br \/>\n2 Vilma Hiltunen Lieksan Urheilijat 8,50<br \/>\n3 Noora Oinonen Lieksan Urheilijat 8,62<br \/>\n4 Ada Lampinen Lieksan Urheilijat 10,38<\/p>\n<p>T08 korkeus<br \/>\n1 Maiju Saraniemi Lieksan Urheilijat 80<br \/>\n2 Vilma Hiltunen Lieksan Urheilijat 80<br \/>\nAda Lampinen NH<\/p>\n<p>T08 keih\u00e4s<br \/>\n1 Maiju Saraniemi Lieksan Urheilijat 9,34<\/p>\n<p>T08 pallo<br \/>\n1 Maiju Saraniemi Lieksan Urheilijat 17,44<br \/>\n2 Noora Oinonen Lieksan Urheilijat 12,55<br \/>\n3 Vilma Hiltunen Lieksan Urheilijat 8,80<br \/>\n4 Ada Lampinen Lieksan Urheilijat 4,73<\/p>\n<p>T07 40m<br \/>\n1 Enni Partanen Lieksan Urheilijat 9,01<\/p>\n<p>T07 pallo<br \/>\n1 Enni Partanen Lieksan Urheilijat 9,22<\/p>\n<p>T05 pallo<br \/>\n1 Lilja Roivainen Kiuruveden Urheilijat 4,28<\/p>\n","protected":false},"excerpt":{"rendered":"<p>26.7.2017 Lieksa P12 60m aj. tuuli: +0,5 1 Eero Mauro Lieksan Urheilijat 10,92 P12 keih\u00e4s 1 Eero Mauro Lieksan Urheilijat 33,07 P12 korkeus 1 Eero Mauro Lieksan Urheilijat 135 P11 60m aj. tuuli: +0,9 1 Eeli Mustonen Joensuun Kataja 11,84 P11 keih\u00e4s 1 Eeli Mustonen Joensuun Kataja 25,59 P11 korkeus &hellip;<\/p>\n","protected":false},"author":3,"featured_media":0,"parent":5141,"menu_order":14,"comment_status":"closed","ping_status":"closed","template":"","meta":{"footnotes":""},"categories":[7],"tags":[],"class_list":["post-5834","page","type-page","status-publish","hentry","category-tulokset"],"_links":{"self":[{"href":"https:\/\/www.lieksanurheilijat.com\/index.php?rest_route=\/wp\/v2\/pages\/5834","targetHints":{"allow":["GET"]}}],"collection":[{"href":"https:\/\/www.lieksanurheilijat.com\/index.php?rest_route=\/wp\/v2\/pages"}],"about":[{"href":"https:\/\/www.lieksanurheilijat.com\/index.php?rest_route=\/wp\/v2\/types\/page"}],"author":[{"embeddable":true,"href":"https:\/\/www.lieksanurheilijat.com\/index.php?rest_route=\/wp\/v2\/users\/3"}],"replies":[{"embeddable":true,"href":"https:\/\/www.lieksanurheilijat.com\/index.php?rest_route=%2Fwp%2Fv2%2Fcomments&post=5834"}],"version-history":[{"count":1,"href":"https:\/\/www.lieksanurheilijat.com\/index.php?rest_route=\/wp\/v2\/pages\/5834\/revisions"}],"predecessor-version":[{"id":5835,"href":"https:\/\/www.lieksanurheilijat.com\/index.php?rest_route=\/wp\/v2\/pages\/5834\/revisions\/5835"}],"up":[{"embeddable":true,"href":"https:\/\/www.lieksanurheilijat.com\/index.php?rest_route=\/wp\/v2\/pages\/5141"}],"wp:attachment":[{"href":"https:\/\/www.lieksanurheilijat.com\/index.php?rest_route=%2Fwp%2Fv2%2Fmedia&parent=5834"}],"wp:term":[{"taxonomy":"category","embeddable":true,"href":"https:\/\/www.lieksanurheilijat.com\/index.php?rest_route=%2Fwp%2Fv2%2Fcategories&post=5834"},{"taxonomy":"post_tag","embeddable":true,"href":"https:\/\/www.lieksanurheilijat.com\/index.php?rest_route=%2Fwp%2Fv2%2Ftags&post=5834"}],"curies":[{"name":"wp","href":"https:\/\/api.w.org\/{rel}","templated":true}]}}