{"id":5797,"date":"2017-07-15T16:39:27","date_gmt":"2017-07-15T13:39:27","guid":{"rendered":"https:\/\/www.lieksanurheilijat.com\/?page_id=5797"},"modified":"2017-07-15T16:39:27","modified_gmt":"2017-07-15T13:39:27","slug":"hannes-junior-games","status":"publish","type":"page","link":"https:\/\/www.lieksanurheilijat.com\/?page_id=5797","title":{"rendered":"Hannes Junior Games"},"content":{"rendered":"<p>14.-15.7.2017<br \/>\nKuopio<\/p>\n<p>N 400 m<\/p>\n<p>1. Katri Mustola 1992 KalajJu 54,74<br \/>\n2. Jessica Rautelin 1997 EsboIF 57,78<br \/>\n3. <strong>Silja Kempas 1999 LieksU 59,45<\/strong><br \/>\n4. Miida-Tuulia Kukila 1999 JuankKuo 1.03,90<br \/>\n5. Iida Kosunen 2001 LapinlVe 1.06,25<\/p>\n<p>N19 100 m<br \/>\nTuuli: +0,8<\/p>\n<p>1. <strong>Silja Kempas 1999 LieksU 12,57<\/strong><br \/>\n2. Laura Ollikainen 1998 VarkKV 12,61<br \/>\n3. Juulia Julkunen 1998 KuopRei 12,92<br \/>\n4. Essi V\u00e4\u00e4n\u00e4nen 1998 KuopRei 13,01<br \/>\n5. Isla Hahl 1998 KuopRei 13,41<br \/>\n6. Niina Asikainen 1999 JuankKuo 13,96<br \/>\n7. Heta Rundelin 1999 VarkKV 14,06<\/p>\n<p>N17 Pituus<\/p>\n<p>1. <strong>Riina Kettunen 2001 LieksU 501 +1,9<\/strong><br \/>\nX 501 494 482 495 X<br \/>\n+1,9 +1,2 +1,0 +2,3<br \/>\n2. Venla Rutanen 2001 KuivAu 493 +0,1<br \/>\nX X X 493 X 493<br \/>\n+1,5 +0,1<br \/>\n3. Reeta-Mari M\u00e4ntyselk\u00e4 2001 KuopRei 478 +0,6<br \/>\n478 X 467 409 X 470<br \/>\n+0,6 +0,8 +0,8 +1,9<br \/>\n4. Pihla Johansson 2001 JoutsPo 452 +0,9<br \/>\n431 446 452 435 441 429<br \/>\n+0,4 +0,3 +0,9 +1,4 +1,1 +0,6<br \/>\n5. Sini Asikainen 2000 JuankKuo 441 +1,8<br \/>\n413 X 413 441 X 400<br \/>\n+0,8 +2,4 +1,8 +1,0<br \/>\n6. Henni-Riikka Korpij\u00e4rvi 2000 MikkKV 437 +1,0<br \/>\n423 437 419 408 X X<br \/>\n+1,6 +1,0 +0,6 +0,9<br \/>\n7. Kaisla Kurkela 2000 IisVi 394 +2,2<br \/>\nX 378 X 394 X X<br \/>\n+2,2 +2,2<\/p>\n<p>T15 300 m<\/p>\n<p>1. Olivia Bojang 40,90<br \/>\n2. Nelli Mustola 2002 KalajJu 43,24<br \/>\n3. Nea Immonen 2003 JoensKa 43,91<br \/>\n4. Milla Pirkkalainen 2002 SavonlRie 43,98<br \/>\n5. Riika Tirkkonen 2004 KuopRei 45,09<br \/>\n6. Anita Johnson 2003 HIFK 45,20<br \/>\n7. Milla Maaninen 2003 RaahVe 46,71<br \/>\n8. <strong>Satu Liimatta 2002 LieksU 46,75<\/strong><br \/>\n9. Monika Pekurinen 2003 KajKi 47,06<br \/>\n10. Elli-Noora Puustinen 2002 KannU 47,26<br \/>\n11. Kukka-Maaria Kyll\u00f6nen 2004 KajKi 47,39<br \/>\n12. Peppi Penttinen 2003 JoensKa 48,40<br \/>\nJenna-Julia Kettunen 2003 KuopRei DNS<\/p>\n<p>Er\u00e4 1<\/p>\n<p>1. Milla Pirkkalainen 2002 SavonlRie 43,98<br \/>\n2. Anita Johnson 2003 HIFK 45,20<br \/>\n3. <strong>Satu Liimatta 2002 LieksU 46,75<\/strong><br \/>\n4. Monika Pekurinen 2003 KajKi 47,06<br \/>\n5. Kukka-Maaria Kyll\u00f6nen 2004 KajKi 47,39<br \/>\n6. Peppi Penttinen 2003 JoensKa 48,40<\/p>\n<p>T15 Korkeus<\/p>\n<p>1. <strong>Satu Liimatta 2002 LieksU 135<\/strong><br \/>\n125 130 135 140<br \/>\nO O O XXX<br \/>\n2. Milla Korhonen 2003 VarpVi 135<br \/>\n130 135 140<br \/>\nXO O XXX<br \/>\n3. Julia V\u00e4is\u00e4nen 2003 KajKi 135<br \/>\n125 130 135<br \/>\nO O XXO<\/p>\n<p>T15 Seiv\u00e4s<\/p>\n<p>1. <strong>Heta Kettunen 2003 LieksU 270<\/strong><br \/>\n240 250 260 270 280<br \/>\nXXO O O O XXX<br \/>\n2. <strong>Aino Pyykk\u00f6 2005 LieksU 220<\/strong><br \/>\n180 190 200 210 220 230<br \/>\nXO O O O O XXX<br \/>\n3. Tiitu Niiranen 2004 VesU 210<br \/>\n180 190 200 210 220<br \/>\nO XXO O O XXX<br \/>\n4. Tuisku Vaattovaara 2005 VesU 210<br \/>\n180 190 200 210 220<br \/>\nO O XO XXO XXX<\/p>\n<p>T15 Kuula<\/p>\n<p>1. Milla Pirkkalainen 2002 SavonlRie 10,79<br \/>\n10,21 9,90 10,30 10,79 10,36 10,18<br \/>\n2. Tuuli Kinnunen 2002 JoensKa 10,29<br \/>\nX X X 9,42 X 10,29<br \/>\n3. Emilia Voutilainen 2003 HKV 10,06<br \/>\n9,17 8,63 8,87 8,39 10,06 9,36<br \/>\n4. <strong>Satu Liimatta 2002 LieksU 9,18<\/strong><br \/>\n8,48 9,05 9,15 8,80 8,24 9,18<br \/>\n5. Viivi P\u00e4\u00e4kk\u00f6nen 2003 KuopRei 6,74<br \/>\n6,05 6,74 6,27 6,38 6,71 X<\/p>\n","protected":false},"excerpt":{"rendered":"<p>14.-15.7.2017 Kuopio N 400 m 1. Katri Mustola 1992 KalajJu 54,74 2. Jessica Rautelin 1997 EsboIF 57,78 3. Silja Kempas 1999 LieksU 59,45 4. Miida-Tuulia Kukila 1999 JuankKuo 1.03,90 5. Iida Kosunen 2001 LapinlVe 1.06,25 N19 100 m Tuuli: +0,8 1. Silja Kempas 1999 LieksU 12,57 2. Laura Ollikainen 1998 &hellip;<\/p>\n","protected":false},"author":3,"featured_media":0,"parent":5141,"menu_order":17,"comment_status":"closed","ping_status":"closed","template":"","meta":{"footnotes":""},"categories":[7],"tags":[],"class_list":["post-5797","page","type-page","status-publish","hentry","category-tulokset"],"_links":{"self":[{"href":"https:\/\/www.lieksanurheilijat.com\/index.php?rest_route=\/wp\/v2\/pages\/5797","targetHints":{"allow":["GET"]}}],"collection":[{"href":"https:\/\/www.lieksanurheilijat.com\/index.php?rest_route=\/wp\/v2\/pages"}],"about":[{"href":"https:\/\/www.lieksanurheilijat.com\/index.php?rest_route=\/wp\/v2\/types\/page"}],"author":[{"embeddable":true,"href":"https:\/\/www.lieksanurheilijat.com\/index.php?rest_route=\/wp\/v2\/users\/3"}],"replies":[{"embeddable":true,"href":"https:\/\/www.lieksanurheilijat.com\/index.php?rest_route=%2Fwp%2Fv2%2Fcomments&post=5797"}],"version-history":[{"count":1,"href":"https:\/\/www.lieksanurheilijat.com\/index.php?rest_route=\/wp\/v2\/pages\/5797\/revisions"}],"predecessor-version":[{"id":5798,"href":"https:\/\/www.lieksanurheilijat.com\/index.php?rest_route=\/wp\/v2\/pages\/5797\/revisions\/5798"}],"up":[{"embeddable":true,"href":"https:\/\/www.lieksanurheilijat.com\/index.php?rest_route=\/wp\/v2\/pages\/5141"}],"wp:attachment":[{"href":"https:\/\/www.lieksanurheilijat.com\/index.php?rest_route=%2Fwp%2Fv2%2Fmedia&parent=5797"}],"wp:term":[{"taxonomy":"category","embeddable":true,"href":"https:\/\/www.lieksanurheilijat.com\/index.php?rest_route=%2Fwp%2Fv2%2Fcategories&post=5797"},{"taxonomy":"post_tag","embeddable":true,"href":"https:\/\/www.lieksanurheilijat.com\/index.php?rest_route=%2Fwp%2Fv2%2Ftags&post=5797"}],"curies":[{"name":"wp","href":"https:\/\/api.w.org\/{rel}","templated":true}]}}