{"id":5724,"date":"2017-07-09T22:29:54","date_gmt":"2017-07-09T19:29:54","guid":{"rendered":"https:\/\/www.lieksanurheilijat.com\/?page_id=5724"},"modified":"2017-07-12T07:33:02","modified_gmt":"2017-07-12T04:33:02","slug":"aikuisurheilijoiden-sm-kisat","status":"publish","type":"page","link":"https:\/\/www.lieksanurheilijat.com\/?page_id=5724","title":{"rendered":"Aikuisurheilijoiden SM-kisat"},"content":{"rendered":"<p>7.-9.7.<br \/>\nLohja<\/p>\n<p>M60 100 m Loppukilpailu<\/p>\n<p>Tuuli: 0,0<\/p>\n<p>1. Harri Huotari 1955 HKV 12,56<br \/>\n2. Raimo Koskela 1955 VSVU 12,99<br \/>\n3. Timo Rajam\u00e4ki 1957 IkU 13,22<br \/>\n4. Kalevi H\u00e4kkinen 1955 JKU 13,55 PB<br \/>\n5. Hannu Timonen-Nissi 1956 OuIki 13,67<br \/>\n6. Kari Ristim\u00e4ki 1955 KV 14,22 PB<br \/>\n7. Markku Rautasalo 1954 KangKa 14,89<br \/>\n8. <strong>Esko M\u00e4lk\u00f6nen 1955 LiekU 28,94<\/strong><\/p>\n<p>M60 100 m Alkuer\u00e4t<\/p>\n<p>1. Harri Huotari 1955 HKV 12,66Q<br \/>\n2. Raimo Koskela 1955 VSVU 13,21Q<br \/>\n3. Kalevi H\u00e4kkinen 1955 JKU 13,60Q<br \/>\n4. Timo Rajam\u00e4ki 1957 IkU 13,87Q<br \/>\n5. Hannu Timonen-Nissi 1956 OuIki 13,98q<br \/>\n6. <strong>Esko M\u00e4lk\u00f6nen 1955 LiekU 14,07q<\/strong><br \/>\n7. Kari Ristim\u00e4ki 1955 KV 14,34q<br \/>\n8. Markku Rautasalo 1954 KangKa 14,45q<br \/>\n9. Pauli Rantala 1955 HPV 14,53<br \/>\n10. Juha Meril\u00e4inen 1957 KP 14,94<br \/>\n11. Kimmo Eerola 1956 KP 15,02<\/p>\n<p>Er\u00e4 1 Tuuli: -0,3<\/p>\n<p>1. Harri Huotari 1955 HKV 12,66Q<br \/>\n2. Kalevi H\u00e4kkinen 1955 JKU 13,60Q PB<br \/>\n3. <strong>Esko M\u00e4lk\u00f6nen 1955 LiekU 14,07q PB<\/strong><br \/>\n4. Markku Rautasalo 1954 KangKa 14,45q<br \/>\n5. Juha Meril\u00e4inen 1957 KP 14,94<\/p>\n<p>M65 Keih\u00e4s<\/p>\n<p>1. Teuvo Kemppainen 1951 KajKi 49,14<br \/>\n48,18 X 49,14 45,21 47,82 46,88<br \/>\n2. Hannu Kortesluoma 1951 KP 44,22<br \/>\nX 40,19 X 44,22 42,07 X<br \/>\n3. Risto Aho 1952 VSVU 41,24<br \/>\n37,54 40,60 39,27 33,80 34,96 41,24<br \/>\n4. Hannu Kemppinen 1952 VSVU 40,69<br \/>\nX 38,28 X 39,93 38,96 40,69<br \/>\n5. Tauno Malmelin 1950 ViUV 39,18<br \/>\n36,09 37,19 38,87 38,60 39,18 X<br \/>\n6. Esa Lepp\u00e4nen 1952 PUV 38,40<br \/>\n35,14 X 36,17 37,46 X 38,40<br \/>\n7. Jukka Pyy 1950 SpoVe 33,41<br \/>\n30,92 31,39 32,69 33,41 32,33 32,28<br \/>\n8. <strong>Juhani Kortelainen 1950 LiekU 33,27<\/strong><br \/>\n31,45 32,84 29,73 X 33,27 31,21<br \/>\n9. Jouko Lehtinen 1950 TSU 31,38<br \/>\n31,09 29,22 31,38<br \/>\n10. Jori Tarkkio 1951 ViUV 31,12<br \/>\n28,68 30,77 31,12<br \/>\n11. Mauri Moilanen 1949 VSVU 26,39<br \/>\n26,06 X 26,39<\/p>\n<p>N40 Kuula<\/p>\n<p>1. Minna Henttonen 1975 M\u00e4ntsU 12,34<br \/>\n11,91 11,62 11,60 11,56 11,95 12,34<br \/>\n2. Johanna Leivonen 1977 JKU 11,32<br \/>\n10,91 10,70 11,20 11,24 X 11,32<br \/>\n3. Kirsi Koro 1976 VirtU 10,37<br \/>\n9,72 10,37 10,09 X X X<br \/>\n4. Maarit Lindberg 1977 RiiKi 10,02<br \/>\n10,02 9,38 9,88 9,49 9,62 9,43<br \/>\n5. <strong>Marika Hyv\u00e4rinen 1977 LiekU 9,17<\/strong><br \/>\n8,71 9,00 9,17 9,05 8,91 9,00<br \/>\n6. Anne Eskelinen 1977 VarpVi 9,13<br \/>\n8,10 8,60 8,79 8,26 X 9,13<br \/>\n7. Johanna Kinnunen 1977 AavU 8,61<br \/>\n8,38 8,18 &#8211; 8,53 8,61 7,90<br \/>\n8. Hanna Tarkiainen 1977 HynSU 8,06<br \/>\n8,06 7,30 7,69 7,37 7,57 7,50<br \/>\n9. Anja Lammi 1977 HKV 7,63<br \/>\n7,32 7,63 7,29<br \/>\n10. Marju Kiri 1974 LUU 7,29<br \/>\n7,20 7,29 7,24<br \/>\n11. Anu Virtanen 1977 H\u00e4meenlTA 6,62<br \/>\nX 6,62 6,32<\/p>\n<p>N50 Moukari<\/p>\n<p>1. Kirsi Spoof-Tuomi 1967 JKU 46,58<br \/>\n44,17 44,15 44,04 46,58 &#8211; &#8211;<br \/>\n2. Kirsti Siekkinen 1966 JKU 37,88<br \/>\n34,54 35,67 35,43 35,47 37,88 35,70<br \/>\n3. Rea Kivikko 1965 ViUV 33,85<br \/>\nX 33,85 X X X X<br \/>\n4. Kirsi Heino 1966 KarkPo 30,61<br \/>\n29,00 29,64 29,36 30,61 X X<br \/>\n5. Lea Pirttil\u00e4 1965 KP 26,78<br \/>\n25,45 26,55 26,62 25,98 26,78 26,25<br \/>\n6. Marke Siekkinen 1966 PIHTU 25,21<br \/>\n25,21 X X 23,40 21,37 X<br \/>\n7. <strong>Mervi Tolonen 1963 LiekU 23,33<\/strong><br \/>\n21,62 22,30 21,74 20,36 23,33 20,73<br \/>\n8. Mari Kyr\u00f6nlahti 1967 JKU 22,77<br \/>\n21,95 20,82 21,81 21,23 22,77 20,97<\/p>\n<p>N50 Keih\u00e4s<\/p>\n<p>1. Marjo Sj\u00f6gren 1967 HauVe 29,19<br \/>\n26,99 26,19 X 28,43 X 29,19<br \/>\n2. Mari Kyr\u00f6nlahti 1967 JKU 27,89<br \/>\n26,93 25,69 27,23 27,89 24,02 25,69<br \/>\n3. <strong>Mervi Tolonen 1963 LiekU 21,29<\/strong><br \/>\n21,29 &#8211; &#8211; &#8211; &#8211; &#8211;<\/p>\n<p>N50 Painonheitto<\/p>\n<p>1. Kirsi Spoof-Tuomi 1967 JKU 15,16<br \/>\n14,53 15,16 14,00 14,67 14,73 X<br \/>\n2. Kirsti Siekkinen 1966 JKU 12,62<br \/>\n11,81 11,15 X 12,33 12,62 12,32<br \/>\n3. Rea Kivikko 1965 ViUV 10,45<br \/>\n9,65 10,45 X 10,14 X X<br \/>\n4. Kirsi Heino 1966 KarkPo 10,03<br \/>\n9,76 X X 10,03 X X<br \/>\n5. Marke Siekkinen 1966 PIHTU 9,41<br \/>\n9,11 8,79 9,29 9,41 X 8,88<br \/>\n6. <strong>Mervi Tolonen 1963 LiekU 7,16<\/strong><br \/>\n5,18 5,37 6,56 6,53 7,16 7,12<\/p>\n","protected":false},"excerpt":{"rendered":"<p>7.-9.7. Lohja M60 100 m Loppukilpailu Tuuli: 0,0 1. Harri Huotari 1955 HKV 12,56 2. Raimo Koskela 1955 VSVU 12,99 3. Timo Rajam\u00e4ki 1957 IkU 13,22 4. Kalevi H\u00e4kkinen 1955 JKU 13,55 PB 5. Hannu Timonen-Nissi 1956 OuIki 13,67 6. Kari Ristim\u00e4ki 1955 KV 14,22 PB 7. Markku Rautasalo 1954 &hellip;<\/p>\n","protected":false},"author":3,"featured_media":0,"parent":5141,"menu_order":21,"comment_status":"closed","ping_status":"closed","template":"","meta":{"footnotes":""},"categories":[7],"tags":[],"class_list":["post-5724","page","type-page","status-publish","hentry","category-tulokset"],"_links":{"self":[{"href":"https:\/\/www.lieksanurheilijat.com\/index.php?rest_route=\/wp\/v2\/pages\/5724","targetHints":{"allow":["GET"]}}],"collection":[{"href":"https:\/\/www.lieksanurheilijat.com\/index.php?rest_route=\/wp\/v2\/pages"}],"about":[{"href":"https:\/\/www.lieksanurheilijat.com\/index.php?rest_route=\/wp\/v2\/types\/page"}],"author":[{"embeddable":true,"href":"https:\/\/www.lieksanurheilijat.com\/index.php?rest_route=\/wp\/v2\/users\/3"}],"replies":[{"embeddable":true,"href":"https:\/\/www.lieksanurheilijat.com\/index.php?rest_route=%2Fwp%2Fv2%2Fcomments&post=5724"}],"version-history":[{"count":2,"href":"https:\/\/www.lieksanurheilijat.com\/index.php?rest_route=\/wp\/v2\/pages\/5724\/revisions"}],"predecessor-version":[{"id":5726,"href":"https:\/\/www.lieksanurheilijat.com\/index.php?rest_route=\/wp\/v2\/pages\/5724\/revisions\/5726"}],"up":[{"embeddable":true,"href":"https:\/\/www.lieksanurheilijat.com\/index.php?rest_route=\/wp\/v2\/pages\/5141"}],"wp:attachment":[{"href":"https:\/\/www.lieksanurheilijat.com\/index.php?rest_route=%2Fwp%2Fv2%2Fmedia&parent=5724"}],"wp:term":[{"taxonomy":"category","embeddable":true,"href":"https:\/\/www.lieksanurheilijat.com\/index.php?rest_route=%2Fwp%2Fv2%2Fcategories&post=5724"},{"taxonomy":"post_tag","embeddable":true,"href":"https:\/\/www.lieksanurheilijat.com\/index.php?rest_route=%2Fwp%2Fv2%2Ftags&post=5724"}],"curies":[{"name":"wp","href":"https:\/\/api.w.org\/{rel}","templated":true}]}}