{"id":5439,"date":"2017-05-28T05:43:01","date_gmt":"2017-05-28T02:43:01","guid":{"rendered":"https:\/\/www.lieksanurheilijat.com\/?page_id=5439"},"modified":"2017-05-29T05:43:13","modified_gmt":"2017-05-29T02:43:13","slug":"pko-games","status":"publish","type":"page","link":"https:\/\/www.lieksanurheilijat.com\/?page_id=5439","title":{"rendered":"PKO Games"},"content":{"rendered":"<p>27.-28.5.2017<br \/>\nJoensuu<\/p>\n<p><span style=\"text-decoration: underline;\"><strong>Lauantai 27.5.2017<\/strong><\/span><\/p>\n<p>N 100m<br \/>\nLoppukilpailu, Tuuli: +2,0<br \/>\n1) Hertta Heikkinen JoensKa 12,31<br \/>\n2) <strong>Silja Kempas LieksU 12,81<\/strong><br \/>\n3) Hanna Siiskonen JoensKa 12,90<br \/>\n4) Juulia Julkunen KuopRei 13,10<br \/>\n5) Milla Pirkkalainen SavonlRie 13,24<br \/>\n6) Aida-Linnea Kukila JuankKuo 13,27<br \/>\n7) Johanna Nousiainen SavonlJy 15,09<br \/>\nLaura Ollikainen VarkKV DNS<\/p>\n<p>N 400m<br \/>\nLoppukilpailu<br \/>\n1) Aida-Linnea Kukila JuankKuo 58,15<br \/>\n2) <strong>Silja Kempas LieksU 59,36<\/strong><br \/>\n3) Veera Mensonen MaanMa 59,59<br \/>\n4) Annina Walling SavonlRie 59,88<br \/>\n5) Erika Utriainen VeitsilKV 1.01,28<br \/>\n6) Elli Hiltunen VarkKV 1.03,63<\/p>\n<p>N Kiekko<br \/>\nLoppukilpailu<br \/>\n1) Tuula Penttinen PuumVi 44,81<br \/>\nx 44,80 44,33 x 43,21 44,81<\/p>\n<p>2) <strong>Jutta Martikainen LieksU 30,45<\/strong><br \/>\n28,10 27,98 26,44 30,08 27,00 30,45<\/p>\n<p>T9 Kuula<br \/>\nLoppukilpailu<br \/>\n1) Jasmin Huuho Pyh\u00e4sU 5,48<br \/>\n5,48 5,48 5,28 5,26<\/p>\n<p>2) Melissa Vanhanen KuopRei 5,29<br \/>\n4,95 5,29 4,75 4,00<\/p>\n<p>3) <strong>Titta Martikainen LieksU 5,20<\/strong><br \/>\n4,57 4,47 5,20 4,82<\/p>\n<p>4) Martta Muuttoranta LipTai 4,30<br \/>\n3,76 x 3,45 4,30<\/p>\n<p>5) Krista Martikainen Pyh\u00e4sU 4,04<br \/>\n4,04 3,47 4,03 3,82<\/p>\n<p>6) Suvi Niskanen KiihtU 3,55<br \/>\nx 2,70 2,92 3,55<\/p>\n<p>7) Miina Vatanen JoensKa 3,47<br \/>\n3,47 2,74 2,30 3,20<\/p>\n<p>T11 Kuula<br \/>\nLoppukilpailu<br \/>\n1) Ella Peltola AnjLi 6,83<br \/>\n6,55 6,53 6,83 6,73<\/p>\n<p>2) Aada Rautiainen KiihtU 6,21<br \/>\n6,07 6,05 6,21 5,82<\/p>\n<p>3) Olivia Panhelainen JoensKa 5,98<br \/>\n5,33 5,36 5,58 5,98<\/p>\n<p>4) Noora Tiilikainen Pyh\u00e4sU 5,92<br \/>\n5,67 5,72 5,88 5,92<\/p>\n<p>5) Venla H\u00e4rm\u00e4 Pyh\u00e4sU 5,85<br \/>\n5,07 5,73 4,88 5,85<\/p>\n<p>6) <strong>Netta Martikainen LieksU 5,59<\/strong><br \/>\n5,13 5,56 5,27 5,59<\/p>\n<p>7) Vilma Vatanen JoensKa 5,48<br \/>\n4,91 5,31 5,48 5,38<\/p>\n<p>8) Iiris Voutilainen JoensKa 5,47<br \/>\n5,21 5,47 4,88 5,16<\/p>\n<p>9) Salla Niskanen KiihtU 5,07<br \/>\n4,17 4,59 4,62 5,07<\/p>\n<p>10) Elina Ruusuvuori LipTai 4,81<br \/>\n4,41 x 3,84 4,81<\/p>\n<p>11) Nella Voutilainen JoensKa 4,61<br \/>\n4,51 4,32 4,46 4,61<\/p>\n<p>T13 1000m<br \/>\nLoppukilpailu<br \/>\n1) Riika Tirkkonen KuopRei 3.21,40<br \/>\n2) Pinja Laasanen SiilPo 3.25,52<br \/>\n3) <strong>Maija Bor\u00e9n LieksU 3.29,32<\/strong><br \/>\n4) Siiri Luostarinen JoensKa 3.31,61<br \/>\n5) Helmi Laine SavonlRie 3.38,96<br \/>\n6) Sanni Toivanen JuuanU 3.54,04<br \/>\n7) Alina Tikka JoensKa 3.54,31<br \/>\n8) Aino Eronen JuuanU 4.10,26<br \/>\n9) Ida-Josefina Ilvonen JuuanU 4.14,15<br \/>\nLinnea Pikkarainen Pyh\u00e4sU DNS<br \/>\nRiikka Jokinen Pyh\u00e4sU DNS<\/p>\n<p>P13 Seiv\u00e4s<br \/>\nLoppukilpailu<br \/>\n1) <strong>Eero Mauro LieksU 260<\/strong><br \/>\n220 240 250 260 270<br \/>\no o o o xxx<\/p>\n<p>Miro Tanninen JoensKa 270<br \/>\n220 230 240 250 260 270 280<br \/>\no o xo xo o xo xxx<\/p>\n<p>T13 Seiv\u00e4s<br \/>\nLoppukilpailu<br \/>\n1) <strong>Maija Bor\u00e9n LieksU 230<\/strong><br \/>\n170 180 200 210 220 230 240<br \/>\no o o o o xo xxx<\/p>\n<p>2) <strong>Aino Pyykk\u00f6 LieksU 220<\/strong><br \/>\n170 180 190 200 210 220 230<br \/>\no o o xo o xxo xxx<\/p>\n<p><strong>Heta Kettunen LieksU 270<\/strong><br \/>\n220 230 240 250 260 270 280<br \/>\no &#8211; o o xo o xxx<\/p>\n<p>P13 Pituus<br \/>\nLoppukilpailu<br \/>\n1) Aatu Holopainen JoensKa 4,59 +2,9 4,50 +1,8<br \/>\n4,35 4,59 4,57 4,50<br \/>\n+0,6 +2,9 +2,8 +1,8<\/p>\n<p>2) <strong>Eero Mauro LieksU 4,22 +1,3<\/strong><br \/>\nx 4,22 x 4,07<br \/>\n+1,3 +2,0<\/p>\n<p>3) Niilo K\u00e4yhk\u00f6 JoensKa 3,78 +1,8<br \/>\n3,76 DNS 3,35 3,78<br \/>\n+0,0 +1,8 +1,8<\/p>\n<p>4) Pietari Sippola LipTai 3,49 +1,3<br \/>\nx x 3,35 3,49<br \/>\n+1,8 +1,3<\/p>\n<p>Roope Maaninka Pyh\u00e4sU DNS<\/p>\n<p>T13 Pituus<br \/>\nLoppukilpailu<br \/>\n1) Sofia Raatikainen Pyh\u00e4sU 4,68 +0,0<br \/>\n4,26 4,44 4,68 4,53<br \/>\n+0,9 -1,2 +0,0 +2,9<\/p>\n<p>2) Reetta Ryyn\u00e4nen Pyh\u00e4sU 4,47 +1,8<br \/>\n4,47 4,29 4,09 1,40<br \/>\n+1,8 +0,0 -0,7 +1,6<\/p>\n<p>3) Tiia S\u00e4de JoensKa 4,29 +1,2<br \/>\n4,26 4,16 4,29 3,98<br \/>\n+1,7 -1,1 +1,2 +0,0<\/p>\n<p>4) Riikka Jokinen Pyh\u00e4sU 4,21 +2,2 4,02 +0,1<br \/>\n4,21 4,02 3,96 3,75<br \/>\n+2,2 +0,1 +1,3 +0,8<\/p>\n<p>5) Pinja Laasanen SiilPo 4,16 +1,4<br \/>\n4,12 3,94 4,07 4,16<br \/>\n+0,9 -0,4 +1,3 +1,4<\/p>\n<p>6) Anni Huovinen Pyh\u00e4sU 4,16 -0,6<br \/>\n2,61 4,16 4,09 4,06<br \/>\n+2,4 -0,6 +0,6 +1,7<\/p>\n<p>7) Cindy Ahponen Pyh\u00e4sU 4,11 +1,4<br \/>\n3,76 3,85 4,11 3,77<br \/>\n+1,3 -1,5 +1,4 +0,9<\/p>\n<p>8) Helmi Laine SavonlRie 4,08 +1,9<br \/>\n3,96 3,72 4,08 3,10<br \/>\n+0,0 +0,0 +1,9 +0,0<\/p>\n<p>9) Sanni Toivanen JuuanU 3,93 +1,9<br \/>\n3,27 3,90 3,41 3,93<br \/>\n+0,0 +0,0 -0,2 +1,9<\/p>\n<p>10) <strong>Maija Bor\u00e9n LieksU 3,91 +1,2<\/strong><br \/>\n3,75 3,19 3,66 3,91<br \/>\n+0,0 -1,2 +0,0 +1,2<\/p>\n<p>11) Ida-Josefina Ilvonen JuuanU 3,84 +2,2 3,68 +0,3<br \/>\n3,84 3,54 3,68 3,58<br \/>\n+2,2 -1,6 +0,3 +0,0<\/p>\n<p>12) Siiri Luostarinen JoensKa 3,70 +1,3<br \/>\nx x 3,70 3,57<br \/>\n+1,3 +2,0<\/p>\n<p>13) Elina Valta Pyh\u00e4sU 3,29 +1,6<br \/>\n2,72 2,43 x 3,29<br \/>\n+0,9 +0,0 +1,6<\/p>\n<p>Linnea Pikkarainen Pyh\u00e4sU DNS<\/p>\n<p>T15 800m<br \/>\nLoppukilpailu<br \/>\n1) Veera Kontkanen JoensKa 2.28,50<br \/>\n2) Ella Kainulainen SavonlRie 2.30,19<br \/>\n3) <strong>Satu Liimatta LieksU 2.38,07<\/strong><br \/>\nVenla H\u00e4kkinen JoensKa DNS<\/p>\n<p>N17 100m<br \/>\nLoppukilpailu, Tuuli: +2,3<br \/>\n1) Jenna Riikonen JoensKa 13,12<br \/>\n2) <strong>Riina Kettunen LieksU 13,70<\/strong><\/p>\n<p><span style=\"text-decoration: underline;\"><strong>Sunnuntai 28.5.2017<\/strong><\/span><\/p>\n<p>P13 60m<br \/>\nLoppukilpailu, Tuuli: -2,9<br \/>\n1) Aatu Holopainen JoensKa 8,88<br \/>\n2) <strong>Eero Mauro LieksU 9,05<\/strong><br \/>\n3) V\u00e4in\u00f6 Kontkanen Pyh\u00e4sU 9,12<br \/>\n4) Mico R\u00e4ty Pyh\u00e4sU 9,92<br \/>\n5) Niilo K\u00e4yhk\u00f6 JoensKa 10,31<\/p>\n<p>P13 200m<br \/>\nLoppukilpailu, Tuuli: -1,6<br \/>\n1) Aatu Holopainen JoensKa 28,61<br \/>\n2) Lassi Valta Pyh\u00e4sU 29,48<br \/>\n3) <strong>Eero Mauro LieksU 31,43<\/strong><br \/>\n4) Niilo K\u00e4yhk\u00f6 JoensKa 36,46<br \/>\n5) Joona Turunen JoensKa 38,51<\/p>\n<p>T15 Pituus<br \/>\nLoppukilpailu<br \/>\n1) Aada Kokko JoensKa 4,89 +1,9<br \/>\n4,89 4,76 4,66 4,72 4,71 x<br \/>\n+1,9 +0,8 +0,8 +2,0 +4,6<\/p>\n<p>2) Milla Pirkkalainen SavonlRie 4,79 +1,8<br \/>\n4,79 4,36 4,47 4,54 x x<br \/>\n+1,8 +2,8 +0,5 +0,8<\/p>\n<p>3) Elina Nivaj\u00e4rvi JoensKa 4,58 +2,7 4,43 +0,0<br \/>\n4,30 4,43 4,38 4,58 4,46 x<br \/>\n+0,7 +0,0 +1,1 +2,7 +3,4<\/p>\n<p>4) Peppi Penttinen JoensKa 4,54 +4,1 4,50 +1,6<br \/>\n4,34 4,50 4,31 4,39 x 4,54<br \/>\n+1,2 +1,6 +0,9 +3,0 +4,1<\/p>\n<p>5) Oona Majoinen JoensKa 4,38 +0,9<br \/>\n4,29 x 4,38 x 1,43 x<br \/>\n+1,9 +0,9 +2,8<\/p>\n<p>6) <strong>Satu Liimatta LieksU 4,30 +2,6 4,24 +0,3<\/strong><br \/>\n4,07 4,30 4,21 4,10 4,15 4,24<br \/>\n+1,6 +2,6 +0,2 +0,0 +0,8 +0,3<\/p>\n<p>7) Viivi Lukin KuopRei 4,13 +3,5 4,04 +1,3<br \/>\n4,13 4,04 &#8211;<br \/>\n+3,5 +1,3<\/p>\n<p>8) Elsi Laakkonen JoensKa 3,91 +0,0<br \/>\n3,81 3,91 x 3,84 x x<br \/>\n+1,4 +0,0 +3,2<\/p>\n<p>T15 Keih\u00e4s<br \/>\nLoppukilpailu<br \/>\n1) Hanna Toivanen JuuanU 34,04<br \/>\n32,22 32,65 34,04 30,93 32,40 33,14<\/p>\n<p>2) Tuuli Kinnunen JoensKa 30,74<br \/>\n26,93 26,62 30,74 24,38 x 28,18<\/p>\n<p>3) Neea K\u00e4yhk\u00f6 SavonlRie 30,10<br \/>\n26,53 30,10 26,76 24,21 26,18 27,86<\/p>\n<p>4) <strong>Satu Liimatta LieksU 28,22<\/strong><br \/>\n27,69 28,22 27,71 26,37 25,88 x<\/p>\n<p>5) Niina Karttunen SavonlRie 23,03<br \/>\n18,81 22,31 23,00 23,03 21,46 19,66<\/p>\n<p>6) Milla Pirkkalainen SavonlRie 22,19<br \/>\nx x 22,19 20,88 21,37 22,08<\/p>\n<p>N17 Pituus<br \/>\nLoppukilpailu<br \/>\n1) <strong>Riina Kettunen LieksU 4,91 +3,0 4,70 +0,0<\/strong><br \/>\nx 4,70 x 4,90 4,91 x<br \/>\n+0,0 +2,4 +3,0<\/p>\n<p>2) Peppi Ahponen Pyh\u00e4sU 3,72 +2,6 3,46 +0,1<br \/>\n3,72 3,46 &#8211;<br \/>\n+2,6 +0,1<\/p>\n<p>N17 Kuula<br \/>\nLoppukilpailu<br \/>\n1) Pinja Hulkko Pyh\u00e4sU 11,02<br \/>\n10,39 10,47 10,67 11,02 x 10,68<\/p>\n<p>2) <strong>Riina Kettunen LieksU 10,47<\/strong><br \/>\n10,33 10,09 10,31 10,47 x x<\/p>\n","protected":false},"excerpt":{"rendered":"<p>27.-28.5.2017 Joensuu Lauantai 27.5.2017 N 100m Loppukilpailu, Tuuli: +2,0 1) Hertta Heikkinen JoensKa 12,31 2) Silja Kempas LieksU 12,81 3) Hanna Siiskonen JoensKa 12,90 4) Juulia Julkunen KuopRei 13,10 5) Milla Pirkkalainen SavonlRie 13,24 6) Aida-Linnea Kukila JuankKuo 13,27 7) Johanna Nousiainen SavonlJy 15,09 Laura Ollikainen VarkKV DNS N 400m &hellip;<\/p>\n","protected":false},"author":3,"featured_media":0,"parent":5141,"menu_order":36,"comment_status":"closed","ping_status":"closed","template":"","meta":{"footnotes":""},"categories":[42,63,34,40,39,49,31,47,26,7],"tags":[],"class_list":["post-5439","page","type-page","status-publish","hentry","category-ainopyykko","category-eeromauro","category-hetakettunen","category-juttamartikainen","category-maijaboren","category-nettamartikainen","category-riinakettunen","category-satuliimatta","category-siljakempas","category-tulokset"],"_links":{"self":[{"href":"https:\/\/www.lieksanurheilijat.com\/index.php?rest_route=\/wp\/v2\/pages\/5439","targetHints":{"allow":["GET"]}}],"collection":[{"href":"https:\/\/www.lieksanurheilijat.com\/index.php?rest_route=\/wp\/v2\/pages"}],"about":[{"href":"https:\/\/www.lieksanurheilijat.com\/index.php?rest_route=\/wp\/v2\/types\/page"}],"author":[{"embeddable":true,"href":"https:\/\/www.lieksanurheilijat.com\/index.php?rest_route=\/wp\/v2\/users\/3"}],"replies":[{"embeddable":true,"href":"https:\/\/www.lieksanurheilijat.com\/index.php?rest_route=%2Fwp%2Fv2%2Fcomments&post=5439"}],"version-history":[{"count":1,"href":"https:\/\/www.lieksanurheilijat.com\/index.php?rest_route=\/wp\/v2\/pages\/5439\/revisions"}],"predecessor-version":[{"id":5440,"href":"https:\/\/www.lieksanurheilijat.com\/index.php?rest_route=\/wp\/v2\/pages\/5439\/revisions\/5440"}],"up":[{"embeddable":true,"href":"https:\/\/www.lieksanurheilijat.com\/index.php?rest_route=\/wp\/v2\/pages\/5141"}],"wp:attachment":[{"href":"https:\/\/www.lieksanurheilijat.com\/index.php?rest_route=%2Fwp%2Fv2%2Fmedia&parent=5439"}],"wp:term":[{"taxonomy":"category","embeddable":true,"href":"https:\/\/www.lieksanurheilijat.com\/index.php?rest_route=%2Fwp%2Fv2%2Fcategories&post=5439"},{"taxonomy":"post_tag","embeddable":true,"href":"https:\/\/www.lieksanurheilijat.com\/index.php?rest_route=%2Fwp%2Fv2%2Ftags&post=5439"}],"curies":[{"name":"wp","href":"https:\/\/api.w.org\/{rel}","templated":true}]}}