{"id":5222,"date":"2017-04-01T21:08:10","date_gmt":"2017-04-01T18:08:10","guid":{"rendered":"https:\/\/www.lieksanurheilijat.com\/?page_id=5222"},"modified":"2017-04-03T21:08:39","modified_gmt":"2017-04-03T18:08:39","slug":"pilkkikisat-2017","status":"publish","type":"page","link":"https:\/\/www.lieksanurheilijat.com\/?page_id=5222","title":{"rendered":"Pilkkikisat 2017"},"content":{"rendered":"<p>1.4.2017<br \/>\nKattilalampi, Nurmij\u00e4rvi<\/p>\n<p>Miehet<br \/>\n1. Marko Martikainen 1490g<br \/>\n2. Jukka Martikainen 620g<br \/>\n3. Arttu V\u00e4nsk\u00e4 110g<br \/>\n4. Anssi V\u00e4nsk\u00e4 melkein kaksi kalaa<\/p>\n<p>Naiset<br \/>\n1. Jutta Martikainen 560g<br \/>\n2.Eira Puumalainen 210g<br \/>\n3.Liisa V\u00e4nsk\u00e4 80g<\/p>\n<p>Lapset alle 15-v.<br \/>\n1. Titta Martikainen 630g<br \/>\n2. Lotta Martikainen 460g<br \/>\n3. Milla Martikainen 440g<br \/>\n4. Netta Martikainen 210g.<\/p>\n<p>Pienin kala: Eira\u00a0Puumalainen<br \/>\nSuurin kala: Lotalla 130g.<\/p>\n","protected":false},"excerpt":{"rendered":"<p>1.4.2017 Kattilalampi, Nurmij\u00e4rvi Miehet 1. Marko Martikainen 1490g 2. Jukka Martikainen 620g 3. Arttu V\u00e4nsk\u00e4 110g 4. Anssi V\u00e4nsk\u00e4 melkein kaksi kalaa Naiset 1. Jutta Martikainen 560g 2.Eira Puumalainen 210g 3.Liisa V\u00e4nsk\u00e4 80g Lapset alle 15-v. 1. Titta Martikainen 630g 2. Lotta Martikainen 460g 3. Milla Martikainen 440g 4. Netta &hellip;<\/p>\n","protected":false},"author":3,"featured_media":0,"parent":5141,"menu_order":43,"comment_status":"closed","ping_status":"closed","template":"","meta":{"footnotes":""},"categories":[40,38,32,49,7],"tags":[],"class_list":["post-5222","page","type-page","status-publish","hentry","category-juttamartikainen","category-lottamartikainen","category-millamartikainen","category-nettamartikainen","category-tulokset"],"_links":{"self":[{"href":"https:\/\/www.lieksanurheilijat.com\/index.php?rest_route=\/wp\/v2\/pages\/5222","targetHints":{"allow":["GET"]}}],"collection":[{"href":"https:\/\/www.lieksanurheilijat.com\/index.php?rest_route=\/wp\/v2\/pages"}],"about":[{"href":"https:\/\/www.lieksanurheilijat.com\/index.php?rest_route=\/wp\/v2\/types\/page"}],"author":[{"embeddable":true,"href":"https:\/\/www.lieksanurheilijat.com\/index.php?rest_route=\/wp\/v2\/users\/3"}],"replies":[{"embeddable":true,"href":"https:\/\/www.lieksanurheilijat.com\/index.php?rest_route=%2Fwp%2Fv2%2Fcomments&post=5222"}],"version-history":[{"count":1,"href":"https:\/\/www.lieksanurheilijat.com\/index.php?rest_route=\/wp\/v2\/pages\/5222\/revisions"}],"predecessor-version":[{"id":5224,"href":"https:\/\/www.lieksanurheilijat.com\/index.php?rest_route=\/wp\/v2\/pages\/5222\/revisions\/5224"}],"up":[{"embeddable":true,"href":"https:\/\/www.lieksanurheilijat.com\/index.php?rest_route=\/wp\/v2\/pages\/5141"}],"wp:attachment":[{"href":"https:\/\/www.lieksanurheilijat.com\/index.php?rest_route=%2Fwp%2Fv2%2Fmedia&parent=5222"}],"wp:term":[{"taxonomy":"category","embeddable":true,"href":"https:\/\/www.lieksanurheilijat.com\/index.php?rest_route=%2Fwp%2Fv2%2Fcategories&post=5222"},{"taxonomy":"post_tag","embeddable":true,"href":"https:\/\/www.lieksanurheilijat.com\/index.php?rest_route=%2Fwp%2Fv2%2Ftags&post=5222"}],"curies":[{"name":"wp","href":"https:\/\/api.w.org\/{rel}","templated":true}]}}