{"id":5091,"date":"2016-12-31T17:57:41","date_gmt":"2016-12-31T15:57:41","guid":{"rendered":"https:\/\/www.lieksanurheilijat.com\/?page_id=5091"},"modified":"2017-01-17T15:12:47","modified_gmt":"2017-01-17T13:12:47","slug":"panka-areenan-uudenvuoden-seivaskisa","status":"publish","type":"page","link":"https:\/\/www.lieksanurheilijat.com\/?page_id=5091","title":{"rendered":"Panka Areenan uudenvuoden seiv\u00e4skisa"},"content":{"rendered":"<p>Lieksa 31.12.2016<\/p>\n<p>P13 seiv\u00e4s<br \/>\n1 Eero Mauro Lieksan Urheilijat 230<br \/>\n2 Aarni Nyblom Lieksan Urheilijat 220<\/p>\n<p>T13 seiv\u00e4s<br \/>\n1 Tuuli Saraniemi Lieksan Urheilijat 200<br \/>\n2 Aino Pyykk\u00f6 Lieksan Urheilijat 180<\/p>\n","protected":false},"excerpt":{"rendered":"<p>Lieksa 31.12.2016 P13 seiv\u00e4s 1 Eero Mauro Lieksan Urheilijat 230 2 Aarni Nyblom Lieksan Urheilijat 220 T13 seiv\u00e4s 1 Tuuli Saraniemi Lieksan Urheilijat 200 2 Aino Pyykk\u00f6 Lieksan Urheilijat 180<\/p>\n","protected":false},"author":2,"featured_media":0,"parent":4129,"menu_order":1,"comment_status":"closed","ping_status":"closed","template":"","meta":{"footnotes":""},"categories":[14,42,63,7],"tags":[],"class_list":["post-5091","page","type-page","status-publish","hentry","category-aarninyblom","category-ainopyykko","category-eeromauro","category-tulokset"],"_links":{"self":[{"href":"https:\/\/www.lieksanurheilijat.com\/index.php?rest_route=\/wp\/v2\/pages\/5091","targetHints":{"allow":["GET"]}}],"collection":[{"href":"https:\/\/www.lieksanurheilijat.com\/index.php?rest_route=\/wp\/v2\/pages"}],"about":[{"href":"https:\/\/www.lieksanurheilijat.com\/index.php?rest_route=\/wp\/v2\/types\/page"}],"author":[{"embeddable":true,"href":"https:\/\/www.lieksanurheilijat.com\/index.php?rest_route=\/wp\/v2\/users\/2"}],"replies":[{"embeddable":true,"href":"https:\/\/www.lieksanurheilijat.com\/index.php?rest_route=%2Fwp%2Fv2%2Fcomments&post=5091"}],"version-history":[{"count":2,"href":"https:\/\/www.lieksanurheilijat.com\/index.php?rest_route=\/wp\/v2\/pages\/5091\/revisions"}],"predecessor-version":[{"id":5094,"href":"https:\/\/www.lieksanurheilijat.com\/index.php?rest_route=\/wp\/v2\/pages\/5091\/revisions\/5094"}],"up":[{"embeddable":true,"href":"https:\/\/www.lieksanurheilijat.com\/index.php?rest_route=\/wp\/v2\/pages\/4129"}],"wp:attachment":[{"href":"https:\/\/www.lieksanurheilijat.com\/index.php?rest_route=%2Fwp%2Fv2%2Fmedia&parent=5091"}],"wp:term":[{"taxonomy":"category","embeddable":true,"href":"https:\/\/www.lieksanurheilijat.com\/index.php?rest_route=%2Fwp%2Fv2%2Fcategories&post=5091"},{"taxonomy":"post_tag","embeddable":true,"href":"https:\/\/www.lieksanurheilijat.com\/index.php?rest_route=%2Fwp%2Fv2%2Ftags&post=5091"}],"curies":[{"name":"wp","href":"https:\/\/api.w.org\/{rel}","templated":true}]}}