{"id":4996,"date":"2016-09-20T22:39:30","date_gmt":"2016-09-20T19:39:30","guid":{"rendered":"https:\/\/www.lieksanurheilijat.com\/?page_id=4996"},"modified":"2016-09-22T06:54:51","modified_gmt":"2016-09-22T03:54:51","slug":"lieksan-koululaismaastot-2016","status":"publish","type":"page","link":"https:\/\/www.lieksanurheilijat.com\/?page_id=4996","title":{"rendered":"Lieksan koululaismaastot 2016"},"content":{"rendered":"<p>20.9.2016<br \/>\nVuonisj\u00e4rvi, Lieksa<\/p>\n<p><strong>Tyt\u00f6t 1.-2. luokka 1000m<\/strong><br \/>\n1. Essi Partanen Keskuskoulu 5.55<br \/>\n2. Veera Nevalainen Keskuskoulu 5.58<br \/>\n3. Anna Vartiainen Keskuskoulu 6.06<br \/>\n4. Maiju Saraniemi Rantala 6.33<br \/>\n5. Iida Kuronen Rantala 6.38<br \/>\n6. Noora Oinonen Rantala 6.58<br \/>\n7. Helmi Haapalehto Rantala 7.23<br \/>\n8. Tiia Nevalainen Rantala 7.37<br \/>\n9. Meiju Stenbacka Rantala 7.42<br \/>\n10. Mette-Maisa Vaakanainen Jamali 7.46<\/p>\n<p><strong>Pojat 1.-2. luokka 1000m<\/strong><br \/>\n1. Max Heikkinen Keskuskoulu 5.34<br \/>\n2. Tuukka Mikkonen Rantala 5.38<br \/>\n3. Veeti Laatikainen Jamali 5.44<br \/>\n4. Veikko Niskanen Rantala 5.44<br \/>\n5. Eetu Leivo Keskuskoulu 5.45<br \/>\n6. Iiro Ikonen Vuoniskyl\u00e4t 5.46<br \/>\n7. Urho Kuronen Rantala 5.56<br \/>\n8. Juuso Nevlaainen Keskuskoulu 6.04<br \/>\n9. Leevi Hietikko-Kaukola Keskuskoulu 6.27<br \/>\n10. Niko Pulkkinen Rantala 6.37<br \/>\n11. Juho Klingberg Rantala 6.49<br \/>\n12. Olli-Pekka Kaasila Rantala 6.50<br \/>\n13. Jesse Nousiainen Vuoniskyl\u00e4t 6.57<br \/>\n14. Timi Ikonen Vuoniskyl\u00e4t 6.58<br \/>\n15. Oiva Hiltunen Keskuskoulu 7.02<br \/>\n16. Mico Pekkarinen Rantala 7.08<br \/>\n17. Abdullahi Ali Rantala 7.33<br \/>\n18. Aatu Kilpel\u00e4inen Rantala 7.36<br \/>\n19. Eppu Ahvenainen Rantala 8.03<br \/>\n20. Onni Sainio Rantala 8.03<br \/>\n21. Onni Hyrskyl\u00e4 Rantala 8.50<br \/>\n22. Ville Muikku Rantala 9.09<br \/>\n23. Onni M\u00e4\u00e4tt\u00e4 Jamali 10.22<\/p>\n<p><strong>Tyt\u00f6t 3.-4. luokka 1,5km<\/strong><br \/>\n1. Liisa Laakkonen Rantala 7.22<br \/>\n2. Saara Leivo Keskuskoulu 7.45<br \/>\n3. Kowsar Hassan Rantala 8.35<br \/>\n4. Milja Turunen Vuoniskyl\u00e4y 9.02<br \/>\n5. Rahmo Haji Rantala 10.27<br \/>\n6. Sanniina Jetsonen Koli 11.04<br \/>\n7. Sagal Abdullahi Rantala 13.52<\/p>\n<p><strong>Pojat 3.-4. luokka 1,5km<\/strong><br \/>\n1. Miika Pyykk\u00f6 Rantala 6.42<br \/>\n2. Eino R\u00e4s\u00e4nen Rantala 6.46<br \/>\n3. Janne Soikkeli Rantala 6.52<br \/>\n4. Peetu Pyykk\u00f6 Rantala 6.54<br \/>\n5. Mikko Sutinen Koli 7.48<br \/>\n6. Martti Saraniemi Rantala 7.49<br \/>\n7. Daniel Pitk\u00e4nen Vuoniskyl\u00e4t 7.59<br \/>\n8. Miko Tolvanen Rantala 8.13<br \/>\n9. Markus Kempas Keskuskoulu 8.48<br \/>\n10. Petrus Mertanen Koli 11.05<br \/>\n11. Mahamed Haji Rantala 11.32<\/p>\n<p><strong>Tyt\u00f6t 5.-6. luokka 2km<\/strong><br \/>\n1. Siru Sarkkinen Rantala 9.53<br \/>\n2. Tuuli Saraniemi Rantala 9.55<br \/>\n3. Ronja Soikkeli Rantala 10.00<br \/>\n4. Marjo Heikura Jamali 10.57<br \/>\n5. Iida Kortelainen Keskuskoulu 10.59<br \/>\n6. Aada Valtola Keskuskoulu 11.09<br \/>\n7. Oona Pyykk\u00f6 Keskuskoulu 11.18<br \/>\n8. Mimosa Laatikainen Jamali 11.27<br \/>\n9. Milka Nyk\u00e4nen Vuoniskyl\u00e4t 11.57<br \/>\n10. Sara Turpeinen Keskuskoulu 13.31<br \/>\n11. Kerttu R\u00e4ty Keskuskoulu 13.42<br \/>\n12. Iida Tolvanen Koli 16.14<\/p>\n<p><strong>Pojat 5.-6. luokka 2km<\/strong><br \/>\n1. Hashim Ibrahim Keskuskoulu 8.42<br \/>\n2. Leo R\u00e4s\u00e4nen Rantala 8.44<br \/>\n3. Theykwan Ajak Rantala 9.23<br \/>\n4. Tomas Pyykk\u00f6 Rantala 9.31<br \/>\n5. Markus Vallius Keskuskoulu 9.34<br \/>\n6. Juho Soikkeli Rantala 9.50<br \/>\n7. Julius Lampola Rantala 10.25<br \/>\n8. Eetu Behm Rantala 10.37<br \/>\n9. Aapo Oksanen Rantala 10.40<br \/>\n10. Akseli Ropponen Rantala 10.46<br \/>\n11. Jarkko Haavisto Vuoniskyl\u00e4t 14.15<br \/>\n12. Miska Timonen Koli 14.37<br \/>\n13. Mikael Oinonen Vuoniskyl\u00e4t 15.28<br \/>\n14. Antti Koivunen Keskuskoulu 16.13<br \/>\n15. Teemu Hyttinen Koli 16.17<\/p>\n<p><strong>Pojat yl\u00e4koulu 2km<\/strong><br \/>\n1. Simo N\u00e4ykki Keskuskoulun yl\u00e4koulu 8.44<br \/>\n2. Markus V\u00e4yrynen Keskuskoulun yl\u00e4koulu 11.12<br \/>\n3. Konsta Kaakkunen Koli 11.34<br \/>\n4. Santeri Jetsonen Koli 16.06<\/p>\n<p><strong>Tyt\u00f6t 5.-6. luokka vierasoppilaat 2km<\/strong><br \/>\n1. Nina Piliarkinov\u00e1 Slovakia 10.46<br \/>\n2. Laura Filipkov\u00e1 Slovakia 13.42<\/p>\n<p><strong>Tyt\u00f6t yl\u00e4koulu vierasoppilaat 2km<\/strong><br \/>\n1. Johana Gruclov\u00e1 Tsekki 9.59<br \/>\n2. Dominika Lilkov\u00e1 Tsekki 12.13<br \/>\n3. Tereza Fiserov\u00e1 Tsekki 12.40<br \/>\n4. Zuzana Zahradn\u00edkov\u00e1 Tsekki 13.57<br \/>\n5. Nela Tom\u00e1skov\u00e1 Tsekki 14.26<br \/>\n6. Marie Krkvickov\u00e1 Tsekki 16.25<br \/>\n7. Ad\u00e9la Urbanov\u00e1 Tsekki 18.56<\/p>\n<p><strong>Pojat yl\u00e4koulu vierasoppilaat 2km<\/strong><br \/>\n1. Timotej Piliarkin Slovakia 8.45<br \/>\n2. Martin Zajac Slovakia 10.36<br \/>\n3. Michal Bilanin Slovakia 10.37<br \/>\n4. Zbynek Nemec Tsekki 11.14<br \/>\n5. Benda Tsekki 12.59<br \/>\n6. Hozlar Tsekki 15.28<br \/>\n6. Vladislav Zelen\u00fd Tsekki 15.28<\/p>\n","protected":false},"excerpt":{"rendered":"<p>20.9.2016 Vuonisj\u00e4rvi, Lieksa Tyt\u00f6t 1.-2. luokka 1000m 1. Essi Partanen Keskuskoulu 5.55 2. Veera Nevalainen Keskuskoulu 5.58 3. Anna Vartiainen Keskuskoulu 6.06 4. Maiju Saraniemi Rantala 6.33 5. Iida Kuronen Rantala 6.38 6. Noora Oinonen Rantala 6.58 7. Helmi Haapalehto Rantala 7.23 8. Tiia Nevalainen Rantala 7.37 9. Meiju Stenbacka &hellip;<\/p>\n","protected":false},"author":2,"featured_media":0,"parent":4129,"menu_order":3,"comment_status":"closed","ping_status":"closed","template":"","meta":{"footnotes":""},"categories":[7],"tags":[],"class_list":["post-4996","page","type-page","status-publish","hentry","category-tulokset"],"_links":{"self":[{"href":"https:\/\/www.lieksanurheilijat.com\/index.php?rest_route=\/wp\/v2\/pages\/4996","targetHints":{"allow":["GET"]}}],"collection":[{"href":"https:\/\/www.lieksanurheilijat.com\/index.php?rest_route=\/wp\/v2\/pages"}],"about":[{"href":"https:\/\/www.lieksanurheilijat.com\/index.php?rest_route=\/wp\/v2\/types\/page"}],"author":[{"embeddable":true,"href":"https:\/\/www.lieksanurheilijat.com\/index.php?rest_route=\/wp\/v2\/users\/2"}],"replies":[{"embeddable":true,"href":"https:\/\/www.lieksanurheilijat.com\/index.php?rest_route=%2Fwp%2Fv2%2Fcomments&post=4996"}],"version-history":[{"count":1,"href":"https:\/\/www.lieksanurheilijat.com\/index.php?rest_route=\/wp\/v2\/pages\/4996\/revisions"}],"predecessor-version":[{"id":4997,"href":"https:\/\/www.lieksanurheilijat.com\/index.php?rest_route=\/wp\/v2\/pages\/4996\/revisions\/4997"}],"up":[{"embeddable":true,"href":"https:\/\/www.lieksanurheilijat.com\/index.php?rest_route=\/wp\/v2\/pages\/4129"}],"wp:attachment":[{"href":"https:\/\/www.lieksanurheilijat.com\/index.php?rest_route=%2Fwp%2Fv2%2Fmedia&parent=4996"}],"wp:term":[{"taxonomy":"category","embeddable":true,"href":"https:\/\/www.lieksanurheilijat.com\/index.php?rest_route=%2Fwp%2Fv2%2Fcategories&post=4996"},{"taxonomy":"post_tag","embeddable":true,"href":"https:\/\/www.lieksanurheilijat.com\/index.php?rest_route=%2Fwp%2Fv2%2Ftags&post=4996"}],"curies":[{"name":"wp","href":"https:\/\/api.w.org\/{rel}","templated":true}]}}