{"id":4951,"date":"2016-09-06T12:55:28","date_gmt":"2016-09-06T09:55:28","guid":{"rendered":"https:\/\/www.lieksanurheilijat.com\/?page_id=4951"},"modified":"2016-09-06T12:58:34","modified_gmt":"2016-09-06T09:58:34","slug":"lieksan-koululaiskisat-2016","status":"publish","type":"page","link":"https:\/\/www.lieksanurheilijat.com\/?page_id=4951","title":{"rendered":"Lieksan koululaiskisat 2016"},"content":{"rendered":"<p>6.9.2016<br \/>\nLieksa<\/p>\n<p><strong>T08 miniottelu (40m+pallonheitto)<\/strong><br \/>\n1 Maiju Saraniemi Rantalan koulu 7,89 121 10,70 32 153<br \/>\n2 Anna Vartiainen Keskuskoulu 8,32 89 11,80 38 127<br \/>\n3 Essi Partanen Keskuskoulu 8,27 93 10,00 28 121<br \/>\n4 Noora Oinonen Rantalan koulu 8,44 82 10,00 28 110<br \/>\n5 Mia M\u00e4yr\u00e4 Keskuskoulu 8,63 72 11,55 36 108<br \/>\n6 Tuuli Turunen Vuoniskylien koulu 8,62 72 8,50 20 92<br \/>\n7 Elviira Pitk\u00e4nen Vuoniskylien koulu 9,12 51 12,10 40 91<br \/>\n8 Veera Turunen Keskuskoulu 8,79 64 7,40 14 78<br \/>\n9 Meiju Stenbacka Rantalan koulu 9,07 53 6,45 10 63<br \/>\n10 Armi Muikku Jamalin koulu 9,58 37 9,55 25 62<br \/>\n11 Aino Tirkkonen Vuoniskylien koulu 10,34 21 5,40 5 26<\/p>\n<p><strong>P08 miniottelu (40m+pallonheitto)<\/strong><br \/>\n1 Veeti Laatikainen Jamalin koulu 7,52 159 18,60 83 242<br \/>\n2 Jimi Heinonen Keskuskoulu 7,82 128 21,10 102 230<br \/>\n3 Iiro Ikonen Vuoniskylien koulu 7,99 113 18,45 82 195<br \/>\n4 Eetu Tuhkanen Keskuskoulu 8,33 89 19,85 92 181<br \/>\n5 Tuukka Mikkonen Rantalan koulu 8,11 104 17,00 72 176<br \/>\n6 Eppu Ahvenainen Rantalan koulu 8,16 100 16,25 67 167<br \/>\n7 Jimi Ahvenainen Rantalan koulu 8,47 80 13,50 48 128<br \/>\n8 Eetu Porkka Keskuskoulu 8,70 68 15,20 59 127<br \/>\n9 Tuomas Riikonen Keskuskoulu 8,91 59 14,80 57 116<br \/>\n10 Onni M\u00e4\u00e4tt\u00e4 Jamalin koulu 9,48 40 17,15 73 113<br \/>\n11 Tomi Ikonen Vuoniskylien koulu 9,46 40 16,40 68 108<br \/>\n12 Topi Hyttinen Kolin koulu 9,02 55 13,95 51 106<br \/>\n13 Onni Hyrskyl\u00e4 Rantalan koulu 9,98 28 14,20 53 81<\/p>\n<p><strong>T10 3-ottelu (60m+pituus+kuula)<\/strong><br \/>\n1 Nea Nevalainen Keskuskoulu 10,48 180 327 161 5,33 214 555<br \/>\n2 Liisa Laakkonen Rantalan koulu 11,05 137 335 171 3,47 123 431<br \/>\n3 Titta Oinonen Keskuskoulu 11,43 115 296 124 4,01 148 387<br \/>\n4 Netta Martikainen Keskuskoulu 12,28 79 268 95 5,27 211 385<br \/>\n5 Alisa Saastamoinen Keskuskoulu 11,79 98 258 86 4,61 178 362<br \/>\n6 Netta Oinonen Rantalan koulu 11,47 113 270 97 3,65 131 341<br \/>\n7 Anniina Jetsonen Kolin koulu 11,95 91 212 49 4,00 148 288<br \/>\n8 Emma K\u00e4rkk\u00e4inen Jamali 12,25 80 224 58 3,86 141 279<br \/>\n9 Essi Heikkinen Rantalan koulu 12,46 73 262 89 3,27 113 275<br \/>\n10 Jenni Gromov Vuoniskylien koulu 11,78 98 240 70 2,92 97 265<br \/>\n11 Milja Turunen Vuoniskylien koulu 12,66 67 242 72 2,68 87 226<br \/>\n12 Maria Nyk\u00e4nen Vuoniskylien koulu 12,31 78 237 68 2,41 75 221<br \/>\n13 Vilja Tirkkonen Vuoniskylien koulu 12,64 67 217 53 2,96 99 219<\/p>\n<p><strong>P10 3-ottelu (60m+pituus+kuula)<\/strong><br \/>\n1 Daniel Pitk\u00e4nen Vuoniskylien koulu 10,76 157 324 157 6,20 260 574<br \/>\n2 Janne Soikkeli Rantalan koulu 10,40 187 289 116 6,11 255 558<br \/>\n3 Veikka Turunen Keskuskoulu 11,15 131 242 72 6,74 289 492<br \/>\n4 Onni Sutinen Kolin koulu 11,72 101 278 105 5,90 244 450<br \/>\n4 Vili Keronen Keskuskoulu 10,76 157 316 147 3,96 146 450<br \/>\n6 Aaro Pehkonen Keskuskoulu 11,24 126 284 111 5,06 200 437<br \/>\n7 Eino K\u00e4rki Jamalin koulu 11,12 133 295 123 4,54 174 430<br \/>\n8 Touko Nyblom Jamalin koulu 10,98 142 275 102 4,56 175 419<br \/>\n9 Eero K\u00e4rki Jamalin koulu 10,93 145 286 113 3,87 142 400<br \/>\n10 Peetu Pyykk\u00f6 Rantalan koulu 11,36 119 276 103 4,56 175 397<br \/>\n11 Martti Saraniemi Rantalan koulu 12,02 88 248 77 5,26 211 376<br \/>\n12 Heikki Tuhkanen Keskuskoulu 11,42 116 259 87 4,19 157 360<br \/>\n13 Nuur Haji Rantalan koulu 12,01 89 248 77 4,77 186 352<br \/>\n14 Iivari K\u00e4rki Jamalin koulu 12,35 76 277 104 4,00 148 328<br \/>\n15 Mikko Sutinen Kolin koulu 12,47 73 270 97 4,01 148 318<br \/>\n16 Petrus Mertanen Kolin koulu 14,75 27 198 40 2,54 80 147<\/p>\n<p><strong>T12 3-ottelu (60m+pituus+kuula)<\/strong><br \/>\n1 Marjo Heikura Jamali 9,46 299 371 223 6,53 277 799<br \/>\n2 Jenni Ruokolainen Keskuskoulu 9,93 235 329 164 6,69 286 685<br \/>\n3 Kerttu Vallius Keskuskoulu 9,74 259 356 201 5,16 205 665<br \/>\n4 Sara Pyykk\u00f6 Keskuskoulu 9,78 254 318 150 5,59 228 632<br \/>\n5 Tuuli Saraniemi Rantalan koulu 10,33 193 320 152 5,60 228 573<br \/>\n6 Pauliina Sarasoja Jamali 10,66 165 320 152 5,84 241 558<br \/>\n7 Mimosa Laatikainen Jamali 10,28 198 314 145 4,30 162 505<br \/>\n8 Iida Tolvanen Kolin koulu 10,18 208 227 60 5,51 223 491<br \/>\n9 Ronja Soikkeli Rantalan koulu 11,21 127 311 141 4,43 169 437<br \/>\n10 Milka Nyk\u00e4nen Vuoniskylien koulu 10,96 143 247 76 3,19 110 329<\/p>\n<p><strong>P12 3-ottelu (60m+pituus+kuula)<\/strong><br \/>\n1 Eero Mauro Rantalan koulu 9,05 372 357 202 6,03 251 825<br \/>\n2 Aarni Nyblom Jamalin koulu 9,19 345 366 215 6,14 257 817<br \/>\n3 Mikko Korhonen Jamalin koulu 10,46 181 345 185 7,33 321 687<br \/>\n4 Sami K\u00e4rkk\u00e4inen Jamalin koulu 9,90 239 339 177 6,10 254 670<br \/>\n5 Niko Nevalainen Rantalan koulu 10,13 213 348 189 5,25 210 612<br \/>\n6 Ossi Keronen Keskuskoulu 10,05 222 330 165 4,90 192 579<br \/>\n7 Valtteri Toivanen Jamalin koulu 11,05 137 298 126 5,27 211 474<br \/>\n8 Teemu Hyttinen Kolin koulu 11,62 106 216 52 7,20 314 472<br \/>\n9 Tomas Pyykk\u00f6 Rantalan koulu 11,19 129 298 126 4,85 190 445<br \/>\n10 Jarkko Haavisto Vuoniskylien koulu 11,07 136 230 62 4,22 159 357<br \/>\n11 Miska Timonen Kolin koulu 11,75 100 178 28 4,82 188 316<\/p>\n<p><strong>T10 600m<\/strong><br \/>\n1 Nea Nevalainen Keskuskoulu 2.25,34<br \/>\n2 Emma K\u00e4rkk\u00e4inen Jamali 2.28,29<br \/>\n3 Janni Kiiskinen Keskuskoulu 2.28,48<br \/>\n4 Netta Oinonen Rantalan koulu 2.41,49<\/p>\n<p><strong>P10 600m<\/strong><br \/>\n1 Janne Soikkeli Rantalan koulu 2.12,16<br \/>\n2 Veeti Turunen Keskuskoulu 2.12,42<br \/>\n3 Eero K\u00e4rki Jamalin koulu 2.20,26<br \/>\n4 Eetu Lehikoinen Rantalan koulu 2.22,79<br \/>\n5 Eino K\u00e4rki Jamalin koulu 2.24,85<br \/>\n6 Touko Nyblom Jamalin koulu 2.25,07<br \/>\n7 Daniel Pitk\u00e4nen Vuoniskylien koulu 2.28,56<br \/>\n8 Vili Keronen Keskuskoulu 2.39,69<br \/>\n9 Iivari K\u00e4rki Jamalin koulu 2.41,75<br \/>\n10 Martti Saraniemi Rantalan koulu 2.45,95<br \/>\n11 Heikki Tuhkanen Keskuskoulu 2.48,01<br \/>\n12 Hashimi Haji Rantalan koulu 3.32,32<br \/>\n13 Erik Z\u00f6rner Rantalan koulu 3.34,98<\/p>\n<p><strong>T12 600m<\/strong><br \/>\n1 Siru Sarkkinen Rantalan koulu 2.14,36<br \/>\n2 Iida Kortelainen Keskuskoulu 2.19,35<br \/>\n3 Oona Pyykk\u00f6 Keskuskoulu 2.21,22<br \/>\n4 Aino Pyykk\u00f6 Keskuskoulu 2.21,44<br \/>\n5 Tuuli Saraniemi Rantalan koulu 2.21,59<br \/>\n6 Pirita K\u00e4rkk\u00e4inen Jamali 2.24,32<br \/>\n7 Jenni Ruokolainen Keskuskoulu 2.26,03<br \/>\n8 Mimosa Laatikainen Jamali 2.28,26<br \/>\n9 Julia K\u00e4rkk\u00e4inen Jamali 2.31,96<\/p>\n<p><strong>P12 600m<\/strong><br \/>\n1 Leo R\u00e4s\u00e4nen Rantalan koulu 2.03,30<br \/>\n2 Theykwan Ajak Rantalan koulu 2.04,75<br \/>\n3 Juho Soikkeli Rantalan koulu 2.05,21<br \/>\n4 Eetu Vartiainen Keskuskoulu 2.16,75<br \/>\n5 Markus Vallius Keskuskoulu 2.28,23<br \/>\n6 Akseli Ropponen Rantalan koulu 2.29,17<br \/>\n7 Jere Kiiskinen Keskuskoulu 2.31,74<br \/>\n8 Jarkko Haavisto Vuoniskylien koulu 2.47,20<\/p>\n<p><strong>YL\u00c4KOULU POJAT 100m<\/strong><br \/>\n1 Nuur Hashim Ibrahim Keskuskoulu 14,95<br \/>\n2 Pekka K\u00e4rkk\u00e4inen Keskuskoulu 15,17<br \/>\n3 Niklas K\u00e4rkk\u00e4inen Keskuskoulu 16,03<br \/>\n4 Mohamed Abdulkadir Keskuskoulu 16,39<\/p>\n<p><strong>YL\u00c4KOULU POJAT 800m<\/strong><br \/>\n1 Niklas K\u00e4rkk\u00e4inen Keskuskoulu 2.41,84<br \/>\n2 Pekka K\u00e4rkk\u00e4inen Keskuskoulu 2.42,48<br \/>\n3 Mohamed Abdulkadir Keskuskoulu 2.53,70<\/p>\n<p><strong>YL\u00c4KOULU POJAT KUULA<\/strong><br \/>\n1 Janne Hyttinen Kolin koulu 8,55<br \/>\n2 Niklas K\u00e4rkk\u00e4inen Keskuskoulu 8,26<br \/>\n3 Mohamed Abdulkadir Keskuskoulu 6,55<br \/>\n4 Santeri Jetsonen Kolin koulu 6,15<br \/>\n5 Konsta Kaakkunen Kolin koulu 6,13<\/p>\n<p><strong>YL\u00c4KOULU TYT\u00d6T 100m<\/strong><br \/>\n1 Riina Kettunen Keskuskoulu 14,39<br \/>\n2 Satu Liimatta Keskuskoulu 14,95<br \/>\n3 Elli Mustonen Kolin koulu 18,43<\/p>\n<p><strong>YL\u00c4KOULU TYT\u00d6T 800m<\/strong><br \/>\n1 Elli Mustonen Kolin koulu 3.31,94<\/p>\n<p><strong>YL\u00c4KOULU TYT\u00d6T KUULA<\/strong><br \/>\n1 Riina Kettunen Keskuskoulu 9,91<br \/>\n2 Lotta Martikainen Keskuskoulu 9,23<br \/>\n3 Satu Liimatta Keskuskoulu 7,90<br \/>\n4 Petra Tuunanen Keskuskoulu 6,48<\/p>\n<p><strong>YL\u00c4KOULU TYT\u00d6T KORKEUS<\/strong><br \/>\n1 Elli Mustonen Kolin koulu 90<\/p>\n","protected":false},"excerpt":{"rendered":"<p>6.9.2016 Lieksa T08 miniottelu (40m+pallonheitto) 1 Maiju Saraniemi Rantalan koulu 7,89 121 10,70 32 153 2 Anna Vartiainen Keskuskoulu 8,32 89 11,80 38 127 3 Essi Partanen Keskuskoulu 8,27 93 10,00 28 121 4 Noora Oinonen Rantalan koulu 8,44 82 10,00 28 110 5 Mia M\u00e4yr\u00e4 Keskuskoulu 8,63 72 11,55 &hellip;<\/p>\n","protected":false},"author":3,"featured_media":0,"parent":4129,"menu_order":5,"comment_status":"closed","ping_status":"closed","template":"","meta":{"footnotes":""},"categories":[14,42,63,38,31,47,7],"tags":[],"class_list":["post-4951","page","type-page","status-publish","hentry","category-aarninyblom","category-ainopyykko","category-eeromauro","category-lottamartikainen","category-riinakettunen","category-satuliimatta","category-tulokset"],"_links":{"self":[{"href":"https:\/\/www.lieksanurheilijat.com\/index.php?rest_route=\/wp\/v2\/pages\/4951","targetHints":{"allow":["GET"]}}],"collection":[{"href":"https:\/\/www.lieksanurheilijat.com\/index.php?rest_route=\/wp\/v2\/pages"}],"about":[{"href":"https:\/\/www.lieksanurheilijat.com\/index.php?rest_route=\/wp\/v2\/types\/page"}],"author":[{"embeddable":true,"href":"https:\/\/www.lieksanurheilijat.com\/index.php?rest_route=\/wp\/v2\/users\/3"}],"replies":[{"embeddable":true,"href":"https:\/\/www.lieksanurheilijat.com\/index.php?rest_route=%2Fwp%2Fv2%2Fcomments&post=4951"}],"version-history":[{"count":3,"href":"https:\/\/www.lieksanurheilijat.com\/index.php?rest_route=\/wp\/v2\/pages\/4951\/revisions"}],"predecessor-version":[{"id":4954,"href":"https:\/\/www.lieksanurheilijat.com\/index.php?rest_route=\/wp\/v2\/pages\/4951\/revisions\/4954"}],"up":[{"embeddable":true,"href":"https:\/\/www.lieksanurheilijat.com\/index.php?rest_route=\/wp\/v2\/pages\/4129"}],"wp:attachment":[{"href":"https:\/\/www.lieksanurheilijat.com\/index.php?rest_route=%2Fwp%2Fv2%2Fmedia&parent=4951"}],"wp:term":[{"taxonomy":"category","embeddable":true,"href":"https:\/\/www.lieksanurheilijat.com\/index.php?rest_route=%2Fwp%2Fv2%2Fcategories&post=4951"},{"taxonomy":"post_tag","embeddable":true,"href":"https:\/\/www.lieksanurheilijat.com\/index.php?rest_route=%2Fwp%2Fv2%2Ftags&post=4951"}],"curies":[{"name":"wp","href":"https:\/\/api.w.org\/{rel}","templated":true}]}}